{"id":1697,"date":"2026-04-19T18:33:40","date_gmt":"2026-04-19T17:33:40","guid":{"rendered":"https:\/\/www.glfr.com\/for-klubbar\/pricing\/"},"modified":"2026-04-20T15:01:54","modified_gmt":"2026-04-20T14:01:54","slug":"pris","status":"publish","type":"page","link":"https:\/\/www.glfr.com\/sv\/for-klubbar\/pris\/","title":{"rendered":"Priss\u00e4ttning"},"content":{"rendered":"<section class=\"l-section wpb_row height_medium\"><div class=\"l-section-h i-cf\"><div class=\"g-cols vc_row via_grid cols_1 laptops-cols_inherit tablets-cols_inherit mobiles-cols_1 valign_top type_default stacking_default\"><div class=\"wpb_column vc_column_container\"><div class=\"vc_column-inner\"><div class=\"wpb_text_column\"><div class=\"wpb_wrapper\"><h1 style=\"text-align: center;\">Flexibel prismodell<br \/>\nsom passar dina behov<\/h1>\n<\/div><\/div><div class=\"wpb_text_column\"><div class=\"wpb_wrapper\"><p style=\"text-align: center;\">V\u00e4lj de paket och moduler som passar dina behov och spara pengar med v\u00e5ra \u00e5rsplaner.<\/p>\n<\/div><\/div><\/div><\/div><\/div><\/div><\/section><section class=\"l-section wpb_row height_medium\"><div class=\"l-section-h i-cf\"><div class=\"g-cols vc_row via_grid cols_1 laptops-cols_inherit tablets-cols_inherit mobiles-cols_1 valign_top type_default stacking_default\"><div class=\"wpb_column vc_column_container\"><div class=\"vc_column-inner\"><div class=\"g-cols wpb_row via_grid cols_2 laptops-cols_inherit tablets-cols_inherit mobiles-cols_1 valign_top type_default stacking_default\" style=\"--columns-gap:3rem;\"><div class=\"wpb_column vc_column_container\"><div class=\"vc_column-inner\"><\/div><\/div><div class=\"wpb_column vc_column_container\"><div class=\"vc_column-inner\"><\/div><\/div><\/div><div class=\"w-pricing style_cards items_3\"><div class=\"w-pricing-item type_default\"><div class=\"w-pricing-item-h\"><div class=\"w-pricing-item-header\"><div class=\"w-pricing-item-title\">Club App<\/div><div class=\"w-pricing-item-price\">175\u20ac<div style=\"font-size: 14px; display: inline;\">\/m<\/div><small>Faktureras \u00e5rsvis - 2.100\u20ac.<\/small><\/div><\/div><ul class=\"w-pricing-item-features\"><li class=\"w-pricing-item-feature\">Golf GPS och Scorekort<\/li><li class=\"w-pricing-item-feature\">Klubbnyheter<\/li><li class=\"w-pricing-item-feature\">Banstatus<\/li><li class=\"w-pricing-item-feature\">Daily Pins<\/li><li class=\"w-pricing-item-feature\">...och mer<\/li><\/ul><div class=\"w-pricing-item-footer\"><a class=\"w-btn us-btn-style_1\" style=\"font-size:15px\" href=\"https:\/\/www.glfr.com\/for-clubs\/club-app\/\"><span class=\"w-btn-label\">L\u00e4s mer om<\/span><\/a><\/div><\/div><\/div><div class=\"w-pricing-item type_default\"><div class=\"w-pricing-item-h\"><div class=\"w-pricing-item-header\"><div class=\"w-pricing-item-title\">Course Presentation<\/div><div class=\"w-pricing-item-price\">175\u20ac<div style=\"font-size: 14px; display: inline;\">\/m<\/div><small>Faktureras \u00e5rsvis - 2.100\u20ac.<\/small><\/div><\/div><ul class=\"w-pricing-item-features\"><li class=\"w-pricing-item-feature\">Printed Baneguider<\/li><li class=\"w-pricing-item-feature\">Tee Sign Graphic<\/li><li class=\"w-pricing-item-feature\">\u00d6versiktskartor<\/li><li class=\"w-pricing-item-feature\">Evenemangsguider<\/li><li class=\"w-pricing-item-feature\">...och mer<\/li><\/ul><div class=\"w-pricing-item-footer\"><a class=\"w-btn us-btn-style_1\" style=\"font-size:15px\" href=\"https:\/\/www.glfr.com\/for-clubs\/course-presentation\/\"><span class=\"w-btn-label\">L\u00e4s mer om<\/span><\/a><\/div><\/div><\/div><div class=\"w-pricing-item type_default\"><div class=\"w-pricing-item-h\"><div class=\"w-pricing-item-header\"><div class=\"w-pricing-item-title\">Greenkeeper Tools<\/div><div class=\"w-pricing-item-price\">175\u20ac<div style=\"font-size: 14px; display: inline;\">\/m<\/div><small>Faktureras \u00e5rsvis - 2.100\u20ac.<\/small><\/div><\/div><ul class=\"w-pricing-item-features\"><li class=\"w-pricing-item-feature\">Tekniska kartor<\/li><li class=\"w-pricing-item-feature\">Dokumentation<\/li><li class=\"w-pricing-item-feature\">Banstatus<\/li><li class=\"w-pricing-item-feature\">GPS-kartl\u00e4ggning<\/li><li class=\"w-pricing-item-feature\">...och mer<\/li><\/ul><div class=\"w-pricing-item-footer\"><a class=\"w-btn us-btn-style_1\" style=\"font-size:15px\" href=\"https:\/\/www.glfr.com\/for-clubs\/greenkeeper-tools\/\"><span class=\"w-btn-label\">L\u00e4s mer om<\/span><\/a><\/div><\/div><\/div><\/div><div class=\"w-separator size_medium\"><\/div><\/div><\/div><\/div><\/div><\/section><section class=\"l-section wpb_row height_medium\"><div class=\"l-section-h i-cf\"><div class=\"g-cols vc_row via_grid cols_2 laptops-cols_inherit tablets-cols_inherit mobiles-cols_1 valign_top type_default stacking_default\"><div class=\"wpb_column vc_column_container\"><div class=\"vc_column-inner\"><div class=\"g-cols wpb_row via_grid cols_1 laptops-cols_inherit tablets-cols_inherit mobiles-cols_1 valign_top type_default stacking_default\" style=\"--columns-gap:3rem;\"><div class=\"wpb_column vc_column_container\"><div class=\"vc_column-inner\"><div class=\"wpb_text_column\"><div class=\"wpb_wrapper\"><h2>Kombinera och spara<\/h2>\n<p>F\u00f6r att g\u00f6ra det enkelt har v\u00e5ra tre huvudpaket samma pris, och du har full flexibilitet att v\u00e4lja ett, tv\u00e5 eller alla tre paketen. V\u00e4lj mer \u00e4n ett och spara p\u00e5 varje ytterligare paket! <\/p>\n<p>\u00c4r du redo att komma ig\u00e5ng eller vill du ha en privat demo utan f\u00f6rpliktelser? Klicka nedan f\u00f6r att boka ett kort m\u00f6te!<\/p>\n<\/div><\/div><div class=\"w-separator size_medium\"><\/div><div class=\"w-btn-wrapper align_center\"><a class=\"w-btn us-btn-style_1 icon_atleft\" href=\"https:\/\/meetings.hubspot.com\/casper-jacobsen\/glfr-intro\"><i class=\"fas fa-calendar\"><\/i><span class=\"w-btn-label\">Boka din demo<\/span><\/a><\/div><\/div><\/div><\/div><\/div><\/div><div class=\"wpb_column vc_column_container\"><div class=\"vc_column-inner\"><div class=\"g-cols wpb_row via_grid cols_2-1 laptops-cols_inherit tablets-cols_inherit mobiles-cols_1 valign_top type_default stacking_default\" style=\"--columns-gap:3rem;\"><div class=\"wpb_column vc_column_container\"><div class=\"vc_column-inner\"><div class=\"wpb_text_column\"><div class=\"wpb_wrapper\"><h3 style=\"text-align: left;\">Valfritt 1 paket<\/h3>\n<\/div><\/div><div class=\"wpb_text_column\"><div class=\"wpb_wrapper\"><p>Kom ig\u00e5ng med det paket som passar din klubb.<\/p>\n<\/div><\/div><\/div><\/div><div class=\"wpb_column vc_column_container\"><div class=\"vc_column-inner\"><div class=\"wpb_text_column\"><div class=\"wpb_wrapper\"><h3 style=\"text-align: right;\">175\u20ac<\/h3>\n<\/div><\/div><div class=\"wpb_text_column\"><div class=\"wpb_wrapper\"><p style=\"text-align: right;\">\/md, faktureras \u00e5rsvis<\/p>\n<\/div><\/div><\/div><\/div><\/div><div class=\"w-separator size_medium with_line width_default thick_1 style_solid color_border align_center\"><div class=\"w-separator-h\"><\/div><\/div><div class=\"g-cols wpb_row via_grid cols_2-1 laptops-cols_inherit tablets-cols_inherit mobiles-cols_1 valign_top type_default stacking_default\" style=\"--columns-gap:3rem;\"><div class=\"wpb_column vc_column_container\"><div class=\"vc_column-inner\"><div class=\"wpb_text_column\"><div class=\"wpb_wrapper\"><h3 style=\"text-align: left;\">Kombinera 2 paket<\/h3>\n<\/div><\/div><div class=\"wpb_text_column\"><div class=\"wpb_wrapper\"><p>Spara pengar n\u00e4r du l\u00e4gger till ditt andra paket.<\/p>\n<\/div><\/div><\/div><\/div><div class=\"wpb_column vc_column_container\"><div class=\"vc_column-inner\"><div class=\"wpb_text_column\"><div class=\"wpb_wrapper\"><h3 style=\"text-align: right;\">250\u20ac<\/h3>\n<\/div><\/div><div class=\"wpb_text_column\"><div class=\"wpb_wrapper\"><p style=\"text-align: right;\">\/md, faktureras \u00e5rsvis<\/p>\n<\/div><\/div><div class=\"wpb_text_column\"><div class=\"wpb_wrapper\"><p style=\"text-align: right;\"><span style=\"color: #ff0000;\"><strong>29% rabatt<\/strong><\/span><\/p>\n<\/div><\/div><\/div><\/div><\/div><div class=\"w-separator size_medium with_line width_default thick_1 style_solid color_border align_center\"><div class=\"w-separator-h\"><\/div><\/div><div class=\"g-cols wpb_row via_grid cols_2-1 laptops-cols_inherit tablets-cols_inherit mobiles-cols_1 valign_top type_default stacking_default\" style=\"--columns-gap:3rem;\"><div class=\"wpb_column vc_column_container\"><div class=\"vc_column-inner\"><div class=\"wpb_text_column\"><div class=\"wpb_wrapper\"><h3 style=\"text-align: left;\">Fullst\u00e4ndiga f\u00f6rm\u00e5ner med alla 3<\/h3>\n<\/div><\/div><div class=\"wpb_text_column\"><div class=\"wpb_wrapper\"><p>Spara stort med alla 3 paket och full tillg\u00e5ng.<\/p>\n<\/div><\/div><\/div><\/div><div class=\"wpb_column vc_column_container\"><div class=\"vc_column-inner\"><div class=\"wpb_text_column\"><div class=\"wpb_wrapper\"><h3 style=\"text-align: right;\">300\u20ac<\/h3>\n<\/div><\/div><div class=\"wpb_text_column\"><div class=\"wpb_wrapper\"><p style=\"text-align: right;\">\/md, faktureras \u00e5rsvis<\/p>\n<\/div><\/div><div class=\"wpb_text_column\"><div class=\"wpb_wrapper\"><p style=\"text-align: right;\"><span style=\"color: #ff0000;\"><strong>43% rabatt<\/strong><\/span><\/p>\n<\/div><\/div><\/div><\/div><\/div><\/div><\/div><\/div><\/div><\/section>\n","protected":false},"excerpt":{"rendered":"Flexibel prismodell som passar dina behov V\u00e4lj de paket och moduler som passar dina behov och spara pengar med v\u00e5ra \u00e5rsplaner. Club App175\u20ac\/mFaktureras \u00e5rsvis - 2.100\u20ac.Golf GPS och ScorekortKlubbnyheterBanstatusDaily Pins...och merL\u00e4s mer omCourse Presentation175\u20ac\/mFaktureras \u00e5rsvis - 2.100\u20ac.Printed BaneguiderTee Sign Graphic\u00d6versiktskartorEvenemangsguider...och merL\u00e4s mer omGreenkeeper Tools175\u20ac\/mFaktureras \u00e5rsvis - 2.100\u20ac.Tekniska kartorDokumentationBanstatusGPS-kartl\u00e4ggning...och merL\u00e4s mer omKombinera och spara F\u00f6r att...","protected":false},"author":1,"featured_media":0,"parent":1200,"menu_order":0,"comment_status":"closed","ping_status":"closed","template":"","meta":{"footnotes":""},"class_list":["post-1697","page","type-page","status-publish","hentry"],"yoast_head":"<!-- This site is optimized with the Yoast SEO plugin v27.4 - https:\/\/yoast.com\/product\/yoast-seo-wordpress\/ -->\n<title>Priss\u00e4ttning - GLFR<\/title>\n<meta name=\"robots\" content=\"index, follow, max-snippet:-1, max-image-preview:large, max-video-preview:-1\" \/>\n<link rel=\"canonical\" href=\"https:\/\/www.glfr.com\/sv\/for-klubbar\/pris\/\" \/>\n<meta property=\"og:locale\" content=\"sv_SE\" \/>\n<meta property=\"og:type\" content=\"article\" \/>\n<meta property=\"og:title\" content=\"Priss\u00e4ttning - GLFR\" \/>\n<meta property=\"og:url\" content=\"https:\/\/www.glfr.com\/sv\/for-klubbar\/pris\/\" \/>\n<meta property=\"og:site_name\" content=\"GLFR\" \/>\n<meta property=\"article:modified_time\" content=\"2026-04-20T14:01:54+00:00\" \/>\n<meta name=\"twitter:card\" content=\"summary_large_image\" \/>\n<meta name=\"twitter:label1\" content=\"Ber\u00e4knad l\u00e4stid\" \/>\n\t<meta name=\"twitter:data1\" content=\"4 minuter\" \/>\n<script type=\"application\/ld+json\" class=\"yoast-schema-graph\">{\"@context\":\"https:\\\/\\\/schema.org\",\"@graph\":[{\"@type\":\"WebPage\",\"@id\":\"https:\\\/\\\/www.glfr.com\\\/sv\\\/for-klubbar\\\/pris\\\/\",\"url\":\"https:\\\/\\\/www.glfr.com\\\/sv\\\/for-klubbar\\\/pris\\\/\",\"name\":\"Priss\u00e4ttning - GLFR\",\"isPartOf\":{\"@id\":\"https:\\\/\\\/www.glfr.com\\\/sv\\\/#website\"},\"datePublished\":\"2026-04-19T17:33:40+00:00\",\"dateModified\":\"2026-04-20T14:01:54+00:00\",\"breadcrumb\":{\"@id\":\"https:\\\/\\\/www.glfr.com\\\/sv\\\/for-klubbar\\\/pris\\\/#breadcrumb\"},\"inLanguage\":\"sv-SE\",\"potentialAction\":[{\"@type\":\"ReadAction\",\"target\":[\"https:\\\/\\\/www.glfr.com\\\/sv\\\/for-klubbar\\\/pris\\\/\"]}]},{\"@type\":\"BreadcrumbList\",\"@id\":\"https:\\\/\\\/www.glfr.com\\\/sv\\\/for-klubbar\\\/pris\\\/#breadcrumb\",\"itemListElement\":[{\"@type\":\"ListItem\",\"position\":1,\"name\":\"Home\",\"item\":\"https:\\\/\\\/www.glfr.com\\\/sv\\\/home\\\/\"},{\"@type\":\"ListItem\",\"position\":2,\"name\":\"F\u00f6r klubbar\",\"item\":\"https:\\\/\\\/www.glfr.com\\\/sv\\\/for-klubbar\\\/\"},{\"@type\":\"ListItem\",\"position\":3,\"name\":\"Priss\u00e4ttning\"}]},{\"@type\":\"WebSite\",\"@id\":\"https:\\\/\\\/www.glfr.com\\\/sv\\\/#website\",\"url\":\"https:\\\/\\\/www.glfr.com\\\/sv\\\/\",\"name\":\"GLFR\",\"description\":\"Your Club and Golf App\",\"potentialAction\":[{\"@type\":\"SearchAction\",\"target\":{\"@type\":\"EntryPoint\",\"urlTemplate\":\"https:\\\/\\\/www.glfr.com\\\/sv\\\/?s={search_term_string}\"},\"query-input\":{\"@type\":\"PropertyValueSpecification\",\"valueRequired\":true,\"valueName\":\"search_term_string\"}}],\"inLanguage\":\"sv-SE\"}]}<\/script>\n<!-- \/ Yoast SEO plugin. -->","yoast_head_json":{"title":"Priss\u00e4ttning - GLFR","robots":{"index":"index","follow":"follow","max-snippet":"max-snippet:-1","max-image-preview":"max-image-preview:large","max-video-preview":"max-video-preview:-1"},"canonical":"https:\/\/www.glfr.com\/sv\/for-klubbar\/pris\/","og_locale":"sv_SE","og_type":"article","og_title":"Priss\u00e4ttning - GLFR","og_url":"https:\/\/www.glfr.com\/sv\/for-klubbar\/pris\/","og_site_name":"GLFR","article_modified_time":"2026-04-20T14:01:54+00:00","twitter_card":"summary_large_image","twitter_misc":{"Ber\u00e4knad l\u00e4stid":"4 minuter"},"schema":{"@context":"https:\/\/schema.org","@graph":[{"@type":"WebPage","@id":"https:\/\/www.glfr.com\/sv\/for-klubbar\/pris\/","url":"https:\/\/www.glfr.com\/sv\/for-klubbar\/pris\/","name":"Priss\u00e4ttning - GLFR","isPartOf":{"@id":"https:\/\/www.glfr.com\/sv\/#website"},"datePublished":"2026-04-19T17:33:40+00:00","dateModified":"2026-04-20T14:01:54+00:00","breadcrumb":{"@id":"https:\/\/www.glfr.com\/sv\/for-klubbar\/pris\/#breadcrumb"},"inLanguage":"sv-SE","potentialAction":[{"@type":"ReadAction","target":["https:\/\/www.glfr.com\/sv\/for-klubbar\/pris\/"]}]},{"@type":"BreadcrumbList","@id":"https:\/\/www.glfr.com\/sv\/for-klubbar\/pris\/#breadcrumb","itemListElement":[{"@type":"ListItem","position":1,"name":"Home","item":"https:\/\/www.glfr.com\/sv\/home\/"},{"@type":"ListItem","position":2,"name":"F\u00f6r klubbar","item":"https:\/\/www.glfr.com\/sv\/for-klubbar\/"},{"@type":"ListItem","position":3,"name":"Priss\u00e4ttning"}]},{"@type":"WebSite","@id":"https:\/\/www.glfr.com\/sv\/#website","url":"https:\/\/www.glfr.com\/sv\/","name":"GLFR","description":"Your Club and Golf App","potentialAction":[{"@type":"SearchAction","target":{"@type":"EntryPoint","urlTemplate":"https:\/\/www.glfr.com\/sv\/?s={search_term_string}"},"query-input":{"@type":"PropertyValueSpecification","valueRequired":true,"valueName":"search_term_string"}}],"inLanguage":"sv-SE"}]}},"_links":{"self":[{"href":"https:\/\/www.glfr.com\/sv\/wp-json\/wp\/v2\/pages\/1697","targetHints":{"allow":["GET"]}}],"collection":[{"href":"https:\/\/www.glfr.com\/sv\/wp-json\/wp\/v2\/pages"}],"about":[{"href":"https:\/\/www.glfr.com\/sv\/wp-json\/wp\/v2\/types\/page"}],"author":[{"embeddable":true,"href":"https:\/\/www.glfr.com\/sv\/wp-json\/wp\/v2\/users\/1"}],"replies":[{"embeddable":true,"href":"https:\/\/www.glfr.com\/sv\/wp-json\/wp\/v2\/comments?post=1697"}],"version-history":[{"count":16,"href":"https:\/\/www.glfr.com\/sv\/wp-json\/wp\/v2\/pages\/1697\/revisions"}],"predecessor-version":[{"id":1745,"href":"https:\/\/www.glfr.com\/sv\/wp-json\/wp\/v2\/pages\/1697\/revisions\/1745"}],"up":[{"embeddable":true,"href":"https:\/\/www.glfr.com\/sv\/wp-json\/wp\/v2\/pages\/1200"}],"wp:attachment":[{"href":"https:\/\/www.glfr.com\/sv\/wp-json\/wp\/v2\/media?parent=1697"}],"curies":[{"name":"wp","href":"https:\/\/api.w.org\/{rel}","templated":true}]}}