{"id":1548,"date":"2026-01-20T20:33:40","date_gmt":"2026-01-20T19:33:40","guid":{"rendered":"https:\/\/www.glfr.com\/partners\/"},"modified":"2026-01-21T09:24:18","modified_gmt":"2026-01-21T08:24:18","slug":"partners","status":"publish","type":"page","link":"https:\/\/www.glfr.com\/sv\/partners\/","title":{"rendered":"Partner"},"content":{"rendered":"<section class=\"l-section wpb_row height_medium\"><div class=\"l-section-h i-cf\"><div class=\"g-cols vc_row via_grid cols_1 laptops-cols_inherit tablets-cols_inherit mobiles-cols_1 valign_top type_default stacking_default\"><div class=\"wpb_column vc_column_container\"><div class=\"vc_column-inner\"><div class=\"wpb_text_column\"><div class=\"wpb_wrapper\"><h1>Ett b\u00e4ttre spel genom partnerskap<\/h1>\n<\/div><\/div><div class=\"wpb_text_column\"><div class=\"wpb_wrapper\"><h2>De b\u00e4sta l\u00f6sningarna kommer fr\u00e5n samarbete<\/h2>\n<\/div><\/div><div class=\"g-cols wpb_row via_grid cols_2 laptops-cols_inherit tablets-cols_inherit mobiles-cols_1 valign_top type_default stacking_default\" style=\"--columns-gap:3rem;\"><div class=\"wpb_column vc_column_container\"><div class=\"vc_column-inner\"><div class=\"wpb_text_column\"><div class=\"wpb_wrapper\"><p>P\u00e5 GLFR tror vi att ingen enskild leverant\u00f6r kan leverera allt som en golfklubb beh\u00f6ver &#8211; och det \u00e4r bra. De b\u00e4sta resultaten uppn\u00e5s n\u00e4r specialiserade leverant\u00f6rer arbetar tillsammans och kombinerar sina styrkor f\u00f6r att bygga smartare och mer integrerade l\u00f6sningar. <\/p>\n<p>Det \u00e4r d\u00e4rf\u00f6r vi \u00e4lskar partnerskap. Fr\u00e5n banhantering och webbplatser till bokningssystem och teknik p\u00e5 banan samarbetar vi med andra ledande f\u00f6retag inom golfbranschen f\u00f6r att leverera b\u00e4ttre upplevelser f\u00f6r b\u00e5de klubbar och golfare. F\u00f6r n\u00e4r allt fungerar tillsammans vinner alla.<\/p>\n<\/div><\/div><\/div><\/div><div class=\"wpb_column vc_column_container\"><div class=\"vc_column-inner\"><div class=\"w-image align_center\"><div class=\"w-image-h\"><img decoding=\"async\" width=\"1024\" height=\"682\" src=\"https:\/\/www.glfr.com\/wp-content\/uploads\/2026\/01\/golf-partnerships_web-1024x682.jpg\" class=\"attachment-large size-large\" alt=\"Golf Partnerships\" loading=\"lazy\" srcset=\"https:\/\/www.glfr.com\/wp-content\/uploads\/2026\/01\/golf-partnerships_web-1024x682.jpg 1024w, https:\/\/www.glfr.com\/wp-content\/uploads\/2026\/01\/golf-partnerships_web-300x200.jpg 300w, https:\/\/www.glfr.com\/wp-content\/uploads\/2026\/01\/golf-partnerships_web-400x267.jpg 400w, https:\/\/www.glfr.com\/wp-content\/uploads\/2026\/01\/golf-partnerships_web.jpg 1280w\" sizes=\"auto, (max-width: 1024px) 100vw, 1024px\" \/><\/div><\/div><\/div><\/div><\/div><\/div><\/div><\/div><\/div><\/section><section class=\"l-section wpb_row height_medium\"><div class=\"l-section-h i-cf\"><div class=\"g-cols vc_row via_grid cols_1 laptops-cols_inherit tablets-cols_inherit mobiles-cols_1 valign_top type_default stacking_default\"><div class=\"wpb_column vc_column_container\"><div class=\"vc_column-inner\"><div class=\"wpb_text_column\"><div class=\"wpb_wrapper\"><h2>Uppkopplad klubkommunikationen b\u00f6rjar h\u00e4r<\/h2>\n<\/div><\/div><div class=\"g-cols wpb_row via_grid cols_2 laptops-cols_inherit tablets-cols_inherit mobiles-cols_1 valign_top type_default stacking_default\" style=\"--columns-gap:3rem;\"><div class=\"wpb_column vc_column_container\"><div class=\"vc_column-inner\"><div class=\"wpb_text_column\"><div class=\"wpb_wrapper\"><p>En golfklubbs webbplats \u00e4r fortfarande en av dess viktigaste kommunikationskanaler. Och n\u00e4r den \u00e4r t\u00e4tt integrerad med din Club App fr\u00e5n GLFR, blir den en del av ett s\u00f6ml\u00f6st kommunikationssystem som h\u00e5ller b\u00e5de personal och spelare informerade &#8211; utan extra arbete.<\/p>\n<\/div><\/div><\/div><\/div><div class=\"wpb_column vc_column_container\"><div class=\"vc_column-inner\"><div class=\"wpb_text_column\"><div class=\"wpb_wrapper\"><p>GLFR kan integreras med n\u00e4stan vilken webbplats som helst, men v\u00e5ra officiella webbplatspartners erbjuder en djupare niv\u00e5 av integration och support. Dessa partnerskap s\u00e4kerst\u00e4ller att Banstatus, Klubbnyheter och digitalt inneh\u00e5ll synkroniseras perfekt mellan olika plattformar &#8211; s\u00e5 att dina medlemmar alltid f\u00e5r r\u00e4tt information, p\u00e5 r\u00e4tt plats, vid r\u00e4tt tidpunkt.<\/p>\n<\/div><\/div><\/div><\/div><\/div><div class=\"g-cols wpb_row us_custom_cc30155e via_grid cols_2 laptops-cols_inherit tablets-cols_inherit mobiles-cols_1 valign_middle type_default stacking_default\" style=\"--columns-gap:0rem;\"><div class=\"wpb_column vc_column_container us_custom_96bc49dd\"><div class=\"vc_column-overlay\" style=\"background:var(--color-content-bg-alt)\"><\/div><div class=\"vc_column-inner\"><div class=\"wpb_text_column\"><div class=\"wpb_wrapper\"><h3 style=\"text-align: center;\">Kust IT<\/h3>\n<\/div><\/div><div class=\"wpb_text_column\"><div class=\"wpb_wrapper\"><p>Kust IT bygger moderna, funktionella webbplatser f\u00f6r svenska golfklubbar. Deras l\u00f6sningar \u00e4r utformade med b\u00e5de klubbchefer och spelare i \u00e5tanke &#8211; och deras integration med GLFR s\u00e4kerst\u00e4ller att din webbplats och Club App alltid \u00e4r i linje.<\/p>\n<\/div><\/div><div class=\"w-btn-wrapper align_center\"><a class=\"w-btn us-btn-style_7 us_custom_3e2203ad\" href=\"https:\/\/kustit.se\/ny-hemsida\/hemsida-golfklubb\/?utm_source=glfr&amp;utm_medium=partners\"><span class=\"w-btn-label\">Bes\u00f6k<\/span><\/a><\/div><\/div><\/div><div class=\"wpb_column vc_column_container us_custom_96bc49dd\"><div class=\"vc_column-overlay\" style=\"background:var(--color-content-border)\"><\/div><div class=\"vc_column-inner\"><div class=\"wpb_text_column\"><div class=\"wpb_wrapper\"><h3 style=\"text-align: center;\">Golfinity<\/h3>\n<\/div><\/div><div class=\"wpb_text_column\"><div class=\"wpb_wrapper\"><p>Golfinitys webbplatser \u00e4r k\u00e4nda f\u00f6r stark visuell design och enkel redigering. Tillsammans med GLFR erbjuder de svenska klubbar ett uppkopplat ekosystem d\u00e4r nyheter, Banstatus och mycket mer synkroniseras utan anstr\u00e4ngning.<\/p>\n<\/div><\/div><div class=\"w-btn-wrapper align_center\"><a class=\"w-btn us-btn-style_7 us_custom_3e2203ad\" href=\"https:\/\/www.golfinity.se\/?utm_source=glfr&amp;utm_medium=partners\"><span class=\"w-btn-label\">Bes\u00f6k<\/span><\/a><\/div><\/div><\/div><\/div><div class=\"g-cols wpb_row via_grid cols_2 laptops-cols_inherit tablets-cols_inherit mobiles-cols_1 valign_middle type_default stacking_default\" style=\"--columns-gap:0rem;\"><div class=\"wpb_column vc_column_container us_custom_96bc49dd\"><div class=\"vc_column-overlay\" style=\"background:var(--color-content-border)\"><\/div><div class=\"vc_column-inner\"><div class=\"wpb_text_column\"><div class=\"wpb_wrapper\"><h3 style=\"text-align: center;\">Unique Pixels<\/h3>\n<\/div><\/div><div class=\"wpb_text_column\"><div class=\"wpb_wrapper\"><p>Unique Pixels levererar anpassade webbl\u00f6sningar f\u00f6r danska klubbar. Deras GLFR-integration inneb\u00e4r att du kan hantera Banstatus och klubbnyheter p\u00e5 olika plattformar med ett enda arbetsfl\u00f6de.<\/p>\n<\/div><\/div><div class=\"w-btn-wrapper align_center\"><a class=\"w-btn us-btn-style_7 us_custom_3e2203ad\" href=\"https:\/\/www.uniquepixels.dk\/golfklubber\/?utm_source=glfr&amp;utm_medium=partners\"><span class=\"w-btn-label\">Bes\u00f6k<\/span><\/a><\/div><\/div><\/div><div class=\"wpb_column vc_column_container us_custom_96bc49dd\"><div class=\"vc_column-overlay\" style=\"background:var(--color-content-bg-alt)\"><\/div><div class=\"vc_column-inner\"><div class=\"wpb_text_column\"><div class=\"wpb_wrapper\"><h3 style=\"text-align: center;\">Scan Golf \/ Klubbplats<\/h3>\n<\/div><\/div><div class=\"wpb_text_column\"><div class=\"wpb_wrapper\"><p>Scan Golf \u00e4r en av Norges mest erfarna leverant\u00f6rer av webbplatser f\u00f6r golfklubbar. Deras samarbete med GLFR (via Gimmie App) ger smart synkronisering och integrerat inneh\u00e5ll till klubbar \u00f6ver hela landet.<\/p>\n<\/div><\/div><div class=\"w-btn-wrapper align_center\"><a class=\"w-btn us-btn-style_7 us_custom_3e2203ad\" href=\"https:\/\/clubsite.no\/?utm_source=glfr&amp;utm_medium=partners\"><span class=\"w-btn-label\">Bes\u00f6k<\/span><\/a><\/div><\/div><\/div><\/div><\/div><\/div><\/div><\/div><\/section><section class=\"l-section wpb_row height_medium\"><div class=\"l-section-h i-cf\"><div class=\"g-cols vc_row via_grid cols_1 laptops-cols_inherit tablets-cols_inherit mobiles-cols_1 valign_top type_default stacking_default\"><div class=\"wpb_column vc_column_container\"><div class=\"vc_column-inner\"><div class=\"wpb_text_column\"><div class=\"wpb_wrapper\"><h2>Intresserad av att bli partner med oss?<\/h2>\n<\/div><\/div><div class=\"wpb_text_column\"><div class=\"wpb_wrapper\"><p>Vi \u00e4r alltid \u00f6ppna f\u00f6r nya id\u00e9er och samarbeten. Om du utvecklar produkter eller tj\u00e4nster f\u00f6r golfbranschen &#8211; fr\u00e5n bokningssystem och h\u00e5rdvara till kommunikationsverktyg och mycket mer &#8211; vill vi g\u00e4rna prata med dig. <\/p>\n<p>GLFR \u00e4r byggt p\u00e5 samarbete och vi letar alltid efter s\u00e4tt att ge golfare och golfklubbar mer v\u00e4rde genom smarta integrationer och starka relationer.<\/p>\n<p>Har du en id\u00e9 eller ett f\u00f6rslag? H\u00f6r av dig till v\u00e5r VD Hans Henrik Junge p\u00e5 hhj@glfr.com och l\u00e5t oss b\u00f6rja samtalet.<\/p>\n<\/div><\/div><\/div><\/div><\/div><\/div><\/section>\n","protected":false},"excerpt":{"rendered":"Ett b\u00e4ttre spel genom partnerskap De b\u00e4sta l\u00f6sningarna kommer fr\u00e5n samarbete P\u00e5 GLFR tror vi att ingen enskild leverant\u00f6r kan leverera allt som en golfklubb beh\u00f6ver &#8211; och det \u00e4r bra. De b\u00e4sta resultaten uppn\u00e5s n\u00e4r specialiserade leverant\u00f6rer arbetar tillsammans och kombinerar sina styrkor f\u00f6r att bygga smartare och mer integrerade l\u00f6sningar. Det \u00e4r d\u00e4rf\u00f6r...","protected":false},"author":1,"featured_media":0,"parent":0,"menu_order":0,"comment_status":"closed","ping_status":"closed","template":"","meta":{"footnotes":""},"class_list":["post-1548","page","type-page","status-publish","hentry"],"yoast_head":"<!-- This site is optimized with the Yoast SEO plugin v27.6 - https:\/\/yoast.com\/product\/yoast-seo-wordpress\/ -->\n<title>Partner - GLFR<\/title>\n<meta name=\"robots\" content=\"index, follow, max-snippet:-1, max-image-preview:large, max-video-preview:-1\" \/>\n<link rel=\"canonical\" href=\"https:\/\/www.glfr.com\/sv\/partners\/\" \/>\n<meta property=\"og:locale\" content=\"sv_SE\" \/>\n<meta property=\"og:type\" content=\"article\" \/>\n<meta property=\"og:title\" content=\"Partner - GLFR\" \/>\n<meta property=\"og:url\" content=\"https:\/\/www.glfr.com\/sv\/partners\/\" \/>\n<meta property=\"og:site_name\" content=\"GLFR\" \/>\n<meta property=\"article:modified_time\" content=\"2026-01-21T08:24:18+00:00\" \/>\n<meta name=\"twitter:card\" content=\"summary_large_image\" \/>\n<meta name=\"twitter:label1\" content=\"Ber\u00e4knad l\u00e4stid\" \/>\n\t<meta name=\"twitter:data1\" content=\"5 minuter\" \/>\n<script type=\"application\/ld+json\" class=\"yoast-schema-graph\">{\"@context\":\"https:\\\/\\\/schema.org\",\"@graph\":[{\"@type\":\"WebPage\",\"@id\":\"https:\\\/\\\/www.glfr.com\\\/sv\\\/partners\\\/\",\"url\":\"https:\\\/\\\/www.glfr.com\\\/sv\\\/partners\\\/\",\"name\":\"Partner - GLFR\",\"isPartOf\":{\"@id\":\"https:\\\/\\\/www.glfr.com\\\/sv\\\/#website\"},\"datePublished\":\"2026-01-20T19:33:40+00:00\",\"dateModified\":\"2026-01-21T08:24:18+00:00\",\"breadcrumb\":{\"@id\":\"https:\\\/\\\/www.glfr.com\\\/sv\\\/partners\\\/#breadcrumb\"},\"inLanguage\":\"sv-SE\",\"potentialAction\":[{\"@type\":\"ReadAction\",\"target\":[\"https:\\\/\\\/www.glfr.com\\\/sv\\\/partners\\\/\"]}]},{\"@type\":\"BreadcrumbList\",\"@id\":\"https:\\\/\\\/www.glfr.com\\\/sv\\\/partners\\\/#breadcrumb\",\"itemListElement\":[{\"@type\":\"ListItem\",\"position\":1,\"name\":\"Home\",\"item\":\"https:\\\/\\\/www.glfr.com\\\/sv\\\/home\\\/\"},{\"@type\":\"ListItem\",\"position\":2,\"name\":\"Partner\"}]},{\"@type\":\"WebSite\",\"@id\":\"https:\\\/\\\/www.glfr.com\\\/sv\\\/#website\",\"url\":\"https:\\\/\\\/www.glfr.com\\\/sv\\\/\",\"name\":\"GLFR\",\"description\":\"Your Club and Golf App\",\"potentialAction\":[{\"@type\":\"SearchAction\",\"target\":{\"@type\":\"EntryPoint\",\"urlTemplate\":\"https:\\\/\\\/www.glfr.com\\\/sv\\\/?s={search_term_string}\"},\"query-input\":{\"@type\":\"PropertyValueSpecification\",\"valueRequired\":true,\"valueName\":\"search_term_string\"}}],\"inLanguage\":\"sv-SE\"}]}<\/script>\n<!-- \/ Yoast SEO plugin. -->","yoast_head_json":{"title":"Partner - GLFR","robots":{"index":"index","follow":"follow","max-snippet":"max-snippet:-1","max-image-preview":"max-image-preview:large","max-video-preview":"max-video-preview:-1"},"canonical":"https:\/\/www.glfr.com\/sv\/partners\/","og_locale":"sv_SE","og_type":"article","og_title":"Partner - GLFR","og_url":"https:\/\/www.glfr.com\/sv\/partners\/","og_site_name":"GLFR","article_modified_time":"2026-01-21T08:24:18+00:00","twitter_card":"summary_large_image","twitter_misc":{"Ber\u00e4knad l\u00e4stid":"5 minuter"},"schema":{"@context":"https:\/\/schema.org","@graph":[{"@type":"WebPage","@id":"https:\/\/www.glfr.com\/sv\/partners\/","url":"https:\/\/www.glfr.com\/sv\/partners\/","name":"Partner - GLFR","isPartOf":{"@id":"https:\/\/www.glfr.com\/sv\/#website"},"datePublished":"2026-01-20T19:33:40+00:00","dateModified":"2026-01-21T08:24:18+00:00","breadcrumb":{"@id":"https:\/\/www.glfr.com\/sv\/partners\/#breadcrumb"},"inLanguage":"sv-SE","potentialAction":[{"@type":"ReadAction","target":["https:\/\/www.glfr.com\/sv\/partners\/"]}]},{"@type":"BreadcrumbList","@id":"https:\/\/www.glfr.com\/sv\/partners\/#breadcrumb","itemListElement":[{"@type":"ListItem","position":1,"name":"Home","item":"https:\/\/www.glfr.com\/sv\/home\/"},{"@type":"ListItem","position":2,"name":"Partner"}]},{"@type":"WebSite","@id":"https:\/\/www.glfr.com\/sv\/#website","url":"https:\/\/www.glfr.com\/sv\/","name":"GLFR","description":"Your Club and Golf App","potentialAction":[{"@type":"SearchAction","target":{"@type":"EntryPoint","urlTemplate":"https:\/\/www.glfr.com\/sv\/?s={search_term_string}"},"query-input":{"@type":"PropertyValueSpecification","valueRequired":true,"valueName":"search_term_string"}}],"inLanguage":"sv-SE"}]}},"_links":{"self":[{"href":"https:\/\/www.glfr.com\/sv\/wp-json\/wp\/v2\/pages\/1548","targetHints":{"allow":["GET"]}}],"collection":[{"href":"https:\/\/www.glfr.com\/sv\/wp-json\/wp\/v2\/pages"}],"about":[{"href":"https:\/\/www.glfr.com\/sv\/wp-json\/wp\/v2\/types\/page"}],"author":[{"embeddable":true,"href":"https:\/\/www.glfr.com\/sv\/wp-json\/wp\/v2\/users\/1"}],"replies":[{"embeddable":true,"href":"https:\/\/www.glfr.com\/sv\/wp-json\/wp\/v2\/comments?post=1548"}],"version-history":[{"count":2,"href":"https:\/\/www.glfr.com\/sv\/wp-json\/wp\/v2\/pages\/1548\/revisions"}],"predecessor-version":[{"id":1550,"href":"https:\/\/www.glfr.com\/sv\/wp-json\/wp\/v2\/pages\/1548\/revisions\/1550"}],"wp:attachment":[{"href":"https:\/\/www.glfr.com\/sv\/wp-json\/wp\/v2\/media?parent=1548"}],"curies":[{"name":"wp","href":"https:\/\/api.w.org\/{rel}","templated":true}]}}