{"id":1220,"date":"2025-11-25T13:17:43","date_gmt":"2025-11-25T12:17:43","guid":{"rendered":"https:\/\/www.glfr.com\/kom-igang\/"},"modified":"2025-11-25T14:53:32","modified_gmt":"2025-11-25T13:53:32","slug":"kom-igang","status":"publish","type":"page","link":"https:\/\/www.glfr.com\/sv\/kom-igang\/","title":{"rendered":"Kom ig\u00e5ng"},"content":{"rendered":"<section class=\"l-section wpb_row us_custom_33fe73d0 height_medium full_height valign_center\"><div class=\"l-section-h i-cf\"><div class=\"g-cols vc_row via_grid cols_2 laptops-cols_inherit tablets-cols_inherit mobiles-cols_1 valign_top type_default stacking_default\"><div class=\"wpb_column vc_column_container\"><div class=\"vc_column-inner\"><div class=\"wpb_text_column\"><div class=\"wpb_wrapper\"><h4>F\u00d6R GOLFARE<\/h4>\n<\/div><\/div><div class=\"wpb_text_column\"><div class=\"wpb_wrapper\"><h2>Spela b\u00e4ttre golf med en gratis golf-GPS och Scorekort f\u00f6r 6000+ banor<\/h2>\n<\/div><\/div><div class=\"wpb_text_column\"><div class=\"wpb_wrapper\"><p>Ladda ner GLFR-appen f\u00f6r att f\u00e5 tillg\u00e5ng till en gratis golf-GPS, digitala baneguider, Shot Tracking, Scorekort och mycket mer.<\/p>\n<p>G\u00e5 med 300 000+ golfare som anv\u00e4nder GLFR f\u00f6r att spela smartare &#8211; p\u00e5 6 000+ banor \u00f6ver hela Europa och v\u00e4rlden.<\/p>\n<\/div><\/div><div class=\"w-separator size_medium\"><\/div><div class=\"w-btn-wrapper align_center\"><a class=\"w-btn us-btn-style_4 us_custom_2d9ebfef icon_atright\" href=\"https:\/\/app.glfr.com\/\"><span class=\"w-btn-label\">Registrera dig och utforska GLFR-appen<\/span><i class=\"fas fa-mobile-alt\"><\/i><\/a><\/div><\/div><\/div><div class=\"wpb_column vc_column_container us_custom_30dae61a\"><div class=\"vc_column-inner\"><div class=\"wpb_text_column\"><div class=\"wpb_wrapper\"><h4>F\u00d6R KLUBBAR<\/h4>\n<\/div><\/div><div class=\"wpb_text_column\"><div class=\"wpb_wrapper\"><h2>F\u00f6rb\u00e4ttra klubbens kommunikation och Course Presentation<\/h2>\n<\/div><\/div><div class=\"wpb_text_column\"><div class=\"wpb_wrapper\"><p><span>Starta en gratis provperiod av Club App eller boka en snabb demo av v\u00e5ra Course Presentation och Greenkeeper Tools.<\/span><\/p>\n<p><span>Det \u00e4r det enklaste s\u00e4ttet att se hur GLFR passar din klubbs behov &#8211; om du vill utforska sj\u00e4lv eller prata med oss, \u00e4r upp till dig!<\/span><\/p>\n<\/div><\/div><div class=\"w-separator size_medium\"><\/div><div class=\"g-cols wpb_row via_grid cols_2 laptops-cols_inherit tablets-cols_inherit mobiles-cols_1 valign_top type_default stacking_default\" style=\"--columns-gap:3rem;\"><div class=\"wpb_column vc_column_container\"><div class=\"vc_column-inner\"><div class=\"w-btn-wrapper align_center\"><a class=\"w-btn us-btn-style_1 us_custom_2d9ebfef icon_atright\" href=\"https:\/\/share.hsforms.com\/1gmz7WUsbQ3GxbVa6u0NcvA48lov\"><span class=\"w-btn-label\">Starta din kostnadsfria testperiod<\/span><i class=\"fas fa-rocket\"><\/i><\/a><\/div><\/div><\/div><div class=\"wpb_column vc_column_container\"><div class=\"vc_column-inner\"><div class=\"w-btn-wrapper align_center\"><a class=\"w-btn us-btn-style_6 us_custom_2d9ebfef icon_atright\" href=\"https:\/\/meetings.hubspot.com\/casper-jacobsen\/glfr-club-app-intro\"><span class=\"w-btn-label\">Boka en demo<\/span><i class=\"fas fa-calendar-check\"><\/i><\/a><\/div><\/div><\/div><\/div><\/div><\/div><\/div><\/div><\/section>\n","protected":false},"excerpt":{"rendered":"F\u00d6R GOLFARE Spela b\u00e4ttre golf med en gratis golf-GPS och Scorekort f\u00f6r 6000+ banor Ladda ner GLFR-appen f\u00f6r att f\u00e5 tillg\u00e5ng till en gratis golf-GPS, digitala baneguider, Shot Tracking, Scorekort och mycket mer. G\u00e5 med 300 000+ golfare som anv\u00e4nder GLFR f\u00f6r att spela smartare &#8211; p\u00e5 6 000+ banor \u00f6ver hela Europa och v\u00e4rlden....","protected":false},"author":1,"featured_media":0,"parent":0,"menu_order":0,"comment_status":"closed","ping_status":"closed","template":"","meta":{"footnotes":""},"class_list":["post-1220","page","type-page","status-publish","hentry"],"yoast_head":"<!-- This site is optimized with the Yoast SEO plugin v27.4 - https:\/\/yoast.com\/product\/yoast-seo-wordpress\/ -->\n<title>Kom ig\u00e5ng - GLFR<\/title>\n<meta name=\"robots\" content=\"index, follow, max-snippet:-1, max-image-preview:large, max-video-preview:-1\" \/>\n<link rel=\"canonical\" href=\"https:\/\/www.glfr.com\/sv\/kom-igang\/\" \/>\n<meta property=\"og:locale\" content=\"sv_SE\" \/>\n<meta property=\"og:type\" content=\"article\" \/>\n<meta property=\"og:title\" content=\"Kom ig\u00e5ng - GLFR\" \/>\n<meta property=\"og:url\" content=\"https:\/\/www.glfr.com\/sv\/kom-igang\/\" \/>\n<meta property=\"og:site_name\" content=\"GLFR\" \/>\n<meta property=\"article:modified_time\" content=\"2025-11-25T13:53:32+00:00\" \/>\n<meta name=\"twitter:card\" content=\"summary_large_image\" \/>\n<meta name=\"twitter:label1\" content=\"Ber\u00e4knad l\u00e4stid\" \/>\n\t<meta name=\"twitter:data1\" content=\"2 minuter\" \/>\n<script type=\"application\/ld+json\" class=\"yoast-schema-graph\">{\"@context\":\"https:\\\/\\\/schema.org\",\"@graph\":[{\"@type\":\"WebPage\",\"@id\":\"https:\\\/\\\/www.glfr.com\\\/sv\\\/kom-igang\\\/\",\"url\":\"https:\\\/\\\/www.glfr.com\\\/sv\\\/kom-igang\\\/\",\"name\":\"Kom ig\u00e5ng - GLFR\",\"isPartOf\":{\"@id\":\"https:\\\/\\\/www.glfr.com\\\/sv\\\/#website\"},\"datePublished\":\"2025-11-25T12:17:43+00:00\",\"dateModified\":\"2025-11-25T13:53:32+00:00\",\"breadcrumb\":{\"@id\":\"https:\\\/\\\/www.glfr.com\\\/sv\\\/kom-igang\\\/#breadcrumb\"},\"inLanguage\":\"sv-SE\",\"potentialAction\":[{\"@type\":\"ReadAction\",\"target\":[\"https:\\\/\\\/www.glfr.com\\\/sv\\\/kom-igang\\\/\"]}]},{\"@type\":\"BreadcrumbList\",\"@id\":\"https:\\\/\\\/www.glfr.com\\\/sv\\\/kom-igang\\\/#breadcrumb\",\"itemListElement\":[{\"@type\":\"ListItem\",\"position\":1,\"name\":\"Home\",\"item\":\"https:\\\/\\\/www.glfr.com\\\/sv\\\/home\\\/\"},{\"@type\":\"ListItem\",\"position\":2,\"name\":\"Kom ig\u00e5ng\"}]},{\"@type\":\"WebSite\",\"@id\":\"https:\\\/\\\/www.glfr.com\\\/sv\\\/#website\",\"url\":\"https:\\\/\\\/www.glfr.com\\\/sv\\\/\",\"name\":\"GLFR\",\"description\":\"Your Club and Golf App\",\"potentialAction\":[{\"@type\":\"SearchAction\",\"target\":{\"@type\":\"EntryPoint\",\"urlTemplate\":\"https:\\\/\\\/www.glfr.com\\\/sv\\\/?s={search_term_string}\"},\"query-input\":{\"@type\":\"PropertyValueSpecification\",\"valueRequired\":true,\"valueName\":\"search_term_string\"}}],\"inLanguage\":\"sv-SE\"}]}<\/script>\n<!-- \/ Yoast SEO plugin. -->","yoast_head_json":{"title":"Kom ig\u00e5ng - GLFR","robots":{"index":"index","follow":"follow","max-snippet":"max-snippet:-1","max-image-preview":"max-image-preview:large","max-video-preview":"max-video-preview:-1"},"canonical":"https:\/\/www.glfr.com\/sv\/kom-igang\/","og_locale":"sv_SE","og_type":"article","og_title":"Kom ig\u00e5ng - GLFR","og_url":"https:\/\/www.glfr.com\/sv\/kom-igang\/","og_site_name":"GLFR","article_modified_time":"2025-11-25T13:53:32+00:00","twitter_card":"summary_large_image","twitter_misc":{"Ber\u00e4knad l\u00e4stid":"2 minuter"},"schema":{"@context":"https:\/\/schema.org","@graph":[{"@type":"WebPage","@id":"https:\/\/www.glfr.com\/sv\/kom-igang\/","url":"https:\/\/www.glfr.com\/sv\/kom-igang\/","name":"Kom ig\u00e5ng - GLFR","isPartOf":{"@id":"https:\/\/www.glfr.com\/sv\/#website"},"datePublished":"2025-11-25T12:17:43+00:00","dateModified":"2025-11-25T13:53:32+00:00","breadcrumb":{"@id":"https:\/\/www.glfr.com\/sv\/kom-igang\/#breadcrumb"},"inLanguage":"sv-SE","potentialAction":[{"@type":"ReadAction","target":["https:\/\/www.glfr.com\/sv\/kom-igang\/"]}]},{"@type":"BreadcrumbList","@id":"https:\/\/www.glfr.com\/sv\/kom-igang\/#breadcrumb","itemListElement":[{"@type":"ListItem","position":1,"name":"Home","item":"https:\/\/www.glfr.com\/sv\/home\/"},{"@type":"ListItem","position":2,"name":"Kom ig\u00e5ng"}]},{"@type":"WebSite","@id":"https:\/\/www.glfr.com\/sv\/#website","url":"https:\/\/www.glfr.com\/sv\/","name":"GLFR","description":"Your Club and Golf App","potentialAction":[{"@type":"SearchAction","target":{"@type":"EntryPoint","urlTemplate":"https:\/\/www.glfr.com\/sv\/?s={search_term_string}"},"query-input":{"@type":"PropertyValueSpecification","valueRequired":true,"valueName":"search_term_string"}}],"inLanguage":"sv-SE"}]}},"_links":{"self":[{"href":"https:\/\/www.glfr.com\/sv\/wp-json\/wp\/v2\/pages\/1220","targetHints":{"allow":["GET"]}}],"collection":[{"href":"https:\/\/www.glfr.com\/sv\/wp-json\/wp\/v2\/pages"}],"about":[{"href":"https:\/\/www.glfr.com\/sv\/wp-json\/wp\/v2\/types\/page"}],"author":[{"embeddable":true,"href":"https:\/\/www.glfr.com\/sv\/wp-json\/wp\/v2\/users\/1"}],"replies":[{"embeddable":true,"href":"https:\/\/www.glfr.com\/sv\/wp-json\/wp\/v2\/comments?post=1220"}],"version-history":[{"count":2,"href":"https:\/\/www.glfr.com\/sv\/wp-json\/wp\/v2\/pages\/1220\/revisions"}],"predecessor-version":[{"id":1222,"href":"https:\/\/www.glfr.com\/sv\/wp-json\/wp\/v2\/pages\/1220\/revisions\/1222"}],"wp:attachment":[{"href":"https:\/\/www.glfr.com\/sv\/wp-json\/wp\/v2\/media?parent=1220"}],"curies":[{"name":"wp","href":"https:\/\/api.w.org\/{rel}","templated":true}]}}