{"id":1200,"date":"2024-10-02T13:41:02","date_gmt":"2024-10-02T12:41:02","guid":{"rendered":"https:\/\/www.glfr.com\/for-klubbar\/"},"modified":"2025-11-25T14:44:06","modified_gmt":"2025-11-25T13:44:06","slug":"for-klubbar","status":"publish","type":"page","link":"https:\/\/www.glfr.com\/sv\/for-klubbar\/","title":{"rendered":"F\u00f6r klubbar"},"content":{"rendered":"<section class=\"l-section wpb_row us_custom_5b82bc21 height_medium full_height valign_center\" id=\"overview\"><div class=\"l-section-overlay\" style=\"background:#ffffff\"><\/div><div class=\"l-section-h i-cf\"><div class=\"g-cols vc_row via_grid cols_1 laptops-cols_inherit tablets-cols_inherit mobiles-cols_1 valign_top type_default stacking_default\"><div class=\"wpb_column vc_column_container\"><div class=\"vc_column-inner\"><div class=\"wpb_text_column us_custom_cd9b33b9\"><div class=\"wpb_wrapper\"><h1 style=\"text-align: left;\">Greenkeeper Tools<\/h1>\n<\/div><\/div><div class=\"g-cols wpb_row via_grid cols_custom laptops-cols_inherit tablets-cols_inherit mobiles-cols_1 valign_top type_default stacking_default\" style=\"--columns-gap:3rem;--custom-columns:3fr 1.5fr 1.5fr \"><div class=\"wpb_column vc_column_container\"><div class=\"vc_column-inner\"><div class=\"wpb_text_column\"><div class=\"wpb_wrapper\"><p data-pm-slice=\"1 1 &#091;&#093;\"><span>Att sk\u00f6ta en golfbana \u00e4r ingen liten uppgift, och greenkeepers spelar en avg\u00f6rande roll f\u00f6r att se till att banan alltid \u00e4r i toppskick.<\/span><\/p>\n<p data-pm-slice=\"1 1 &#091;&#093;\"><span>  GLFR:s Greenkeeper Tools \u00e4r utformade f\u00f6r att g\u00f6ra detta jobb enklare och mer effektivt. Med en rad intuitiva l\u00f6sningar kan greenkeepers effektivisera sina dagliga uppgifter, dokumentera viktiga detaljer och h\u00e5lla alla p\u00e5 banan informerade.   <\/span><\/p>\n<p data-pm-slice=\"1 1 &#091;&#093;\"><span>Oavsett om det g\u00e4ller att sp\u00e5ra tekniska installationer, uppdatera banans status eller f\u00e5 tillg\u00e5ng till kritisk information n\u00e4r du \u00e4r p\u00e5 spr\u00e5ng, ger GLFR:s Greenkeeper Tools allt som beh\u00f6vs f\u00f6r att spara tid och fokusera p\u00e5 det som verkligen betyder n\u00e5got &#8211; att h\u00e5lla banan or\u00f6rd.<\/span><\/p>\n<\/div><\/div><\/div><\/div><div class=\"wpb_column vc_column_container\"><div class=\"vc_column-inner\"><div class=\"flip-box-wrap\" tabindex=\"0\" style=\"\"><div class=\"flip-box ifb-jq-height  horizontal_flip_left flip-ifb-jq-height\"  style=\"\" ><div class=\"ifb-flip-box\" id=\"flip-box-wrap-9539\"><div class=\"ifb-face ifb-front \" style=\"color:#333333;background:#FFFFFF; border-width: 0px;border-style: solid; border-color:#A4A4A4; border-radius: 0px;\">\n\t\t\t\t\t\t\t<div class=\"ifb-flip-box-section \">\n\t\t\t\t\t\t\t<div class=\"flip-box-icon\"><div class=\"ult-just-icon-wrapper  \"><div class=\"align-icon\" style=\"text-align:center;\">\n<div class=\"aio-icon none \"  style=\"color:#333333;font-size:32px;display:inline-block;\">\n\t<i class=\"Defaults-leanpub\"><\/i>\n<\/div><\/div><\/div><\/div><h4 class=\"ult-responsive flipbox_heading\"  data-ultimate-target='#flip-box-wrap-9539 .ult-responsive.flipbox_heading'  data-responsive-json-new='{\"font-size\":\"\",\"line-height\":\"\"}'  style=\"color:#333333; \">Teknisk karta<\/h4><div class=\"ifb-flip-box-section-content ult-responsive\"  data-ultimate-target='#flip-box-wrap-9539 .ifb-flip-box-section-content.ult-responsive'  data-responsive-json-new='{\"font-size\":\"\",\"line-height\":\"\"}'  style=\"color:#333333;color:#333333;\"><p>Kartl\u00e4gg varje tekniskt element p\u00e5 banan och h\u00e5ll din infrastruktur organiserad.<\/p><\/div><\/div><\/div><!-- END .front -->\n\t\t\t\t\t\t<div class=\"ifb-face ifb-back\" style=\"color:#333333;background:#FFFFFF; border-width: 0px;border-style: solid; border-color:#A4A4A4; border-radius: 0px;\">\n\t\t\t\t\t\t\t<div class=\"ifb-flip-box-section \"><h3 class=\"ult-responsive flipbox_heading\"  data-ultimate-target='#flip-box-wrap-9539 .ult-responsive.flipbox_heading'  data-responsive-json-new='{\"font-size\":\"\",\"line-height\":\"\"}'  style=\"color:#333333; \">Teknisk karta<\/h3><div class=\"ifb-desc-back\"><div class=\"ifb-flip-box-section-content ult-responsive\"  data-ultimate-target='#flip-box-wrap-9539 .ifb-flip-box-section-content.ult-responsive'  data-responsive-json-new='{\"font-size\":\"\",\"line-height\":\"\"}'  style=\"color:#333333;color:#333333;\"><p>Dokumentera enkelt bevattning, dr\u00e4nering och mycket mer f\u00f6r att s\u00e4kerst\u00e4lla korrekta uppgifter f\u00f6r planering och underh\u00e5ll.<\/p><\/div><\/div><div class=\"flip_link\"><a href=\"#techmap\" title=\"Read more about Tech Map\" rel=\"nofollow\"  style=\"background:#FFFFFF; color:#40A9C2;\">L\u00e4s mer om<\/a><\/div><\/div><\/div><!-- END .back --><\/div> <!-- ifb-flip-box --><\/div> <!-- flip-box --><\/div><!-- End icon block --><div class=\"flip-box-wrap\" tabindex=\"0\" style=\"\"><div class=\"flip-box ifb-jq-height  horizontal_flip_left flip-ifb-jq-height\"  style=\"\" ><div class=\"ifb-flip-box\" id=\"flip-box-wrap-5550\"><div class=\"ifb-face ifb-front \" style=\"color:#333333;background:#FFFFFF; border-width: 0px;border-style: solid; border-color:#A4A4A4; border-radius: 0px;\">\n\t\t\t\t\t\t\t<div class=\"ifb-flip-box-section \">\n\t\t\t\t\t\t\t<div class=\"flip-box-icon\"><div class=\"ult-just-icon-wrapper  \"><div class=\"align-icon\" style=\"text-align:center;\">\n<div class=\"aio-icon none \"  style=\"color:#333333;font-size:32px;display:inline-block;\">\n\t<i class=\"Defaults-book\"><\/i>\n<\/div><\/div><\/div><\/div><h4 class=\"ult-responsive flipbox_heading\"  data-ultimate-target='#flip-box-wrap-5550 .ult-responsive.flipbox_heading'  data-responsive-json-new='{\"font-size\":\"\",\"line-height\":\"\"}'  style=\"color:#333333; \">Dokumentation<\/h4><div class=\"ifb-flip-box-section-content ult-responsive\"  data-ultimate-target='#flip-box-wrap-5550 .ifb-flip-box-section-content.ult-responsive'  data-responsive-json-new='{\"font-size\":\"\",\"line-height\":\"\"}'  style=\"color:#333333;color:#333333;\"><p>Logga viktiga detaljer och uppdateringar f\u00f6r varje Bana och teknikelement.<\/p><\/div><\/div><\/div><!-- END .front -->\n\t\t\t\t\t\t<div class=\"ifb-face ifb-back\" style=\"color:#333333;background:#FFFFFF; border-width: 0px;border-style: solid; border-color:#A4A4A4; border-radius: 0px;\">\n\t\t\t\t\t\t\t<div class=\"ifb-flip-box-section \"><h3 class=\"ult-responsive flipbox_heading\"  data-ultimate-target='#flip-box-wrap-5550 .ult-responsive.flipbox_heading'  data-responsive-json-new='{\"font-size\":\"\",\"line-height\":\"\"}'  style=\"color:#333333; \">Dokumentation<\/h3><div class=\"ifb-desc-back\"><div class=\"ifb-flip-box-section-content ult-responsive\"  data-ultimate-target='#flip-box-wrap-5550 .ifb-flip-box-section-content.ult-responsive'  data-responsive-json-new='{\"font-size\":\"\",\"line-height\":\"\"}'  style=\"color:#333333;color:#333333;\"><p>Bifoga anteckningar, underh\u00e5llsloggar och historiska data till kartlagda element f\u00f6r att f\u00e5 ett komplett register \u00f6ver banan.<\/p><\/div><\/div><div class=\"flip_link\"><a href=\"#documentation\" title=\"Read more about Documentation\" rel=\"nofollow\"  style=\"background:#FFFFFF; color:#40A9C2;\">L\u00e4s mer om<\/a><\/div><\/div><\/div><!-- END .back --><\/div> <!-- ifb-flip-box --><\/div> <!-- flip-box --><\/div><!-- End icon block --><\/div><\/div><div class=\"wpb_column vc_column_container\"><div class=\"vc_column-inner\"><div class=\"flip-box-wrap\" tabindex=\"0\" style=\"\"><div class=\"flip-box ifb-jq-height  horizontal_flip_left flip-ifb-jq-height\"  style=\"\" ><div class=\"ifb-flip-box\" id=\"flip-box-wrap-7845\"><div class=\"ifb-face ifb-front \" style=\"color:#333333;background:#FFFFFF; border-width: 0px;border-style: solid; border-color:#A4A4A4; border-radius: 0px;\">\n\t\t\t\t\t\t\t<div class=\"ifb-flip-box-section \">\n\t\t\t\t\t\t\t<div class=\"flip-box-icon\"><div class=\"ult-just-icon-wrapper  \"><div class=\"align-icon\" style=\"text-align:center;\">\n<div class=\"aio-icon none \"  style=\"color:#333333;font-size:32px;display:inline-block;\">\n\t<i class=\"Defaults-check-square-o\"><\/i>\n<\/div><\/div><\/div><\/div><h4 class=\"ult-responsive flipbox_heading\"  data-ultimate-target='#flip-box-wrap-7845 .ult-responsive.flipbox_heading'  data-responsive-json-new='{\"font-size\":\"\",\"line-height\":\"\"}'  style=\"color:#333333; \">Banstatus<\/h4><div class=\"ifb-flip-box-section-content ult-responsive\"  data-ultimate-target='#flip-box-wrap-7845 .ifb-flip-box-section-content.ult-responsive'  data-responsive-json-new='{\"font-size\":\"\",\"line-height\":\"\"}'  style=\"color:#333333;color:#333333;\"><p>H\u00e5ll spelarna informerade med uppdateringar av banans status i realtid.<\/p><\/div><\/div><\/div><!-- END .front -->\n\t\t\t\t\t\t<div class=\"ifb-face ifb-back\" style=\"color:#333333;background:#FFFFFF; border-width: 0px;border-style: solid; border-color:#A4A4A4; border-radius: 0px;\">\n\t\t\t\t\t\t\t<div class=\"ifb-flip-box-section \"><h3 class=\"ult-responsive flipbox_heading\"  data-ultimate-target='#flip-box-wrap-7845 .ult-responsive.flipbox_heading'  data-responsive-json-new='{\"font-size\":\"\",\"line-height\":\"\"}'  style=\"color:#333333; \">Banstatus<\/h3><div class=\"ifb-desc-back\"><div class=\"ifb-flip-box-section-content ult-responsive\"  data-ultimate-target='#flip-box-wrap-7845 .ifb-flip-box-section-content.ult-responsive'  data-responsive-json-new='{\"font-size\":\"\",\"line-height\":\"\"}'  style=\"color:#333333;color:#333333;\"><p>L\u00e4gg upp st\u00e4ngningar, f\u00f6rh\u00e5llanden och varningar med ett enda klick - s\u00e5 att golfspelarna alltid har den senaste informationen.<\/p><\/div><\/div><div class=\"flip_link\"><a href=\"#coursestatus\" title=\"Read more about Course Status\" rel=\"nofollow\"  style=\"background:#FFFFFF; color:#40A9C2;\">L\u00e4s mer om<\/a><\/div><\/div><\/div><!-- END .back --><\/div> <!-- ifb-flip-box --><\/div> <!-- flip-box --><\/div><!-- End icon block --><div class=\"flip-box-wrap\" tabindex=\"0\" style=\"\"><div class=\"flip-box ifb-jq-height  horizontal_flip_left flip-ifb-jq-height\"  style=\"\" ><div class=\"ifb-flip-box\" id=\"flip-box-wrap-7509\"><div class=\"ifb-face ifb-front \" style=\"color:#333333;background:#FFFFFF; border-width: 0px;border-style: solid; border-color:#A4A4A4; border-radius: 0px;\">\n\t\t\t\t\t\t\t<div class=\"ifb-flip-box-section \">\n\t\t\t\t\t\t\t<div class=\"flip-box-icon\"><div class=\"ult-just-icon-wrapper  \"><div class=\"align-icon\" style=\"text-align:center;\">\n<div class=\"aio-icon none \"  style=\"color:#333333;font-size:32px;display:inline-block;\">\n\t<i class=\"Defaults-mobile mobile-phone\"><\/i>\n<\/div><\/div><\/div><\/div><h4 class=\"ult-responsive flipbox_heading\"  data-ultimate-target='#flip-box-wrap-7509 .ult-responsive.flipbox_heading'  data-responsive-json-new='{\"font-size\":\"\",\"line-height\":\"\"}'  style=\"color:#333333; \">Greenkeeper-app<\/h4><div class=\"ifb-flip-box-section-content ult-responsive\"  data-ultimate-target='#flip-box-wrap-7509 .ifb-flip-box-section-content.ult-responsive'  data-responsive-json-new='{\"font-size\":\"\",\"line-height\":\"\"}'  style=\"color:#333333;color:#333333;\"><p>Hantera allt p\u00e5 ett enkelt s\u00e4tt direkt fr\u00e5n banan med Greenkeeper-appen.<\/p><\/div><\/div><\/div><!-- END .front -->\n\t\t\t\t\t\t<div class=\"ifb-face ifb-back\" style=\"color:#333333;background:#FFFFFF; border-width: 0px;border-style: solid; border-color:#A4A4A4; border-radius: 0px;\">\n\t\t\t\t\t\t\t<div class=\"ifb-flip-box-section \"><h3 class=\"ult-responsive flipbox_heading\"  data-ultimate-target='#flip-box-wrap-7509 .ult-responsive.flipbox_heading'  data-responsive-json-new='{\"font-size\":\"\",\"line-height\":\"\"}'  style=\"color:#333333; \">Greenkeeper-app<\/h3><div class=\"ifb-desc-back\"><div class=\"ifb-flip-box-section-content ult-responsive\"  data-ultimate-target='#flip-box-wrap-7509 .ifb-flip-box-section-content.ult-responsive'  data-responsive-json-new='{\"font-size\":\"\",\"line-height\":\"\"}'  style=\"color:#333333;color:#333333;\"><p>Fr\u00e5n kartl\u00e4ggning till uppdateringar, styr alla Greenkeeper Tools fr\u00e5n din telefon - vilket f\u00f6renklar den dagliga driften.<\/p><\/div><\/div><div class=\"flip_link\"><a href=\"#gkapp\" title=\"Read more about the Greenkeeper App\" rel=\"nofollow\"  style=\"background:#FFFFFF; color:#40A9C2;\">L\u00e4s mer om<\/a><\/div><\/div><\/div><!-- END .back --><\/div> <!-- ifb-flip-box --><\/div> <!-- flip-box --><\/div><!-- End icon block --><\/div><\/div><\/div><\/div><\/div><\/div><\/div><\/section>\n","protected":false},"excerpt":{"rendered":"Greenkeeper Tools Att sk\u00f6ta en golfbana \u00e4r ingen liten uppgift, och greenkeepers spelar en avg\u00f6rande roll f\u00f6r att se till att banan alltid \u00e4r i toppskick. GLFR:s Greenkeeper Tools \u00e4r utformade f\u00f6r att g\u00f6ra detta jobb enklare och mer effektivt. Med en rad intuitiva l\u00f6sningar kan greenkeepers effektivisera sina dagliga uppgifter, dokumentera viktiga detaljer och...","protected":false},"author":1,"featured_media":0,"parent":0,"menu_order":0,"comment_status":"closed","ping_status":"closed","template":"","meta":{"footnotes":""},"class_list":["post-1200","page","type-page","status-publish","hentry"],"yoast_head":"<!-- This site is optimized with the Yoast SEO plugin v27.4 - https:\/\/yoast.com\/product\/yoast-seo-wordpress\/ -->\n<title>F\u00f6r klubbar - GLFR<\/title>\n<meta name=\"robots\" content=\"index, follow, max-snippet:-1, max-image-preview:large, max-video-preview:-1\" \/>\n<link rel=\"canonical\" href=\"https:\/\/www.glfr.com\/sv\/for-klubbar\/\" \/>\n<meta property=\"og:locale\" content=\"sv_SE\" \/>\n<meta property=\"og:type\" content=\"article\" \/>\n<meta property=\"og:title\" content=\"F\u00f6r klubbar - GLFR\" \/>\n<meta property=\"og:url\" content=\"https:\/\/www.glfr.com\/sv\/for-klubbar\/\" \/>\n<meta property=\"og:site_name\" content=\"GLFR\" \/>\n<meta property=\"article:modified_time\" content=\"2025-11-25T13:44:06+00:00\" \/>\n<meta name=\"twitter:card\" content=\"summary_large_image\" \/>\n<meta name=\"twitter:label1\" content=\"Ber\u00e4knad l\u00e4stid\" \/>\n\t<meta name=\"twitter:data1\" content=\"3 minuter\" \/>\n<script type=\"application\/ld+json\" class=\"yoast-schema-graph\">{\"@context\":\"https:\\\/\\\/schema.org\",\"@graph\":[{\"@type\":\"WebPage\",\"@id\":\"https:\\\/\\\/www.glfr.com\\\/sv\\\/for-klubbar\\\/\",\"url\":\"https:\\\/\\\/www.glfr.com\\\/sv\\\/for-klubbar\\\/\",\"name\":\"F\u00f6r klubbar - GLFR\",\"isPartOf\":{\"@id\":\"https:\\\/\\\/www.glfr.com\\\/sv\\\/#website\"},\"datePublished\":\"2024-10-02T12:41:02+00:00\",\"dateModified\":\"2025-11-25T13:44:06+00:00\",\"breadcrumb\":{\"@id\":\"https:\\\/\\\/www.glfr.com\\\/sv\\\/for-klubbar\\\/#breadcrumb\"},\"inLanguage\":\"sv-SE\",\"potentialAction\":[{\"@type\":\"ReadAction\",\"target\":[\"https:\\\/\\\/www.glfr.com\\\/sv\\\/for-klubbar\\\/\"]}]},{\"@type\":\"BreadcrumbList\",\"@id\":\"https:\\\/\\\/www.glfr.com\\\/sv\\\/for-klubbar\\\/#breadcrumb\",\"itemListElement\":[{\"@type\":\"ListItem\",\"position\":1,\"name\":\"Home\",\"item\":\"https:\\\/\\\/www.glfr.com\\\/sv\\\/home\\\/\"},{\"@type\":\"ListItem\",\"position\":2,\"name\":\"F\u00f6r klubbar\"}]},{\"@type\":\"WebSite\",\"@id\":\"https:\\\/\\\/www.glfr.com\\\/sv\\\/#website\",\"url\":\"https:\\\/\\\/www.glfr.com\\\/sv\\\/\",\"name\":\"GLFR\",\"description\":\"Your Club and Golf App\",\"potentialAction\":[{\"@type\":\"SearchAction\",\"target\":{\"@type\":\"EntryPoint\",\"urlTemplate\":\"https:\\\/\\\/www.glfr.com\\\/sv\\\/?s={search_term_string}\"},\"query-input\":{\"@type\":\"PropertyValueSpecification\",\"valueRequired\":true,\"valueName\":\"search_term_string\"}}],\"inLanguage\":\"sv-SE\"}]}<\/script>\n<!-- \/ Yoast SEO plugin. -->","yoast_head_json":{"title":"F\u00f6r klubbar - GLFR","robots":{"index":"index","follow":"follow","max-snippet":"max-snippet:-1","max-image-preview":"max-image-preview:large","max-video-preview":"max-video-preview:-1"},"canonical":"https:\/\/www.glfr.com\/sv\/for-klubbar\/","og_locale":"sv_SE","og_type":"article","og_title":"F\u00f6r klubbar - GLFR","og_url":"https:\/\/www.glfr.com\/sv\/for-klubbar\/","og_site_name":"GLFR","article_modified_time":"2025-11-25T13:44:06+00:00","twitter_card":"summary_large_image","twitter_misc":{"Ber\u00e4knad l\u00e4stid":"3 minuter"},"schema":{"@context":"https:\/\/schema.org","@graph":[{"@type":"WebPage","@id":"https:\/\/www.glfr.com\/sv\/for-klubbar\/","url":"https:\/\/www.glfr.com\/sv\/for-klubbar\/","name":"F\u00f6r klubbar - GLFR","isPartOf":{"@id":"https:\/\/www.glfr.com\/sv\/#website"},"datePublished":"2024-10-02T12:41:02+00:00","dateModified":"2025-11-25T13:44:06+00:00","breadcrumb":{"@id":"https:\/\/www.glfr.com\/sv\/for-klubbar\/#breadcrumb"},"inLanguage":"sv-SE","potentialAction":[{"@type":"ReadAction","target":["https:\/\/www.glfr.com\/sv\/for-klubbar\/"]}]},{"@type":"BreadcrumbList","@id":"https:\/\/www.glfr.com\/sv\/for-klubbar\/#breadcrumb","itemListElement":[{"@type":"ListItem","position":1,"name":"Home","item":"https:\/\/www.glfr.com\/sv\/home\/"},{"@type":"ListItem","position":2,"name":"F\u00f6r klubbar"}]},{"@type":"WebSite","@id":"https:\/\/www.glfr.com\/sv\/#website","url":"https:\/\/www.glfr.com\/sv\/","name":"GLFR","description":"Your Club and Golf App","potentialAction":[{"@type":"SearchAction","target":{"@type":"EntryPoint","urlTemplate":"https:\/\/www.glfr.com\/sv\/?s={search_term_string}"},"query-input":{"@type":"PropertyValueSpecification","valueRequired":true,"valueName":"search_term_string"}}],"inLanguage":"sv-SE"}]}},"_links":{"self":[{"href":"https:\/\/www.glfr.com\/sv\/wp-json\/wp\/v2\/pages\/1200","targetHints":{"allow":["GET"]}}],"collection":[{"href":"https:\/\/www.glfr.com\/sv\/wp-json\/wp\/v2\/pages"}],"about":[{"href":"https:\/\/www.glfr.com\/sv\/wp-json\/wp\/v2\/types\/page"}],"author":[{"embeddable":true,"href":"https:\/\/www.glfr.com\/sv\/wp-json\/wp\/v2\/users\/1"}],"replies":[{"embeddable":true,"href":"https:\/\/www.glfr.com\/sv\/wp-json\/wp\/v2\/comments?post=1200"}],"version-history":[{"count":2,"href":"https:\/\/www.glfr.com\/sv\/wp-json\/wp\/v2\/pages\/1200\/revisions"}],"predecessor-version":[{"id":1202,"href":"https:\/\/www.glfr.com\/sv\/wp-json\/wp\/v2\/pages\/1200\/revisions\/1202"}],"wp:attachment":[{"href":"https:\/\/www.glfr.com\/sv\/wp-json\/wp\/v2\/media?parent=1200"}],"curies":[{"name":"wp","href":"https:\/\/api.w.org\/{rel}","templated":true}]}}