{"id":1187,"date":"2024-10-07T08:59:06","date_gmt":"2024-10-07T07:59:06","guid":{"rendered":"https:\/\/www.glfr.com\/om-glfr\/villkor-och-bestammelser\/anvandarvillkor\/"},"modified":"2025-11-25T14:42:16","modified_gmt":"2025-11-25T13:42:16","slug":"anvandarvillkor","status":"publish","type":"page","link":"https:\/\/www.glfr.com\/sv\/om-glfr\/villkor-och-bestammelser\/anvandarvillkor\/","title":{"rendered":"Villkor f\u00f6r tj\u00e4nsten"},"content":{"rendered":"<section class=\"l-section wpb_row height_medium\"><div class=\"l-section-h i-cf\"><div class=\"g-cols vc_row via_grid cols_1 laptops-cols_inherit tablets-cols_inherit mobiles-cols_1 valign_top type_default stacking_default\"><div class=\"wpb_column vc_column_container\"><div class=\"vc_column-inner\"><div class=\"wpb_text_column\"><div class=\"wpb_wrapper\"><h1>Anv\u00e4ndarvillkor och sekretesspolicy<\/h1>\n<\/div><\/div><div class=\"wpb_text_column\"><div class=\"wpb_wrapper\"><p>Uppdaterad &#8211; 2025-06-11<\/p>\n<\/div><\/div><div class=\"wpb_text_column\"><div class=\"wpb_wrapper\"><h2><b>Inledning<\/b><\/h2>\n<p><span style=\"font-weight: 400\">GLFR:s integritetsmeddelande (ToS) g\u00e4ller f\u00f6r GLFR-appen, Gimmie-appen, my.GLFR.com, GLFR Business (inklusive GLFR Greenkeeper), GLFR.com och\/eller alla relaterade golftj\u00e4nster som tillhandah\u00e5lls av Ingenium Golf ApS.<\/span><\/p>\n<p><b>Personuppgiftsansvarig<\/b><\/p>\n<p><span style=\"font-weight: 400\">GLFR av Ingenium Golf<\/span><\/p>\n<p><span style=\"font-weight: 400\">\u00c5bogade 15<\/span><\/p>\n<p><span style=\"font-weight: 400\">8200 \u00c5rhus N<\/span><\/p>\n<p><span style=\"font-weight: 400\">Danmark<\/span><span style=\"font-weight: 400\"><br \/>\n<\/span><span style=\"font-weight: 400\"><br \/>\n<\/span><span style=\"font-weight: 400\">CVR: 34466491<\/span><span style=\"font-weight: 400\"><br \/>\n<\/span><span style=\"font-weight: 400\">E-post: info@glfr.com<\/span><span style=\"font-weight: 400\"><br \/>\n<\/span><span style=\"font-weight: 400\">Telefon: +45 71 71 46 46 +45 71 71 46 46<\/span><span style=\"font-weight: 400\"><br \/>\n<\/span><span style=\"font-weight: 400\"><br \/>\n<\/span><b>Dina lagliga r\u00e4ttigheter enligt GDPR<\/b><span style=\"font-weight: 400\"><br \/>\n<\/span><span style=\"font-weight: 400\">N\u00e4r vi hanterar dina uppgifter har du r\u00e4ttigheter som du n\u00e4r som helst kan anv\u00e4nda mot oss.<\/span><span style=\"font-weight: 400\"><br \/>\n<\/span><span style=\"font-weight: 400\">Dina r\u00e4ttigheter \u00e4r f\u00f6ljande:<\/span><span style=\"font-weight: 400\"><br \/>\n<\/span><\/p>\n<ul>\n<li><b>R\u00e4tt till insyn<\/b><\/li>\n<\/ul>\n<p><span style=\"font-weight: 400\">N\u00e4r vi behandlar dina uppgifter kan du n\u00e4r som helst beg\u00e4ra att f\u00e5 tillg\u00e5ng till de uppgifter vi behandlar om dig.<\/span><\/p>\n<ul>\n<li><b>R\u00e4tten att bli bortgl\u00f6md<\/b><\/li>\n<\/ul>\n<p><span style=\"font-weight: 400\">N\u00e4r vi behandlar dina uppgifter kan du n\u00e4r som helst beg\u00e4ra att vi raderar de uppgifter vi behandlar om dig.<\/span><\/p>\n<ul>\n<li><b>R\u00e4tt till r\u00e4ttelse<\/b><\/li>\n<\/ul>\n<p><span style=\"font-weight: 400\">Om vi behandlar uppgifter om dig som inte \u00e4r korrekta kan du n\u00e4r som helst beg\u00e4ra att vi r\u00e4ttar uppgifterna.<\/span><\/p>\n<ul>\n<li><b>R\u00e4tt till begr\u00e4nsad behandling<\/b><\/li>\n<\/ul>\n<p><span style=\"font-weight: 400\">Du kan n\u00e4r som helst beg\u00e4ra att vi begr\u00e4nsar behandlingen, men kom ih\u00e5g att detta kan begr\u00e4nsa din m\u00f6jlighet att anv\u00e4nda GLFR-applikationen.<\/span><\/p>\n<ul>\n<li style=\"font-weight: 400\"><b>R\u00e4tt att inv\u00e4nda mot v\u00e5r behandling<\/b><\/li>\n<\/ul>\n<p><span style=\"font-weight: 400\">Om du inte samtycker till v\u00e5rt s\u00e4tt att behandla dina uppgifter har du r\u00e4tt att inv\u00e4nda mot v\u00e5r behandling.<\/span><\/p>\n<p><span style=\"font-weight: 400\">Du kan ocks\u00e5 n\u00e4r som helst l\u00e4mna in ett klagom\u00e5l till den danska dataskyddsmyndigheten. Vi rekommenderar att du kontaktar oss f\u00f6rst s\u00e5 att vi kan f\u00f6rs\u00f6ka l\u00f6sa ditt klagom\u00e5l.   <\/span><\/p>\n<h2><b>Hur hanterar vi dina uppgifter?<\/b><\/h2>\n<p><span style=\"font-weight: 400\">Dina uppgifter lagras p\u00e5 v\u00e5ra s\u00e4kra servrar och \u00e4r endast \u00e5tkomliga f\u00f6r v\u00e5rt tekniska team. Alla personuppgifter som v\u00e5rt tekniska team har tillg\u00e5ng till anv\u00e4nds i fels\u00f6kningssyfte eller p\u00e5 din beg\u00e4ran och raderas fr\u00e5n all lokal lagring omedelbart efter att problemet har l\u00f6sts. <\/span><\/p>\n<h3><b>GLFR &amp; Gimmie anv\u00e4ndare<\/b><\/h3>\n<p><span style=\"font-weight: 400\">Vi lagrar din profilinformation:<\/span><\/p>\n<ul>\n<li style=\"font-weight: 400\"><span style=\"font-weight: 400\">Anv\u00e4ndarnamn<\/span><\/li>\n<li style=\"font-weight: 400\"><span style=\"font-weight: 400\">E-post<\/span><\/li>\n<li style=\"font-weight: 400\"><span style=\"font-weight: 400\">Hemmaklubb<\/span><\/li>\n<li style=\"font-weight: 400\"><span style=\"font-weight: 400\">Land<\/span><\/li>\n<li style=\"font-weight: 400\"><span style=\"font-weight: 400\">Handikapp<\/span><\/li>\n<li style=\"font-weight: 400\"><span style=\"font-weight: 400\">Sex<\/span><\/li>\n<li style=\"font-weight: 400\"><span style=\"font-weight: 400\">F\u00f6delsedatum<\/span><\/li>\n<\/ul>\n<p><span style=\"font-weight: 400\">Din profilinformation kan n\u00e5s och uppdateras direkt fr\u00e5n GLFR- eller Gimmie-appen.<\/span><\/p>\n<p><span style=\"font-weight: 400\">Vi lagrar ocks\u00e5 vilka baneguider du har laddat ner, dina scorekort och alla dina interaktioner med golfklubbarna genom GLFR och Gimmie. Vi lagrar dessa uppgifter f\u00f6r att s\u00e4kerst\u00e4lla att du alltid har tillg\u00e5ng till dem via GLFR- och Gimmie-plattformen. <\/span><\/p>\n<p><span style=\"font-weight: 400\">Relaterat till dina scorekort lagrar vi din plats vid tidpunkten f\u00f6r varje slag som tas. Denna information anv\u00e4nds f\u00f6r att visa dig din rutt runt banan och anv\u00e4nds i anonym statistik f\u00f6r golfbanorna. <\/span><\/p>\n<p><span style=\"font-weight: 400\">Om du vill l\u00e4mna GLFR och Gimmie och f\u00e5 dina uppgifter raderade kan du g\u00f6ra detta direkt fr\u00e5n apparna eller kontakta support@glfr.com<\/span><\/p>\n<h3><b>Anv\u00e4ndare av GLFR Business<\/b><\/h3>\n<p><span style=\"font-weight: 400\">Vi lagrar din profilinformation:<\/span><\/p>\n<ul>\n<li style=\"font-weight: 400\"><span style=\"font-weight: 400\">Fullst\u00e4ndigt namn<\/span><\/li>\n<li style=\"font-weight: 400\"><span style=\"font-weight: 400\">E-post<\/span><\/li>\n<li style=\"font-weight: 400\"><span style=\"font-weight: 400\">Klubb<\/span><\/li>\n<\/ul>\n<p><span style=\"font-weight: 400\">Din profilinformation kan n\u00e5s och uppdateras direkt fr\u00e5n GLFR Business.<\/span><\/p>\n<p><span style=\"font-weight: 400\">Din profil och all relaterad data kan raderas direkt fr\u00e5n GLFR Business.<\/span><\/p>\n<h3><b>Alla anv\u00e4ndare<\/b><\/h3>\n<p><span style=\"font-weight: 400\">Dina uppgifter kommer aldrig att s\u00e4ljas till tredje part eller anv\u00e4ndas direkt i v\u00e5r marknadsf\u00f6ring utan ditt uttryckliga tillst\u00e5nd.<\/span><\/p>\n<p><span style=\"font-weight: 400\">Dina uppgifter kan anv\u00e4ndas anonymt som en del av st\u00f6rre datam\u00e4ngder f\u00f6r att generera allm\u00e4n statistik om, men inte begr\u00e4nsat till, hur golfare presterar p\u00e5 specifika h\u00e5l och banor, f\u00f6r j\u00e4mf\u00f6relser mellan dig och andra golfare och som information om hur banor spelas.<\/span><\/p>\n<h2><b>GLFR-integrationer &#8211; Vart tar dina data v\u00e4gen?<\/b><\/h2>\n<p><span style=\"font-weight: 400\">GLFR st\u00f6der integrationer med nationella eller regionala partners, s\u00e5 att dina scorekort och handikapp kan synkroniseras med de styrande organen. Alla integrationer \u00e4r frivilliga och du kan koppla bort din anv\u00e4ndare n\u00e4r som helst. Nedan finns de individuella villkoren f\u00f6r de tillg\u00e4ngliga integrationerna.  <\/span><\/p>\n<h3><b>Integration med Dansk Golf Union (DGU)<\/b><\/h3>\n<h4><b>Som GLFR-anv\u00e4ndare<\/b><\/h4>\n<p><span style=\"font-weight: 400\">N\u00e4r du ansluter din GLFR-anv\u00e4ndare till DGU samtycker du till att GLFR och DGU delar din profilinformation samt ditt scorekortsarkiv. GLFR kommer inte att lagra dina inloggningsuppgifter eller n\u00e5gon personlig information fr\u00e5n DGU, f\u00f6rutom fr\u00e5n en f\u00f6rstag\u00e5ngssynkronisering av ditt namn, DGU ID, k\u00f6n, f\u00f6delsedag och hemmaklubb. Anslutningen \u00e4r endast giltig i GLFR s\u00e5 l\u00e4nge som din ursprungliga anslutning \u00e4r giltig med DGU och du kan avbryta anslutningen n\u00e4r som helst i GLFR-appen.  <\/span><\/p>\n<p><span style=\"font-weight: 400\">GLFR kan anv\u00e4nda ditt namn och DGU ID f\u00f6r att till\u00e5ta andra GLFR-anv\u00e4ndare att s\u00f6ka efter dig som en mark\u00f6r f\u00f6r framtida Scorekort eller som en Buddy i GLFR. Ingen kontaktinformation kommer att delas med andra GLFR-anv\u00e4ndare utan ditt uttryckliga medgivande. <\/span><\/p>\n<p><span style=\"font-weight: 400\">GLFR kan anv\u00e4nda ditt scorekortsarkiv f\u00f6r att f\u00f6resl\u00e5 andra GLFR-anv\u00e4ndare som Buddies \u00e5t dig. F\u00f6rslaget \u00e4r baserat p\u00e5 spelare som tidigare har varit en mark\u00f6r p\u00e5 dina scorekort och kommer endast att inneh\u00e5lla anv\u00e4ndare som redan \u00e4r registrerade som GLFR-anv\u00e4ndare anslutna till DGU. P\u00e5 samma s\u00e4tt kommer du att kunna hittas i en annan spelares scorekortsarkiv och f\u00f6resl\u00e5s till den spelaren som en Buddy. Po\u00e4ngkortsarkivet och listan med mark\u00f6rer sparas inte i GLFR och \u00e4r endast tillg\u00e4ngliga n\u00e4r du s\u00f6ker efter nya Buddies.   <\/span><\/p>\n<p><span style=\"font-weight: 400\">N\u00e4r du \u00e4r ansluten till DGU kommer vi automatiskt att uppdatera ditt handicap fr\u00e5n DGU-databasen med ett tidsbest\u00e4mt intervall och p\u00e5 din beg\u00e4ran, och detta \u00e4r den enda information som automatiskt sparas fr\u00e5n DGU till GLFR-databaserna.<\/span><\/p>\n<p><span style=\"font-weight: 400\">Om du v\u00e4ljer att skicka ett Scorekort fr\u00e5n GLFR till DGU accepterar du att alla data som \u00e4r relevanta f\u00f6r Scorekortet (anv\u00e4ndarauktorisation, spelad Bana och tee, slag per h\u00e5l och tidsst\u00e4mplar) skickas till DGU som kan behandla dessa data enligt deras anv\u00e4ndarvillkor.<\/span><\/p>\n<h4><b>Som en mark\u00f6r f\u00f6r en GLFR-anv\u00e4ndare<\/b><\/h4>\n<p><span style=\"font-weight: 400\">Om du l\u00e4ggs till som mark\u00f6r f\u00f6r en rond av en GLFR-anv\u00e4ndare och v\u00e4ljer att logga in med dina DGU-uppgifter, samtycker du till att GLFR och DGU delar en del av din profilinformation; ditt namn och DGU-id som anv\u00e4nds f\u00f6r att validera Scorekortet. GLFR kommer inte att lagra dina inloggningsuppgifter. <\/span><\/p>\n<p><span style=\"font-weight: 400\">GLFR kan anv\u00e4nda ditt namn och DGU ID f\u00f6r att till\u00e5ta andra GLFR-anv\u00e4ndare att s\u00f6ka efter dig som en mark\u00f6r f\u00f6r framtida Scorekort. Ingen kontaktinformation kommer att delas med andra GLFR-anv\u00e4ndare utan ditt uttryckliga medgivande. <\/span><\/p>\n<h3><b>Integration med Norska Golff\u00f6rbundet (NGF)<\/b><\/h3>\n<h4><b>Som en Gimmie anv\u00e4ndare<\/b><\/h4>\n<p><span style=\"font-weight: 400\">N\u00e4r du ansluter din Gimmie anv\u00e4ndare till NGF samtycker du till att Gimmie och NGF delar din profilinformation samt ditt scorekortsarkiv. Gimmie kommer inte att lagra dina inloggningsuppgifter eller n\u00e5gon personlig information fr\u00e5n NGF, f\u00f6rutom en f\u00f6rstag\u00e5ngssynkronisering av ditt namn, NGF ID, k\u00f6n, f\u00f6delsedag och hemmaklubb. Anslutningen \u00e4r endast giltig i Gimmie s\u00e5 l\u00e4nge som din ursprungliga anslutning \u00e4r giltig hos NGF och du kan n\u00e4r som helst avbryta anslutningen i Gimmie-appen.  <\/span><\/p>\n<p><span style=\"font-weight: 400\">Gimmie kan anv\u00e4nda ditt namn och NGF ID f\u00f6r att till\u00e5ta andra Gimmie och GLFR Anv\u00e4ndare att s\u00f6ka efter dig som en mark\u00f6r f\u00f6r framtida Scorekort eller som en Buddy i Gimmie och GLFR. Ingen kontaktinformation kommer att delas med andra Gimmie-anv\u00e4ndare utan ditt uttryckliga medgivande. <\/span><\/p>\n<p><span style=\"font-weight: 400\">Gimmie kan anv\u00e4nda ditt scorekortsarkiv f\u00f6r att f\u00f6resl\u00e5 andra Gimmie-anv\u00e4ndare som Buddies \u00e5t dig. F\u00f6rslaget baseras p\u00e5 spelare som tidigare har varit en mark\u00f6r p\u00e5 dina scorekort, och kommer endast att inneh\u00e5lla anv\u00e4ndare som redan \u00e4r registrerade som Gimmie-anv\u00e4ndare anslutna till NGF. P\u00e5 samma s\u00e4tt kommer du att kunna hittas i en annan spelares scorekortsarkiv och f\u00f6resl\u00e5s till den spelaren som en Buddy. Po\u00e4ngkortsarkivet och listan med mark\u00f6rer sparas inte i GLFR och \u00e4r endast tillg\u00e4ngligt n\u00e4r du s\u00f6ker efter nya Buddies.   <\/span><\/p>\n<p><span style=\"font-weight: 400\">N\u00e4r du \u00e4r ansluten till NGF kommer vi automatiskt att uppdatera ditt handicap fr\u00e5n NGF-databasen med ett tidsbest\u00e4mt intervall och p\u00e5 din beg\u00e4ran, och detta \u00e4r den enda information som automatiskt sparas fr\u00e5n NGF till GLFR- och Gimmie-databaserna.<\/span><\/p>\n<p><span style=\"font-weight: 400\">Om du v\u00e4ljer att skicka ett Scorekort fr\u00e5n Gimmie till NGF accepterar du att all data som \u00e4r relevant f\u00f6r Scorekortet (anv\u00e4ndarauktorisation, spelad Bana och tee, slag per h\u00e5l och tidsst\u00e4mplar) skickas till NGF och GolfBox, som kan behandla denna data enligt deras anv\u00e4ndarvillkor.<\/span><\/p>\n<h3><b>Integration med Islands Golfunion (GOLF.IS)<\/b><\/h3>\n<h4><b>Som GLFR-anv\u00e4ndare<\/b><\/h4>\n<p><span style=\"font-weight: 400\">N\u00e4r du ansluter din GLFR-anv\u00e4ndare till GOLF.IS samtycker du till att GLFR och GOLF.IS delar din profilinformation. GLFR kommer inte att lagra dina inloggningsuppgifter eller n\u00e5gon annan personlig information fr\u00e5n GOLF.IS. Anslutningen \u00e4r endast giltig i GLFR s\u00e5 l\u00e4nge som din ursprungliga anslutning \u00e4r giltig i GOLF.IS och du kan avbryta anslutningen n\u00e4r som helst i GLFR-appen.  <\/span><\/p>\n<p><span style=\"font-weight: 400\">N\u00e4r du \u00e4r ansluten till GOLF.IS kommer vi automatiskt att uppdatera ditt handikapp fr\u00e5n GOLF.IS-databasen med ett tidsbest\u00e4mt intervall, och detta \u00e4r den enda information som sparas fr\u00e5n GOLF.IS till GLFR-databaserna.<\/span><\/p>\n<p><span style=\"font-weight: 400\">Om du v\u00e4ljer att skicka ett Scorekort fr\u00e5n GLFR till GOLF.IS accepterar du att all data som \u00e4r relevant f\u00f6r Scorekortet (anv\u00e4ndarauktorisation, spelad Bana och tee, slag per h\u00e5l och tidsst\u00e4mplar) skickas till GOLF.IS som kan behandla denna data enligt deras anv\u00e4ndarvillkor.<\/span><\/p>\n<h2><b>Vilket apptillst\u00e5nd beh\u00f6ver vi och varf\u00f6r?<\/b><\/h2>\n<h3><b>Plats<\/b><\/h3>\n<p><span style=\"font-weight: 400\">GLFR och Gimmie kr\u00e4ver tillg\u00e5ng till b\u00e5de din ungef\u00e4rliga och exakta position.<\/span><span style=\"font-weight: 400\"><br \/>\n<\/span><span style=\"font-weight: 400\">Den ungef\u00e4rliga platsen anv\u00e4nds f\u00f6r att ge en effektiv och snabb plats f\u00f6r att presentera kurser n\u00e4ra dig.<\/span><span style=\"font-weight: 400\"><br \/>\n<\/span><span style=\"font-weight: 400\">Den exakta positionen anv\u00e4nds n\u00e4r du spelar golf f\u00f6r att visa din position p\u00e5 ett h\u00e5l och ge exakta avst\u00e5ndsm\u00e4tningar \u00f6ver hela banan.<\/span><\/p>\n<h3><b>Enhetens status och identitet<\/b><\/h3>\n<p><span style=\"font-weight: 400\">GLFR och Gimmie kr\u00e4ver \u00e5tkomst till din enhets status och identitet.<\/span><span style=\"font-weight: 400\"><br \/>\n<\/span><span style=\"font-weight: 400\">Den anv\u00e4nds f\u00f6r att s\u00e4kerst\u00e4lla att datasynkronisering mellan enheter kan ske, s\u00e5 att du kan spela p\u00e5 en enhet och granska din po\u00e4ng p\u00e5 en annan.<\/span><\/p>\n<p><span style=\"font-weight: 400\">Den anv\u00e4nds ocks\u00e5 f\u00f6r att se till att meddelanden om banans status, som skickas av klubbarna, kan n\u00e5 din telefon p\u00e5 ett s\u00e4kert s\u00e4tt.<\/span><\/p>\n<h3><b>Lagring och mediefiler<\/b><\/h3>\n<p><span style=\"font-weight: 400\">GLFR och Gimmie kr\u00e4ver tillg\u00e5ng till dina lagrings- och mediefiler.<\/span><span style=\"font-weight: 400\"><br \/>\n<\/span><span style=\"font-weight: 400\">Tillg\u00e5ng till ditt lagringsutrymme anv\u00e4nds f\u00f6r att spara Baneguider lokalt p\u00e5 din enhet, s\u00e5 att du kan spela en komplett golfrunda med l\u00e5g eller ingen internetuppkoppling.<\/span><span style=\"font-weight: 400\"><br \/>\n<\/span><span style=\"font-weight: 400\">Dina mediefiler \u00f6ppnas endast n\u00e4r du l\u00e4gger till en bild i din profil och vill anv\u00e4nda en bild som redan \u00e4r tagen.<\/span><\/p>\n<h3><b>Kamera<\/b><\/h3>\n<p><span style=\"font-weight: 400\">GLFR och Gimmie kr\u00e4ver tillg\u00e5ng till din kamera.<\/span><span style=\"font-weight: 400\"><br \/>\n<\/span><span style=\"font-weight: 400\">Kameran anv\u00e4nds bara n\u00e4r du l\u00e4gger till en ny bild i din profil.<\/span><\/p>\n<h3><b>Meddelanden<\/b><\/h3>\n<p><span style=\"font-weight: 400\">GLFR och Gimmie kr\u00e4ver tillst\u00e5nd f\u00f6r att skicka meddelanden.<\/span><span style=\"font-weight: 400\"><br \/>\n<\/span><span style=\"font-weight: 400\">Notifieringar \u00e4r Nyheter och Banstatus fr\u00e5n golfklubbarna och skickas endast till din enhet n\u00e4r en golfklubb du f\u00f6ljer publicerar ett inl\u00e4gg. Vilka klubbar du f\u00f6ljer och fr\u00e5n vilka du vill ha notifieringar kan \u00e4ndras i GLFR och Gimmie. <\/span><\/p>\n<h3><b>\u00d6vriga<\/b><\/h3>\n<p><span style=\"font-weight: 400\">GLFR och Gimmie kr\u00e4ver en rad andra standardbeh\u00f6righeter f\u00f6r att fungera s\u00f6ml\u00f6st.<\/span><span style=\"font-weight: 400\"><br \/>\n<\/span><span style=\"font-weight: 400\">\u00c5tkomst till och information om din internetanslutning anv\u00e4nds f\u00f6r att s\u00e4kerst\u00e4lla att du f\u00e5r b\u00e4sta m\u00f6jliga upplevelse av GLFR och Gimmie \u00e4ven utan uppkoppling.<\/span><\/p>\n<\/div><\/div><\/div><\/div><\/div><\/div><\/section>\n","protected":false},"excerpt":{"rendered":"Anv\u00e4ndarvillkor och sekretesspolicy Uppdaterad &#8211; 2025-06-11 Inledning GLFR:s integritetsmeddelande (ToS) g\u00e4ller f\u00f6r GLFR-appen, Gimmie-appen, my.GLFR.com, GLFR Business (inklusive GLFR Greenkeeper), GLFR.com och\/eller alla relaterade golftj\u00e4nster som tillhandah\u00e5lls av Ingenium Golf ApS. Personuppgiftsansvarig GLFR av Ingenium Golf \u00c5bogade 15 8200 \u00c5rhus N Danmark CVR: 34466491 E-post: info@glfr.com Telefon: +45 71 71 46 46 +45 71 71...","protected":false},"author":2,"featured_media":0,"parent":1178,"menu_order":0,"comment_status":"closed","ping_status":"closed","template":"","meta":{"footnotes":""},"class_list":["post-1187","page","type-page","status-publish","hentry"],"yoast_head":"<!-- This site is optimized with the Yoast SEO plugin v27.4 - https:\/\/yoast.com\/product\/yoast-seo-wordpress\/ -->\n<title>Villkor f\u00f6r tj\u00e4nsten - GLFR<\/title>\n<meta name=\"robots\" content=\"index, follow, max-snippet:-1, max-image-preview:large, max-video-preview:-1\" \/>\n<link rel=\"canonical\" href=\"https:\/\/www.glfr.com\/sv\/om-glfr\/villkor-och-bestammelser\/anvandarvillkor\/\" \/>\n<meta property=\"og:locale\" content=\"sv_SE\" \/>\n<meta property=\"og:type\" content=\"article\" \/>\n<meta property=\"og:title\" content=\"Villkor f\u00f6r tj\u00e4nsten - GLFR\" \/>\n<meta property=\"og:url\" content=\"https:\/\/www.glfr.com\/sv\/om-glfr\/villkor-och-bestammelser\/anvandarvillkor\/\" \/>\n<meta property=\"og:site_name\" content=\"GLFR\" \/>\n<meta property=\"article:modified_time\" content=\"2025-11-25T13:42:16+00:00\" \/>\n<meta name=\"twitter:card\" content=\"summary_large_image\" \/>\n<meta name=\"twitter:label1\" content=\"Ber\u00e4knad l\u00e4stid\" \/>\n\t<meta name=\"twitter:data1\" content=\"10 minuter\" \/>\n<script type=\"application\/ld+json\" class=\"yoast-schema-graph\">{\"@context\":\"https:\\\/\\\/schema.org\",\"@graph\":[{\"@type\":\"WebPage\",\"@id\":\"https:\\\/\\\/www.glfr.com\\\/sv\\\/om-glfr\\\/villkor-och-bestammelser\\\/anvandarvillkor\\\/\",\"url\":\"https:\\\/\\\/www.glfr.com\\\/sv\\\/om-glfr\\\/villkor-och-bestammelser\\\/anvandarvillkor\\\/\",\"name\":\"Villkor f\u00f6r tj\u00e4nsten - GLFR\",\"isPartOf\":{\"@id\":\"https:\\\/\\\/www.glfr.com\\\/sv\\\/#website\"},\"datePublished\":\"2024-10-07T07:59:06+00:00\",\"dateModified\":\"2025-11-25T13:42:16+00:00\",\"breadcrumb\":{\"@id\":\"https:\\\/\\\/www.glfr.com\\\/sv\\\/om-glfr\\\/villkor-och-bestammelser\\\/anvandarvillkor\\\/#breadcrumb\"},\"inLanguage\":\"sv-SE\",\"potentialAction\":[{\"@type\":\"ReadAction\",\"target\":[\"https:\\\/\\\/www.glfr.com\\\/sv\\\/om-glfr\\\/villkor-och-bestammelser\\\/anvandarvillkor\\\/\"]}]},{\"@type\":\"BreadcrumbList\",\"@id\":\"https:\\\/\\\/www.glfr.com\\\/sv\\\/om-glfr\\\/villkor-och-bestammelser\\\/anvandarvillkor\\\/#breadcrumb\",\"itemListElement\":[{\"@type\":\"ListItem\",\"position\":1,\"name\":\"Home\",\"item\":\"https:\\\/\\\/www.glfr.com\\\/sv\\\/home\\\/\"},{\"@type\":\"ListItem\",\"position\":2,\"name\":\"Om GLFR\",\"item\":\"https:\\\/\\\/www.glfr.com\\\/sv\\\/om-glfr\\\/\"},{\"@type\":\"ListItem\",\"position\":3,\"name\":\"Villkor och anvisningar\",\"item\":\"https:\\\/\\\/www.glfr.com\\\/sv\\\/om-glfr\\\/villkor-och-bestammelser\\\/\"},{\"@type\":\"ListItem\",\"position\":4,\"name\":\"Villkor f\u00f6r tj\u00e4nsten\"}]},{\"@type\":\"WebSite\",\"@id\":\"https:\\\/\\\/www.glfr.com\\\/sv\\\/#website\",\"url\":\"https:\\\/\\\/www.glfr.com\\\/sv\\\/\",\"name\":\"GLFR\",\"description\":\"Your Club and Golf App\",\"potentialAction\":[{\"@type\":\"SearchAction\",\"target\":{\"@type\":\"EntryPoint\",\"urlTemplate\":\"https:\\\/\\\/www.glfr.com\\\/sv\\\/?s={search_term_string}\"},\"query-input\":{\"@type\":\"PropertyValueSpecification\",\"valueRequired\":true,\"valueName\":\"search_term_string\"}}],\"inLanguage\":\"sv-SE\"}]}<\/script>\n<!-- \/ Yoast SEO plugin. -->","yoast_head_json":{"title":"Villkor f\u00f6r tj\u00e4nsten - GLFR","robots":{"index":"index","follow":"follow","max-snippet":"max-snippet:-1","max-image-preview":"max-image-preview:large","max-video-preview":"max-video-preview:-1"},"canonical":"https:\/\/www.glfr.com\/sv\/om-glfr\/villkor-och-bestammelser\/anvandarvillkor\/","og_locale":"sv_SE","og_type":"article","og_title":"Villkor f\u00f6r tj\u00e4nsten - GLFR","og_url":"https:\/\/www.glfr.com\/sv\/om-glfr\/villkor-och-bestammelser\/anvandarvillkor\/","og_site_name":"GLFR","article_modified_time":"2025-11-25T13:42:16+00:00","twitter_card":"summary_large_image","twitter_misc":{"Ber\u00e4knad l\u00e4stid":"10 minuter"},"schema":{"@context":"https:\/\/schema.org","@graph":[{"@type":"WebPage","@id":"https:\/\/www.glfr.com\/sv\/om-glfr\/villkor-och-bestammelser\/anvandarvillkor\/","url":"https:\/\/www.glfr.com\/sv\/om-glfr\/villkor-och-bestammelser\/anvandarvillkor\/","name":"Villkor f\u00f6r tj\u00e4nsten - GLFR","isPartOf":{"@id":"https:\/\/www.glfr.com\/sv\/#website"},"datePublished":"2024-10-07T07:59:06+00:00","dateModified":"2025-11-25T13:42:16+00:00","breadcrumb":{"@id":"https:\/\/www.glfr.com\/sv\/om-glfr\/villkor-och-bestammelser\/anvandarvillkor\/#breadcrumb"},"inLanguage":"sv-SE","potentialAction":[{"@type":"ReadAction","target":["https:\/\/www.glfr.com\/sv\/om-glfr\/villkor-och-bestammelser\/anvandarvillkor\/"]}]},{"@type":"BreadcrumbList","@id":"https:\/\/www.glfr.com\/sv\/om-glfr\/villkor-och-bestammelser\/anvandarvillkor\/#breadcrumb","itemListElement":[{"@type":"ListItem","position":1,"name":"Home","item":"https:\/\/www.glfr.com\/sv\/home\/"},{"@type":"ListItem","position":2,"name":"Om GLFR","item":"https:\/\/www.glfr.com\/sv\/om-glfr\/"},{"@type":"ListItem","position":3,"name":"Villkor och anvisningar","item":"https:\/\/www.glfr.com\/sv\/om-glfr\/villkor-och-bestammelser\/"},{"@type":"ListItem","position":4,"name":"Villkor f\u00f6r tj\u00e4nsten"}]},{"@type":"WebSite","@id":"https:\/\/www.glfr.com\/sv\/#website","url":"https:\/\/www.glfr.com\/sv\/","name":"GLFR","description":"Your Club and Golf App","potentialAction":[{"@type":"SearchAction","target":{"@type":"EntryPoint","urlTemplate":"https:\/\/www.glfr.com\/sv\/?s={search_term_string}"},"query-input":{"@type":"PropertyValueSpecification","valueRequired":true,"valueName":"search_term_string"}}],"inLanguage":"sv-SE"}]}},"_links":{"self":[{"href":"https:\/\/www.glfr.com\/sv\/wp-json\/wp\/v2\/pages\/1187","targetHints":{"allow":["GET"]}}],"collection":[{"href":"https:\/\/www.glfr.com\/sv\/wp-json\/wp\/v2\/pages"}],"about":[{"href":"https:\/\/www.glfr.com\/sv\/wp-json\/wp\/v2\/types\/page"}],"author":[{"embeddable":true,"href":"https:\/\/www.glfr.com\/sv\/wp-json\/wp\/v2\/users\/2"}],"replies":[{"embeddable":true,"href":"https:\/\/www.glfr.com\/sv\/wp-json\/wp\/v2\/comments?post=1187"}],"version-history":[{"count":4,"href":"https:\/\/www.glfr.com\/sv\/wp-json\/wp\/v2\/pages\/1187\/revisions"}],"predecessor-version":[{"id":1191,"href":"https:\/\/www.glfr.com\/sv\/wp-json\/wp\/v2\/pages\/1187\/revisions\/1191"}],"up":[{"embeddable":true,"href":"https:\/\/www.glfr.com\/sv\/wp-json\/wp\/v2\/pages\/1178"}],"wp:attachment":[{"href":"https:\/\/www.glfr.com\/sv\/wp-json\/wp\/v2\/media?parent=1187"}],"curies":[{"name":"wp","href":"https:\/\/api.w.org\/{rel}","templated":true}]}}