{"id":1178,"date":"2024-10-07T08:58:01","date_gmt":"2024-10-07T07:58:01","guid":{"rendered":"https:\/\/www.glfr.com\/om-glfr\/villkor-och-bestammelser\/"},"modified":"2025-11-25T14:42:16","modified_gmt":"2025-11-25T13:42:16","slug":"villkor-och-bestammelser","status":"publish","type":"page","link":"https:\/\/www.glfr.com\/sv\/om-glfr\/villkor-och-bestammelser\/","title":{"rendered":"Villkor och anvisningar"},"content":{"rendered":"<section class=\"l-section wpb_row height_medium\"><div class=\"l-section-h i-cf\"><div class=\"g-cols vc_row via_grid cols_1 laptops-cols_inherit tablets-cols_inherit mobiles-cols_1 valign_top type_default stacking_default\"><div class=\"wpb_column vc_column_container\"><div class=\"vc_column-inner\"><div class=\"wpb_text_column\"><div class=\"wpb_wrapper\"><h1><span style=\"color: #000000\">Villkor och anvisningar<\/span><\/h1>\n<\/div><\/div><\/div><\/div><\/div><\/div><\/section><section class=\"l-section wpb_row height_medium\"><div class=\"l-section-h i-cf\"><div class=\"g-cols vc_row via_grid cols_2 laptops-cols_inherit tablets-cols_inherit mobiles-cols_1 valign_top type_default stacking_default\"><div class=\"wpb_column vc_column_container\"><div class=\"vc_column-inner\"><div class=\"wpb_text_column\"><div class=\"wpb_wrapper\"><h3>GLFR:s sekretesspolicy och anv\u00e4ndarvillkor<\/h3>\n<\/div><\/div><div class=\"wpb_text_column\"><div class=\"wpb_wrapper\"><p>Detta integritetsmeddelande och anv\u00e4ndarvillkor (ToS) g\u00e4ller f\u00f6r GLFR-appen, my.GLFR.com, GLFR Business, GLFR.com och\/eller alla relaterade golftj\u00e4nster som tillhandah\u00e5lls av Ingenium Golf ApS.<\/p>\n<p><a href=\"https:\/\/www.glfr.com\/sv\/om-glfr\/villkor-och-bestammelser\/anvandarvillkor\/\">L\u00e4s villkoren h\u00e4r<\/a><\/p>\n<\/div><\/div><\/div><\/div><div class=\"wpb_column vc_column_container\"><div class=\"vc_column-inner\"><div class=\"wpb_text_column\"><div class=\"wpb_wrapper\"><h3>Aff\u00e4rsvillkor<\/h3>\n<\/div><\/div><div class=\"wpb_text_column\"><div class=\"wpb_wrapper\"><p>Dessa aff\u00e4rsvillkor (ToB) g\u00e4ller kunder hos Ingenium Golf ApS och leverans av applikationer och webbtj\u00e4nster till kunden samt eventuella relevanta prenumerationer.<\/p>\n<p><a href=\"https:\/\/www.glfr.com\/sv\/om-glfr\/villkor-och-bestammelser\/affarsvillkor\/\">L\u00e4s villkoren h\u00e4r<\/a><\/p>\n<\/div><\/div><\/div><\/div><\/div><\/div><\/section>\n","protected":false},"excerpt":{"rendered":"Villkor och anvisningar GLFR:s sekretesspolicy och anv\u00e4ndarvillkor Detta integritetsmeddelande och anv\u00e4ndarvillkor (ToS) g\u00e4ller f\u00f6r GLFR-appen, my.GLFR.com, GLFR Business, GLFR.com och\/eller alla relaterade golftj\u00e4nster som tillhandah\u00e5lls av Ingenium Golf ApS. L\u00e4s villkoren h\u00e4r Aff\u00e4rsvillkor Dessa aff\u00e4rsvillkor (ToB) g\u00e4ller kunder hos Ingenium Golf ApS och leverans av applikationer och webbtj\u00e4nster till kunden samt eventuella relevanta prenumerationer. L\u00e4s...","protected":false},"author":2,"featured_media":0,"parent":1171,"menu_order":0,"comment_status":"closed","ping_status":"closed","template":"","meta":{"footnotes":""},"class_list":["post-1178","page","type-page","status-publish","hentry"],"yoast_head":"<!-- This site is optimized with the Yoast SEO plugin v27.4 - https:\/\/yoast.com\/product\/yoast-seo-wordpress\/ -->\n<title>Villkor och anvisningar - GLFR<\/title>\n<meta name=\"robots\" content=\"index, follow, max-snippet:-1, max-image-preview:large, max-video-preview:-1\" \/>\n<link rel=\"canonical\" href=\"https:\/\/www.glfr.com\/sv\/om-glfr\/villkor-och-bestammelser\/\" \/>\n<meta property=\"og:locale\" content=\"sv_SE\" \/>\n<meta property=\"og:type\" content=\"article\" \/>\n<meta property=\"og:title\" content=\"Villkor och anvisningar - GLFR\" \/>\n<meta property=\"og:url\" content=\"https:\/\/www.glfr.com\/sv\/om-glfr\/villkor-och-bestammelser\/\" \/>\n<meta property=\"og:site_name\" content=\"GLFR\" \/>\n<meta property=\"article:modified_time\" content=\"2025-11-25T13:42:16+00:00\" \/>\n<meta name=\"twitter:card\" content=\"summary_large_image\" \/>\n<meta name=\"twitter:label1\" content=\"Ber\u00e4knad l\u00e4stid\" \/>\n\t<meta name=\"twitter:data1\" content=\"1 minut\" \/>\n<script type=\"application\/ld+json\" class=\"yoast-schema-graph\">{\"@context\":\"https:\\\/\\\/schema.org\",\"@graph\":[{\"@type\":\"WebPage\",\"@id\":\"https:\\\/\\\/www.glfr.com\\\/sv\\\/om-glfr\\\/villkor-och-bestammelser\\\/\",\"url\":\"https:\\\/\\\/www.glfr.com\\\/sv\\\/om-glfr\\\/villkor-och-bestammelser\\\/\",\"name\":\"Villkor och anvisningar - GLFR\",\"isPartOf\":{\"@id\":\"https:\\\/\\\/www.glfr.com\\\/sv\\\/#website\"},\"datePublished\":\"2024-10-07T07:58:01+00:00\",\"dateModified\":\"2025-11-25T13:42:16+00:00\",\"breadcrumb\":{\"@id\":\"https:\\\/\\\/www.glfr.com\\\/sv\\\/om-glfr\\\/villkor-och-bestammelser\\\/#breadcrumb\"},\"inLanguage\":\"sv-SE\",\"potentialAction\":[{\"@type\":\"ReadAction\",\"target\":[\"https:\\\/\\\/www.glfr.com\\\/sv\\\/om-glfr\\\/villkor-och-bestammelser\\\/\"]}]},{\"@type\":\"BreadcrumbList\",\"@id\":\"https:\\\/\\\/www.glfr.com\\\/sv\\\/om-glfr\\\/villkor-och-bestammelser\\\/#breadcrumb\",\"itemListElement\":[{\"@type\":\"ListItem\",\"position\":1,\"name\":\"Home\",\"item\":\"https:\\\/\\\/www.glfr.com\\\/sv\\\/home\\\/\"},{\"@type\":\"ListItem\",\"position\":2,\"name\":\"Om GLFR\",\"item\":\"https:\\\/\\\/www.glfr.com\\\/sv\\\/om-glfr\\\/\"},{\"@type\":\"ListItem\",\"position\":3,\"name\":\"Villkor och anvisningar\"}]},{\"@type\":\"WebSite\",\"@id\":\"https:\\\/\\\/www.glfr.com\\\/sv\\\/#website\",\"url\":\"https:\\\/\\\/www.glfr.com\\\/sv\\\/\",\"name\":\"GLFR\",\"description\":\"Your Club and Golf App\",\"potentialAction\":[{\"@type\":\"SearchAction\",\"target\":{\"@type\":\"EntryPoint\",\"urlTemplate\":\"https:\\\/\\\/www.glfr.com\\\/sv\\\/?s={search_term_string}\"},\"query-input\":{\"@type\":\"PropertyValueSpecification\",\"valueRequired\":true,\"valueName\":\"search_term_string\"}}],\"inLanguage\":\"sv-SE\"}]}<\/script>\n<!-- \/ Yoast SEO plugin. -->","yoast_head_json":{"title":"Villkor och anvisningar - GLFR","robots":{"index":"index","follow":"follow","max-snippet":"max-snippet:-1","max-image-preview":"max-image-preview:large","max-video-preview":"max-video-preview:-1"},"canonical":"https:\/\/www.glfr.com\/sv\/om-glfr\/villkor-och-bestammelser\/","og_locale":"sv_SE","og_type":"article","og_title":"Villkor och anvisningar - GLFR","og_url":"https:\/\/www.glfr.com\/sv\/om-glfr\/villkor-och-bestammelser\/","og_site_name":"GLFR","article_modified_time":"2025-11-25T13:42:16+00:00","twitter_card":"summary_large_image","twitter_misc":{"Ber\u00e4knad l\u00e4stid":"1 minut"},"schema":{"@context":"https:\/\/schema.org","@graph":[{"@type":"WebPage","@id":"https:\/\/www.glfr.com\/sv\/om-glfr\/villkor-och-bestammelser\/","url":"https:\/\/www.glfr.com\/sv\/om-glfr\/villkor-och-bestammelser\/","name":"Villkor och anvisningar - GLFR","isPartOf":{"@id":"https:\/\/www.glfr.com\/sv\/#website"},"datePublished":"2024-10-07T07:58:01+00:00","dateModified":"2025-11-25T13:42:16+00:00","breadcrumb":{"@id":"https:\/\/www.glfr.com\/sv\/om-glfr\/villkor-och-bestammelser\/#breadcrumb"},"inLanguage":"sv-SE","potentialAction":[{"@type":"ReadAction","target":["https:\/\/www.glfr.com\/sv\/om-glfr\/villkor-och-bestammelser\/"]}]},{"@type":"BreadcrumbList","@id":"https:\/\/www.glfr.com\/sv\/om-glfr\/villkor-och-bestammelser\/#breadcrumb","itemListElement":[{"@type":"ListItem","position":1,"name":"Home","item":"https:\/\/www.glfr.com\/sv\/home\/"},{"@type":"ListItem","position":2,"name":"Om GLFR","item":"https:\/\/www.glfr.com\/sv\/om-glfr\/"},{"@type":"ListItem","position":3,"name":"Villkor och anvisningar"}]},{"@type":"WebSite","@id":"https:\/\/www.glfr.com\/sv\/#website","url":"https:\/\/www.glfr.com\/sv\/","name":"GLFR","description":"Your Club and Golf App","potentialAction":[{"@type":"SearchAction","target":{"@type":"EntryPoint","urlTemplate":"https:\/\/www.glfr.com\/sv\/?s={search_term_string}"},"query-input":{"@type":"PropertyValueSpecification","valueRequired":true,"valueName":"search_term_string"}}],"inLanguage":"sv-SE"}]}},"_links":{"self":[{"href":"https:\/\/www.glfr.com\/sv\/wp-json\/wp\/v2\/pages\/1178","targetHints":{"allow":["GET"]}}],"collection":[{"href":"https:\/\/www.glfr.com\/sv\/wp-json\/wp\/v2\/pages"}],"about":[{"href":"https:\/\/www.glfr.com\/sv\/wp-json\/wp\/v2\/types\/page"}],"author":[{"embeddable":true,"href":"https:\/\/www.glfr.com\/sv\/wp-json\/wp\/v2\/users\/2"}],"replies":[{"embeddable":true,"href":"https:\/\/www.glfr.com\/sv\/wp-json\/wp\/v2\/comments?post=1178"}],"version-history":[{"count":4,"href":"https:\/\/www.glfr.com\/sv\/wp-json\/wp\/v2\/pages\/1178\/revisions"}],"predecessor-version":[{"id":1192,"href":"https:\/\/www.glfr.com\/sv\/wp-json\/wp\/v2\/pages\/1178\/revisions\/1192"}],"up":[{"embeddable":true,"href":"https:\/\/www.glfr.com\/sv\/wp-json\/wp\/v2\/pages\/1171"}],"wp:attachment":[{"href":"https:\/\/www.glfr.com\/sv\/wp-json\/wp\/v2\/media?parent=1178"}],"curies":[{"name":"wp","href":"https:\/\/api.w.org\/{rel}","templated":true}]}}