{"id":1175,"date":"2025-02-19T12:29:13","date_gmt":"2025-02-19T11:29:13","guid":{"rendered":"https:\/\/www.glfr.com\/om-glfr\/juridisk-information\/"},"modified":"2025-11-25T14:36:23","modified_gmt":"2025-11-25T13:36:23","slug":"juridisk-information","status":"publish","type":"page","link":"https:\/\/www.glfr.com\/sv\/om-glfr\/juridisk-information\/","title":{"rendered":"Juridiskt meddelande"},"content":{"rendered":"<section class=\"l-section wpb_row height_medium\"><div class=\"l-section-h i-cf\"><div class=\"g-cols vc_row via_grid cols_1 laptops-cols_inherit tablets-cols_inherit mobiles-cols_1 valign_top type_default stacking_default\"><div class=\"wpb_column vc_column_container\"><div class=\"vc_column-inner\"><div class=\"wpb_text_column\"><div class=\"wpb_wrapper\"><h1 style=\"text-align: center;\">Juridiskt meddelande<\/h1>\n<h2 style=\"text-align: center;\">Information som tillhandah\u00e5lls i enlighet med EU-lagstiftningen och \u00a7 5 i den tyska telemedielagen (TMG)<\/h2>\n<p style=\"text-align: center;\"><span style=\"font-weight: 400;\">GLFR av Ingenium Golf ApS<\/span><span style=\"font-weight: 400;\"><br \/>\n<\/span><span style=\"font-weight: 400;\">Aabogade 15<\/span><span style=\"font-weight: 400;\"><br \/>\n<\/span><span style=\"font-weight: 400;\">8200 Aarhus N, Danmark<\/span><\/p>\n<h2 style=\"text-align: center;\">F\u00f6retr\u00e4dd av<\/h2>\n<p style=\"text-align: center;\"><span style=\"font-weight: 400;\">VD Hans Henrik Junge<\/span><span style=\"font-weight: 400;\"><br \/>\n<\/span><span style=\"font-weight: 400;\">CIO Jacob Schr\u00f8der Markussen<\/span><span style=\"font-weight: 400;\"><br \/>\n<\/span><span style=\"font-weight: 400;\">F\u00f6rs\u00e4ljningschef Casper Jacobsen<\/span><\/p>\n<h2 style=\"text-align: center;\">Kontakt<\/h2>\n<p style=\"text-align: center;\"><span style=\"font-weight: 400;\">Telefon: +45 7171 4646 +45 7171 4646<\/span><span style=\"font-weight: 400;\"><br \/>\n<\/span><span style=\"font-weight: 400;\">E-post: support@glfr.com<\/span><\/p>\n<h2 style=\"text-align: center;\">Registrera post<\/h2>\n<p style=\"text-align: center;\"><span style=\"font-weight: 400;\">Registrering i det danska bolagsregistret (www.virk.dk).<\/span><span style=\"font-weight: 400;\"><br \/>\n<\/span><span style=\"font-weight: 400;\">Registreringsnummer: 34466491<\/span><\/p>\n<h2 style=\"text-align: center;\">MOMS &amp; D-U-N-S<\/h2>\n<p style=\"text-align: center;\"><span style=\"font-weight: 400;\">Danskt momsregistreringsnummer:<\/span><span style=\"font-weight: 400;\"><br \/>\n<\/span><span style=\"font-weight: 400;\">DK 34466491<\/span><\/p>\n<p style=\"text-align: center;\">D-U-N-S:<br \/>\n305333289<\/p>\n<h2 style=\"text-align: center;\">Ansvarig f\u00f6r inneh\u00e5llet enligt EU:s lagstiftning och \u00a7 55, stycke 2 i Tysklands federala radio- och tv-avtal (RstV) <\/h2>\n<p style=\"text-align: center;\"><strong>Styrelsens ordf\u00f6rande<\/strong><span style=\"font-weight: 400;\"><br \/>\n<\/span><span style=\"font-weight: 400;\">Robert Jacob Holm<\/span><span style=\"font-weight: 400;\"><br \/>\n<\/span><span style=\"font-weight: 400;\">N\u00e6rum Hovedgade 86<\/span><span style=\"font-weight: 400;\"><br \/>\n<\/span><span style=\"font-weight: 400;\">2850 N\u00e6rum, Danmark<\/span><\/p>\n<h2 style=\"text-align: center;\">Tvistl\u00f6sning<\/h2>\n<p style=\"text-align: center;\"><span style=\"font-weight: 400;\">Vi deltar inte i tvistl\u00f6sning online i konsumenternas skiljen\u00e4mnder.<\/span><\/p>\n<h2 style=\"text-align: center;\">Ansvar f\u00f6r inneh\u00e5ll<\/h2>\n<p style=\"text-align: center;\"><span style=\"font-weight: 400;\">Som tj\u00e4nsteleverant\u00f6rer \u00e4r vi ansvariga f\u00f6r v\u00e5rt eget inneh\u00e5ll p\u00e5 dessa webbplatser enligt \u00a7 7, punkt 1 i den tyska telemedielagen (TMG). Enligt \u00a7\u00a7 8-10 i den tyska telemedialagen (TMG) \u00e4r tj\u00e4nsteleverant\u00f6rer dock inte skyldiga att permanent \u00f6vervaka inl\u00e4mnad eller lagrad information eller att s\u00f6ka efter bevis som tyder p\u00e5 olaglig verksamhet. <\/span><\/p>\n<p style=\"text-align: center;\"><span style=\"font-weight: 400;\">R\u00e4ttsliga skyldigheter att ta bort information eller att blockera anv\u00e4ndningen av information f\u00f6rblir obestridda. I detta fall \u00e4r ansvar endast m\u00f6jligt vid tidpunkten f\u00f6r kunskap om en specifik lag\u00f6vertr\u00e4delse. Olagligt inneh\u00e5ll kommer att tas bort omedelbart n\u00e4r vi f\u00e5r k\u00e4nnedom om det.  <\/span><\/p>\n<h2 style=\"text-align: center;\">Ansvar f\u00f6r l\u00e4nkar<\/h2>\n<p style=\"text-align: center;\"><span style=\"font-weight: 400;\">V\u00e5rt erbjudande inneh\u00e5ller l\u00e4nkar till externa webbplatser fr\u00e5n tredje part. Vi har inget inflytande \u00f6ver inneh\u00e5llet p\u00e5 dessa webbplatser och kan d\u00e4rf\u00f6r inte garantera f\u00f6r inneh\u00e5llet. Leverant\u00f6rer eller administrat\u00f6rer av l\u00e4nkade webbplatser \u00e4r alltid ansvariga f\u00f6r sitt eget inneh\u00e5ll.  <\/span><\/p>\n<p style=\"text-align: center;\"><span style=\"font-weight: 400;\">De l\u00e4nkade webbplatserna hade kontrollerats f\u00f6r eventuella lag\u00f6vertr\u00e4delser vid tidpunkten f\u00f6r uppr\u00e4ttandet av l\u00e4nken. N\u00e5got olagligt inneh\u00e5ll uppt\u00e4cktes inte vid tidpunkten f\u00f6r l\u00e4nkningen. En permanent \u00f6vervakning av inneh\u00e5llet p\u00e5 l\u00e4nkade webbplatser kan inte inf\u00f6ras utan rimliga indikationer p\u00e5 att det har skett en lag\u00f6vertr\u00e4delse. Olagliga l\u00e4nkar kommer att tas bort omedelbart n\u00e4r vi f\u00e5r k\u00e4nnedom om dem.   <\/span><\/p>\n<h2 style=\"text-align: center;\">Upphovsr\u00e4tt<\/h2>\n<p style=\"text-align: center;\"><span style=\"font-weight: 400;\">Inneh\u00e5ll och sammanst\u00e4llningar som publiceras p\u00e5 dessa webbplatser av leverant\u00f6rerna omfattas av EU:s upphovsr\u00e4ttslagar. F\u00f6r m\u00e5ngfaldigande, redigering, distribution och all annan anv\u00e4ndning som inte omfattas av upphovsr\u00e4ttslagen kr\u00e4vs skriftligt tillst\u00e5nd fr\u00e5n f\u00f6rfattaren eller upphovsmannen. Nedladdning och kopiering av dessa webbplatser \u00e4r inte till\u00e5tet.  <\/span><span style=\"font-weight: 400;\"><br \/>\n<\/span><span style=\"font-weight: 400;\">Kommersiell anv\u00e4ndning av v\u00e5rt inneh\u00e5ll utan tillst\u00e5nd fr\u00e5n upphovsmannen \u00e4r f\u00f6rbjuden.<\/span><\/p>\n<p style=\"text-align: center;\"><span style=\"font-weight: 400;\">Tredje parts upphovsr\u00e4ttslagar respekteras s\u00e5 l\u00e4nge som inneh\u00e5llet p\u00e5 dessa webbplatser inte h\u00e4rr\u00f6r fr\u00e5n leverant\u00f6ren. Bidrag fr\u00e5n tredje part p\u00e5 denna webbplats anges som s\u00e5dana. Om du uppt\u00e4cker brott mot upphovsr\u00e4ttslagen ber vi dig dock att informera oss om detta. S\u00e5dant inneh\u00e5ll kommer att tas bort omedelbart.   <\/span><\/p>\n<p style=\"text-align: center;\"><span style=\"font-weight: 400;\"><strong>Webbmaster<\/strong><br \/>\n<\/span><span style=\"font-weight: 400;\">Jacob Schr\u00f8der Markussen<\/span><\/p>\n<\/div><\/div><\/div><\/div><\/div><\/div><\/section>\n","protected":false},"excerpt":{"rendered":"Juridiskt meddelande Information som tillhandah\u00e5lls i enlighet med EU-lagstiftningen och \u00a7 5 i den tyska telemedielagen (TMG) GLFR av Ingenium Golf ApS Aabogade 15 8200 Aarhus N, Danmark F\u00f6retr\u00e4dd av VD Hans Henrik Junge CIO Jacob Schr\u00f8der Markussen F\u00f6rs\u00e4ljningschef Casper Jacobsen Kontakt Telefon: +45 7171 4646 +45 7171 4646 E-post: support@glfr.com Registrera post Registrering i...","protected":false},"author":1,"featured_media":0,"parent":1171,"menu_order":0,"comment_status":"closed","ping_status":"closed","template":"","meta":{"footnotes":""},"class_list":["post-1175","page","type-page","status-publish","hentry"],"yoast_head":"<!-- This site is optimized with the Yoast SEO plugin v27.4 - https:\/\/yoast.com\/product\/yoast-seo-wordpress\/ -->\n<title>Juridiskt meddelande - GLFR<\/title>\n<meta name=\"description\" content=\"Juridisk information om GLFR by Ingenium Golf ApS\" \/>\n<meta name=\"robots\" content=\"index, follow, max-snippet:-1, max-image-preview:large, max-video-preview:-1\" \/>\n<link rel=\"canonical\" href=\"https:\/\/www.glfr.com\/sv\/om-glfr\/juridisk-information\/\" \/>\n<meta property=\"og:locale\" content=\"sv_SE\" \/>\n<meta property=\"og:type\" content=\"article\" \/>\n<meta property=\"og:title\" content=\"Juridiskt meddelande - GLFR\" \/>\n<meta property=\"og:description\" content=\"Juridisk information om GLFR by Ingenium Golf ApS\" \/>\n<meta property=\"og:url\" content=\"https:\/\/www.glfr.com\/sv\/om-glfr\/juridisk-information\/\" \/>\n<meta property=\"og:site_name\" content=\"GLFR\" \/>\n<meta property=\"article:modified_time\" content=\"2025-11-25T13:36:23+00:00\" \/>\n<meta name=\"twitter:card\" content=\"summary_large_image\" \/>\n<meta name=\"twitter:label1\" content=\"Ber\u00e4knad l\u00e4stid\" \/>\n\t<meta name=\"twitter:data1\" content=\"3 minuter\" \/>\n<script type=\"application\/ld+json\" class=\"yoast-schema-graph\">{\"@context\":\"https:\\\/\\\/schema.org\",\"@graph\":[{\"@type\":\"WebPage\",\"@id\":\"https:\\\/\\\/www.glfr.com\\\/sv\\\/om-glfr\\\/juridisk-information\\\/\",\"url\":\"https:\\\/\\\/www.glfr.com\\\/sv\\\/om-glfr\\\/juridisk-information\\\/\",\"name\":\"Juridiskt meddelande - GLFR\",\"isPartOf\":{\"@id\":\"https:\\\/\\\/www.glfr.com\\\/sv\\\/#website\"},\"datePublished\":\"2025-02-19T11:29:13+00:00\",\"dateModified\":\"2025-11-25T13:36:23+00:00\",\"description\":\"Juridisk information om GLFR by Ingenium Golf ApS\",\"breadcrumb\":{\"@id\":\"https:\\\/\\\/www.glfr.com\\\/sv\\\/om-glfr\\\/juridisk-information\\\/#breadcrumb\"},\"inLanguage\":\"sv-SE\",\"potentialAction\":[{\"@type\":\"ReadAction\",\"target\":[\"https:\\\/\\\/www.glfr.com\\\/sv\\\/om-glfr\\\/juridisk-information\\\/\"]}]},{\"@type\":\"BreadcrumbList\",\"@id\":\"https:\\\/\\\/www.glfr.com\\\/sv\\\/om-glfr\\\/juridisk-information\\\/#breadcrumb\",\"itemListElement\":[{\"@type\":\"ListItem\",\"position\":1,\"name\":\"Home\",\"item\":\"https:\\\/\\\/www.glfr.com\\\/sv\\\/home\\\/\"},{\"@type\":\"ListItem\",\"position\":2,\"name\":\"Om GLFR\",\"item\":\"https:\\\/\\\/www.glfr.com\\\/sv\\\/om-glfr\\\/\"},{\"@type\":\"ListItem\",\"position\":3,\"name\":\"Juridiskt meddelande\"}]},{\"@type\":\"WebSite\",\"@id\":\"https:\\\/\\\/www.glfr.com\\\/sv\\\/#website\",\"url\":\"https:\\\/\\\/www.glfr.com\\\/sv\\\/\",\"name\":\"GLFR\",\"description\":\"Your Club and Golf App\",\"potentialAction\":[{\"@type\":\"SearchAction\",\"target\":{\"@type\":\"EntryPoint\",\"urlTemplate\":\"https:\\\/\\\/www.glfr.com\\\/sv\\\/?s={search_term_string}\"},\"query-input\":{\"@type\":\"PropertyValueSpecification\",\"valueRequired\":true,\"valueName\":\"search_term_string\"}}],\"inLanguage\":\"sv-SE\"}]}<\/script>\n<!-- \/ Yoast SEO plugin. -->","yoast_head_json":{"title":"Juridiskt meddelande - GLFR","description":"Juridisk information om GLFR by Ingenium Golf ApS","robots":{"index":"index","follow":"follow","max-snippet":"max-snippet:-1","max-image-preview":"max-image-preview:large","max-video-preview":"max-video-preview:-1"},"canonical":"https:\/\/www.glfr.com\/sv\/om-glfr\/juridisk-information\/","og_locale":"sv_SE","og_type":"article","og_title":"Juridiskt meddelande - GLFR","og_description":"Juridisk information om GLFR by Ingenium Golf ApS","og_url":"https:\/\/www.glfr.com\/sv\/om-glfr\/juridisk-information\/","og_site_name":"GLFR","article_modified_time":"2025-11-25T13:36:23+00:00","twitter_card":"summary_large_image","twitter_misc":{"Ber\u00e4knad l\u00e4stid":"3 minuter"},"schema":{"@context":"https:\/\/schema.org","@graph":[{"@type":"WebPage","@id":"https:\/\/www.glfr.com\/sv\/om-glfr\/juridisk-information\/","url":"https:\/\/www.glfr.com\/sv\/om-glfr\/juridisk-information\/","name":"Juridiskt meddelande - GLFR","isPartOf":{"@id":"https:\/\/www.glfr.com\/sv\/#website"},"datePublished":"2025-02-19T11:29:13+00:00","dateModified":"2025-11-25T13:36:23+00:00","description":"Juridisk information om GLFR by Ingenium Golf ApS","breadcrumb":{"@id":"https:\/\/www.glfr.com\/sv\/om-glfr\/juridisk-information\/#breadcrumb"},"inLanguage":"sv-SE","potentialAction":[{"@type":"ReadAction","target":["https:\/\/www.glfr.com\/sv\/om-glfr\/juridisk-information\/"]}]},{"@type":"BreadcrumbList","@id":"https:\/\/www.glfr.com\/sv\/om-glfr\/juridisk-information\/#breadcrumb","itemListElement":[{"@type":"ListItem","position":1,"name":"Home","item":"https:\/\/www.glfr.com\/sv\/home\/"},{"@type":"ListItem","position":2,"name":"Om GLFR","item":"https:\/\/www.glfr.com\/sv\/om-glfr\/"},{"@type":"ListItem","position":3,"name":"Juridiskt meddelande"}]},{"@type":"WebSite","@id":"https:\/\/www.glfr.com\/sv\/#website","url":"https:\/\/www.glfr.com\/sv\/","name":"GLFR","description":"Your Club and Golf App","potentialAction":[{"@type":"SearchAction","target":{"@type":"EntryPoint","urlTemplate":"https:\/\/www.glfr.com\/sv\/?s={search_term_string}"},"query-input":{"@type":"PropertyValueSpecification","valueRequired":true,"valueName":"search_term_string"}}],"inLanguage":"sv-SE"}]}},"_links":{"self":[{"href":"https:\/\/www.glfr.com\/sv\/wp-json\/wp\/v2\/pages\/1175","targetHints":{"allow":["GET"]}}],"collection":[{"href":"https:\/\/www.glfr.com\/sv\/wp-json\/wp\/v2\/pages"}],"about":[{"href":"https:\/\/www.glfr.com\/sv\/wp-json\/wp\/v2\/types\/page"}],"author":[{"embeddable":true,"href":"https:\/\/www.glfr.com\/sv\/wp-json\/wp\/v2\/users\/1"}],"replies":[{"embeddable":true,"href":"https:\/\/www.glfr.com\/sv\/wp-json\/wp\/v2\/comments?post=1175"}],"version-history":[{"count":2,"href":"https:\/\/www.glfr.com\/sv\/wp-json\/wp\/v2\/pages\/1175\/revisions"}],"predecessor-version":[{"id":1177,"href":"https:\/\/www.glfr.com\/sv\/wp-json\/wp\/v2\/pages\/1175\/revisions\/1177"}],"up":[{"embeddable":true,"href":"https:\/\/www.glfr.com\/sv\/wp-json\/wp\/v2\/pages\/1171"}],"wp:attachment":[{"href":"https:\/\/www.glfr.com\/sv\/wp-json\/wp\/v2\/media?parent=1175"}],"curies":[{"name":"wp","href":"https:\/\/api.w.org\/{rel}","templated":true}]}}