{"id":980,"date":"2024-10-02T13:41:02","date_gmt":"2024-10-02T12:41:02","guid":{"rendered":"https:\/\/www.glfr.com\/fuer-clubs\/"},"modified":"2025-11-25T14:31:46","modified_gmt":"2025-11-25T13:31:46","slug":"fuer-clubs","status":"publish","type":"page","link":"https:\/\/www.glfr.com\/de\/fuer-clubs\/","title":{"rendered":"F\u00fcr Clubs"},"content":{"rendered":"<section class=\"l-section wpb_row us_custom_5b82bc21 height_medium full_height valign_center\" id=\"overview\"><div class=\"l-section-overlay\" style=\"background:#ffffff\"><\/div><div class=\"l-section-h i-cf\"><div class=\"g-cols vc_row via_grid cols_1 laptops-cols_inherit tablets-cols_inherit mobiles-cols_1 valign_top type_default stacking_default\"><div class=\"wpb_column vc_column_container\"><div class=\"vc_column-inner\"><div class=\"wpb_text_column us_custom_cd9b33b9\"><div class=\"wpb_wrapper\"><h1 style=\"text-align: left;\">Greenkeeper Tools<\/h1>\n<\/div><\/div><div class=\"g-cols wpb_row via_grid cols_custom laptops-cols_inherit tablets-cols_inherit mobiles-cols_1 valign_top type_default stacking_default\" style=\"--columns-gap:3rem;--custom-columns:3fr 1.5fr 1.5fr \"><div class=\"wpb_column vc_column_container\"><div class=\"vc_column-inner\"><div class=\"wpb_text_column\"><div class=\"wpb_wrapper\"><p data-pm-slice=\"1 1 &#091;&#093;\"><span>Die Verwaltung eines Golfplatzes ist keine kleine Aufgabe, und die Greenkeeper spielen eine entscheidende Rolle, wenn es darum geht, den Platz immer in einem Topzustand zu halten.<\/span><\/p>\n<p data-pm-slice=\"1 1 &#091;&#093;\"><span>  Die Greenkeeper Tools von GLFR wurden entwickelt, um diese Arbeit einfacher und effizienter zu gestalten. Mit einer Reihe von intuitiven L\u00f6sungen k\u00f6nnen Greenkeeper ihre t\u00e4glichen Aufgaben rationalisieren, wichtige Details dokumentieren und jeden auf dem Platz auf dem Laufenden halten.   <\/span><\/p>\n<p data-pm-slice=\"1 1 &#091;&#093;\"><span>Ob es darum geht, technische Anlagen zu verfolgen, den Platzstatus zu aktualisieren oder von unterwegs auf wichtige Informationen zuzugreifen, die Greenkeeper Tools von GLFR bieten alles, was Sie brauchen, um Zeit zu sparen und sich auf das zu konzentrieren, was wirklich wichtig ist &#8211; den Platz in einem tadellosen Zustand zu halten.<\/span><\/p>\n<\/div><\/div><\/div><\/div><div class=\"wpb_column vc_column_container\"><div class=\"vc_column-inner\"><div class=\"flip-box-wrap\" tabindex=\"0\" style=\"\"><div class=\"flip-box ifb-jq-height  horizontal_flip_left flip-ifb-jq-height\"  style=\"\" ><div class=\"ifb-flip-box\" id=\"flip-box-wrap-5358\"><div class=\"ifb-face ifb-front \" style=\"color:#333333;background:#FFFFFF; border-width: 0px;border-style: solid; border-color:#A4A4A4; border-radius: 0px;\">\n\t\t\t\t\t\t\t<div class=\"ifb-flip-box-section \">\n\t\t\t\t\t\t\t<div class=\"flip-box-icon\"><div class=\"ult-just-icon-wrapper  \"><div class=\"align-icon\" style=\"text-align:center;\">\n<div class=\"aio-icon none \"  style=\"color:#333333;font-size:32px;display:inline-block;\">\n\t<i class=\"Defaults-leanpub\"><\/i>\n<\/div><\/div><\/div><\/div><h4 class=\"ult-responsive flipbox_heading\"  data-ultimate-target='#flip-box-wrap-5358 .ult-responsive.flipbox_heading'  data-responsive-json-new='{\"font-size\":\"\",\"line-height\":\"\"}'  style=\"color:#333333; \">Technische Karte<\/h4><div class=\"ifb-flip-box-section-content ult-responsive\"  data-ultimate-target='#flip-box-wrap-5358 .ifb-flip-box-section-content.ult-responsive'  data-responsive-json-new='{\"font-size\":\"\",\"line-height\":\"\"}'  style=\"color:#333333;color:#333333;\"><p>Zeichnen Sie jedes technische Element auf Ihrem Platz auf und halten Sie Ihre Infrastruktur organisiert.<\/p><\/div><\/div><\/div><!-- END .front -->\n\t\t\t\t\t\t<div class=\"ifb-face ifb-back\" style=\"color:#333333;background:#FFFFFF; border-width: 0px;border-style: solid; border-color:#A4A4A4; border-radius: 0px;\">\n\t\t\t\t\t\t\t<div class=\"ifb-flip-box-section \"><h3 class=\"ult-responsive flipbox_heading\"  data-ultimate-target='#flip-box-wrap-5358 .ult-responsive.flipbox_heading'  data-responsive-json-new='{\"font-size\":\"\",\"line-height\":\"\"}'  style=\"color:#333333; \">Technische Karte<\/h3><div class=\"ifb-desc-back\"><div class=\"ifb-flip-box-section-content ult-responsive\"  data-ultimate-target='#flip-box-wrap-5358 .ifb-flip-box-section-content.ult-responsive'  data-responsive-json-new='{\"font-size\":\"\",\"line-height\":\"\"}'  style=\"color:#333333;color:#333333;\"><p>Dokumentieren Sie Bew\u00e4sserung, Entw\u00e4sserung und mehr und stellen Sie so genaue Aufzeichnungen f\u00fcr Planung und Wartung sicher.<\/p><\/div><\/div><div class=\"flip_link\"><a href=\"#techmap\" title=\"Read more about Tech Map\" rel=\"nofollow\"  style=\"background:#FFFFFF; color:#40A9C2;\">Mehr lesen<\/a><\/div><\/div><\/div><!-- END .back --><\/div> <!-- ifb-flip-box --><\/div> <!-- flip-box --><\/div><!-- End icon block --><div class=\"flip-box-wrap\" tabindex=\"0\" style=\"\"><div class=\"flip-box ifb-jq-height  horizontal_flip_left flip-ifb-jq-height\"  style=\"\" ><div class=\"ifb-flip-box\" id=\"flip-box-wrap-9133\"><div class=\"ifb-face ifb-front \" style=\"color:#333333;background:#FFFFFF; border-width: 0px;border-style: solid; border-color:#A4A4A4; border-radius: 0px;\">\n\t\t\t\t\t\t\t<div class=\"ifb-flip-box-section \">\n\t\t\t\t\t\t\t<div class=\"flip-box-icon\"><div class=\"ult-just-icon-wrapper  \"><div class=\"align-icon\" style=\"text-align:center;\">\n<div class=\"aio-icon none \"  style=\"color:#333333;font-size:32px;display:inline-block;\">\n\t<i class=\"Defaults-book\"><\/i>\n<\/div><\/div><\/div><\/div><h4 class=\"ult-responsive flipbox_heading\"  data-ultimate-target='#flip-box-wrap-9133 .ult-responsive.flipbox_heading'  data-responsive-json-new='{\"font-size\":\"\",\"line-height\":\"\"}'  style=\"color:#333333; \">Dokumentation<\/h4><div class=\"ifb-flip-box-section-content ult-responsive\"  data-ultimate-target='#flip-box-wrap-9133 .ifb-flip-box-section-content.ult-responsive'  data-responsive-json-new='{\"font-size\":\"\",\"line-height\":\"\"}'  style=\"color:#333333;color:#333333;\"><p>Protokollieren Sie wichtige Details und Aktualisierungen f\u00fcr jeden Kurs und jedes technische Element.<\/p><\/div><\/div><\/div><!-- END .front -->\n\t\t\t\t\t\t<div class=\"ifb-face ifb-back\" style=\"color:#333333;background:#FFFFFF; border-width: 0px;border-style: solid; border-color:#A4A4A4; border-radius: 0px;\">\n\t\t\t\t\t\t\t<div class=\"ifb-flip-box-section \"><h3 class=\"ult-responsive flipbox_heading\"  data-ultimate-target='#flip-box-wrap-9133 .ult-responsive.flipbox_heading'  data-responsive-json-new='{\"font-size\":\"\",\"line-height\":\"\"}'  style=\"color:#333333; \">Dokumentation<\/h3><div class=\"ifb-desc-back\"><div class=\"ifb-flip-box-section-content ult-responsive\"  data-ultimate-target='#flip-box-wrap-9133 .ifb-flip-box-section-content.ult-responsive'  data-responsive-json-new='{\"font-size\":\"\",\"line-height\":\"\"}'  style=\"color:#333333;color:#333333;\"><p>F\u00fcgen Sie Notizen, Wartungsprotokolle und historische Daten zu kartierten Elementen hinzu, um eine vollst\u00e4ndige Aufzeichnung des Platzes zu erhalten.<\/p><\/div><\/div><div class=\"flip_link\"><a href=\"#documentation\" title=\"Read more about Documentation\" rel=\"nofollow\"  style=\"background:#FFFFFF; color:#40A9C2;\">Mehr lesen<\/a><\/div><\/div><\/div><!-- END .back --><\/div> <!-- ifb-flip-box --><\/div> <!-- flip-box --><\/div><!-- End icon block --><\/div><\/div><div class=\"wpb_column vc_column_container\"><div class=\"vc_column-inner\"><div class=\"flip-box-wrap\" tabindex=\"0\" style=\"\"><div class=\"flip-box ifb-jq-height  horizontal_flip_left flip-ifb-jq-height\"  style=\"\" ><div class=\"ifb-flip-box\" id=\"flip-box-wrap-9321\"><div class=\"ifb-face ifb-front \" style=\"color:#333333;background:#FFFFFF; border-width: 0px;border-style: solid; border-color:#A4A4A4; border-radius: 0px;\">\n\t\t\t\t\t\t\t<div class=\"ifb-flip-box-section \">\n\t\t\t\t\t\t\t<div class=\"flip-box-icon\"><div class=\"ult-just-icon-wrapper  \"><div class=\"align-icon\" style=\"text-align:center;\">\n<div class=\"aio-icon none \"  style=\"color:#333333;font-size:32px;display:inline-block;\">\n\t<i class=\"Defaults-check-square-o\"><\/i>\n<\/div><\/div><\/div><\/div><h4 class=\"ult-responsive flipbox_heading\"  data-ultimate-target='#flip-box-wrap-9321 .ult-responsive.flipbox_heading'  data-responsive-json-new='{\"font-size\":\"\",\"line-height\":\"\"}'  style=\"color:#333333; \">Platzstatus<\/h4><div class=\"ifb-flip-box-section-content ult-responsive\"  data-ultimate-target='#flip-box-wrap-9321 .ifb-flip-box-section-content.ult-responsive'  data-responsive-json-new='{\"font-size\":\"\",\"line-height\":\"\"}'  style=\"color:#333333;color:#333333;\"><p>Halten Sie Ihre Spieler mit Echtzeit-Aktualisierungen des Platzes auf dem Laufenden.<\/p><\/div><\/div><\/div><!-- END .front -->\n\t\t\t\t\t\t<div class=\"ifb-face ifb-back\" style=\"color:#333333;background:#FFFFFF; border-width: 0px;border-style: solid; border-color:#A4A4A4; border-radius: 0px;\">\n\t\t\t\t\t\t\t<div class=\"ifb-flip-box-section \"><h3 class=\"ult-responsive flipbox_heading\"  data-ultimate-target='#flip-box-wrap-9321 .ult-responsive.flipbox_heading'  data-responsive-json-new='{\"font-size\":\"\",\"line-height\":\"\"}'  style=\"color:#333333; \">Platzstatus<\/h3><div class=\"ifb-desc-back\"><div class=\"ifb-flip-box-section-content ult-responsive\"  data-ultimate-target='#flip-box-wrap-9321 .ifb-flip-box-section-content.ult-responsive'  data-responsive-json-new='{\"font-size\":\"\",\"line-height\":\"\"}'  style=\"color:#333333;color:#333333;\"><p>Ver\u00f6ffentlichen Sie Sperrungen, Bedingungen und Warnungen mit einem Klick - so haben Golfer immer die neuesten Informationen.<\/p><\/div><\/div><div class=\"flip_link\"><a href=\"#coursestatus\" title=\"Read more about Course Status\" rel=\"nofollow\"  style=\"background:#FFFFFF; color:#40A9C2;\">Mehr lesen<\/a><\/div><\/div><\/div><!-- END .back --><\/div> <!-- ifb-flip-box --><\/div> <!-- flip-box --><\/div><!-- End icon block --><div class=\"flip-box-wrap\" tabindex=\"0\" style=\"\"><div class=\"flip-box ifb-jq-height  horizontal_flip_left flip-ifb-jq-height\"  style=\"\" ><div class=\"ifb-flip-box\" id=\"flip-box-wrap-1906\"><div class=\"ifb-face ifb-front \" style=\"color:#333333;background:#FFFFFF; border-width: 0px;border-style: solid; border-color:#A4A4A4; border-radius: 0px;\">\n\t\t\t\t\t\t\t<div class=\"ifb-flip-box-section \">\n\t\t\t\t\t\t\t<div class=\"flip-box-icon\"><div class=\"ult-just-icon-wrapper  \"><div class=\"align-icon\" style=\"text-align:center;\">\n<div class=\"aio-icon none \"  style=\"color:#333333;font-size:32px;display:inline-block;\">\n\t<i class=\"Defaults-mobile mobile-phone\"><\/i>\n<\/div><\/div><\/div><\/div><h4 class=\"ult-responsive flipbox_heading\"  data-ultimate-target='#flip-box-wrap-1906 .ult-responsive.flipbox_heading'  data-responsive-json-new='{\"font-size\":\"\",\"line-height\":\"\"}'  style=\"color:#333333; \">Greenkeeper App<\/h4><div class=\"ifb-flip-box-section-content ult-responsive\"  data-ultimate-target='#flip-box-wrap-1906 .ifb-flip-box-section-content.ult-responsive'  data-responsive-json-new='{\"font-size\":\"\",\"line-height\":\"\"}'  style=\"color:#333333;color:#333333;\"><p>Verwalten Sie alles m\u00fchelos direkt vom Platz aus mit der Greenkeeper App.<\/p><\/div><\/div><\/div><!-- END .front -->\n\t\t\t\t\t\t<div class=\"ifb-face ifb-back\" style=\"color:#333333;background:#FFFFFF; border-width: 0px;border-style: solid; border-color:#A4A4A4; border-radius: 0px;\">\n\t\t\t\t\t\t\t<div class=\"ifb-flip-box-section \"><h3 class=\"ult-responsive flipbox_heading\"  data-ultimate-target='#flip-box-wrap-1906 .ult-responsive.flipbox_heading'  data-responsive-json-new='{\"font-size\":\"\",\"line-height\":\"\"}'  style=\"color:#333333; \">Greenkeeper App<\/h3><div class=\"ifb-desc-back\"><div class=\"ifb-flip-box-section-content ult-responsive\"  data-ultimate-target='#flip-box-wrap-1906 .ifb-flip-box-section-content.ult-responsive'  data-responsive-json-new='{\"font-size\":\"\",\"line-height\":\"\"}'  style=\"color:#333333;color:#333333;\"><p>Von der Kartierung bis zur Aktualisierung steuern Sie alle Greenkeeper Tools von Ihrem Telefon aus und vereinfachen so den t\u00e4glichen Betrieb.<\/p><\/div><\/div><div class=\"flip_link\"><a href=\"#gkapp\" title=\"Read more about the Greenkeeper App\" rel=\"nofollow\"  style=\"background:#FFFFFF; color:#40A9C2;\">Mehr lesen<\/a><\/div><\/div><\/div><!-- END .back --><\/div> <!-- ifb-flip-box --><\/div> <!-- flip-box --><\/div><!-- End icon block --><\/div><\/div><\/div><\/div><\/div><\/div><\/div><\/section>\n","protected":false},"excerpt":{"rendered":"Greenkeeper Tools Die Verwaltung eines Golfplatzes ist keine kleine Aufgabe, und die Greenkeeper spielen eine entscheidende Rolle, wenn es darum geht, den Platz immer in einem Topzustand zu halten. Die Greenkeeper Tools von GLFR wurden entwickelt, um diese Arbeit einfacher und effizienter zu gestalten. Mit einer Reihe von intuitiven L\u00f6sungen k\u00f6nnen Greenkeeper ihre t\u00e4glichen Aufgaben...","protected":false},"author":1,"featured_media":0,"parent":0,"menu_order":0,"comment_status":"closed","ping_status":"closed","template":"","meta":{"footnotes":""},"class_list":["post-980","page","type-page","status-publish","hentry"],"yoast_head":"<!-- This site is optimized with the Yoast SEO plugin v27.2 - https:\/\/yoast.com\/product\/yoast-seo-wordpress\/ -->\n<title>F\u00fcr Clubs - GLFR<\/title>\n<meta name=\"robots\" content=\"index, follow, max-snippet:-1, max-image-preview:large, max-video-preview:-1\" \/>\n<link rel=\"canonical\" href=\"https:\/\/www.glfr.com\/de\/fuer-clubs\/\" \/>\n<meta property=\"og:locale\" content=\"de_DE\" \/>\n<meta property=\"og:type\" content=\"article\" \/>\n<meta property=\"og:title\" content=\"F\u00fcr Clubs - GLFR\" \/>\n<meta property=\"og:url\" content=\"https:\/\/www.glfr.com\/de\/fuer-clubs\/\" \/>\n<meta property=\"og:site_name\" content=\"GLFR\" \/>\n<meta property=\"article:modified_time\" content=\"2025-11-25T13:31:46+00:00\" \/>\n<meta name=\"twitter:card\" content=\"summary_large_image\" \/>\n<meta name=\"twitter:label1\" content=\"Gesch\u00e4tzte Lesezeit\" \/>\n\t<meta name=\"twitter:data1\" content=\"3\u00a0Minuten\" \/>\n<script type=\"application\/ld+json\" class=\"yoast-schema-graph\">{\"@context\":\"https:\/\/schema.org\",\"@graph\":[{\"@type\":\"WebPage\",\"@id\":\"https:\/\/www.glfr.com\/de\/fuer-clubs\/\",\"url\":\"https:\/\/www.glfr.com\/de\/fuer-clubs\/\",\"name\":\"F\u00fcr Clubs - GLFR\",\"isPartOf\":{\"@id\":\"https:\/\/www.glfr.com\/de\/#website\"},\"datePublished\":\"2024-10-02T12:41:02+00:00\",\"dateModified\":\"2025-11-25T13:31:46+00:00\",\"breadcrumb\":{\"@id\":\"https:\/\/www.glfr.com\/de\/fuer-clubs\/#breadcrumb\"},\"inLanguage\":\"de\",\"potentialAction\":[{\"@type\":\"ReadAction\",\"target\":[\"https:\/\/www.glfr.com\/de\/fuer-clubs\/\"]}]},{\"@type\":\"BreadcrumbList\",\"@id\":\"https:\/\/www.glfr.com\/de\/fuer-clubs\/#breadcrumb\",\"itemListElement\":[{\"@type\":\"ListItem\",\"position\":1,\"name\":\"Home\",\"item\":\"https:\/\/www.glfr.com\/de\/home\/\"},{\"@type\":\"ListItem\",\"position\":2,\"name\":\"F\u00fcr Clubs\"}]},{\"@type\":\"WebSite\",\"@id\":\"https:\/\/www.glfr.com\/de\/#website\",\"url\":\"https:\/\/www.glfr.com\/de\/\",\"name\":\"GLFR\",\"description\":\"Your Club and Golf App\",\"potentialAction\":[{\"@type\":\"SearchAction\",\"target\":{\"@type\":\"EntryPoint\",\"urlTemplate\":\"https:\/\/www.glfr.com\/de\/?s={search_term_string}\"},\"query-input\":{\"@type\":\"PropertyValueSpecification\",\"valueRequired\":true,\"valueName\":\"search_term_string\"}}],\"inLanguage\":\"de\"}]}<\/script>\n<!-- \/ Yoast SEO plugin. -->","yoast_head_json":{"title":"F\u00fcr Clubs - GLFR","robots":{"index":"index","follow":"follow","max-snippet":"max-snippet:-1","max-image-preview":"max-image-preview:large","max-video-preview":"max-video-preview:-1"},"canonical":"https:\/\/www.glfr.com\/de\/fuer-clubs\/","og_locale":"de_DE","og_type":"article","og_title":"F\u00fcr Clubs - GLFR","og_url":"https:\/\/www.glfr.com\/de\/fuer-clubs\/","og_site_name":"GLFR","article_modified_time":"2025-11-25T13:31:46+00:00","twitter_card":"summary_large_image","twitter_misc":{"Gesch\u00e4tzte Lesezeit":"3\u00a0Minuten"},"schema":{"@context":"https:\/\/schema.org","@graph":[{"@type":"WebPage","@id":"https:\/\/www.glfr.com\/de\/fuer-clubs\/","url":"https:\/\/www.glfr.com\/de\/fuer-clubs\/","name":"F\u00fcr Clubs - GLFR","isPartOf":{"@id":"https:\/\/www.glfr.com\/de\/#website"},"datePublished":"2024-10-02T12:41:02+00:00","dateModified":"2025-11-25T13:31:46+00:00","breadcrumb":{"@id":"https:\/\/www.glfr.com\/de\/fuer-clubs\/#breadcrumb"},"inLanguage":"de","potentialAction":[{"@type":"ReadAction","target":["https:\/\/www.glfr.com\/de\/fuer-clubs\/"]}]},{"@type":"BreadcrumbList","@id":"https:\/\/www.glfr.com\/de\/fuer-clubs\/#breadcrumb","itemListElement":[{"@type":"ListItem","position":1,"name":"Home","item":"https:\/\/www.glfr.com\/de\/home\/"},{"@type":"ListItem","position":2,"name":"F\u00fcr Clubs"}]},{"@type":"WebSite","@id":"https:\/\/www.glfr.com\/de\/#website","url":"https:\/\/www.glfr.com\/de\/","name":"GLFR","description":"Your Club and Golf App","potentialAction":[{"@type":"SearchAction","target":{"@type":"EntryPoint","urlTemplate":"https:\/\/www.glfr.com\/de\/?s={search_term_string}"},"query-input":{"@type":"PropertyValueSpecification","valueRequired":true,"valueName":"search_term_string"}}],"inLanguage":"de"}]}},"_links":{"self":[{"href":"https:\/\/www.glfr.com\/de\/wp-json\/wp\/v2\/pages\/980","targetHints":{"allow":["GET"]}}],"collection":[{"href":"https:\/\/www.glfr.com\/de\/wp-json\/wp\/v2\/pages"}],"about":[{"href":"https:\/\/www.glfr.com\/de\/wp-json\/wp\/v2\/types\/page"}],"author":[{"embeddable":true,"href":"https:\/\/www.glfr.com\/de\/wp-json\/wp\/v2\/users\/1"}],"replies":[{"embeddable":true,"href":"https:\/\/www.glfr.com\/de\/wp-json\/wp\/v2\/comments?post=980"}],"version-history":[{"count":8,"href":"https:\/\/www.glfr.com\/de\/wp-json\/wp\/v2\/pages\/980\/revisions"}],"predecessor-version":[{"id":1168,"href":"https:\/\/www.glfr.com\/de\/wp-json\/wp\/v2\/pages\/980\/revisions\/1168"}],"wp:attachment":[{"href":"https:\/\/www.glfr.com\/de\/wp-json\/wp\/v2\/media?parent=980"}],"curies":[{"name":"wp","href":"https:\/\/api.w.org\/{rel}","templated":true}]}}