{"id":967,"date":"2024-10-07T08:59:06","date_gmt":"2024-10-07T07:59:06","guid":{"rendered":"https:\/\/www.glfr.com\/ueber-glfr\/bedingungen-und-konditionen\/nutzungsbedingungen\/"},"modified":"2025-11-20T15:04:00","modified_gmt":"2025-11-20T14:04:00","slug":"nutzungsbedingungen","status":"publish","type":"page","link":"https:\/\/www.glfr.com\/de\/ueber-glfr\/bedingungen-und-konditionen\/nutzungsbedingungen\/","title":{"rendered":"Allgemeine Gesch\u00e4ftsbedingungen"},"content":{"rendered":"<section class=\"l-section wpb_row height_medium\"><div class=\"l-section-h i-cf\"><div class=\"g-cols vc_row via_grid cols_1 laptops-cols_inherit tablets-cols_inherit mobiles-cols_1 valign_top type_default stacking_default\"><div class=\"wpb_column vc_column_container\"><div class=\"vc_column-inner\"><div class=\"wpb_text_column\"><div class=\"wpb_wrapper\"><h1>Nutzungsbedingungen und Datenschutzhinweis<\/h1>\n<\/div><\/div><div class=\"wpb_text_column\"><div class=\"wpb_wrapper\"><p>Aktualisiert &#8211; 2025-06-11<\/p>\n<\/div><\/div><div class=\"wpb_text_column\"><div class=\"wpb_wrapper\"><h2><b>Einf\u00fchrung<\/b><\/h2>\n<p><span style=\"font-weight: 400\">Die GLFR-Datenschutzhinweise (ToS) gelten f\u00fcr die GLFR-App, die Gimmie-App, my.GLFR.com, GLFR Business (einschlie\u00dflich GLFR Greenkeeper), GLFR.com und\/oder alle damit verbundenen Golfdienstleistungen, die von Ingenium Golf ApS angeboten werden.<\/span><\/p>\n<p><b>Datenkontrolleur<\/b><\/p>\n<p><span style=\"font-weight: 400\">GLFR von Ingenium Golf<\/span><\/p>\n<p><span style=\"font-weight: 400\">\u00c5bogade 15<\/span><\/p>\n<p><span style=\"font-weight: 400\">8200 Aarhus N<\/span><\/p>\n<p><span style=\"font-weight: 400\">D\u00e4nemark<\/span><span style=\"font-weight: 400\"><br \/>\n<\/span><span style=\"font-weight: 400\"><br \/>\n<\/span><span style=\"font-weight: 400\">CVR: 34466491<\/span><span style=\"font-weight: 400\"><br \/>\n<\/span><span style=\"font-weight: 400\">Mail: info@glfr.com<\/span><span style=\"font-weight: 400\"><br \/>\n<\/span><span style=\"font-weight: 400\">Telefon: +45 71 71 46 46<\/span><span style=\"font-weight: 400\"><br \/>\n<\/span><span style=\"font-weight: 400\"><br \/>\n<\/span><b>Ihre gesetzlichen Rechte gem\u00e4\u00df GDPR<\/b><span style=\"font-weight: 400\"><br \/>\n<\/span><span style=\"font-weight: 400\">Wenn wir Ihre Daten verarbeiten, haben Sie Rechte, die Sie jederzeit gegen uns geltend machen k\u00f6nnen.<\/span><span style=\"font-weight: 400\"><br \/>\n<\/span><span style=\"font-weight: 400\">Sie haben die folgenden Rechte:<\/span><span style=\"font-weight: 400\"><br \/>\n<\/span><\/p>\n<ul>\n<li><b>Recht auf Einsicht<\/b><\/li>\n<\/ul>\n<p><span style=\"font-weight: 400\">Wenn wir Ihre Daten verarbeiten, k\u00f6nnen Sie jederzeit Zugang zu den Daten verlangen, die wir \u00fcber Sie verarbeiten.<\/span><\/p>\n<ul>\n<li><b>Recht auf Vergessenwerden<\/b><\/li>\n<\/ul>\n<p><span style=\"font-weight: 400\">Wenn wir Ihre Daten verarbeiten, k\u00f6nnen Sie uns jederzeit auffordern, die von uns \u00fcber Sie verarbeiteten Daten zu l\u00f6schen.<\/span><\/p>\n<ul>\n<li><b>Recht auf Berichtigung<\/b><\/li>\n<\/ul>\n<p><span style=\"font-weight: 400\">Wenn wir Daten \u00fcber Sie verarbeiten, die nicht korrekt sind, k\u00f6nnen Sie uns jederzeit auffordern, die Daten zu berichtigen.<\/span><\/p>\n<ul>\n<li><b>Recht auf eingeschr\u00e4nkte Verarbeitung<\/b><\/li>\n<\/ul>\n<p><span style=\"font-weight: 400\">Sie k\u00f6nnen uns jederzeit auffordern, die Verarbeitung einzuschr\u00e4nken, aber bedenken Sie, dass dies Ihre M\u00f6glichkeiten zur Nutzung der GLFR-Anwendung einschr\u00e4nken kann.<\/span><\/p>\n<ul>\n<li style=\"font-weight: 400\"><b>Recht auf Widerspruch gegen unsere Verarbeitung<\/b><\/li>\n<\/ul>\n<p><span style=\"font-weight: 400\">Wenn Sie mit der Art und Weise, wie wir Ihre Daten verarbeiten, nicht einverstanden sind, haben Sie das Recht, dieser Verarbeitung zu widersprechen.<\/span><\/p>\n<p><span style=\"font-weight: 400\">Sie k\u00f6nnen auch jederzeit eine Beschwerde bei der d\u00e4nischen Datenschutzbeh\u00f6rde einreichen. Wir empfehlen Ihnen, zuerst mit uns Kontakt aufzunehmen, damit wir versuchen k\u00f6nnen, Ihre Beschwerde zu l\u00f6sen.   <\/span><\/p>\n<h2><b>Wie gehen wir mit Ihren Daten um?<\/b><\/h2>\n<p><span style=\"font-weight: 400\">Ihre Daten werden auf unseren sicheren Servern gespeichert und k\u00f6nnen nur von unserem technischen Team eingesehen werden. Alle pers\u00f6nlichen Daten, auf die unser technisches Team zugreift, werden zu Fehlerbehebungszwecken oder auf Ihren Wunsch hin eingesehen und sofort nach Behebung des Problems von allen lokalen Speichern gel\u00f6scht. <\/span><\/p>\n<h3><b>GLFR &amp; Gimmie Benutzer<\/b><\/h3>\n<p><span style=\"font-weight: 400\">Wir speichern Ihre Profilinformationen:<\/span><\/p>\n<ul>\n<li style=\"font-weight: 400\"><span style=\"font-weight: 400\">Benutzername<\/span><\/li>\n<li style=\"font-weight: 400\"><span style=\"font-weight: 400\">E-Mail<\/span><\/li>\n<li style=\"font-weight: 400\"><span style=\"font-weight: 400\">Home club<\/span><\/li>\n<li style=\"font-weight: 400\"><span style=\"font-weight: 400\">Land<\/span><\/li>\n<li style=\"font-weight: 400\"><span style=\"font-weight: 400\">Handicap<\/span><\/li>\n<li style=\"font-weight: 400\"><span style=\"font-weight: 400\">Sex<\/span><\/li>\n<li style=\"font-weight: 400\"><span style=\"font-weight: 400\">Geburtsdatum<\/span><\/li>\n<\/ul>\n<p><span style=\"font-weight: 400\">Ihre Profilinformationen k\u00f6nnen direkt \u00fcber die GLFR- oder Gimmie-App aufgerufen und aktualisiert werden.<\/span><\/p>\n<p><span style=\"font-weight: 400\">Wir speichern auch, welche Course Guides Sie heruntergeladen haben, Ihre Scorekarten und alle Ihre Interaktionen mit den Golfclubs \u00fcber GLFR und Gimmie. Wir speichern diese Daten, um sicherzustellen, dass Sie \u00fcber die GLFR- und Gimmie-Plattform immer Zugriff darauf haben. <\/span><\/p>\n<p><span style=\"font-weight: 400\">Im Zusammenhang mit Ihren Scorekarten speichern wir Ihren Standort zum Zeitpunkt des jeweiligen Schlags. Diese Informationen werden verwendet, um Ihnen Ihre Route auf dem Platz zu zeigen und flie\u00dfen in anonyme Statistiken f\u00fcr die Golfpl\u00e4tze ein. <\/span><\/p>\n<p><span style=\"font-weight: 400\">Wenn Sie GLFR und Gimmie verlassen und Ihre Daten l\u00f6schen lassen m\u00f6chten, k\u00f6nnen Sie dies direkt in den Apps tun oder sich an support@glfr.com wenden.<\/span><\/p>\n<h3><b>GLFR Business Benutzer<\/b><\/h3>\n<p><span style=\"font-weight: 400\">Wir speichern Ihre Profilinformationen:<\/span><\/p>\n<ul>\n<li style=\"font-weight: 400\"><span style=\"font-weight: 400\">Vollst\u00e4ndiger Name<\/span><\/li>\n<li style=\"font-weight: 400\"><span style=\"font-weight: 400\">E-Mail<\/span><\/li>\n<li style=\"font-weight: 400\"><span style=\"font-weight: 400\">Club<\/span><\/li>\n<\/ul>\n<p><span style=\"font-weight: 400\">Ihre Profilinformationen k\u00f6nnen direkt von GLFR Business aus aufgerufen und aktualisiert werden.<\/span><\/p>\n<p><span style=\"font-weight: 400\">Ihr Profil und alle damit verbundenen Daten k\u00f6nnen direkt aus GLFR Business gel\u00f6scht werden.<\/span><\/p>\n<h3><b>Alle Benutzer<\/b><\/h3>\n<p><span style=\"font-weight: 400\">Ihre Daten werden niemals an Dritte verkauft oder ohne Ihre ausdr\u00fcckliche Zustimmung direkt f\u00fcr unser Marketing verwendet.<\/span><\/p>\n<p><span style=\"font-weight: 400\">Ihre Daten k\u00f6nnen anonym als Teil gr\u00f6\u00dferer Datens\u00e4tze verwendet werden, um allgemeine Statistiken dar\u00fcber zu erstellen, wie Golfer auf bestimmten L\u00f6chern und Pl\u00e4tzen abschneiden, f\u00fcr Vergleiche zwischen Ihnen und anderen Golfern und als Informationen dar\u00fcber, wie Pl\u00e4tze gespielt werden.<\/span><\/p>\n<h2><b>GLFR Integrationen &#8211; Wohin gehen Ihre Daten?<\/b><\/h2>\n<p><span style=\"font-weight: 400\">GLFR unterst\u00fctzt Integrationen mit nationalen oder regionalen Partnern, so dass Ihre Scorekarten und Ihr Handicap mit den Dachverb\u00e4nden synchronisiert werden k\u00f6nnen. Alle Integrationen sind freiwillig und Sie k\u00f6nnen die Verbindung zu Ihrem Benutzer jederzeit unterbrechen. Im Folgenden finden Sie die einzelnen Bedingungen der verf\u00fcgbaren Integrationen.  <\/span><\/p>\n<h3><b>Integration in die D\u00e4nische Golf Union (DGU)<\/b><\/h3>\n<h4><b>Als GLFR-Benutzer<\/b><\/h4>\n<p><span style=\"font-weight: 400\">Wenn Sie Ihren GLFR-Benutzer mit DGU verbinden, erkl\u00e4ren Sie sich damit einverstanden, dass GLFR und DGU Ihre Profilinformationen sowie Ihr Scorekartenarchiv gemeinsam nutzen. GLFR speichert weder Ihre Anmeldedaten noch pers\u00f6nliche Informationen von DGU, mit Ausnahme einer erstmaligen Synchronisierung Ihres Namens, Ihrer DGU-ID, Ihres Geschlechts, Ihres Geburtstags und Ihres Heimatclubs. Die Verbindung ist in GLFR nur so lange g\u00fcltig, wie Ihre urspr\u00fcngliche Verbindung mit DGU g\u00fcltig ist und Sie k\u00f6nnen die Verbindung jederzeit in der GLFR-App abbrechen.  <\/span><\/p>\n<p><span style=\"font-weight: 400\">GLFR kann Ihren Namen und Ihre DGU-ID verwenden, um anderen GLFR-Benutzern zu erm\u00f6glichen, Sie als Marker f\u00fcr zuk\u00fcnftige Scorekarten oder als Buddy in GLFR zu suchen. Ohne Ihre ausdr\u00fcckliche Zustimmung werden keine Kontaktinformationen an andere GLFR-Nutzer weitergegeben. <\/span><\/p>\n<p><span style=\"font-weight: 400\">GLFR kann Ihr Scorekarten-Archiv verwenden, um andere GLFR-Benutzer als Buddies f\u00fcr Sie vorzuschlagen. Der Vorschlag basiert auf Spielern, die zuvor auf Ihren Scorekarten markiert waren, und enth\u00e4lt nur Benutzer, die bereits als GLFR-Benutzer bei DGU angemeldet sind. Ebenso k\u00f6nnen Sie im Scorekarten-Archiv eines anderen Spielers gefunden und diesem Spieler als Buddy vorgeschlagen werden. Das Scorekarten-Archiv und die Liste der Marker werden nicht in GLFR gespeichert und sind nur zug\u00e4nglich, wenn Sie nach neuen Buddies suchen.   <\/span><\/p>\n<p><span style=\"font-weight: 400\">W\u00e4hrend Sie mit DGU verbunden sind, aktualisieren wir Ihr Handicap automatisch in einem bestimmten Zeitintervall und auf Ihre Anfrage hin aus der DGU-Datenbank. Dies ist die einzige Information, die automatisch von DGU in den GLFR-Datenbanken gespeichert wird.<\/span><\/p>\n<p><span style=\"font-weight: 400\">Wenn Sie sich daf\u00fcr entscheiden, eine Scorekarte von GLFR an die DGU zu \u00fcbermitteln, akzeptieren Sie, dass alle f\u00fcr die Scorekarte relevanten Daten (Benutzerautorisierung, gespielter Platz und Abschlag, Schl\u00e4ge pro Loch und Zeitstempel) an die DGU \u00fcbermittelt werden, die diese Daten gem\u00e4\u00df ihren Servicebedingungen verarbeiten kann.<\/span><\/p>\n<h4><b>Als Markierung f\u00fcr einen GLFR-Benutzer<\/b><\/h4>\n<p><span style=\"font-weight: 400\">Wenn Sie von einem GLFR-Benutzer als Marker f\u00fcr eine Runde hinzugef\u00fcgt werden und sich mit Ihren DGU-Zugangsdaten anmelden, erkl\u00e4ren Sie sich damit einverstanden, dass GLFR und DGU einige Ihrer Profilinformationen weitergeben: Ihren Namen und Ihre DGU-ID, die zur Validierung der Scorekarte verwendet werden. GLFR wird Ihre Anmeldedaten nicht speichern. <\/span><\/p>\n<p><span style=\"font-weight: 400\">GLFR kann Ihren Namen und Ihre DGU-ID verwenden, um anderen GLFR-Nutzern die Suche nach Ihnen als Markierung f\u00fcr zuk\u00fcnftige Scorekarten zu erm\u00f6glichen. Ohne Ihre ausdr\u00fcckliche Zustimmung werden keine Kontaktinformationen an andere GLFR-Nutzer weitergegeben. <\/span><\/p>\n<h3><b>Integration mit dem Norwegischen Golfverband (NGF)<\/b><\/h3>\n<h4><b>Als Gimmie-Benutzer<\/b><\/h4>\n<p><span style=\"font-weight: 400\">Wenn Sie Ihren Gimmie-Benutzer mit NGF verbinden, erkl\u00e4ren Sie sich damit einverstanden, dass Gimmie und NGF Ihre Profilinformationen sowie Ihr Scorekartenarchiv gemeinsam nutzen. Gimmie speichert weder Ihre Anmeldedaten noch pers\u00f6nliche Informationen von NGF, mit Ausnahme einer erstmaligen Synchronisierung Ihres Namens, Ihrer NGF-ID, Ihres Geschlechts, Ihres Geburtstags und Ihres Heimatvereins. Die Verbindung ist in Gimmie nur so lange g\u00fcltig, wie Ihre urspr\u00fcngliche Verbindung mit NGF g\u00fcltig ist und Sie k\u00f6nnen die Verbindung jederzeit in der Gimmie-App abbrechen.  <\/span><\/p>\n<p><span style=\"font-weight: 400\">Gimmie kann Ihren Namen und Ihre NGF-ID verwenden, damit andere Gimmie- und GLFR-Benutzer Sie als Markierung f\u00fcr zuk\u00fcnftige Scorekarten oder als Buddy in Gimmie und GLFR suchen k\u00f6nnen. Ohne Ihre ausdr\u00fcckliche Zustimmung werden keine Kontaktinformationen an andere Gimmie-Nutzer weitergegeben. <\/span><\/p>\n<p><span style=\"font-weight: 400\">Gimmie kann Ihr Scorekarten-Archiv nutzen, um andere Gimmie-Nutzer als Buddies f\u00fcr Sie vorzuschlagen. Der Vorschlag basiert auf Spielern, die zuvor auf Ihren Scorekarten markiert waren, und enth\u00e4lt nur Benutzer, die bereits als Gimmie-Benutzer bei NGF angemeldet sind. Ebenso k\u00f6nnen Sie im Scorekarten-Archiv eines anderen Spielers gefunden und diesem Spieler als Buddy vorgeschlagen werden. Das Scorekarten-Archiv und die Liste der Marker werden nicht in GLFR gespeichert und sind nur zug\u00e4nglich, wenn Sie nach neuen Buddies suchen.   <\/span><\/p>\n<p><span style=\"font-weight: 400\">W\u00e4hrend Sie mit NGF verbunden sind, aktualisieren wir automatisch Ihr Handicap aus der NGF-Datenbank in einem bestimmten Zeitintervall und auf Ihre Anfrage. Dies ist die einzige Information, die automatisch von NGF in den Datenbanken von GLFR und Gimmie gespeichert wird.<\/span><\/p>\n<p><span style=\"font-weight: 400\">Wenn Sie sich daf\u00fcr entscheiden, eine Scorekarte von Gimmie an NGF zu \u00fcbermitteln, akzeptieren Sie, dass alle f\u00fcr die Scorekarte relevanten Daten (Benutzerautorisierung, gespielter Platz und Abschlag, Schl\u00e4ge pro Loch und Zeitstempel) an NGF und GolfBox \u00fcbermittelt werden, die diese Daten gem\u00e4\u00df ihren Servicebedingungen verarbeiten k\u00f6nnen.<\/span><\/p>\n<h3><b>Integration mit der Golf Union of Iceland (GOLF.IS)<\/b><\/h3>\n<h4><b>Als GLFR-Benutzer<\/b><\/h4>\n<p><span style=\"font-weight: 400\">Wenn Sie Ihren GLFR-Benutzer mit GOLF.IS verbinden, willigen Sie ein, dass GLFR und GOLF.IS Ihre Profilinformationen gemeinsam nutzen. GLFR speichert weder Ihre Anmeldedaten noch irgendwelche pers\u00f6nlichen Informationen von GOLF.IS. Die Verbindung ist in GLFR nur so lange g\u00fcltig, wie Ihre urspr\u00fcngliche Verbindung in GOLF.IS g\u00fcltig ist und Sie k\u00f6nnen die Verbindung jederzeit in der GLFR-App abbrechen.  <\/span><\/p>\n<p><span style=\"font-weight: 400\">W\u00e4hrend Sie mit GOLF.IS verbunden sind, aktualisieren wir Ihr Handicap automatisch in einem bestimmten Zeitintervall aus der GOLF.IS-Datenbank. Dies ist die einzige Information, die von GOLF.IS in den GLFR-Datenbanken gespeichert wird.<\/span><\/p>\n<p><span style=\"font-weight: 400\">Wenn Sie sich daf\u00fcr entscheiden, eine Scorekarte von GLFR an GOLF.IS zu \u00fcbermitteln, akzeptieren Sie, dass alle f\u00fcr die Scorekarte relevanten Daten (Benutzerautorisierung, gespielter Platz und Abschlag, Schl\u00e4ge pro Loch und Zeitstempel) an GOLF.IS \u00fcbermittelt werden, die diese Daten gem\u00e4\u00df ihren Servicebedingungen verarbeiten k\u00f6nnen.<\/span><\/p>\n<h2><b>Welche App-Erlaubnis ben\u00f6tigen wir und warum?<\/b><\/h2>\n<h3><b>Standort<\/b><\/h3>\n<p><span style=\"font-weight: 400\">GLFR und Gimmie ben\u00f6tigen Zugriff auf Ihren ungef\u00e4hren und genauen Standort.<\/span><span style=\"font-weight: 400\"><br \/>\n<\/span><span style=\"font-weight: 400\">Der ungef\u00e4hre Standort wird verwendet, um einen effizienten und schnellen Ort f\u00fcr die Pr\u00e4sentation von Kursen in Ihrer N\u00e4he zu finden.<\/span><span style=\"font-weight: 400\"><br \/>\n<\/span><span style=\"font-weight: 400\">Die genaue Position wird w\u00e4hrend einer Golfpartie verwendet, um Ihre Position auf einem Loch anzuzeigen und genaue Entfernungsmessungen auf dem gesamten Platz zu erm\u00f6glichen.<\/span><\/p>\n<h3><b>Ger\u00e4testatus und Identit\u00e4t<\/b><\/h3>\n<p><span style=\"font-weight: 400\">GLFR und Gimmie ben\u00f6tigen Zugriff auf den Status und die Identit\u00e4t Ihres Ger\u00e4ts.<\/span><span style=\"font-weight: 400\"><br \/>\n<\/span><span style=\"font-weight: 400\">Sie wird verwendet, um sicherzustellen, dass die Daten zwischen den Ger\u00e4ten synchronisiert werden k\u00f6nnen, so dass Sie auf einem Ger\u00e4t spielen und Ihren Spielstand auf einem anderen \u00fcberpr\u00fcfen k\u00f6nnen.<\/span><\/p>\n<p><span style=\"font-weight: 400\">Es wird auch verwendet, um sicherzustellen, dass die von den Clubs gesendeten Platz-Status-Nachrichten sicher auf Ihrem Telefon ankommen k\u00f6nnen.<\/span><\/p>\n<h3><b>Speicherung und Mediendateien<\/b><\/h3>\n<p><span style=\"font-weight: 400\">GLFR und Gimmie ben\u00f6tigen Zugriff auf Ihre Speicher- und Mediendateien.<\/span><span style=\"font-weight: 400\"><br \/>\n<\/span><span style=\"font-weight: 400\">Der Zugriff auf Ihren Speicher wird verwendet, um Platzreifekarten lokal auf Ihrem Ger\u00e4t zu speichern, damit Sie eine komplette Golfrunde mit geringer oder ohne Internetverbindung spielen k\u00f6nnen.<\/span><span style=\"font-weight: 400\"><br \/>\n<\/span><span style=\"font-weight: 400\">Auf Ihre Mediendateien wird nur dann zugegriffen, wenn Sie ein Bild zu Ihrem Profil hinzuf\u00fcgen und eines verwenden m\u00f6chten, das bereits aufgenommen wurde.<\/span><\/p>\n<h3><b>Kamera<\/b><\/h3>\n<p><span style=\"font-weight: 400\">GLFR und Gimmie erfordern den Zugriff auf Ihre Kamera.<\/span><span style=\"font-weight: 400\"><br \/>\n<\/span><span style=\"font-weight: 400\">Die Kamera wird nur verwendet, wenn Sie ein neues Bild zu Ihrem Profil hinzuf\u00fcgen.<\/span><\/p>\n<h3><b>Benachrichtigungen<\/b><\/h3>\n<p><span style=\"font-weight: 400\">GLFR und Gimmie ben\u00f6tigen die Erlaubnis, Benachrichtigungen zu senden.<\/span><span style=\"font-weight: 400\"><br \/>\n<\/span><span style=\"font-weight: 400\">Bei den Benachrichtigungen handelt es sich um Nachrichten und Platzstatus von den Golfclubs. Sie werden nur dann an Ihr Ger\u00e4t gesendet, wenn ein Golfclub, dem Sie folgen, einen Beitrag ver\u00f6ffentlicht. Welche Clubs Sie verfolgen und von welchen Sie Benachrichtigungen w\u00fcnschen, k\u00f6nnen Sie in GLFR und Gimmie \u00e4ndern. <\/span><\/p>\n<h3><b>Andere<\/b><\/h3>\n<p><span style=\"font-weight: 400\">GLFR und Gimmie ben\u00f6tigen eine Reihe von anderen Standardberechtigungen, um nahtlos zu funktionieren.<\/span><span style=\"font-weight: 400\"><br \/>\n<\/span><span style=\"font-weight: 400\">Der Zugriff auf und die Informationen \u00fcber Ihre Internetverbindung werden verwendet, um sicherzustellen, dass Sie GLFR und Gimmie auch bei fehlender Verbindung optimal nutzen k\u00f6nnen.<\/span><\/p>\n<\/div><\/div><\/div><\/div><\/div><\/div><\/section>\n","protected":false},"excerpt":{"rendered":"Nutzungsbedingungen und Datenschutzhinweis Aktualisiert &#8211; 2025-06-11 Einf\u00fchrung Die GLFR-Datenschutzhinweise (ToS) gelten f\u00fcr die GLFR-App, die Gimmie-App, my.GLFR.com, GLFR Business (einschlie\u00dflich GLFR Greenkeeper), GLFR.com und\/oder alle damit verbundenen Golfdienstleistungen, die von Ingenium Golf ApS angeboten werden. Datenkontrolleur GLFR von Ingenium Golf \u00c5bogade 15 8200 Aarhus N D\u00e4nemark CVR: 34466491 Mail: info@glfr.com Telefon: +45 71 71 46...","protected":false},"author":2,"featured_media":0,"parent":945,"menu_order":0,"comment_status":"closed","ping_status":"closed","template":"","meta":{"footnotes":""},"class_list":["post-967","page","type-page","status-publish","hentry"],"yoast_head":"<!-- This site is optimized with the Yoast SEO plugin v27.4 - https:\/\/yoast.com\/product\/yoast-seo-wordpress\/ -->\n<title>Allgemeine Gesch\u00e4ftsbedingungen - GLFR<\/title>\n<meta name=\"robots\" content=\"index, follow, max-snippet:-1, max-image-preview:large, max-video-preview:-1\" \/>\n<link rel=\"canonical\" href=\"https:\/\/www.glfr.com\/de\/ueber-glfr\/bedingungen-und-konditionen\/nutzungsbedingungen\/\" \/>\n<meta property=\"og:locale\" content=\"de_DE\" \/>\n<meta property=\"og:type\" content=\"article\" \/>\n<meta property=\"og:title\" content=\"Allgemeine Gesch\u00e4ftsbedingungen - GLFR\" \/>\n<meta property=\"og:url\" content=\"https:\/\/www.glfr.com\/de\/ueber-glfr\/bedingungen-und-konditionen\/nutzungsbedingungen\/\" \/>\n<meta property=\"og:site_name\" content=\"GLFR\" \/>\n<meta property=\"article:modified_time\" content=\"2025-11-20T14:04:00+00:00\" \/>\n<meta name=\"twitter:card\" content=\"summary_large_image\" \/>\n<meta name=\"twitter:label1\" content=\"Gesch\u00e4tzte Lesezeit\" \/>\n\t<meta name=\"twitter:data1\" content=\"9\u00a0Minuten\" \/>\n<script type=\"application\/ld+json\" class=\"yoast-schema-graph\">{\"@context\":\"https:\\\/\\\/schema.org\",\"@graph\":[{\"@type\":\"WebPage\",\"@id\":\"https:\\\/\\\/www.glfr.com\\\/de\\\/ueber-glfr\\\/bedingungen-und-konditionen\\\/nutzungsbedingungen\\\/\",\"url\":\"https:\\\/\\\/www.glfr.com\\\/de\\\/ueber-glfr\\\/bedingungen-und-konditionen\\\/nutzungsbedingungen\\\/\",\"name\":\"Allgemeine Gesch\u00e4ftsbedingungen - GLFR\",\"isPartOf\":{\"@id\":\"https:\\\/\\\/www.glfr.com\\\/de\\\/#website\"},\"datePublished\":\"2024-10-07T07:59:06+00:00\",\"dateModified\":\"2025-11-20T14:04:00+00:00\",\"breadcrumb\":{\"@id\":\"https:\\\/\\\/www.glfr.com\\\/de\\\/ueber-glfr\\\/bedingungen-und-konditionen\\\/nutzungsbedingungen\\\/#breadcrumb\"},\"inLanguage\":\"de\",\"potentialAction\":[{\"@type\":\"ReadAction\",\"target\":[\"https:\\\/\\\/www.glfr.com\\\/de\\\/ueber-glfr\\\/bedingungen-und-konditionen\\\/nutzungsbedingungen\\\/\"]}]},{\"@type\":\"BreadcrumbList\",\"@id\":\"https:\\\/\\\/www.glfr.com\\\/de\\\/ueber-glfr\\\/bedingungen-und-konditionen\\\/nutzungsbedingungen\\\/#breadcrumb\",\"itemListElement\":[{\"@type\":\"ListItem\",\"position\":1,\"name\":\"Home\",\"item\":\"https:\\\/\\\/www.glfr.com\\\/de\\\/home\\\/\"},{\"@type\":\"ListItem\",\"position\":2,\"name\":\"\u00dcber GLFR\",\"item\":\"https:\\\/\\\/www.glfr.com\\\/de\\\/ueber-glfr\\\/\"},{\"@type\":\"ListItem\",\"position\":3,\"name\":\"Bedingungen und Konditionen\",\"item\":\"https:\\\/\\\/www.glfr.com\\\/de\\\/ueber-glfr\\\/bedingungen-und-konditionen\\\/\"},{\"@type\":\"ListItem\",\"position\":4,\"name\":\"Allgemeine Gesch\u00e4ftsbedingungen\"}]},{\"@type\":\"WebSite\",\"@id\":\"https:\\\/\\\/www.glfr.com\\\/de\\\/#website\",\"url\":\"https:\\\/\\\/www.glfr.com\\\/de\\\/\",\"name\":\"GLFR\",\"description\":\"Your Club and Golf App\",\"potentialAction\":[{\"@type\":\"SearchAction\",\"target\":{\"@type\":\"EntryPoint\",\"urlTemplate\":\"https:\\\/\\\/www.glfr.com\\\/de\\\/?s={search_term_string}\"},\"query-input\":{\"@type\":\"PropertyValueSpecification\",\"valueRequired\":true,\"valueName\":\"search_term_string\"}}],\"inLanguage\":\"de\"}]}<\/script>\n<!-- \/ Yoast SEO plugin. -->","yoast_head_json":{"title":"Allgemeine Gesch\u00e4ftsbedingungen - GLFR","robots":{"index":"index","follow":"follow","max-snippet":"max-snippet:-1","max-image-preview":"max-image-preview:large","max-video-preview":"max-video-preview:-1"},"canonical":"https:\/\/www.glfr.com\/de\/ueber-glfr\/bedingungen-und-konditionen\/nutzungsbedingungen\/","og_locale":"de_DE","og_type":"article","og_title":"Allgemeine Gesch\u00e4ftsbedingungen - GLFR","og_url":"https:\/\/www.glfr.com\/de\/ueber-glfr\/bedingungen-und-konditionen\/nutzungsbedingungen\/","og_site_name":"GLFR","article_modified_time":"2025-11-20T14:04:00+00:00","twitter_card":"summary_large_image","twitter_misc":{"Gesch\u00e4tzte Lesezeit":"9\u00a0Minuten"},"schema":{"@context":"https:\/\/schema.org","@graph":[{"@type":"WebPage","@id":"https:\/\/www.glfr.com\/de\/ueber-glfr\/bedingungen-und-konditionen\/nutzungsbedingungen\/","url":"https:\/\/www.glfr.com\/de\/ueber-glfr\/bedingungen-und-konditionen\/nutzungsbedingungen\/","name":"Allgemeine Gesch\u00e4ftsbedingungen - GLFR","isPartOf":{"@id":"https:\/\/www.glfr.com\/de\/#website"},"datePublished":"2024-10-07T07:59:06+00:00","dateModified":"2025-11-20T14:04:00+00:00","breadcrumb":{"@id":"https:\/\/www.glfr.com\/de\/ueber-glfr\/bedingungen-und-konditionen\/nutzungsbedingungen\/#breadcrumb"},"inLanguage":"de","potentialAction":[{"@type":"ReadAction","target":["https:\/\/www.glfr.com\/de\/ueber-glfr\/bedingungen-und-konditionen\/nutzungsbedingungen\/"]}]},{"@type":"BreadcrumbList","@id":"https:\/\/www.glfr.com\/de\/ueber-glfr\/bedingungen-und-konditionen\/nutzungsbedingungen\/#breadcrumb","itemListElement":[{"@type":"ListItem","position":1,"name":"Home","item":"https:\/\/www.glfr.com\/de\/home\/"},{"@type":"ListItem","position":2,"name":"\u00dcber GLFR","item":"https:\/\/www.glfr.com\/de\/ueber-glfr\/"},{"@type":"ListItem","position":3,"name":"Bedingungen und Konditionen","item":"https:\/\/www.glfr.com\/de\/ueber-glfr\/bedingungen-und-konditionen\/"},{"@type":"ListItem","position":4,"name":"Allgemeine Gesch\u00e4ftsbedingungen"}]},{"@type":"WebSite","@id":"https:\/\/www.glfr.com\/de\/#website","url":"https:\/\/www.glfr.com\/de\/","name":"GLFR","description":"Your Club and Golf App","potentialAction":[{"@type":"SearchAction","target":{"@type":"EntryPoint","urlTemplate":"https:\/\/www.glfr.com\/de\/?s={search_term_string}"},"query-input":{"@type":"PropertyValueSpecification","valueRequired":true,"valueName":"search_term_string"}}],"inLanguage":"de"}]}},"_links":{"self":[{"href":"https:\/\/www.glfr.com\/de\/wp-json\/wp\/v2\/pages\/967","targetHints":{"allow":["GET"]}}],"collection":[{"href":"https:\/\/www.glfr.com\/de\/wp-json\/wp\/v2\/pages"}],"about":[{"href":"https:\/\/www.glfr.com\/de\/wp-json\/wp\/v2\/types\/page"}],"author":[{"embeddable":true,"href":"https:\/\/www.glfr.com\/de\/wp-json\/wp\/v2\/users\/2"}],"replies":[{"embeddable":true,"href":"https:\/\/www.glfr.com\/de\/wp-json\/wp\/v2\/comments?post=967"}],"version-history":[{"count":4,"href":"https:\/\/www.glfr.com\/de\/wp-json\/wp\/v2\/pages\/967\/revisions"}],"predecessor-version":[{"id":971,"href":"https:\/\/www.glfr.com\/de\/wp-json\/wp\/v2\/pages\/967\/revisions\/971"}],"up":[{"embeddable":true,"href":"https:\/\/www.glfr.com\/de\/wp-json\/wp\/v2\/pages\/945"}],"wp:attachment":[{"href":"https:\/\/www.glfr.com\/de\/wp-json\/wp\/v2\/media?parent=967"}],"curies":[{"name":"wp","href":"https:\/\/api.w.org\/{rel}","templated":true}]}}