{"id":945,"date":"2024-10-07T08:58:01","date_gmt":"2024-10-07T07:58:01","guid":{"rendered":"https:\/\/www.glfr.com\/ueber-glfr\/bedingungen-und-konditionen\/"},"modified":"2025-12-04T14:35:06","modified_gmt":"2025-12-04T13:35:06","slug":"bedingungen-und-konditionen","status":"publish","type":"page","link":"https:\/\/www.glfr.com\/de\/ueber-glfr\/bedingungen-und-konditionen\/","title":{"rendered":"Bedingungen und Konditionen"},"content":{"rendered":"<section class=\"l-section wpb_row height_medium\"><div class=\"l-section-h i-cf\"><div class=\"g-cols vc_row via_grid cols_1 laptops-cols_inherit tablets-cols_inherit mobiles-cols_1 valign_top type_default stacking_default\"><div class=\"wpb_column vc_column_container\"><div class=\"vc_column-inner\"><div class=\"wpb_text_column\"><div class=\"wpb_wrapper\"><h1><span style=\"color: #000000;\">Bedingungen und Konditionen<\/span><\/h1>\n<\/div><\/div><\/div><\/div><\/div><\/div><\/section><section class=\"l-section wpb_row height_medium\"><div class=\"l-section-h i-cf\"><div class=\"g-cols vc_row via_grid cols_2 laptops-cols_inherit tablets-cols_inherit mobiles-cols_1 valign_top type_default stacking_default\"><div class=\"wpb_column vc_column_container\"><div class=\"vc_column-inner\"><div class=\"wpb_text_column\"><div class=\"wpb_wrapper\"><h3>GLFR Datenschutz &amp; Nutzungsbedingungen<\/h3>\n<\/div><\/div><div class=\"wpb_text_column\"><div class=\"wpb_wrapper\"><p>Diese Datenschutzhinweise und Nutzungsbedingungen (ToS) gelten f\u00fcr die GLFR-App, my.GLFR.com, GLFR Business, GLFR.com und\/oder alle damit verbundenen Golfdienstleistungen, die von Ingenium Golf ApS angeboten werden.<\/p>\n<p><a href=\"https:\/\/www.glfr.com\/de\/ueber-glfr\/bedingungen-und-konditionen\/nutzungsbedingungen\/\">Lesen Sie die Bedingungen hier<\/a><\/p>\n<\/div><\/div><\/div><\/div><div class=\"wpb_column vc_column_container\"><div class=\"vc_column-inner\"><div class=\"wpb_text_column\"><div class=\"wpb_wrapper\"><h3>Allgemeine Gesch\u00e4ftsbedingungen<\/h3>\n<\/div><\/div><div class=\"wpb_text_column\"><div class=\"wpb_wrapper\"><p>Diese Allgemeinen Gesch\u00e4ftsbedingungen (AGB) gelten f\u00fcr Golf Club Kunden von Ingenium Golf ApS und die Bereitstellung von Anwendungen und Webdiensten f\u00fcr den Kunden sowie f\u00fcr alle relevanten Abonnements.<\/p>\n<p><a href=\"https:\/\/www.glfr.com\/de\/ueber-glfr\/bedingungen-und-konditionen\/geschaeftsbedingungen\/\">Lesen Sie die Bedingungen hier<\/a><\/p>\n<\/div><\/div><\/div><\/div><\/div><\/div><\/section>\n","protected":false},"excerpt":{"rendered":"Bedingungen und Konditionen GLFR Datenschutz &amp; Nutzungsbedingungen Diese Datenschutzhinweise und Nutzungsbedingungen (ToS) gelten f\u00fcr die GLFR-App, my.GLFR.com, GLFR Business, GLFR.com und\/oder alle damit verbundenen Golfdienstleistungen, die von Ingenium Golf ApS angeboten werden. Lesen Sie die Bedingungen hier Allgemeine Gesch\u00e4ftsbedingungen Diese Allgemeinen Gesch\u00e4ftsbedingungen (AGB) gelten f\u00fcr Golf Club Kunden von Ingenium Golf ApS und die Bereitstellung...","protected":false},"author":2,"featured_media":0,"parent":938,"menu_order":0,"comment_status":"closed","ping_status":"closed","template":"","meta":{"footnotes":""},"class_list":["post-945","page","type-page","status-publish","hentry"],"yoast_head":"<!-- This site is optimized with the Yoast SEO plugin v27.4 - https:\/\/yoast.com\/product\/yoast-seo-wordpress\/ -->\n<title>Bedingungen und Konditionen - GLFR<\/title>\n<meta name=\"robots\" content=\"index, follow, max-snippet:-1, max-image-preview:large, max-video-preview:-1\" \/>\n<link rel=\"canonical\" href=\"https:\/\/www.glfr.com\/de\/ueber-glfr\/bedingungen-und-konditionen\/\" \/>\n<meta property=\"og:locale\" content=\"de_DE\" \/>\n<meta property=\"og:type\" content=\"article\" \/>\n<meta property=\"og:title\" content=\"Bedingungen und Konditionen - GLFR\" \/>\n<meta property=\"og:url\" content=\"https:\/\/www.glfr.com\/de\/ueber-glfr\/bedingungen-und-konditionen\/\" \/>\n<meta property=\"og:site_name\" content=\"GLFR\" \/>\n<meta property=\"article:modified_time\" content=\"2025-12-04T13:35:06+00:00\" \/>\n<meta name=\"twitter:card\" content=\"summary_large_image\" \/>\n<meta name=\"twitter:label1\" content=\"Gesch\u00e4tzte Lesezeit\" \/>\n\t<meta name=\"twitter:data1\" content=\"1\u00a0Minute\" \/>\n<script type=\"application\/ld+json\" class=\"yoast-schema-graph\">{\"@context\":\"https:\\\/\\\/schema.org\",\"@graph\":[{\"@type\":\"WebPage\",\"@id\":\"https:\\\/\\\/www.glfr.com\\\/de\\\/ueber-glfr\\\/bedingungen-und-konditionen\\\/\",\"url\":\"https:\\\/\\\/www.glfr.com\\\/de\\\/ueber-glfr\\\/bedingungen-und-konditionen\\\/\",\"name\":\"Bedingungen und Konditionen - GLFR\",\"isPartOf\":{\"@id\":\"https:\\\/\\\/www.glfr.com\\\/de\\\/#website\"},\"datePublished\":\"2024-10-07T07:58:01+00:00\",\"dateModified\":\"2025-12-04T13:35:06+00:00\",\"breadcrumb\":{\"@id\":\"https:\\\/\\\/www.glfr.com\\\/de\\\/ueber-glfr\\\/bedingungen-und-konditionen\\\/#breadcrumb\"},\"inLanguage\":\"de\",\"potentialAction\":[{\"@type\":\"ReadAction\",\"target\":[\"https:\\\/\\\/www.glfr.com\\\/de\\\/ueber-glfr\\\/bedingungen-und-konditionen\\\/\"]}]},{\"@type\":\"BreadcrumbList\",\"@id\":\"https:\\\/\\\/www.glfr.com\\\/de\\\/ueber-glfr\\\/bedingungen-und-konditionen\\\/#breadcrumb\",\"itemListElement\":[{\"@type\":\"ListItem\",\"position\":1,\"name\":\"Home\",\"item\":\"https:\\\/\\\/www.glfr.com\\\/de\\\/home\\\/\"},{\"@type\":\"ListItem\",\"position\":2,\"name\":\"\u00dcber GLFR\",\"item\":\"https:\\\/\\\/www.glfr.com\\\/de\\\/ueber-glfr\\\/\"},{\"@type\":\"ListItem\",\"position\":3,\"name\":\"Bedingungen und Konditionen\"}]},{\"@type\":\"WebSite\",\"@id\":\"https:\\\/\\\/www.glfr.com\\\/de\\\/#website\",\"url\":\"https:\\\/\\\/www.glfr.com\\\/de\\\/\",\"name\":\"GLFR\",\"description\":\"Your Club and Golf App\",\"potentialAction\":[{\"@type\":\"SearchAction\",\"target\":{\"@type\":\"EntryPoint\",\"urlTemplate\":\"https:\\\/\\\/www.glfr.com\\\/de\\\/?s={search_term_string}\"},\"query-input\":{\"@type\":\"PropertyValueSpecification\",\"valueRequired\":true,\"valueName\":\"search_term_string\"}}],\"inLanguage\":\"de\"}]}<\/script>\n<!-- \/ Yoast SEO plugin. -->","yoast_head_json":{"title":"Bedingungen und Konditionen - GLFR","robots":{"index":"index","follow":"follow","max-snippet":"max-snippet:-1","max-image-preview":"max-image-preview:large","max-video-preview":"max-video-preview:-1"},"canonical":"https:\/\/www.glfr.com\/de\/ueber-glfr\/bedingungen-und-konditionen\/","og_locale":"de_DE","og_type":"article","og_title":"Bedingungen und Konditionen - GLFR","og_url":"https:\/\/www.glfr.com\/de\/ueber-glfr\/bedingungen-und-konditionen\/","og_site_name":"GLFR","article_modified_time":"2025-12-04T13:35:06+00:00","twitter_card":"summary_large_image","twitter_misc":{"Gesch\u00e4tzte Lesezeit":"1\u00a0Minute"},"schema":{"@context":"https:\/\/schema.org","@graph":[{"@type":"WebPage","@id":"https:\/\/www.glfr.com\/de\/ueber-glfr\/bedingungen-und-konditionen\/","url":"https:\/\/www.glfr.com\/de\/ueber-glfr\/bedingungen-und-konditionen\/","name":"Bedingungen und Konditionen - GLFR","isPartOf":{"@id":"https:\/\/www.glfr.com\/de\/#website"},"datePublished":"2024-10-07T07:58:01+00:00","dateModified":"2025-12-04T13:35:06+00:00","breadcrumb":{"@id":"https:\/\/www.glfr.com\/de\/ueber-glfr\/bedingungen-und-konditionen\/#breadcrumb"},"inLanguage":"de","potentialAction":[{"@type":"ReadAction","target":["https:\/\/www.glfr.com\/de\/ueber-glfr\/bedingungen-und-konditionen\/"]}]},{"@type":"BreadcrumbList","@id":"https:\/\/www.glfr.com\/de\/ueber-glfr\/bedingungen-und-konditionen\/#breadcrumb","itemListElement":[{"@type":"ListItem","position":1,"name":"Home","item":"https:\/\/www.glfr.com\/de\/home\/"},{"@type":"ListItem","position":2,"name":"\u00dcber GLFR","item":"https:\/\/www.glfr.com\/de\/ueber-glfr\/"},{"@type":"ListItem","position":3,"name":"Bedingungen und Konditionen"}]},{"@type":"WebSite","@id":"https:\/\/www.glfr.com\/de\/#website","url":"https:\/\/www.glfr.com\/de\/","name":"GLFR","description":"Your Club and Golf App","potentialAction":[{"@type":"SearchAction","target":{"@type":"EntryPoint","urlTemplate":"https:\/\/www.glfr.com\/de\/?s={search_term_string}"},"query-input":{"@type":"PropertyValueSpecification","valueRequired":true,"valueName":"search_term_string"}}],"inLanguage":"de"}]}},"_links":{"self":[{"href":"https:\/\/www.glfr.com\/de\/wp-json\/wp\/v2\/pages\/945","targetHints":{"allow":["GET"]}}],"collection":[{"href":"https:\/\/www.glfr.com\/de\/wp-json\/wp\/v2\/pages"}],"about":[{"href":"https:\/\/www.glfr.com\/de\/wp-json\/wp\/v2\/types\/page"}],"author":[{"embeddable":true,"href":"https:\/\/www.glfr.com\/de\/wp-json\/wp\/v2\/users\/2"}],"replies":[{"embeddable":true,"href":"https:\/\/www.glfr.com\/de\/wp-json\/wp\/v2\/comments?post=945"}],"version-history":[{"count":10,"href":"https:\/\/www.glfr.com\/de\/wp-json\/wp\/v2\/pages\/945\/revisions"}],"predecessor-version":[{"id":1426,"href":"https:\/\/www.glfr.com\/de\/wp-json\/wp\/v2\/pages\/945\/revisions\/1426"}],"up":[{"embeddable":true,"href":"https:\/\/www.glfr.com\/de\/wp-json\/wp\/v2\/pages\/938"}],"wp:attachment":[{"href":"https:\/\/www.glfr.com\/de\/wp-json\/wp\/v2\/media?parent=945"}],"curies":[{"name":"wp","href":"https:\/\/api.w.org\/{rel}","templated":true}]}}