{"id":942,"date":"2025-02-19T12:29:13","date_gmt":"2025-02-19T11:29:13","guid":{"rendered":"https:\/\/www.glfr.com\/ueber-glfr\/rechtlicher-hinweis\/"},"modified":"2025-11-20T15:00:02","modified_gmt":"2025-11-20T14:00:02","slug":"rechtlicher-hinweis","status":"publish","type":"page","link":"https:\/\/www.glfr.com\/de\/ueber-glfr\/rechtlicher-hinweis\/","title":{"rendered":"Rechtlicher Hinweis"},"content":{"rendered":"<section class=\"l-section wpb_row height_medium\"><div class=\"l-section-h i-cf\"><div class=\"g-cols vc_row via_grid cols_1 laptops-cols_inherit tablets-cols_inherit mobiles-cols_1 valign_top type_default stacking_default\"><div class=\"wpb_column vc_column_container\"><div class=\"vc_column-inner\"><div class=\"wpb_text_column\"><div class=\"wpb_wrapper\"><h1 style=\"text-align: center;\">Impressum<\/h1>\n<h2 style=\"text-align: center;\">Informationen nach EU-Recht und \u00a7 5 Telemediengesetz (TMG)<\/h2>\n<p style=\"text-align: center;\"><span style=\"font-weight: 400;\">GLFR von Ingenium Golf ApS<\/span><span style=\"font-weight: 400;\"><br \/>\n<\/span><span style=\"font-weight: 400;\">Aabogade 15<\/span><span style=\"font-weight: 400;\"><br \/>\n<\/span><span style=\"font-weight: 400;\">8200 Aarhus N, D\u00e4nemark<\/span><\/p>\n<h2 style=\"text-align: center;\">Vertreten durch<\/h2>\n<p style=\"text-align: center;\"><span style=\"font-weight: 400;\">CEO Hans Henrik Junge<\/span><span style=\"font-weight: 400;\"><br \/>\n<\/span><span style=\"font-weight: 400;\">CIO Jacob Schr\u00f8der Markussen<\/span><span style=\"font-weight: 400;\"><br \/>\n<\/span><span style=\"font-weight: 400;\">Verkaufsleiter Casper Jacobsen<\/span><\/p>\n<h2 style=\"text-align: center;\">Kontakt<\/h2>\n<p style=\"text-align: center;\"><span style=\"font-weight: 400;\">Telefon: +45 7171 4646<\/span><span style=\"font-weight: 400;\"><br \/>\n<\/span><span style=\"font-weight: 400;\">E-Mail: support@glfr.com<\/span><\/p>\n<h2 style=\"text-align: center;\">Eintrag registrieren<\/h2>\n<p style=\"text-align: center;\"><span style=\"font-weight: 400;\">Eintrag im d\u00e4nischen Unternehmensregister (www.virk.dk).<\/span><span style=\"font-weight: 400;\"><br \/>\n<\/span><span style=\"font-weight: 400;\">Registrierungsnummer: 34466491<\/span><\/p>\n<h2 style=\"text-align: center;\">MEHRWERTSTEUER &amp; D-U-N-S<\/h2>\n<p style=\"text-align: center;\"><span style=\"font-weight: 400;\">D\u00e4nische Umsatzsteuer-ID:<\/span><span style=\"font-weight: 400;\"><br \/>\n<\/span><span style=\"font-weight: 400;\">DK 34466491<\/span><\/p>\n<p style=\"text-align: center;\">D-U-N-S:<br \/>\n305333289<\/p>\n<h2 style=\"text-align: center;\">Verantwortlich f\u00fcr den Inhalt nach EU-Recht und \u00a7 55, Abs. 2 Rundfunkstaatsvertrag (RstV) <\/h2>\n<p style=\"text-align: center;\"><strong>Vorsitzender des Vorstandes<\/strong><span style=\"font-weight: 400;\"><br \/>\n<\/span><span style=\"font-weight: 400;\">Robert Jacob Holm<\/span><span style=\"font-weight: 400;\"><br \/>\n<\/span><span style=\"font-weight: 400;\">N\u00e6rum Hovedgade 86<\/span><span style=\"font-weight: 400;\"><br \/>\n<\/span><span style=\"font-weight: 400;\">2850 N\u00e6rum, D\u00e4nemark<\/span><\/p>\n<h2 style=\"text-align: center;\">Streitschlichtung<\/h2>\n<p style=\"text-align: center;\"><span style=\"font-weight: 400;\">Wir nehmen nicht an Online-Streitbeilegungsverfahren bei Verbraucherschlichtungsstellen teil.<\/span><\/p>\n<h2 style=\"text-align: center;\">Haftung f\u00fcr Inhalte<\/h2>\n<p style=\"text-align: center;\"><span style=\"font-weight: 400;\">Als Dienstanbieter sind wir gem\u00e4\u00df \u00a7 7 Abs.1 TMG f\u00fcr eigene Inhalte auf diesen Seiten nach den allgemeinen Gesetzen verantwortlich. Nach \u00a7\u00a7 8 bis 10 TMG sind wir als Diensteanbieter jedoch nicht verpflichtet, \u00fcbermittelte oder gespeicherte fremde Informationen zu \u00fcberwachen oder nach Umst\u00e4nden zu forschen, die auf eine rechtswidrige T\u00e4tigkeit hinweisen. <\/span><\/p>\n<p style=\"text-align: center;\"><span style=\"font-weight: 400;\">Gesetzliche Verpflichtungen zur Entfernung von Informationen oder zur Sperrung der Nutzung von Informationen bleiben hiervon unber\u00fchrt. Eine Haftung ist in diesem Fall erst ab dem Zeitpunkt der Kenntnis einer konkreten Rechtsverletzung m\u00f6glich. Bei Bekanntwerden von Rechtsverletzungen werden wir diese Inhalte umgehend entfernen.  <\/span><\/p>\n<h2 style=\"text-align: center;\">Haftung f\u00fcr Links<\/h2>\n<p style=\"text-align: center;\"><span style=\"font-weight: 400;\">Unser Angebot enth\u00e4lt Links zu externen Webseiten Dritter. Auf die Inhalte dieser Websites haben wir keinen Einfluss, daher k\u00f6nnen wir f\u00fcr diese Inhalte auch keine Gew\u00e4hr \u00fcbernehmen. F\u00fcr die Inhalte der verlinkten Seiten ist stets der jeweilige Anbieter oder Betreiber der Seiten verantwortlich.  <\/span><\/p>\n<p style=\"text-align: center;\"><span style=\"font-weight: 400;\">Die verlinkten Seiten wurden zum Zeitpunkt der Verlinkung auf m\u00f6gliche Rechtsverst\u00f6\u00dfe \u00fcberpr\u00fcft. Rechtswidrige Inhalte waren zum Zeitpunkt der Verlinkung nicht erkennbar. Eine permanente inhaltliche Kontrolle der verlinkten Seiten ist jedoch ohne konkrete Anhaltspunkte einer Rechtsverletzung nicht zumutbar. Bei Bekanntwerden von Rechtsverletzungen werden wir derartige Links umgehend entfernen.   <\/span><\/p>\n<h2 style=\"text-align: center;\">Copyright<\/h2>\n<p style=\"text-align: center;\"><span style=\"font-weight: 400;\">Die von den Anbietern auf diesen Websites ver\u00f6ffentlichten Inhalte und Zusammenstellungen unterliegen dem EU-Urheberrecht. Die Vervielf\u00e4ltigung, Bearbeitung, Verbreitung und jede Art der Verwertung au\u00dferhalb der Grenzen des Urheberrechtes bed\u00fcrfen der schriftlichen Zustimmung des jeweiligen Autors bzw. Erstellers. Downloads und Kopien dieser Webseiten sind nicht gestattet.  <\/span><span style=\"font-weight: 400;\"><br \/>\n<\/span><span style=\"font-weight: 400;\">Die kommerzielle Nutzung unserer Inhalte ohne Genehmigung des Urhebers ist untersagt.<\/span><\/p>\n<p style=\"text-align: center;\"><span style=\"font-weight: 400;\">Die Urheberrechte Dritter werden beachtet, sofern die Inhalte dieser Websites nicht vom Anbieter selbst stammen. Beitr\u00e4ge Dritter sind auf dieser Seite als solche gekennzeichnet. Sollten Sie dennoch Verst\u00f6\u00dfe gegen das Urheberrecht feststellen, informieren Sie uns bitte. Solche Inhalte werden dann umgehend entfernt.   <\/span><\/p>\n<p style=\"text-align: center;\"><span style=\"font-weight: 400;\"><strong>Webmaster<\/strong><br \/>\n<\/span><span style=\"font-weight: 400;\">Jacob Schr\u00f8der Markussen<\/span><\/p>\n<\/div><\/div><\/div><\/div><\/div><\/div><\/section>\n","protected":false},"excerpt":{"rendered":"Impressum Informationen nach EU-Recht und \u00a7 5 Telemediengesetz (TMG) GLFR von Ingenium Golf ApS Aabogade 15 8200 Aarhus N, D\u00e4nemark Vertreten durch CEO Hans Henrik Junge CIO Jacob Schr\u00f8der Markussen Verkaufsleiter Casper Jacobsen Kontakt Telefon: +45 7171 4646 E-Mail: support@glfr.com Eintrag registrieren Eintrag im d\u00e4nischen Unternehmensregister (www.virk.dk). Registrierungsnummer: 34466491 MEHRWERTSTEUER &amp; D-U-N-S D\u00e4nische Umsatzsteuer-ID: DK...","protected":false},"author":1,"featured_media":0,"parent":938,"menu_order":0,"comment_status":"closed","ping_status":"closed","template":"","meta":{"footnotes":""},"class_list":["post-942","page","type-page","status-publish","hentry"],"yoast_head":"<!-- This site is optimized with the Yoast SEO plugin v27.2 - https:\/\/yoast.com\/product\/yoast-seo-wordpress\/ -->\n<title>Rechtlicher Hinweis - GLFR<\/title>\n<meta name=\"description\" content=\"Rechtliche Informationen \u00fcber GLFR by Ingenium Golf ApS\" \/>\n<meta name=\"robots\" content=\"index, follow, max-snippet:-1, max-image-preview:large, max-video-preview:-1\" \/>\n<link rel=\"canonical\" href=\"https:\/\/www.glfr.com\/de\/ueber-glfr\/rechtlicher-hinweis\/\" \/>\n<meta property=\"og:locale\" content=\"de_DE\" \/>\n<meta property=\"og:type\" content=\"article\" \/>\n<meta property=\"og:title\" content=\"Rechtlicher Hinweis - GLFR\" \/>\n<meta property=\"og:description\" content=\"Rechtliche Informationen \u00fcber GLFR by Ingenium Golf ApS\" \/>\n<meta property=\"og:url\" content=\"https:\/\/www.glfr.com\/de\/ueber-glfr\/rechtlicher-hinweis\/\" \/>\n<meta property=\"og:site_name\" content=\"GLFR\" \/>\n<meta property=\"article:modified_time\" content=\"2025-11-20T14:00:02+00:00\" \/>\n<meta name=\"twitter:card\" content=\"summary_large_image\" \/>\n<meta name=\"twitter:label1\" content=\"Gesch\u00e4tzte Lesezeit\" \/>\n\t<meta name=\"twitter:data1\" content=\"2\u00a0Minuten\" \/>\n<script type=\"application\/ld+json\" class=\"yoast-schema-graph\">{\"@context\":\"https:\/\/schema.org\",\"@graph\":[{\"@type\":\"WebPage\",\"@id\":\"https:\/\/www.glfr.com\/de\/ueber-glfr\/rechtlicher-hinweis\/\",\"url\":\"https:\/\/www.glfr.com\/de\/ueber-glfr\/rechtlicher-hinweis\/\",\"name\":\"Rechtlicher Hinweis - GLFR\",\"isPartOf\":{\"@id\":\"https:\/\/www.glfr.com\/de\/#website\"},\"datePublished\":\"2025-02-19T11:29:13+00:00\",\"dateModified\":\"2025-11-20T14:00:02+00:00\",\"description\":\"Rechtliche Informationen \u00fcber GLFR by Ingenium Golf ApS\",\"breadcrumb\":{\"@id\":\"https:\/\/www.glfr.com\/de\/ueber-glfr\/rechtlicher-hinweis\/#breadcrumb\"},\"inLanguage\":\"de\",\"potentialAction\":[{\"@type\":\"ReadAction\",\"target\":[\"https:\/\/www.glfr.com\/de\/ueber-glfr\/rechtlicher-hinweis\/\"]}]},{\"@type\":\"BreadcrumbList\",\"@id\":\"https:\/\/www.glfr.com\/de\/ueber-glfr\/rechtlicher-hinweis\/#breadcrumb\",\"itemListElement\":[{\"@type\":\"ListItem\",\"position\":1,\"name\":\"Home\",\"item\":\"https:\/\/www.glfr.com\/de\/home\/\"},{\"@type\":\"ListItem\",\"position\":2,\"name\":\"\u00dcber GLFR\",\"item\":\"https:\/\/www.glfr.com\/de\/ueber-glfr\/\"},{\"@type\":\"ListItem\",\"position\":3,\"name\":\"Rechtlicher Hinweis\"}]},{\"@type\":\"WebSite\",\"@id\":\"https:\/\/www.glfr.com\/de\/#website\",\"url\":\"https:\/\/www.glfr.com\/de\/\",\"name\":\"GLFR\",\"description\":\"Your Club and Golf App\",\"potentialAction\":[{\"@type\":\"SearchAction\",\"target\":{\"@type\":\"EntryPoint\",\"urlTemplate\":\"https:\/\/www.glfr.com\/de\/?s={search_term_string}\"},\"query-input\":{\"@type\":\"PropertyValueSpecification\",\"valueRequired\":true,\"valueName\":\"search_term_string\"}}],\"inLanguage\":\"de\"}]}<\/script>\n<!-- \/ Yoast SEO plugin. -->","yoast_head_json":{"title":"Rechtlicher Hinweis - GLFR","description":"Rechtliche Informationen \u00fcber GLFR by Ingenium Golf ApS","robots":{"index":"index","follow":"follow","max-snippet":"max-snippet:-1","max-image-preview":"max-image-preview:large","max-video-preview":"max-video-preview:-1"},"canonical":"https:\/\/www.glfr.com\/de\/ueber-glfr\/rechtlicher-hinweis\/","og_locale":"de_DE","og_type":"article","og_title":"Rechtlicher Hinweis - GLFR","og_description":"Rechtliche Informationen \u00fcber GLFR by Ingenium Golf ApS","og_url":"https:\/\/www.glfr.com\/de\/ueber-glfr\/rechtlicher-hinweis\/","og_site_name":"GLFR","article_modified_time":"2025-11-20T14:00:02+00:00","twitter_card":"summary_large_image","twitter_misc":{"Gesch\u00e4tzte Lesezeit":"2\u00a0Minuten"},"schema":{"@context":"https:\/\/schema.org","@graph":[{"@type":"WebPage","@id":"https:\/\/www.glfr.com\/de\/ueber-glfr\/rechtlicher-hinweis\/","url":"https:\/\/www.glfr.com\/de\/ueber-glfr\/rechtlicher-hinweis\/","name":"Rechtlicher Hinweis - GLFR","isPartOf":{"@id":"https:\/\/www.glfr.com\/de\/#website"},"datePublished":"2025-02-19T11:29:13+00:00","dateModified":"2025-11-20T14:00:02+00:00","description":"Rechtliche Informationen \u00fcber GLFR by Ingenium Golf ApS","breadcrumb":{"@id":"https:\/\/www.glfr.com\/de\/ueber-glfr\/rechtlicher-hinweis\/#breadcrumb"},"inLanguage":"de","potentialAction":[{"@type":"ReadAction","target":["https:\/\/www.glfr.com\/de\/ueber-glfr\/rechtlicher-hinweis\/"]}]},{"@type":"BreadcrumbList","@id":"https:\/\/www.glfr.com\/de\/ueber-glfr\/rechtlicher-hinweis\/#breadcrumb","itemListElement":[{"@type":"ListItem","position":1,"name":"Home","item":"https:\/\/www.glfr.com\/de\/home\/"},{"@type":"ListItem","position":2,"name":"\u00dcber GLFR","item":"https:\/\/www.glfr.com\/de\/ueber-glfr\/"},{"@type":"ListItem","position":3,"name":"Rechtlicher Hinweis"}]},{"@type":"WebSite","@id":"https:\/\/www.glfr.com\/de\/#website","url":"https:\/\/www.glfr.com\/de\/","name":"GLFR","description":"Your Club and Golf App","potentialAction":[{"@type":"SearchAction","target":{"@type":"EntryPoint","urlTemplate":"https:\/\/www.glfr.com\/de\/?s={search_term_string}"},"query-input":{"@type":"PropertyValueSpecification","valueRequired":true,"valueName":"search_term_string"}}],"inLanguage":"de"}]}},"_links":{"self":[{"href":"https:\/\/www.glfr.com\/de\/wp-json\/wp\/v2\/pages\/942","targetHints":{"allow":["GET"]}}],"collection":[{"href":"https:\/\/www.glfr.com\/de\/wp-json\/wp\/v2\/pages"}],"about":[{"href":"https:\/\/www.glfr.com\/de\/wp-json\/wp\/v2\/types\/page"}],"author":[{"embeddable":true,"href":"https:\/\/www.glfr.com\/de\/wp-json\/wp\/v2\/users\/1"}],"replies":[{"embeddable":true,"href":"https:\/\/www.glfr.com\/de\/wp-json\/wp\/v2\/comments?post=942"}],"version-history":[{"count":5,"href":"https:\/\/www.glfr.com\/de\/wp-json\/wp\/v2\/pages\/942\/revisions"}],"predecessor-version":[{"id":954,"href":"https:\/\/www.glfr.com\/de\/wp-json\/wp\/v2\/pages\/942\/revisions\/954"}],"up":[{"embeddable":true,"href":"https:\/\/www.glfr.com\/de\/wp-json\/wp\/v2\/pages\/938"}],"wp:attachment":[{"href":"https:\/\/www.glfr.com\/de\/wp-json\/wp\/v2\/media?parent=942"}],"curies":[{"name":"wp","href":"https:\/\/api.w.org\/{rel}","templated":true}]}}