{"id":1694,"date":"2026-04-19T18:33:40","date_gmt":"2026-04-19T17:33:40","guid":{"rendered":"https:\/\/www.glfr.com\/fuer-clubs\/preis\/"},"modified":"2026-04-20T15:01:18","modified_gmt":"2026-04-20T14:01:18","slug":"preis","status":"publish","type":"page","link":"https:\/\/www.glfr.com\/de\/fuer-clubs\/preis\/","title":{"rendered":"Preisgestaltung"},"content":{"rendered":"<section class=\"l-section wpb_row height_medium\"><div class=\"l-section-h i-cf\"><div class=\"g-cols vc_row via_grid cols_1 laptops-cols_inherit tablets-cols_inherit mobiles-cols_1 valign_top type_default stacking_default\"><div class=\"wpb_column vc_column_container\"><div class=\"vc_column-inner\"><div class=\"wpb_text_column\"><div class=\"wpb_wrapper\"><h1 style=\"text-align: center;\">Flexibles Preismodell<br \/>\n, das Ihren Bed\u00fcrfnissen entspricht<\/h1>\n<\/div><\/div><div class=\"wpb_text_column\"><div class=\"wpb_wrapper\"><p style=\"text-align: center;\">W\u00e4hlen Sie die Pakete und Module, die Ihren Bed\u00fcrfnissen entsprechen, und sparen Sie mit unseren Jahrespl\u00e4nen Geld.<\/p>\n<\/div><\/div><\/div><\/div><\/div><\/div><\/section><section class=\"l-section wpb_row height_medium\"><div class=\"l-section-h i-cf\"><div class=\"g-cols vc_row via_grid cols_1 laptops-cols_inherit tablets-cols_inherit mobiles-cols_1 valign_top type_default stacking_default\"><div class=\"wpb_column vc_column_container\"><div class=\"vc_column-inner\"><div class=\"g-cols wpb_row via_grid cols_2 laptops-cols_inherit tablets-cols_inherit mobiles-cols_1 valign_top type_default stacking_default\" style=\"--columns-gap:3rem;\"><div class=\"wpb_column vc_column_container\"><div class=\"vc_column-inner\"><\/div><\/div><div class=\"wpb_column vc_column_container\"><div class=\"vc_column-inner\"><\/div><\/div><\/div><div class=\"w-pricing style_cards items_3\"><div class=\"w-pricing-item type_default\"><div class=\"w-pricing-item-h\"><div class=\"w-pricing-item-header\"><div class=\"w-pricing-item-title\">Club App<\/div><div class=\"w-pricing-item-price\">175\u20ac<div style=\"font-size: 14px; display: inline;\">\/m<\/div><small>J\u00e4hrlich abgerechnet - 2.100\u20ac<\/small><\/div><\/div><ul class=\"w-pricing-item-features\"><li class=\"w-pricing-item-feature\">Golf GPS und Scorekarte<\/li><li class=\"w-pricing-item-feature\">Club-News<\/li><li class=\"w-pricing-item-feature\">Platzstatus<\/li><li class=\"w-pricing-item-feature\">T\u00e4gliche Pins<\/li><li class=\"w-pricing-item-feature\">...und mehr<\/li><\/ul><div class=\"w-pricing-item-footer\"><a class=\"w-btn us-btn-style_1\" style=\"font-size:15px\" href=\"https:\/\/www.glfr.com\/for-clubs\/club-app\/\"><span class=\"w-btn-label\">Mehr lesen<\/span><\/a><\/div><\/div><\/div><div class=\"w-pricing-item type_default\"><div class=\"w-pricing-item-h\"><div class=\"w-pricing-item-header\"><div class=\"w-pricing-item-title\">Platz Pr\u00e4sentation<\/div><div class=\"w-pricing-item-price\">175\u20ac<div style=\"font-size: 14px; display: inline;\">\/m<\/div><small>J\u00e4hrlich abgerechnet - 2.100\u20ac<\/small><\/div><\/div><ul class=\"w-pricing-item-features\"><li class=\"w-pricing-item-feature\">Gedruckte Platz Guides<\/li><li class=\"w-pricing-item-feature\">Tee Sign Graphic<\/li><li class=\"w-pricing-item-feature\">\u00dcbersichtskarten<\/li><li class=\"w-pricing-item-feature\">Event Guides<\/li><li class=\"w-pricing-item-feature\">...und mehr<\/li><\/ul><div class=\"w-pricing-item-footer\"><a class=\"w-btn us-btn-style_1\" style=\"font-size:15px\" href=\"https:\/\/www.glfr.com\/for-clubs\/course-presentation\/\"><span class=\"w-btn-label\">Mehr lesen<\/span><\/a><\/div><\/div><\/div><div class=\"w-pricing-item type_default\"><div class=\"w-pricing-item-h\"><div class=\"w-pricing-item-header\"><div class=\"w-pricing-item-title\">Greenkeeper Tools<\/div><div class=\"w-pricing-item-price\">175\u20ac<div style=\"font-size: 14px; display: inline;\">\/m<\/div><small>J\u00e4hrlich abgerechnet - 2.100\u20ac<\/small><\/div><\/div><ul class=\"w-pricing-item-features\"><li class=\"w-pricing-item-feature\">Tech Maps<\/li><li class=\"w-pricing-item-feature\">Dokumentation<\/li><li class=\"w-pricing-item-feature\">Platzstatus<\/li><li class=\"w-pricing-item-feature\">GPS Mapping<\/li><li class=\"w-pricing-item-feature\">...und mehr<\/li><\/ul><div class=\"w-pricing-item-footer\"><a class=\"w-btn us-btn-style_1\" style=\"font-size:15px\" href=\"https:\/\/www.glfr.com\/for-clubs\/greenkeeper-tools\/\"><span class=\"w-btn-label\">Mehr lesen<\/span><\/a><\/div><\/div><\/div><\/div><div class=\"w-separator size_medium\"><\/div><\/div><\/div><\/div><\/div><\/section><section class=\"l-section wpb_row height_medium\"><div class=\"l-section-h i-cf\"><div class=\"g-cols vc_row via_grid cols_2 laptops-cols_inherit tablets-cols_inherit mobiles-cols_1 valign_top type_default stacking_default\"><div class=\"wpb_column vc_column_container\"><div class=\"vc_column-inner\"><div class=\"g-cols wpb_row via_grid cols_1 laptops-cols_inherit tablets-cols_inherit mobiles-cols_1 valign_top type_default stacking_default\" style=\"--columns-gap:3rem;\"><div class=\"wpb_column vc_column_container\"><div class=\"vc_column-inner\"><div class=\"wpb_text_column\"><div class=\"wpb_wrapper\"><h2>Kombinieren und speichern<\/h2>\n<p>Der Einfachheit halber sind unsere 3 Hauptpakete preislich identisch, und Sie haben die volle Flexibilit\u00e4t, ein, zwei oder alle drei Pakete zu w\u00e4hlen. W\u00e4hlen Sie mehr als eines und sparen Sie bei jedem zus\u00e4tzlichen Paket! <\/p>\n<p>Sind Sie bereit f\u00fcr den Einstieg oder m\u00f6chten Sie eine private, unverbindliche Demo? Klicken Sie unten, um ein kurzes Treffen zu buchen!<\/p>\n<\/div><\/div><div class=\"w-separator size_medium\"><\/div><div class=\"w-btn-wrapper align_center\"><a class=\"w-btn us-btn-style_1 icon_atleft\" href=\"https:\/\/meetings.hubspot.com\/casper-jacobsen\/glfr-intro\"><i class=\"fas fa-calendar\"><\/i><span class=\"w-btn-label\">Buchen Sie Ihre Demo<\/span><\/a><\/div><\/div><\/div><\/div><\/div><\/div><div class=\"wpb_column vc_column_container\"><div class=\"vc_column-inner\"><div class=\"g-cols wpb_row via_grid cols_2-1 laptops-cols_inherit tablets-cols_inherit mobiles-cols_1 valign_top type_default stacking_default\" style=\"--columns-gap:3rem;\"><div class=\"wpb_column vc_column_container\"><div class=\"vc_column-inner\"><div class=\"wpb_text_column\"><div class=\"wpb_wrapper\"><h3 style=\"text-align: left;\">1 beliebiges Paket<\/h3>\n<\/div><\/div><div class=\"wpb_text_column\"><div class=\"wpb_wrapper\"><p>Starten Sie mit dem Paket, das zu Ihrem Club passt.<\/p>\n<\/div><\/div><\/div><\/div><div class=\"wpb_column vc_column_container\"><div class=\"vc_column-inner\"><div class=\"wpb_text_column\"><div class=\"wpb_wrapper\"><h3 style=\"text-align: right;\">175\u20ac<\/h3>\n<\/div><\/div><div class=\"wpb_text_column\"><div class=\"wpb_wrapper\"><p style=\"text-align: right;\">\/Mo, j\u00e4hrlich abgerechnet<\/p>\n<\/div><\/div><\/div><\/div><\/div><div class=\"w-separator size_medium with_line width_default thick_1 style_solid color_border align_center\"><div class=\"w-separator-h\"><\/div><\/div><div class=\"g-cols wpb_row via_grid cols_2-1 laptops-cols_inherit tablets-cols_inherit mobiles-cols_1 valign_top type_default stacking_default\" style=\"--columns-gap:3rem;\"><div class=\"wpb_column vc_column_container\"><div class=\"vc_column-inner\"><div class=\"wpb_text_column\"><div class=\"wpb_wrapper\"><h3 style=\"text-align: left;\">Kombinieren Sie 2 Pakete<\/h3>\n<\/div><\/div><div class=\"wpb_text_column\"><div class=\"wpb_wrapper\"><p>Sparen Sie Geld, wenn Sie Ihr zweites Paket hinzuf\u00fcgen.<\/p>\n<\/div><\/div><\/div><\/div><div class=\"wpb_column vc_column_container\"><div class=\"vc_column-inner\"><div class=\"wpb_text_column\"><div class=\"wpb_wrapper\"><h3 style=\"text-align: right;\">250\u20ac<\/h3>\n<\/div><\/div><div class=\"wpb_text_column\"><div class=\"wpb_wrapper\"><p style=\"text-align: right;\">\/Mo, j\u00e4hrlich abgerechnet<\/p>\n<\/div><\/div><div class=\"wpb_text_column\"><div class=\"wpb_wrapper\"><p style=\"text-align: right;\"><span style=\"color: #ff0000;\"><strong>29% Rabatt<\/strong><\/span><\/p>\n<\/div><\/div><\/div><\/div><\/div><div class=\"w-separator size_medium with_line width_default thick_1 style_solid color_border align_center\"><div class=\"w-separator-h\"><\/div><\/div><div class=\"g-cols wpb_row via_grid cols_2-1 laptops-cols_inherit tablets-cols_inherit mobiles-cols_1 valign_top type_default stacking_default\" style=\"--columns-gap:3rem;\"><div class=\"wpb_column vc_column_container\"><div class=\"vc_column-inner\"><div class=\"wpb_text_column\"><div class=\"wpb_wrapper\"><h3 style=\"text-align: left;\">Alle Vorteile mit allen 3<\/h3>\n<\/div><\/div><div class=\"wpb_text_column\"><div class=\"wpb_wrapper\"><p>Sparen Sie kr\u00e4ftig mit allen 3 Paketen und vollem Zugang.<\/p>\n<\/div><\/div><\/div><\/div><div class=\"wpb_column vc_column_container\"><div class=\"vc_column-inner\"><div class=\"wpb_text_column\"><div class=\"wpb_wrapper\"><h3 style=\"text-align: right;\">300\u20ac<\/h3>\n<\/div><\/div><div class=\"wpb_text_column\"><div class=\"wpb_wrapper\"><p style=\"text-align: right;\">\/Mo, j\u00e4hrlich abgerechnet<\/p>\n<\/div><\/div><div class=\"wpb_text_column\"><div class=\"wpb_wrapper\"><p style=\"text-align: right;\"><span style=\"color: #ff0000;\"><strong>43% Rabatt<\/strong><\/span><\/p>\n<\/div><\/div><\/div><\/div><\/div><\/div><\/div><\/div><\/div><\/section>\n","protected":false},"excerpt":{"rendered":"Flexibles Preismodell , das Ihren Bed\u00fcrfnissen entspricht W\u00e4hlen Sie die Pakete und Module, die Ihren Bed\u00fcrfnissen entsprechen, und sparen Sie mit unseren Jahrespl\u00e4nen Geld. Club App175\u20ac\/mJ\u00e4hrlich abgerechnet - 2.100\u20acGolf GPS und ScorekarteClub-NewsPlatzstatusT\u00e4gliche Pins...und mehrMehr lesenPlatz Pr\u00e4sentation175\u20ac\/mJ\u00e4hrlich abgerechnet - 2.100\u20acGedruckte Platz GuidesTee Sign Graphic\u00dcbersichtskartenEvent Guides...und mehrMehr lesenGreenkeeper Tools175\u20ac\/mJ\u00e4hrlich abgerechnet - 2.100\u20acTech MapsDokumentationPlatzstatusGPS Mapping...und mehrMehr lesenKombinieren und...","protected":false},"author":1,"featured_media":0,"parent":980,"menu_order":0,"comment_status":"closed","ping_status":"closed","template":"","meta":{"footnotes":""},"class_list":["post-1694","page","type-page","status-publish","hentry"],"yoast_head":"<!-- This site is optimized with the Yoast SEO plugin v27.4 - https:\/\/yoast.com\/product\/yoast-seo-wordpress\/ -->\n<title>Preisgestaltung - GLFR<\/title>\n<meta name=\"robots\" content=\"index, follow, max-snippet:-1, max-image-preview:large, max-video-preview:-1\" \/>\n<link rel=\"canonical\" href=\"https:\/\/www.glfr.com\/de\/fuer-clubs\/preis\/\" \/>\n<meta property=\"og:locale\" content=\"de_DE\" \/>\n<meta property=\"og:type\" content=\"article\" \/>\n<meta property=\"og:title\" content=\"Preisgestaltung - GLFR\" \/>\n<meta property=\"og:url\" content=\"https:\/\/www.glfr.com\/de\/fuer-clubs\/preis\/\" \/>\n<meta property=\"og:site_name\" content=\"GLFR\" \/>\n<meta property=\"article:modified_time\" content=\"2026-04-20T14:01:18+00:00\" \/>\n<meta name=\"twitter:card\" content=\"summary_large_image\" \/>\n<meta name=\"twitter:label1\" content=\"Gesch\u00e4tzte Lesezeit\" \/>\n\t<meta name=\"twitter:data1\" content=\"4\u00a0Minuten\" \/>\n<script type=\"application\/ld+json\" class=\"yoast-schema-graph\">{\"@context\":\"https:\\\/\\\/schema.org\",\"@graph\":[{\"@type\":\"WebPage\",\"@id\":\"https:\\\/\\\/www.glfr.com\\\/de\\\/fuer-clubs\\\/preis\\\/\",\"url\":\"https:\\\/\\\/www.glfr.com\\\/de\\\/fuer-clubs\\\/preis\\\/\",\"name\":\"Preisgestaltung - GLFR\",\"isPartOf\":{\"@id\":\"https:\\\/\\\/www.glfr.com\\\/de\\\/#website\"},\"datePublished\":\"2026-04-19T17:33:40+00:00\",\"dateModified\":\"2026-04-20T14:01:18+00:00\",\"breadcrumb\":{\"@id\":\"https:\\\/\\\/www.glfr.com\\\/de\\\/fuer-clubs\\\/preis\\\/#breadcrumb\"},\"inLanguage\":\"de\",\"potentialAction\":[{\"@type\":\"ReadAction\",\"target\":[\"https:\\\/\\\/www.glfr.com\\\/de\\\/fuer-clubs\\\/preis\\\/\"]}]},{\"@type\":\"BreadcrumbList\",\"@id\":\"https:\\\/\\\/www.glfr.com\\\/de\\\/fuer-clubs\\\/preis\\\/#breadcrumb\",\"itemListElement\":[{\"@type\":\"ListItem\",\"position\":1,\"name\":\"Home\",\"item\":\"https:\\\/\\\/www.glfr.com\\\/de\\\/home\\\/\"},{\"@type\":\"ListItem\",\"position\":2,\"name\":\"F\u00fcr Clubs\",\"item\":\"https:\\\/\\\/www.glfr.com\\\/de\\\/fuer-clubs\\\/\"},{\"@type\":\"ListItem\",\"position\":3,\"name\":\"Preisgestaltung\"}]},{\"@type\":\"WebSite\",\"@id\":\"https:\\\/\\\/www.glfr.com\\\/de\\\/#website\",\"url\":\"https:\\\/\\\/www.glfr.com\\\/de\\\/\",\"name\":\"GLFR\",\"description\":\"Your Club and Golf App\",\"potentialAction\":[{\"@type\":\"SearchAction\",\"target\":{\"@type\":\"EntryPoint\",\"urlTemplate\":\"https:\\\/\\\/www.glfr.com\\\/de\\\/?s={search_term_string}\"},\"query-input\":{\"@type\":\"PropertyValueSpecification\",\"valueRequired\":true,\"valueName\":\"search_term_string\"}}],\"inLanguage\":\"de\"}]}<\/script>\n<!-- \/ Yoast SEO plugin. -->","yoast_head_json":{"title":"Preisgestaltung - GLFR","robots":{"index":"index","follow":"follow","max-snippet":"max-snippet:-1","max-image-preview":"max-image-preview:large","max-video-preview":"max-video-preview:-1"},"canonical":"https:\/\/www.glfr.com\/de\/fuer-clubs\/preis\/","og_locale":"de_DE","og_type":"article","og_title":"Preisgestaltung - GLFR","og_url":"https:\/\/www.glfr.com\/de\/fuer-clubs\/preis\/","og_site_name":"GLFR","article_modified_time":"2026-04-20T14:01:18+00:00","twitter_card":"summary_large_image","twitter_misc":{"Gesch\u00e4tzte Lesezeit":"4\u00a0Minuten"},"schema":{"@context":"https:\/\/schema.org","@graph":[{"@type":"WebPage","@id":"https:\/\/www.glfr.com\/de\/fuer-clubs\/preis\/","url":"https:\/\/www.glfr.com\/de\/fuer-clubs\/preis\/","name":"Preisgestaltung - GLFR","isPartOf":{"@id":"https:\/\/www.glfr.com\/de\/#website"},"datePublished":"2026-04-19T17:33:40+00:00","dateModified":"2026-04-20T14:01:18+00:00","breadcrumb":{"@id":"https:\/\/www.glfr.com\/de\/fuer-clubs\/preis\/#breadcrumb"},"inLanguage":"de","potentialAction":[{"@type":"ReadAction","target":["https:\/\/www.glfr.com\/de\/fuer-clubs\/preis\/"]}]},{"@type":"BreadcrumbList","@id":"https:\/\/www.glfr.com\/de\/fuer-clubs\/preis\/#breadcrumb","itemListElement":[{"@type":"ListItem","position":1,"name":"Home","item":"https:\/\/www.glfr.com\/de\/home\/"},{"@type":"ListItem","position":2,"name":"F\u00fcr Clubs","item":"https:\/\/www.glfr.com\/de\/fuer-clubs\/"},{"@type":"ListItem","position":3,"name":"Preisgestaltung"}]},{"@type":"WebSite","@id":"https:\/\/www.glfr.com\/de\/#website","url":"https:\/\/www.glfr.com\/de\/","name":"GLFR","description":"Your Club and Golf App","potentialAction":[{"@type":"SearchAction","target":{"@type":"EntryPoint","urlTemplate":"https:\/\/www.glfr.com\/de\/?s={search_term_string}"},"query-input":{"@type":"PropertyValueSpecification","valueRequired":true,"valueName":"search_term_string"}}],"inLanguage":"de"}]}},"_links":{"self":[{"href":"https:\/\/www.glfr.com\/de\/wp-json\/wp\/v2\/pages\/1694","targetHints":{"allow":["GET"]}}],"collection":[{"href":"https:\/\/www.glfr.com\/de\/wp-json\/wp\/v2\/pages"}],"about":[{"href":"https:\/\/www.glfr.com\/de\/wp-json\/wp\/v2\/types\/page"}],"author":[{"embeddable":true,"href":"https:\/\/www.glfr.com\/de\/wp-json\/wp\/v2\/users\/1"}],"replies":[{"embeddable":true,"href":"https:\/\/www.glfr.com\/de\/wp-json\/wp\/v2\/comments?post=1694"}],"version-history":[{"count":13,"href":"https:\/\/www.glfr.com\/de\/wp-json\/wp\/v2\/pages\/1694\/revisions"}],"predecessor-version":[{"id":1743,"href":"https:\/\/www.glfr.com\/de\/wp-json\/wp\/v2\/pages\/1694\/revisions\/1743"}],"up":[{"embeddable":true,"href":"https:\/\/www.glfr.com\/de\/wp-json\/wp\/v2\/pages\/980"}],"wp:attachment":[{"href":"https:\/\/www.glfr.com\/de\/wp-json\/wp\/v2\/media?parent=1694"}],"curies":[{"name":"wp","href":"https:\/\/api.w.org\/{rel}","templated":true}]}}