{"id":1542,"date":"2026-01-20T20:33:40","date_gmt":"2026-01-20T19:33:40","guid":{"rendered":"https:\/\/www.glfr.com\/partners\/"},"modified":"2026-01-21T09:21:54","modified_gmt":"2026-01-21T08:21:54","slug":"partners","status":"publish","type":"page","link":"https:\/\/www.glfr.com\/de\/partners\/","title":{"rendered":"Partner"},"content":{"rendered":"<section class=\"l-section wpb_row height_medium\"><div class=\"l-section-h i-cf\"><div class=\"g-cols vc_row via_grid cols_1 laptops-cols_inherit tablets-cols_inherit mobiles-cols_1 valign_top type_default stacking_default\"><div class=\"wpb_column vc_column_container\"><div class=\"vc_column-inner\"><div class=\"wpb_text_column\"><div class=\"wpb_wrapper\"><h1>Ein besseres Spiel durch Partnerschaften<\/h1>\n<\/div><\/div><div class=\"wpb_text_column\"><div class=\"wpb_wrapper\"><h2>Die besten L\u00f6sungen entstehen durch Zusammenarbeit<\/h2>\n<\/div><\/div><div class=\"g-cols wpb_row via_grid cols_2 laptops-cols_inherit tablets-cols_inherit mobiles-cols_1 valign_top type_default stacking_default\" style=\"--columns-gap:3rem;\"><div class=\"wpb_column vc_column_container\"><div class=\"vc_column-inner\"><div class=\"wpb_text_column\"><div class=\"wpb_wrapper\"><p>Wir bei GLFR glauben, dass kein einzelner Anbieter alles liefern kann, was ein Golfclub braucht &#8211; und das ist auch gut so. Die besten Ergebnisse werden erzielt, wenn spezialisierte Anbieter zusammenarbeiten und ihre St\u00e4rken kombinieren, um intelligentere, integrierte L\u00f6sungen zu entwickeln. <\/p>\n<p>Deshalb lieben wir Partnerschaften. Von der Platzverwaltung und den Websites bis hin zu den Buchungssystemen und der Technik auf dem Platz arbeiten wir mit anderen f\u00fchrenden Unternehmen der Golfbranche zusammen, um sowohl den Clubs als auch den Golfspielern ein besseres Erlebnis zu bieten. Denn wenn alles zusammenarbeitet, gewinnen alle.<\/p>\n<\/div><\/div><\/div><\/div><div class=\"wpb_column vc_column_container\"><div class=\"vc_column-inner\"><div class=\"w-image align_center\"><div class=\"w-image-h\"><img decoding=\"async\" width=\"1024\" height=\"682\" src=\"https:\/\/www.glfr.com\/wp-content\/uploads\/2026\/01\/golf-partnerships_web-1024x682.jpg\" class=\"attachment-large size-large\" alt=\"Golf Partnerships\" loading=\"lazy\" srcset=\"https:\/\/www.glfr.com\/wp-content\/uploads\/2026\/01\/golf-partnerships_web-1024x682.jpg 1024w, https:\/\/www.glfr.com\/wp-content\/uploads\/2026\/01\/golf-partnerships_web-300x200.jpg 300w, https:\/\/www.glfr.com\/wp-content\/uploads\/2026\/01\/golf-partnerships_web-400x267.jpg 400w, https:\/\/www.glfr.com\/wp-content\/uploads\/2026\/01\/golf-partnerships_web.jpg 1280w\" sizes=\"auto, (max-width: 1024px) 100vw, 1024px\" \/><\/div><\/div><\/div><\/div><\/div><\/div><\/div><\/div><\/div><\/section><section class=\"l-section wpb_row height_medium\"><div class=\"l-section-h i-cf\"><div class=\"g-cols vc_row via_grid cols_1 laptops-cols_inherit tablets-cols_inherit mobiles-cols_1 valign_top type_default stacking_default\"><div class=\"wpb_column vc_column_container\"><div class=\"vc_column-inner\"><div class=\"wpb_text_column\"><div class=\"wpb_wrapper\"><h2>Vernetzte Clubkommunikation beginnt hier<\/h2>\n<\/div><\/div><div class=\"g-cols wpb_row via_grid cols_2 laptops-cols_inherit tablets-cols_inherit mobiles-cols_1 valign_top type_default stacking_default\" style=\"--columns-gap:3rem;\"><div class=\"wpb_column vc_column_container\"><div class=\"vc_column-inner\"><div class=\"wpb_text_column\"><div class=\"wpb_wrapper\"><p>Die Website eines Golfclubs ist nach wie vor einer der wichtigsten Kommunikationskan\u00e4le. Und wenn sie eng mit Ihrer Club App von GLFR integriert ist, wird sie Teil eines nahtlosen Kommunikationssystems, das sowohl Mitarbeiter als auch Spieler auf dem Laufenden h\u00e4lt &#8211; ohne zus\u00e4tzlichen Aufwand.<\/p>\n<\/div><\/div><\/div><\/div><div class=\"wpb_column vc_column_container\"><div class=\"vc_column-inner\"><div class=\"wpb_text_column\"><div class=\"wpb_wrapper\"><p>GLFR kann zwar in fast jede Website integriert werden, aber unsere offiziellen Website-Partner bieten ein hohes Ma\u00df an Integration und Unterst\u00fctzung. Diese Partnerschaften stellen sicher, dass der Platzstatus, die Club-Nachrichten und die digitalen Inhalte auf allen Plattformen perfekt synchronisiert sind &#8211; damit Ihre Mitglieder immer die richtigen Informationen zur richtigen Zeit am richtigen Ort erhalten.<\/p>\n<\/div><\/div><\/div><\/div><\/div><div class=\"g-cols wpb_row us_custom_cc30155e via_grid cols_2 laptops-cols_inherit tablets-cols_inherit mobiles-cols_1 valign_middle type_default stacking_default\" style=\"--columns-gap:0rem;\"><div class=\"wpb_column vc_column_container us_custom_96bc49dd\"><div class=\"vc_column-overlay\" style=\"background:var(--color-content-bg-alt)\"><\/div><div class=\"vc_column-inner\"><div class=\"wpb_text_column\"><div class=\"wpb_wrapper\"><h3 style=\"text-align: center;\">Kust IT<\/h3>\n<\/div><\/div><div class=\"wpb_text_column\"><div class=\"wpb_wrapper\"><p>Kust IT entwickelt moderne, funktionelle Websites f\u00fcr schwedische Golfclubs. Ihre L\u00f6sungen sind sowohl f\u00fcr Clubmanager als auch f\u00fcr Spieler konzipiert &#8211; und ihre Integration mit GLFR stellt sicher, dass Ihre Website und Club App immer aufeinander abgestimmt sind.<\/p>\n<\/div><\/div><div class=\"w-btn-wrapper align_center\"><a class=\"w-btn us-btn-style_7 us_custom_3e2203ad\" href=\"https:\/\/kustit.se\/ny-hemsida\/hemsida-golfklubb\/?utm_source=glfr&amp;utm_medium=partners\"><span class=\"w-btn-label\">Besuchen Sie<\/span><\/a><\/div><\/div><\/div><div class=\"wpb_column vc_column_container us_custom_96bc49dd\"><div class=\"vc_column-overlay\" style=\"background:var(--color-content-border)\"><\/div><div class=\"vc_column-inner\"><div class=\"wpb_text_column\"><div class=\"wpb_wrapper\"><h3 style=\"text-align: center;\">Golfinity<\/h3>\n<\/div><\/div><div class=\"wpb_text_column\"><div class=\"wpb_wrapper\"><p>Die Websites von Golfinity sind bekannt f\u00fcr ihr starkes visuelles Design und die einfache Bearbeitung. Zusammen mit GLFR bieten sie schwedischen Clubs ein vernetztes \u00d6kosystem, in dem Nachrichten, Platz-Status und mehr m\u00fchelos synchronisiert werden.<\/p>\n<\/div><\/div><div class=\"w-btn-wrapper align_center\"><a class=\"w-btn us-btn-style_7 us_custom_3e2203ad\" href=\"https:\/\/www.golfinity.se\/?utm_source=glfr&amp;utm_medium=partners\"><span class=\"w-btn-label\">Besuchen Sie<\/span><\/a><\/div><\/div><\/div><\/div><div class=\"g-cols wpb_row via_grid cols_2 laptops-cols_inherit tablets-cols_inherit mobiles-cols_1 valign_middle type_default stacking_default\" style=\"--columns-gap:0rem;\"><div class=\"wpb_column vc_column_container us_custom_96bc49dd\"><div class=\"vc_column-overlay\" style=\"background:var(--color-content-border)\"><\/div><div class=\"vc_column-inner\"><div class=\"wpb_text_column\"><div class=\"wpb_wrapper\"><h3 style=\"text-align: center;\">Einzigartige Pixel<\/h3>\n<\/div><\/div><div class=\"wpb_text_column\"><div class=\"wpb_wrapper\"><p>Unique Pixels liefert ma\u00dfgeschneiderte Web-L\u00f6sungen f\u00fcr d\u00e4nische Clubs. Dank der GLFR-Integration k\u00f6nnen Sie den Platz-Status und die Club-News plattform\u00fcbergreifend mit einem einzigen Workflow verwalten.<\/p>\n<\/div><\/div><div class=\"w-btn-wrapper align_center\"><a class=\"w-btn us-btn-style_7 us_custom_3e2203ad\" href=\"https:\/\/www.uniquepixels.dk\/golfklubber\/?utm_source=glfr&amp;utm_medium=partners\"><span class=\"w-btn-label\">Besuchen Sie<\/span><\/a><\/div><\/div><\/div><div class=\"wpb_column vc_column_container us_custom_96bc49dd\"><div class=\"vc_column-overlay\" style=\"background:var(--color-content-bg-alt)\"><\/div><div class=\"vc_column-inner\"><div class=\"wpb_text_column\"><div class=\"wpb_wrapper\"><h3 style=\"text-align: center;\">Scan Golf \/ Club Site<\/h3>\n<\/div><\/div><div class=\"wpb_text_column\"><div class=\"wpb_wrapper\"><p>Scan Golf ist einer der erfahrensten Anbieter von Golfclub-Websites in Norwegen. Ihre Zusammenarbeit mit GLFR (\u00fcber die Gimmie-App) bringt den Clubs im ganzen Land intelligente Synchronisierung und integrierte Inhalte.<\/p>\n<\/div><\/div><div class=\"w-btn-wrapper align_center\"><a class=\"w-btn us-btn-style_7 us_custom_3e2203ad\" href=\"https:\/\/clubsite.no\/?utm_source=glfr&amp;utm_medium=partners\"><span class=\"w-btn-label\">Besuchen Sie<\/span><\/a><\/div><\/div><\/div><\/div><\/div><\/div><\/div><\/div><\/section><section class=\"l-section wpb_row height_medium\"><div class=\"l-section-h i-cf\"><div class=\"g-cols vc_row via_grid cols_1 laptops-cols_inherit tablets-cols_inherit mobiles-cols_1 valign_top type_default stacking_default\"><div class=\"wpb_column vc_column_container\"><div class=\"vc_column-inner\"><div class=\"wpb_text_column\"><div class=\"wpb_wrapper\"><h2>Sind Sie an einer Partnerschaft mit uns interessiert?<\/h2>\n<\/div><\/div><div class=\"wpb_text_column\"><div class=\"wpb_wrapper\"><p>Wir sind immer offen f\u00fcr neue Ideen und Partnerschaften. Wenn Sie Produkte oder Dienstleistungen f\u00fcr die Golfbranche entwickeln &#8211; von Buchungssystemen und Hardware bis hin zu Kommunikationstools und dar\u00fcber hinaus &#8211; w\u00fcrden wir uns gerne mit Ihnen unterhalten. <\/p>\n<p>GLFR basiert auf Zusammenarbeit und wir sind immer auf der Suche nach M\u00f6glichkeiten, Golfspielern und Golfclubs durch intelligente Integrationen und starke Beziehungen einen Mehrwert zu bieten.<\/p>\n<p>Haben Sie eine Idee oder einen Vorschlag? Wenden Sie sich an unseren CEO Hans Henrik Junge unter hhj@glfr.com und lassen Sie uns das Gespr\u00e4ch beginnen.<\/p>\n<\/div><\/div><\/div><\/div><\/div><\/div><\/section>\n","protected":false},"excerpt":{"rendered":"Ein besseres Spiel durch Partnerschaften Die besten L\u00f6sungen entstehen durch Zusammenarbeit Wir bei GLFR glauben, dass kein einzelner Anbieter alles liefern kann, was ein Golfclub braucht &#8211; und das ist auch gut so. Die besten Ergebnisse werden erzielt, wenn spezialisierte Anbieter zusammenarbeiten und ihre St\u00e4rken kombinieren, um intelligentere, integrierte L\u00f6sungen zu entwickeln. Deshalb lieben wir...","protected":false},"author":1,"featured_media":0,"parent":0,"menu_order":0,"comment_status":"closed","ping_status":"closed","template":"","meta":{"footnotes":""},"class_list":["post-1542","page","type-page","status-publish","hentry"],"yoast_head":"<!-- This site is optimized with the Yoast SEO plugin v27.6 - https:\/\/yoast.com\/product\/yoast-seo-wordpress\/ -->\n<title>Partner - GLFR<\/title>\n<meta name=\"robots\" content=\"index, follow, max-snippet:-1, max-image-preview:large, max-video-preview:-1\" \/>\n<link rel=\"canonical\" href=\"https:\/\/www.glfr.com\/de\/partners\/\" \/>\n<meta property=\"og:locale\" content=\"de_DE\" \/>\n<meta property=\"og:type\" content=\"article\" \/>\n<meta property=\"og:title\" content=\"Partner - GLFR\" \/>\n<meta property=\"og:url\" content=\"https:\/\/www.glfr.com\/de\/partners\/\" \/>\n<meta property=\"og:site_name\" content=\"GLFR\" \/>\n<meta property=\"article:modified_time\" content=\"2026-01-21T08:21:54+00:00\" \/>\n<meta name=\"twitter:card\" content=\"summary_large_image\" \/>\n<meta name=\"twitter:label1\" content=\"Gesch\u00e4tzte Lesezeit\" \/>\n\t<meta name=\"twitter:data1\" content=\"5\u00a0Minuten\" \/>\n<script type=\"application\/ld+json\" class=\"yoast-schema-graph\">{\"@context\":\"https:\\\/\\\/schema.org\",\"@graph\":[{\"@type\":\"WebPage\",\"@id\":\"https:\\\/\\\/www.glfr.com\\\/de\\\/partners\\\/\",\"url\":\"https:\\\/\\\/www.glfr.com\\\/de\\\/partners\\\/\",\"name\":\"Partner - GLFR\",\"isPartOf\":{\"@id\":\"https:\\\/\\\/www.glfr.com\\\/de\\\/#website\"},\"datePublished\":\"2026-01-20T19:33:40+00:00\",\"dateModified\":\"2026-01-21T08:21:54+00:00\",\"breadcrumb\":{\"@id\":\"https:\\\/\\\/www.glfr.com\\\/de\\\/partners\\\/#breadcrumb\"},\"inLanguage\":\"de\",\"potentialAction\":[{\"@type\":\"ReadAction\",\"target\":[\"https:\\\/\\\/www.glfr.com\\\/de\\\/partners\\\/\"]}]},{\"@type\":\"BreadcrumbList\",\"@id\":\"https:\\\/\\\/www.glfr.com\\\/de\\\/partners\\\/#breadcrumb\",\"itemListElement\":[{\"@type\":\"ListItem\",\"position\":1,\"name\":\"Home\",\"item\":\"https:\\\/\\\/www.glfr.com\\\/de\\\/home\\\/\"},{\"@type\":\"ListItem\",\"position\":2,\"name\":\"Partner\"}]},{\"@type\":\"WebSite\",\"@id\":\"https:\\\/\\\/www.glfr.com\\\/de\\\/#website\",\"url\":\"https:\\\/\\\/www.glfr.com\\\/de\\\/\",\"name\":\"GLFR\",\"description\":\"Your Club and Golf App\",\"potentialAction\":[{\"@type\":\"SearchAction\",\"target\":{\"@type\":\"EntryPoint\",\"urlTemplate\":\"https:\\\/\\\/www.glfr.com\\\/de\\\/?s={search_term_string}\"},\"query-input\":{\"@type\":\"PropertyValueSpecification\",\"valueRequired\":true,\"valueName\":\"search_term_string\"}}],\"inLanguage\":\"de\"}]}<\/script>\n<!-- \/ Yoast SEO plugin. -->","yoast_head_json":{"title":"Partner - GLFR","robots":{"index":"index","follow":"follow","max-snippet":"max-snippet:-1","max-image-preview":"max-image-preview:large","max-video-preview":"max-video-preview:-1"},"canonical":"https:\/\/www.glfr.com\/de\/partners\/","og_locale":"de_DE","og_type":"article","og_title":"Partner - GLFR","og_url":"https:\/\/www.glfr.com\/de\/partners\/","og_site_name":"GLFR","article_modified_time":"2026-01-21T08:21:54+00:00","twitter_card":"summary_large_image","twitter_misc":{"Gesch\u00e4tzte Lesezeit":"5\u00a0Minuten"},"schema":{"@context":"https:\/\/schema.org","@graph":[{"@type":"WebPage","@id":"https:\/\/www.glfr.com\/de\/partners\/","url":"https:\/\/www.glfr.com\/de\/partners\/","name":"Partner - GLFR","isPartOf":{"@id":"https:\/\/www.glfr.com\/de\/#website"},"datePublished":"2026-01-20T19:33:40+00:00","dateModified":"2026-01-21T08:21:54+00:00","breadcrumb":{"@id":"https:\/\/www.glfr.com\/de\/partners\/#breadcrumb"},"inLanguage":"de","potentialAction":[{"@type":"ReadAction","target":["https:\/\/www.glfr.com\/de\/partners\/"]}]},{"@type":"BreadcrumbList","@id":"https:\/\/www.glfr.com\/de\/partners\/#breadcrumb","itemListElement":[{"@type":"ListItem","position":1,"name":"Home","item":"https:\/\/www.glfr.com\/de\/home\/"},{"@type":"ListItem","position":2,"name":"Partner"}]},{"@type":"WebSite","@id":"https:\/\/www.glfr.com\/de\/#website","url":"https:\/\/www.glfr.com\/de\/","name":"GLFR","description":"Your Club and Golf App","potentialAction":[{"@type":"SearchAction","target":{"@type":"EntryPoint","urlTemplate":"https:\/\/www.glfr.com\/de\/?s={search_term_string}"},"query-input":{"@type":"PropertyValueSpecification","valueRequired":true,"valueName":"search_term_string"}}],"inLanguage":"de"}]}},"_links":{"self":[{"href":"https:\/\/www.glfr.com\/de\/wp-json\/wp\/v2\/pages\/1542","targetHints":{"allow":["GET"]}}],"collection":[{"href":"https:\/\/www.glfr.com\/de\/wp-json\/wp\/v2\/pages"}],"about":[{"href":"https:\/\/www.glfr.com\/de\/wp-json\/wp\/v2\/types\/page"}],"author":[{"embeddable":true,"href":"https:\/\/www.glfr.com\/de\/wp-json\/wp\/v2\/users\/1"}],"replies":[{"embeddable":true,"href":"https:\/\/www.glfr.com\/de\/wp-json\/wp\/v2\/comments?post=1542"}],"version-history":[{"count":2,"href":"https:\/\/www.glfr.com\/de\/wp-json\/wp\/v2\/pages\/1542\/revisions"}],"predecessor-version":[{"id":1544,"href":"https:\/\/www.glfr.com\/de\/wp-json\/wp\/v2\/pages\/1542\/revisions\/1544"}],"wp:attachment":[{"href":"https:\/\/www.glfr.com\/de\/wp-json\/wp\/v2\/media?parent=1542"}],"curies":[{"name":"wp","href":"https:\/\/api.w.org\/{rel}","templated":true}]}}