{"id":1156,"date":"2025-11-25T13:17:43","date_gmt":"2025-11-25T12:17:43","guid":{"rendered":"https:\/\/www.glfr.com\/beginnen-sie\/"},"modified":"2025-12-04T10:24:31","modified_gmt":"2025-12-04T09:24:31","slug":"beginnen-sie","status":"publish","type":"page","link":"https:\/\/www.glfr.com\/de\/beginnen-sie\/","title":{"rendered":"GLFR nutzen"},"content":{"rendered":"<section class=\"l-section wpb_row us_custom_33fe73d0 height_medium full_height valign_center\"><div class=\"l-section-h i-cf\"><div class=\"g-cols vc_row via_grid cols_2 laptops-cols_inherit tablets-cols_inherit mobiles-cols_1 valign_top type_default stacking_default\"><div class=\"wpb_column vc_column_container\"><div class=\"vc_column-inner\"><div class=\"wpb_text_column\"><div class=\"wpb_wrapper\"><h4>F\u00dcR GOLFER<\/h4>\n<\/div><\/div><div class=\"wpb_text_column\"><div class=\"wpb_wrapper\"><h2>Spielen Sie besseres Golf mit einem kostenlosen Golf-GPS und einer Scorekarte f\u00fcr 6000+ Pl\u00e4tze<\/h2>\n<\/div><\/div><div class=\"wpb_text_column\"><div class=\"wpb_wrapper\"><p>Laden Sie die GLFR App herunter, um Zugang zu einem kostenlosen Golf-GPS, digitalen Birdie Book, Schlagverfolgung, Scorekarten und mehr zu erhalten.<\/p>\n<p>Schlie\u00dfen Sie sich 300.000+ Golfern an, die GLFR nutzen, um intelligenter zu spielen &#8211; auf mehr als 6.000 Pl\u00e4tzen in Europa und der Welt.<\/p>\n<\/div><\/div><div class=\"w-separator size_medium\"><\/div><div class=\"w-btn-wrapper align_center\"><a class=\"w-btn us-btn-style_4 us_custom_2d9ebfef icon_atright\" href=\"https:\/\/app.glfr.com\/\"><span class=\"w-btn-label\">Registrieren und entdecken Sie die GLFR-App<\/span><i class=\"fas fa-mobile-alt\"><\/i><\/a><\/div><\/div><\/div><div class=\"wpb_column vc_column_container us_custom_30dae61a\"><div class=\"vc_column-inner\"><div class=\"wpb_text_column\"><div class=\"wpb_wrapper\"><h4>F\u00dcR CLUBS<\/h4>\n<\/div><\/div><div class=\"wpb_text_column\"><div class=\"wpb_wrapper\"><h2>Verbessern Sie die Kommunikation Ihres Clubs und die Pr\u00e4sentation Ihrer Platz<\/h2>\n<\/div><\/div><div class=\"wpb_text_column\"><div class=\"wpb_wrapper\"><p><span>Starten Sie eine kostenlose Testversion der Club App oder buchen Sie eine kurze Demo unserer Course Presentation und Greenkeeper Tools.<\/span><\/p>\n<p><span>Das ist der einfachste Weg, um herauszufinden, wie GLFR zu den Bed\u00fcrfnissen Ihres Clubs passt &#8211; ob Sie es selbst ausprobieren oder mit uns sprechen m\u00f6chten, liegt ganz bei Ihnen!<\/span><\/p>\n<\/div><\/div><div class=\"w-separator size_medium\"><\/div><div class=\"g-cols wpb_row via_grid cols_2 laptops-cols_inherit tablets-cols_inherit mobiles-cols_1 valign_top type_default stacking_default\" style=\"--columns-gap:3rem;\"><div class=\"wpb_column vc_column_container\"><div class=\"vc_column-inner\"><div class=\"w-btn-wrapper align_center\"><a class=\"w-btn us-btn-style_1 us_custom_2d9ebfef icon_atright\" href=\"https:\/\/share.hsforms.com\/1AGWPRRbPTNaUfsuJca8beA48lov\"><span class=\"w-btn-label\">Starten Sie Ihren kostenlosen Test<\/span><i class=\"fas fa-rocket\"><\/i><\/a><\/div><\/div><\/div><div class=\"wpb_column vc_column_container\"><div class=\"vc_column-inner\"><div class=\"w-btn-wrapper align_center\"><a class=\"w-btn us-btn-style_6 us_custom_2d9ebfef icon_atright\" href=\"https:\/\/meetings.hubspot.com\/hhj\/glfr-club-app-intro\"><span class=\"w-btn-label\">Buchen Sie eine Demo<\/span><i class=\"fas fa-calendar-check\"><\/i><\/a><\/div><\/div><\/div><\/div><\/div><\/div><\/div><\/div><\/section>\n","protected":false},"excerpt":{"rendered":"F\u00dcR GOLFER Spielen Sie besseres Golf mit einem kostenlosen Golf-GPS und einer Scorekarte f\u00fcr 6000+ Pl\u00e4tze Laden Sie die GLFR App herunter, um Zugang zu einem kostenlosen Golf-GPS, digitalen Birdie Book, Schlagverfolgung, Scorekarten und mehr zu erhalten. Schlie\u00dfen Sie sich 300.000+ Golfern an, die GLFR nutzen, um intelligenter zu spielen &#8211; auf mehr als 6.000...","protected":false},"author":1,"featured_media":0,"parent":0,"menu_order":0,"comment_status":"closed","ping_status":"closed","template":"","meta":{"footnotes":""},"class_list":["post-1156","page","type-page","status-publish","hentry"],"yoast_head":"<!-- This site is optimized with the Yoast SEO plugin v27.4 - https:\/\/yoast.com\/product\/yoast-seo-wordpress\/ -->\n<title>GLFR nutzen - GLFR<\/title>\n<meta name=\"robots\" content=\"index, follow, max-snippet:-1, max-image-preview:large, max-video-preview:-1\" \/>\n<link rel=\"canonical\" href=\"https:\/\/www.glfr.com\/de\/beginnen-sie\/\" \/>\n<meta property=\"og:locale\" content=\"de_DE\" \/>\n<meta property=\"og:type\" content=\"article\" \/>\n<meta property=\"og:title\" content=\"GLFR nutzen - GLFR\" \/>\n<meta property=\"og:url\" content=\"https:\/\/www.glfr.com\/de\/beginnen-sie\/\" \/>\n<meta property=\"og:site_name\" content=\"GLFR\" \/>\n<meta property=\"article:modified_time\" content=\"2025-12-04T09:24:31+00:00\" \/>\n<meta name=\"twitter:card\" content=\"summary_large_image\" \/>\n<meta name=\"twitter:label1\" content=\"Gesch\u00e4tzte Lesezeit\" \/>\n\t<meta name=\"twitter:data1\" content=\"2\u00a0Minuten\" \/>\n<script type=\"application\/ld+json\" class=\"yoast-schema-graph\">{\"@context\":\"https:\\\/\\\/schema.org\",\"@graph\":[{\"@type\":\"WebPage\",\"@id\":\"https:\\\/\\\/www.glfr.com\\\/de\\\/beginnen-sie\\\/\",\"url\":\"https:\\\/\\\/www.glfr.com\\\/de\\\/beginnen-sie\\\/\",\"name\":\"GLFR nutzen - GLFR\",\"isPartOf\":{\"@id\":\"https:\\\/\\\/www.glfr.com\\\/de\\\/#website\"},\"datePublished\":\"2025-11-25T12:17:43+00:00\",\"dateModified\":\"2025-12-04T09:24:31+00:00\",\"breadcrumb\":{\"@id\":\"https:\\\/\\\/www.glfr.com\\\/de\\\/beginnen-sie\\\/#breadcrumb\"},\"inLanguage\":\"de\",\"potentialAction\":[{\"@type\":\"ReadAction\",\"target\":[\"https:\\\/\\\/www.glfr.com\\\/de\\\/beginnen-sie\\\/\"]}]},{\"@type\":\"BreadcrumbList\",\"@id\":\"https:\\\/\\\/www.glfr.com\\\/de\\\/beginnen-sie\\\/#breadcrumb\",\"itemListElement\":[{\"@type\":\"ListItem\",\"position\":1,\"name\":\"Home\",\"item\":\"https:\\\/\\\/www.glfr.com\\\/de\\\/home\\\/\"},{\"@type\":\"ListItem\",\"position\":2,\"name\":\"GLFR nutzen\"}]},{\"@type\":\"WebSite\",\"@id\":\"https:\\\/\\\/www.glfr.com\\\/de\\\/#website\",\"url\":\"https:\\\/\\\/www.glfr.com\\\/de\\\/\",\"name\":\"GLFR\",\"description\":\"Your Club and Golf App\",\"potentialAction\":[{\"@type\":\"SearchAction\",\"target\":{\"@type\":\"EntryPoint\",\"urlTemplate\":\"https:\\\/\\\/www.glfr.com\\\/de\\\/?s={search_term_string}\"},\"query-input\":{\"@type\":\"PropertyValueSpecification\",\"valueRequired\":true,\"valueName\":\"search_term_string\"}}],\"inLanguage\":\"de\"}]}<\/script>\n<!-- \/ Yoast SEO plugin. -->","yoast_head_json":{"title":"GLFR nutzen - GLFR","robots":{"index":"index","follow":"follow","max-snippet":"max-snippet:-1","max-image-preview":"max-image-preview:large","max-video-preview":"max-video-preview:-1"},"canonical":"https:\/\/www.glfr.com\/de\/beginnen-sie\/","og_locale":"de_DE","og_type":"article","og_title":"GLFR nutzen - GLFR","og_url":"https:\/\/www.glfr.com\/de\/beginnen-sie\/","og_site_name":"GLFR","article_modified_time":"2025-12-04T09:24:31+00:00","twitter_card":"summary_large_image","twitter_misc":{"Gesch\u00e4tzte Lesezeit":"2\u00a0Minuten"},"schema":{"@context":"https:\/\/schema.org","@graph":[{"@type":"WebPage","@id":"https:\/\/www.glfr.com\/de\/beginnen-sie\/","url":"https:\/\/www.glfr.com\/de\/beginnen-sie\/","name":"GLFR nutzen - GLFR","isPartOf":{"@id":"https:\/\/www.glfr.com\/de\/#website"},"datePublished":"2025-11-25T12:17:43+00:00","dateModified":"2025-12-04T09:24:31+00:00","breadcrumb":{"@id":"https:\/\/www.glfr.com\/de\/beginnen-sie\/#breadcrumb"},"inLanguage":"de","potentialAction":[{"@type":"ReadAction","target":["https:\/\/www.glfr.com\/de\/beginnen-sie\/"]}]},{"@type":"BreadcrumbList","@id":"https:\/\/www.glfr.com\/de\/beginnen-sie\/#breadcrumb","itemListElement":[{"@type":"ListItem","position":1,"name":"Home","item":"https:\/\/www.glfr.com\/de\/home\/"},{"@type":"ListItem","position":2,"name":"GLFR nutzen"}]},{"@type":"WebSite","@id":"https:\/\/www.glfr.com\/de\/#website","url":"https:\/\/www.glfr.com\/de\/","name":"GLFR","description":"Your Club and Golf App","potentialAction":[{"@type":"SearchAction","target":{"@type":"EntryPoint","urlTemplate":"https:\/\/www.glfr.com\/de\/?s={search_term_string}"},"query-input":{"@type":"PropertyValueSpecification","valueRequired":true,"valueName":"search_term_string"}}],"inLanguage":"de"}]}},"_links":{"self":[{"href":"https:\/\/www.glfr.com\/de\/wp-json\/wp\/v2\/pages\/1156","targetHints":{"allow":["GET"]}}],"collection":[{"href":"https:\/\/www.glfr.com\/de\/wp-json\/wp\/v2\/pages"}],"about":[{"href":"https:\/\/www.glfr.com\/de\/wp-json\/wp\/v2\/types\/page"}],"author":[{"embeddable":true,"href":"https:\/\/www.glfr.com\/de\/wp-json\/wp\/v2\/users\/1"}],"replies":[{"embeddable":true,"href":"https:\/\/www.glfr.com\/de\/wp-json\/wp\/v2\/comments?post=1156"}],"version-history":[{"count":16,"href":"https:\/\/www.glfr.com\/de\/wp-json\/wp\/v2\/pages\/1156\/revisions"}],"predecessor-version":[{"id":1415,"href":"https:\/\/www.glfr.com\/de\/wp-json\/wp\/v2\/pages\/1156\/revisions\/1415"}],"wp:attachment":[{"href":"https:\/\/www.glfr.com\/de\/wp-json\/wp\/v2\/media?parent=1156"}],"curies":[{"name":"wp","href":"https:\/\/api.w.org\/{rel}","templated":true}]}}