{"id":1691,"date":"2026-04-19T18:33:40","date_gmt":"2026-04-19T17:33:40","guid":{"rendered":"https:\/\/www.glfr.com\/til-klubber\/priser\/"},"modified":"2026-04-20T15:00:41","modified_gmt":"2026-04-20T14:00:41","slug":"priser","status":"publish","type":"page","link":"https:\/\/www.glfr.com\/da\/til-klubber\/priser\/","title":{"rendered":"Priser"},"content":{"rendered":"<section class=\"l-section wpb_row height_medium\"><div class=\"l-section-h i-cf\"><div class=\"g-cols vc_row via_grid cols_1 laptops-cols_inherit tablets-cols_inherit mobiles-cols_1 valign_top type_default stacking_default\"><div class=\"wpb_column vc_column_container\"><div class=\"vc_column-inner\"><div class=\"wpb_text_column\"><div class=\"wpb_wrapper\"><h1 style=\"text-align: center;\">Fleksibel prismodel,<br \/>\nder passer til dine behov<\/h1>\n<\/div><\/div><div class=\"wpb_text_column\"><div class=\"wpb_wrapper\"><p style=\"text-align: center;\">V\u00e6lg de pakker og moduler, der passer til dine behov, og spar penge med vores \u00e5rsplaner.<\/p>\n<\/div><\/div><\/div><\/div><\/div><\/div><\/section><section class=\"l-section wpb_row height_medium\"><div class=\"l-section-h i-cf\"><div class=\"g-cols vc_row via_grid cols_1 laptops-cols_inherit tablets-cols_inherit mobiles-cols_1 valign_top type_default stacking_default\"><div class=\"wpb_column vc_column_container\"><div class=\"vc_column-inner\"><div class=\"g-cols wpb_row via_grid cols_2 laptops-cols_inherit tablets-cols_inherit mobiles-cols_1 valign_top type_default stacking_default\" style=\"--columns-gap:3rem;\"><div class=\"wpb_column vc_column_container\"><div class=\"vc_column-inner\"><\/div><\/div><div class=\"wpb_column vc_column_container\"><div class=\"vc_column-inner\"><\/div><\/div><\/div><div class=\"w-pricing style_cards items_3\"><div class=\"w-pricing-item type_default\"><div class=\"w-pricing-item-h\"><div class=\"w-pricing-item-header\"><div class=\"w-pricing-item-title\">Club App<\/div><div class=\"w-pricing-item-price\">175\u20ac<div style=\"font-size: 14px; display: inline;\">\/m<\/div><small>Faktureres \u00e5rligt - 2.100\u20ac.<\/small><\/div><\/div><ul class=\"w-pricing-item-features\"><li class=\"w-pricing-item-feature\">Golf GPS og Scorekort<\/li><li class=\"w-pricing-item-feature\">Klubnyheder<\/li><li class=\"w-pricing-item-feature\">Banestatus<\/li><li class=\"w-pricing-item-feature\">Daglige Pins<\/li><li class=\"w-pricing-item-feature\">...og mere<\/li><\/ul><div class=\"w-pricing-item-footer\"><a class=\"w-btn us-btn-style_1\" style=\"font-size:15px\" href=\"https:\/\/www.glfr.com\/for-clubs\/club-app\/\"><span class=\"w-btn-label\">L\u00e6s mere<\/span><\/a><\/div><\/div><\/div><div class=\"w-pricing-item type_default\"><div class=\"w-pricing-item-h\"><div class=\"w-pricing-item-header\"><div class=\"w-pricing-item-title\">Course Presentation<\/div><div class=\"w-pricing-item-price\">175\u20ac<div style=\"font-size: 14px; display: inline;\">\/m<\/div><small>Faktureres \u00e5rligt - 2.100\u20ac.<\/small><\/div><\/div><ul class=\"w-pricing-item-features\"><li class=\"w-pricing-item-feature\">Printed Baneguides<\/li><li class=\"w-pricing-item-feature\">Tee Sign Graphic<\/li><li class=\"w-pricing-item-feature\">Oversigtskort<\/li><li class=\"w-pricing-item-feature\">Event Guides<\/li><li class=\"w-pricing-item-feature\">...and more<\/li><\/ul><div class=\"w-pricing-item-footer\"><a class=\"w-btn us-btn-style_1\" style=\"font-size:15px\" href=\"https:\/\/www.glfr.com\/for-clubs\/course-presentation\/\"><span class=\"w-btn-label\">L\u00e6s mere<\/span><\/a><\/div><\/div><\/div><div class=\"w-pricing-item type_default\"><div class=\"w-pricing-item-h\"><div class=\"w-pricing-item-header\"><div class=\"w-pricing-item-title\">Greenkeeper Tools<\/div><div class=\"w-pricing-item-price\">175\u20ac<div style=\"font-size: 14px; display: inline;\">\/m<\/div><small>Faktureres \u00e5rligt - 2.100\u20ac.<\/small><\/div><\/div><ul class=\"w-pricing-item-features\"><li class=\"w-pricing-item-feature\">Tekniske kort<\/li><li class=\"w-pricing-item-feature\">Dokumentation<\/li><li class=\"w-pricing-item-feature\">Banestatus<\/li><li class=\"w-pricing-item-feature\">GPS-kortl\u00e6gning<\/li><li class=\"w-pricing-item-feature\">...og mere<\/li><\/ul><div class=\"w-pricing-item-footer\"><a class=\"w-btn us-btn-style_1\" style=\"font-size:15px\" href=\"https:\/\/www.glfr.com\/for-clubs\/greenkeeper-tools\/\"><span class=\"w-btn-label\">L\u00e6s mere<\/span><\/a><\/div><\/div><\/div><\/div><div class=\"w-separator size_medium\"><\/div><\/div><\/div><\/div><\/div><\/section><section class=\"l-section wpb_row height_medium\"><div class=\"l-section-h i-cf\"><div class=\"g-cols vc_row via_grid cols_2 laptops-cols_inherit tablets-cols_inherit mobiles-cols_1 valign_top type_default stacking_default\"><div class=\"wpb_column vc_column_container\"><div class=\"vc_column-inner\"><div class=\"g-cols wpb_row via_grid cols_1 laptops-cols_inherit tablets-cols_inherit mobiles-cols_1 valign_top type_default stacking_default\" style=\"--columns-gap:3rem;\"><div class=\"wpb_column vc_column_container\"><div class=\"vc_column-inner\"><div class=\"wpb_text_column\"><div class=\"wpb_wrapper\"><h2>Kombiner og gem<\/h2>\n<p>For at g\u00f8re det enkelt er vores tre hovedpakker prissat ens, og du har fuld fleksibilitet til at v\u00e6lge en, to eller alle tre pakker. V\u00e6lg mere end \u00e9n og spar p\u00e5 hver ekstra pakke! <\/p>\n<p>Er du klar til at komme i gang, eller vil du have en privat, uforpligtende demo? Klik nedenfor for at booke et kort m\u00f8de!<\/p>\n<\/div><\/div><div class=\"w-separator size_medium\"><\/div><div class=\"w-btn-wrapper align_center\"><a class=\"w-btn us-btn-style_1 icon_atleft\" href=\"https:\/\/meetings.hubspot.com\/casper-jacobsen\/glfr-intro\"><i class=\"fas fa-calendar\"><\/i><span class=\"w-btn-label\">Book din demo<\/span><\/a><\/div><\/div><\/div><\/div><\/div><\/div><div class=\"wpb_column vc_column_container\"><div class=\"vc_column-inner\"><div class=\"g-cols wpb_row via_grid cols_2-1 laptops-cols_inherit tablets-cols_inherit mobiles-cols_1 valign_top type_default stacking_default\" style=\"--columns-gap:3rem;\"><div class=\"wpb_column vc_column_container\"><div class=\"vc_column-inner\"><div class=\"wpb_text_column\"><div class=\"wpb_wrapper\"><h3 style=\"text-align: left;\">V\u00e6lg 1 pakke<\/h3>\n<\/div><\/div><div class=\"wpb_text_column\"><div class=\"wpb_wrapper\"><p>Kom i gang med den pakke, der passer til din klub.<\/p>\n<\/div><\/div><\/div><\/div><div class=\"wpb_column vc_column_container\"><div class=\"vc_column-inner\"><div class=\"wpb_text_column\"><div class=\"wpb_wrapper\"><h3 style=\"text-align: right;\">175\u20ac<\/h3>\n<\/div><\/div><div class=\"wpb_text_column\"><div class=\"wpb_wrapper\"><p style=\"text-align: right;\">\/md, faktureres \u00e5rligt<\/p>\n<\/div><\/div><\/div><\/div><\/div><div class=\"w-separator size_medium with_line width_default thick_1 style_solid color_border align_center\"><div class=\"w-separator-h\"><\/div><\/div><div class=\"g-cols wpb_row via_grid cols_2-1 laptops-cols_inherit tablets-cols_inherit mobiles-cols_1 valign_top type_default stacking_default\" style=\"--columns-gap:3rem;\"><div class=\"wpb_column vc_column_container\"><div class=\"vc_column-inner\"><div class=\"wpb_text_column\"><div class=\"wpb_wrapper\"><h3 style=\"text-align: left;\">Kombiner 2 pakker<\/h3>\n<\/div><\/div><div class=\"wpb_text_column\"><div class=\"wpb_wrapper\"><p>Spar penge, n\u00e5r du tilf\u00f8jer din anden pakke.<\/p>\n<\/div><\/div><\/div><\/div><div class=\"wpb_column vc_column_container\"><div class=\"vc_column-inner\"><div class=\"wpb_text_column\"><div class=\"wpb_wrapper\"><h3 style=\"text-align: right;\">250\u20ac<\/h3>\n<\/div><\/div><div class=\"wpb_text_column\"><div class=\"wpb_wrapper\"><p style=\"text-align: right;\">\/md, faktureres \u00e5rligt<\/p>\n<\/div><\/div><div class=\"wpb_text_column\"><div class=\"wpb_wrapper\"><p style=\"text-align: right;\"><span style=\"color: #ff0000;\"><strong>29% rabat<\/strong><\/span><\/p>\n<\/div><\/div><\/div><\/div><\/div><div class=\"w-separator size_medium with_line width_default thick_1 style_solid color_border align_center\"><div class=\"w-separator-h\"><\/div><\/div><div class=\"g-cols wpb_row via_grid cols_2-1 laptops-cols_inherit tablets-cols_inherit mobiles-cols_1 valign_top type_default stacking_default\" style=\"--columns-gap:3rem;\"><div class=\"wpb_column vc_column_container\"><div class=\"vc_column-inner\"><div class=\"wpb_text_column\"><div class=\"wpb_wrapper\"><h3 style=\"text-align: left;\">Fuldt udbytte med alle 3<\/h3>\n<\/div><\/div><div class=\"wpb_text_column\"><div class=\"wpb_wrapper\"><p>Spar stort med alle 3 pakker og fuld adgang.<\/p>\n<\/div><\/div><\/div><\/div><div class=\"wpb_column vc_column_container\"><div class=\"vc_column-inner\"><div class=\"wpb_text_column\"><div class=\"wpb_wrapper\"><h3 style=\"text-align: right;\">300\u20ac<\/h3>\n<\/div><\/div><div class=\"wpb_text_column\"><div class=\"wpb_wrapper\"><p style=\"text-align: right;\">\/md, faktureres \u00e5rligt<\/p>\n<\/div><\/div><div class=\"wpb_text_column\"><div class=\"wpb_wrapper\"><p style=\"text-align: right;\"><span style=\"color: #ff0000;\"><strong>43% rabat<\/strong><\/span><\/p>\n<\/div><\/div><\/div><\/div><\/div><\/div><\/div><\/div><\/div><\/section>\n","protected":false},"excerpt":{"rendered":"Fleksibel prismodel, der passer til dine behov V\u00e6lg de pakker og moduler, der passer til dine behov, og spar penge med vores \u00e5rsplaner. Club App175\u20ac\/mFaktureres \u00e5rligt - 2.100\u20ac.Golf GPS og ScorekortKlubnyhederBanestatusDaglige Pins...og mereL\u00e6s mereCourse Presentation175\u20ac\/mFaktureres \u00e5rligt - 2.100\u20ac.Printed BaneguidesTee Sign GraphicOversigtskortEvent Guides...and moreL\u00e6s mereGreenkeeper Tools175\u20ac\/mFaktureres \u00e5rligt - 2.100\u20ac.Tekniske kortDokumentationBanestatusGPS-kortl\u00e6gning...og mereL\u00e6s mereKombiner og gem For at...","protected":false},"author":1,"featured_media":0,"parent":1286,"menu_order":0,"comment_status":"closed","ping_status":"closed","template":"","meta":{"footnotes":""},"class_list":["post-1691","page","type-page","status-publish","hentry"],"yoast_head":"<!-- This site is optimized with the Yoast SEO plugin v27.4 - https:\/\/yoast.com\/product\/yoast-seo-wordpress\/ -->\n<title>Priser - GLFR<\/title>\n<meta name=\"robots\" content=\"index, follow, max-snippet:-1, max-image-preview:large, max-video-preview:-1\" \/>\n<link rel=\"canonical\" href=\"https:\/\/www.glfr.com\/da\/til-klubber\/priser\/\" \/>\n<meta property=\"og:locale\" content=\"da_DK\" \/>\n<meta property=\"og:type\" content=\"article\" \/>\n<meta property=\"og:title\" content=\"Priser - GLFR\" \/>\n<meta property=\"og:url\" content=\"https:\/\/www.glfr.com\/da\/til-klubber\/priser\/\" \/>\n<meta property=\"og:site_name\" content=\"GLFR\" \/>\n<meta property=\"article:modified_time\" content=\"2026-04-20T14:00:41+00:00\" \/>\n<meta name=\"twitter:card\" content=\"summary_large_image\" \/>\n<meta name=\"twitter:label1\" content=\"Estimeret l\u00e6setid\" \/>\n\t<meta name=\"twitter:data1\" content=\"19 minutter\" \/>\n<script type=\"application\/ld+json\" class=\"yoast-schema-graph\">{\"@context\":\"https:\\\/\\\/schema.org\",\"@graph\":[{\"@type\":\"WebPage\",\"@id\":\"https:\\\/\\\/www.glfr.com\\\/da\\\/til-klubber\\\/priser\\\/\",\"url\":\"https:\\\/\\\/www.glfr.com\\\/da\\\/til-klubber\\\/priser\\\/\",\"name\":\"Priser - GLFR\",\"isPartOf\":{\"@id\":\"https:\\\/\\\/www.glfr.com\\\/da\\\/#website\"},\"datePublished\":\"2026-04-19T17:33:40+00:00\",\"dateModified\":\"2026-04-20T14:00:41+00:00\",\"breadcrumb\":{\"@id\":\"https:\\\/\\\/www.glfr.com\\\/da\\\/til-klubber\\\/priser\\\/#breadcrumb\"},\"inLanguage\":\"da-DK\",\"potentialAction\":[{\"@type\":\"ReadAction\",\"target\":[\"https:\\\/\\\/www.glfr.com\\\/da\\\/til-klubber\\\/priser\\\/\"]}]},{\"@type\":\"BreadcrumbList\",\"@id\":\"https:\\\/\\\/www.glfr.com\\\/da\\\/til-klubber\\\/priser\\\/#breadcrumb\",\"itemListElement\":[{\"@type\":\"ListItem\",\"position\":1,\"name\":\"Home\",\"item\":\"https:\\\/\\\/www.glfr.com\\\/da\\\/home\\\/\"},{\"@type\":\"ListItem\",\"position\":2,\"name\":\"Til Klubber\",\"item\":\"https:\\\/\\\/www.glfr.com\\\/da\\\/til-klubber\\\/\"},{\"@type\":\"ListItem\",\"position\":3,\"name\":\"Priser\"}]},{\"@type\":\"WebSite\",\"@id\":\"https:\\\/\\\/www.glfr.com\\\/da\\\/#website\",\"url\":\"https:\\\/\\\/www.glfr.com\\\/da\\\/\",\"name\":\"GLFR\",\"description\":\"Your Club and Golf App\",\"potentialAction\":[{\"@type\":\"SearchAction\",\"target\":{\"@type\":\"EntryPoint\",\"urlTemplate\":\"https:\\\/\\\/www.glfr.com\\\/da\\\/?s={search_term_string}\"},\"query-input\":{\"@type\":\"PropertyValueSpecification\",\"valueRequired\":true,\"valueName\":\"search_term_string\"}}],\"inLanguage\":\"da-DK\"}]}<\/script>\n<!-- \/ Yoast SEO plugin. -->","yoast_head_json":{"title":"Priser - GLFR","robots":{"index":"index","follow":"follow","max-snippet":"max-snippet:-1","max-image-preview":"max-image-preview:large","max-video-preview":"max-video-preview:-1"},"canonical":"https:\/\/www.glfr.com\/da\/til-klubber\/priser\/","og_locale":"da_DK","og_type":"article","og_title":"Priser - GLFR","og_url":"https:\/\/www.glfr.com\/da\/til-klubber\/priser\/","og_site_name":"GLFR","article_modified_time":"2026-04-20T14:00:41+00:00","twitter_card":"summary_large_image","twitter_misc":{"Estimeret l\u00e6setid":"19 minutter"},"schema":{"@context":"https:\/\/schema.org","@graph":[{"@type":"WebPage","@id":"https:\/\/www.glfr.com\/da\/til-klubber\/priser\/","url":"https:\/\/www.glfr.com\/da\/til-klubber\/priser\/","name":"Priser - GLFR","isPartOf":{"@id":"https:\/\/www.glfr.com\/da\/#website"},"datePublished":"2026-04-19T17:33:40+00:00","dateModified":"2026-04-20T14:00:41+00:00","breadcrumb":{"@id":"https:\/\/www.glfr.com\/da\/til-klubber\/priser\/#breadcrumb"},"inLanguage":"da-DK","potentialAction":[{"@type":"ReadAction","target":["https:\/\/www.glfr.com\/da\/til-klubber\/priser\/"]}]},{"@type":"BreadcrumbList","@id":"https:\/\/www.glfr.com\/da\/til-klubber\/priser\/#breadcrumb","itemListElement":[{"@type":"ListItem","position":1,"name":"Home","item":"https:\/\/www.glfr.com\/da\/home\/"},{"@type":"ListItem","position":2,"name":"Til Klubber","item":"https:\/\/www.glfr.com\/da\/til-klubber\/"},{"@type":"ListItem","position":3,"name":"Priser"}]},{"@type":"WebSite","@id":"https:\/\/www.glfr.com\/da\/#website","url":"https:\/\/www.glfr.com\/da\/","name":"GLFR","description":"Your Club and Golf App","potentialAction":[{"@type":"SearchAction","target":{"@type":"EntryPoint","urlTemplate":"https:\/\/www.glfr.com\/da\/?s={search_term_string}"},"query-input":{"@type":"PropertyValueSpecification","valueRequired":true,"valueName":"search_term_string"}}],"inLanguage":"da-DK"}]}},"_links":{"self":[{"href":"https:\/\/www.glfr.com\/da\/wp-json\/wp\/v2\/pages\/1691","targetHints":{"allow":["GET"]}}],"collection":[{"href":"https:\/\/www.glfr.com\/da\/wp-json\/wp\/v2\/pages"}],"about":[{"href":"https:\/\/www.glfr.com\/da\/wp-json\/wp\/v2\/types\/page"}],"author":[{"embeddable":true,"href":"https:\/\/www.glfr.com\/da\/wp-json\/wp\/v2\/users\/1"}],"replies":[{"embeddable":true,"href":"https:\/\/www.glfr.com\/da\/wp-json\/wp\/v2\/comments?post=1691"}],"version-history":[{"count":13,"href":"https:\/\/www.glfr.com\/da\/wp-json\/wp\/v2\/pages\/1691\/revisions"}],"predecessor-version":[{"id":1740,"href":"https:\/\/www.glfr.com\/da\/wp-json\/wp\/v2\/pages\/1691\/revisions\/1740"}],"up":[{"embeddable":true,"href":"https:\/\/www.glfr.com\/da\/wp-json\/wp\/v2\/pages\/1286"}],"wp:attachment":[{"href":"https:\/\/www.glfr.com\/da\/wp-json\/wp\/v2\/media?parent=1691"}],"curies":[{"name":"wp","href":"https:\/\/api.w.org\/{rel}","templated":true}]}}