{"id":1539,"date":"2026-01-20T20:33:40","date_gmt":"2026-01-20T19:33:40","guid":{"rendered":"https:\/\/www.glfr.com\/partners\/"},"modified":"2026-01-21T09:22:28","modified_gmt":"2026-01-21T08:22:28","slug":"partners","status":"publish","type":"page","link":"https:\/\/www.glfr.com\/da\/partners\/","title":{"rendered":"Partnere"},"content":{"rendered":"<section class=\"l-section wpb_row height_medium\"><div class=\"l-section-h i-cf\"><div class=\"g-cols vc_row via_grid cols_1 laptops-cols_inherit tablets-cols_inherit mobiles-cols_1 valign_top type_default stacking_default\"><div class=\"wpb_column vc_column_container\"><div class=\"vc_column-inner\"><div class=\"wpb_text_column\"><div class=\"wpb_wrapper\"><h1>Et bedre spil gennem partnerskaber<\/h1>\n<\/div><\/div><div class=\"wpb_text_column\"><div class=\"wpb_wrapper\"><h2>De bedste l\u00f8sninger kommer af at arbejde sammen<\/h2>\n<\/div><\/div><div class=\"g-cols wpb_row via_grid cols_2 laptops-cols_inherit tablets-cols_inherit mobiles-cols_1 valign_top type_default stacking_default\" style=\"--columns-gap:3rem;\"><div class=\"wpb_column vc_column_container\"><div class=\"vc_column-inner\"><div class=\"wpb_text_column\"><div class=\"wpb_wrapper\"><p>Hos GLFR tror vi p\u00e5, at en enkelt udbyder ikke kan levere alt, hvad en golfklub har brug for &#8211; og det er en god ting. De bedste resultater opn\u00e5s, n\u00e5r specialiserede udbydere arbejder sammen og kombinerer deres styrker for at opbygge smartere, mere integrerede l\u00f8sninger. <\/p>\n<p>Det er derfor, vi elsker partnerskaber. Fra banestyring og hjemmesider til bookingsystemer og teknik p\u00e5 banen samarbejder vi med andre f\u00f8rende virksomheder i golfbranchen for at levere bedre oplevelser for b\u00e5de klubber og golfspillere. For n\u00e5r alt fungerer sammen, vinder alle.<\/p>\n<\/div><\/div><\/div><\/div><div class=\"wpb_column vc_column_container\"><div class=\"vc_column-inner\"><div class=\"w-image align_center\"><div class=\"w-image-h\"><img decoding=\"async\" width=\"1024\" height=\"682\" src=\"https:\/\/www.glfr.com\/wp-content\/uploads\/2026\/01\/golf-partnerships_web-1024x682.jpg\" class=\"attachment-large size-large\" alt=\"Golf Partnerships\" loading=\"lazy\" srcset=\"https:\/\/www.glfr.com\/wp-content\/uploads\/2026\/01\/golf-partnerships_web-1024x682.jpg 1024w, https:\/\/www.glfr.com\/wp-content\/uploads\/2026\/01\/golf-partnerships_web-300x200.jpg 300w, https:\/\/www.glfr.com\/wp-content\/uploads\/2026\/01\/golf-partnerships_web-400x267.jpg 400w, https:\/\/www.glfr.com\/wp-content\/uploads\/2026\/01\/golf-partnerships_web.jpg 1280w\" sizes=\"auto, (max-width: 1024px) 100vw, 1024px\" \/><\/div><\/div><\/div><\/div><\/div><\/div><\/div><\/div><\/div><\/section><section class=\"l-section wpb_row height_medium\"><div class=\"l-section-h i-cf\"><div class=\"g-cols vc_row via_grid cols_1 laptops-cols_inherit tablets-cols_inherit mobiles-cols_1 valign_top type_default stacking_default\"><div class=\"wpb_column vc_column_container\"><div class=\"vc_column-inner\"><div class=\"wpb_text_column\"><div class=\"wpb_wrapper\"><h2>Forbundet klubkommunikation starter her<\/h2>\n<\/div><\/div><div class=\"g-cols wpb_row via_grid cols_2 laptops-cols_inherit tablets-cols_inherit mobiles-cols_1 valign_top type_default stacking_default\" style=\"--columns-gap:3rem;\"><div class=\"wpb_column vc_column_container\"><div class=\"vc_column-inner\"><div class=\"wpb_text_column\"><div class=\"wpb_wrapper\"><p>En golfklubs hjemmeside er stadig en af dens vigtigste kommunikationskanaler. Og n\u00e5r den er t\u00e6t integreret med din Club App fra GLFR, bliver den en del af et s\u00f8ml\u00f8st kommunikationssystem, der holder b\u00e5de personale og spillere informeret &#8211; uden ekstra arbejde.<\/p>\n<\/div><\/div><\/div><\/div><div class=\"wpb_column vc_column_container\"><div class=\"vc_column-inner\"><div class=\"wpb_text_column\"><div class=\"wpb_wrapper\"><p>GLFR kan integreres med n\u00e6sten alle hjemmesider, men vores officielle hjemmesidepartnere tilbyder et h\u00f8jt niveau af integration og support. Disse partnerskaber sikrer, at banestatus, klubnyheder og digitalt indhold er perfekt synkroniseret p\u00e5 tv\u00e6rs af platforme &#8211; s\u00e5 dine medlemmer altid f\u00e5r de rigtige oplysninger, p\u00e5 det rigtige sted, p\u00e5 det rigtige tidspunkt.<\/p>\n<\/div><\/div><\/div><\/div><\/div><div class=\"g-cols wpb_row us_custom_cc30155e via_grid cols_2 laptops-cols_inherit tablets-cols_inherit mobiles-cols_1 valign_middle type_default stacking_default\" style=\"--columns-gap:0rem;\"><div class=\"wpb_column vc_column_container us_custom_96bc49dd\"><div class=\"vc_column-overlay\" style=\"background:var(--color-content-bg-alt)\"><\/div><div class=\"vc_column-inner\"><div class=\"wpb_text_column\"><div class=\"wpb_wrapper\"><h3 style=\"text-align: center;\">Kust IT<\/h3>\n<\/div><\/div><div class=\"wpb_text_column\"><div class=\"wpb_wrapper\"><p>Kust IT bygger moderne, funktionelle hjemmesider til svenske golfklubber. Deres l\u00f8sninger er designet med b\u00e5de klubledere og spillere i tankerne &#8211; og deres integration med GLFR sikrer, at din hjemmeside og Club App altid er afstemt.<\/p>\n<\/div><\/div><div class=\"w-btn-wrapper align_center\"><a class=\"w-btn us-btn-style_7 us_custom_3e2203ad\" href=\"https:\/\/kustit.se\/ny-hemsida\/hemsida-golfklubb\/?utm_source=glfr&amp;utm_medium=partners\"><span class=\"w-btn-label\">Bes\u00f8g<\/span><\/a><\/div><\/div><\/div><div class=\"wpb_column vc_column_container us_custom_96bc49dd\"><div class=\"vc_column-overlay\" style=\"background:var(--color-content-border)\"><\/div><div class=\"vc_column-inner\"><div class=\"wpb_text_column\"><div class=\"wpb_wrapper\"><h3 style=\"text-align: center;\">Golfinity<\/h3>\n<\/div><\/div><div class=\"wpb_text_column\"><div class=\"wpb_wrapper\"><p>Golfinitys hjemmesider er kendt for st\u00e6rkt visuelt design og nem redigering. Sammen med GLFR tilbyder de svenske klubber et forbundet \u00f8kosystem, hvor nyheder, banestatus og meget mere synkroniseres ubesv\u00e6ret.<\/p>\n<\/div><\/div><div class=\"w-btn-wrapper align_center\"><a class=\"w-btn us-btn-style_7 us_custom_3e2203ad\" href=\"https:\/\/www.golfinity.se\/?utm_source=glfr&amp;utm_medium=partners\"><span class=\"w-btn-label\">Bes\u00f8g<\/span><\/a><\/div><\/div><\/div><\/div><div class=\"g-cols wpb_row via_grid cols_2 laptops-cols_inherit tablets-cols_inherit mobiles-cols_1 valign_middle type_default stacking_default\" style=\"--columns-gap:0rem;\"><div class=\"wpb_column vc_column_container us_custom_96bc49dd\"><div class=\"vc_column-overlay\" style=\"background:var(--color-content-border)\"><\/div><div class=\"vc_column-inner\"><div class=\"wpb_text_column\"><div class=\"wpb_wrapper\"><h3 style=\"text-align: center;\">Unikke pixels<\/h3>\n<\/div><\/div><div class=\"wpb_text_column\"><div class=\"wpb_wrapper\"><p>Unique Pixels leverer skr\u00e6ddersyede webl\u00f8sninger til danske klubber. Deres GLFR-integration betyder, at du kan administrere banestatus og klubnyheder p\u00e5 tv\u00e6rs af platforme med et enkelt workflow.<\/p>\n<\/div><\/div><div class=\"w-btn-wrapper align_center\"><a class=\"w-btn us-btn-style_7 us_custom_3e2203ad\" href=\"https:\/\/www.uniquepixels.dk\/golfklubber\/?utm_source=glfr&amp;utm_medium=partners\"><span class=\"w-btn-label\">Bes\u00f8g<\/span><\/a><\/div><\/div><\/div><div class=\"wpb_column vc_column_container us_custom_96bc49dd\"><div class=\"vc_column-overlay\" style=\"background:var(--color-content-bg-alt)\"><\/div><div class=\"vc_column-inner\"><div class=\"wpb_text_column\"><div class=\"wpb_wrapper\"><h3 style=\"text-align: center;\">Scan Golf \/ Club Site<\/h3>\n<\/div><\/div><div class=\"wpb_text_column\"><div class=\"wpb_wrapper\"><p>Scan Golf er en af Norges mest erfarne udbydere af golfklubbers hjemmesider. Deres samarbejde med GLFR (via Gimmie app) giver smart synkronisering og integreret indhold til klubber i hele landet.<\/p>\n<\/div><\/div><div class=\"w-btn-wrapper align_center\"><a class=\"w-btn us-btn-style_7 us_custom_3e2203ad\" href=\"https:\/\/clubsite.no\/?utm_source=glfr&amp;utm_medium=partners\"><span class=\"w-btn-label\">Bes\u00f8g<\/span><\/a><\/div><\/div><\/div><\/div><\/div><\/div><\/div><\/div><\/section><section class=\"l-section wpb_row height_medium\"><div class=\"l-section-h i-cf\"><div class=\"g-cols vc_row via_grid cols_1 laptops-cols_inherit tablets-cols_inherit mobiles-cols_1 valign_top type_default stacking_default\"><div class=\"wpb_column vc_column_container\"><div class=\"vc_column-inner\"><div class=\"wpb_text_column\"><div class=\"wpb_wrapper\"><h2>Er du interesseret i at blive partner med os?<\/h2>\n<\/div><\/div><div class=\"wpb_text_column\"><div class=\"wpb_wrapper\"><p>Vi er altid \u00e5bne for nye ideer og partnerskaber. Hvis du udvikler produkter eller tjenester til golfbranchen &#8211; fra bookingsystemer og hardware til kommunikationsv\u00e6rkt\u00f8jer og meget mere &#8211; vil vi meget gerne tale med dig. <\/p>\n<p>GLFR er bygget p\u00e5 samarbejde, og vi er altid p\u00e5 udkig efter m\u00e5der at skabe mere v\u00e6rdi for golfspillere og golfklubber gennem smarte integrationer og st\u00e6rke relationer.<\/p>\n<p>Har du en id\u00e9 eller et forslag? Kontakt vores CEO Hans Henrik Junge p\u00e5 hhj@glfr.com, og lad os h\u00f8re hvad du har i tankerne.<\/p>\n<\/div><\/div><\/div><\/div><\/div><\/div><\/section>\n","protected":false},"excerpt":{"rendered":"Et bedre spil gennem partnerskaber De bedste l\u00f8sninger kommer af at arbejde sammen Hos GLFR tror vi p\u00e5, at en enkelt udbyder ikke kan levere alt, hvad en golfklub har brug for &#8211; og det er en god ting. De bedste resultater opn\u00e5s, n\u00e5r specialiserede udbydere arbejder sammen og kombinerer deres styrker for at opbygge...","protected":false},"author":1,"featured_media":0,"parent":0,"menu_order":0,"comment_status":"closed","ping_status":"closed","template":"","meta":{"footnotes":""},"class_list":["post-1539","page","type-page","status-publish","hentry"],"yoast_head":"<!-- This site is optimized with the Yoast SEO plugin v27.6 - https:\/\/yoast.com\/product\/yoast-seo-wordpress\/ -->\n<title>Partnere - GLFR<\/title>\n<meta name=\"robots\" content=\"index, follow, max-snippet:-1, max-image-preview:large, max-video-preview:-1\" \/>\n<link rel=\"canonical\" href=\"https:\/\/www.glfr.com\/da\/partners\/\" \/>\n<meta property=\"og:locale\" content=\"da_DK\" \/>\n<meta property=\"og:type\" content=\"article\" \/>\n<meta property=\"og:title\" content=\"Partnere - GLFR\" \/>\n<meta property=\"og:url\" content=\"https:\/\/www.glfr.com\/da\/partners\/\" \/>\n<meta property=\"og:site_name\" content=\"GLFR\" \/>\n<meta property=\"article:modified_time\" content=\"2026-01-21T08:22:28+00:00\" \/>\n<meta name=\"twitter:card\" content=\"summary_large_image\" \/>\n<meta name=\"twitter:label1\" content=\"Estimeret l\u00e6setid\" \/>\n\t<meta name=\"twitter:data1\" content=\"5 minutter\" \/>\n<script type=\"application\/ld+json\" class=\"yoast-schema-graph\">{\"@context\":\"https:\\\/\\\/schema.org\",\"@graph\":[{\"@type\":\"WebPage\",\"@id\":\"https:\\\/\\\/www.glfr.com\\\/da\\\/partners\\\/\",\"url\":\"https:\\\/\\\/www.glfr.com\\\/da\\\/partners\\\/\",\"name\":\"Partnere - GLFR\",\"isPartOf\":{\"@id\":\"https:\\\/\\\/www.glfr.com\\\/da\\\/#website\"},\"datePublished\":\"2026-01-20T19:33:40+00:00\",\"dateModified\":\"2026-01-21T08:22:28+00:00\",\"breadcrumb\":{\"@id\":\"https:\\\/\\\/www.glfr.com\\\/da\\\/partners\\\/#breadcrumb\"},\"inLanguage\":\"da-DK\",\"potentialAction\":[{\"@type\":\"ReadAction\",\"target\":[\"https:\\\/\\\/www.glfr.com\\\/da\\\/partners\\\/\"]}]},{\"@type\":\"BreadcrumbList\",\"@id\":\"https:\\\/\\\/www.glfr.com\\\/da\\\/partners\\\/#breadcrumb\",\"itemListElement\":[{\"@type\":\"ListItem\",\"position\":1,\"name\":\"Home\",\"item\":\"https:\\\/\\\/www.glfr.com\\\/da\\\/home\\\/\"},{\"@type\":\"ListItem\",\"position\":2,\"name\":\"Partnere\"}]},{\"@type\":\"WebSite\",\"@id\":\"https:\\\/\\\/www.glfr.com\\\/da\\\/#website\",\"url\":\"https:\\\/\\\/www.glfr.com\\\/da\\\/\",\"name\":\"GLFR\",\"description\":\"Your Club and Golf App\",\"potentialAction\":[{\"@type\":\"SearchAction\",\"target\":{\"@type\":\"EntryPoint\",\"urlTemplate\":\"https:\\\/\\\/www.glfr.com\\\/da\\\/?s={search_term_string}\"},\"query-input\":{\"@type\":\"PropertyValueSpecification\",\"valueRequired\":true,\"valueName\":\"search_term_string\"}}],\"inLanguage\":\"da-DK\"}]}<\/script>\n<!-- \/ Yoast SEO plugin. -->","yoast_head_json":{"title":"Partnere - GLFR","robots":{"index":"index","follow":"follow","max-snippet":"max-snippet:-1","max-image-preview":"max-image-preview:large","max-video-preview":"max-video-preview:-1"},"canonical":"https:\/\/www.glfr.com\/da\/partners\/","og_locale":"da_DK","og_type":"article","og_title":"Partnere - GLFR","og_url":"https:\/\/www.glfr.com\/da\/partners\/","og_site_name":"GLFR","article_modified_time":"2026-01-21T08:22:28+00:00","twitter_card":"summary_large_image","twitter_misc":{"Estimeret l\u00e6setid":"5 minutter"},"schema":{"@context":"https:\/\/schema.org","@graph":[{"@type":"WebPage","@id":"https:\/\/www.glfr.com\/da\/partners\/","url":"https:\/\/www.glfr.com\/da\/partners\/","name":"Partnere - GLFR","isPartOf":{"@id":"https:\/\/www.glfr.com\/da\/#website"},"datePublished":"2026-01-20T19:33:40+00:00","dateModified":"2026-01-21T08:22:28+00:00","breadcrumb":{"@id":"https:\/\/www.glfr.com\/da\/partners\/#breadcrumb"},"inLanguage":"da-DK","potentialAction":[{"@type":"ReadAction","target":["https:\/\/www.glfr.com\/da\/partners\/"]}]},{"@type":"BreadcrumbList","@id":"https:\/\/www.glfr.com\/da\/partners\/#breadcrumb","itemListElement":[{"@type":"ListItem","position":1,"name":"Home","item":"https:\/\/www.glfr.com\/da\/home\/"},{"@type":"ListItem","position":2,"name":"Partnere"}]},{"@type":"WebSite","@id":"https:\/\/www.glfr.com\/da\/#website","url":"https:\/\/www.glfr.com\/da\/","name":"GLFR","description":"Your Club and Golf App","potentialAction":[{"@type":"SearchAction","target":{"@type":"EntryPoint","urlTemplate":"https:\/\/www.glfr.com\/da\/?s={search_term_string}"},"query-input":{"@type":"PropertyValueSpecification","valueRequired":true,"valueName":"search_term_string"}}],"inLanguage":"da-DK"}]}},"_links":{"self":[{"href":"https:\/\/www.glfr.com\/da\/wp-json\/wp\/v2\/pages\/1539","targetHints":{"allow":["GET"]}}],"collection":[{"href":"https:\/\/www.glfr.com\/da\/wp-json\/wp\/v2\/pages"}],"about":[{"href":"https:\/\/www.glfr.com\/da\/wp-json\/wp\/v2\/types\/page"}],"author":[{"embeddable":true,"href":"https:\/\/www.glfr.com\/da\/wp-json\/wp\/v2\/users\/1"}],"replies":[{"embeddable":true,"href":"https:\/\/www.glfr.com\/da\/wp-json\/wp\/v2\/comments?post=1539"}],"version-history":[{"count":5,"href":"https:\/\/www.glfr.com\/da\/wp-json\/wp\/v2\/pages\/1539\/revisions"}],"predecessor-version":[{"id":1547,"href":"https:\/\/www.glfr.com\/da\/wp-json\/wp\/v2\/pages\/1539\/revisions\/1547"}],"wp:attachment":[{"href":"https:\/\/www.glfr.com\/da\/wp-json\/wp\/v2\/media?parent=1539"}],"curies":[{"name":"wp","href":"https:\/\/api.w.org\/{rel}","templated":true}]}}