{"id":1286,"date":"2024-10-02T13:41:02","date_gmt":"2024-10-02T12:41:02","guid":{"rendered":"https:\/\/www.glfr.com\/til-klubber\/"},"modified":"2025-11-25T17:19:15","modified_gmt":"2025-11-25T16:19:15","slug":"til-klubber","status":"publish","type":"page","link":"https:\/\/www.glfr.com\/da\/til-klubber\/","title":{"rendered":"Til Klubber"},"content":{"rendered":"<section class=\"l-section wpb_row us_custom_5b82bc21 height_medium full_height valign_center\" id=\"overview\"><div class=\"l-section-overlay\" style=\"background:#ffffff\"><\/div><div class=\"l-section-h i-cf\"><div class=\"g-cols vc_row via_grid cols_1 laptops-cols_inherit tablets-cols_inherit mobiles-cols_1 valign_top type_default stacking_default\"><div class=\"wpb_column vc_column_container\"><div class=\"vc_column-inner\"><div class=\"wpb_text_column us_custom_cd9b33b9\"><div class=\"wpb_wrapper\"><h1 style=\"text-align: left;\">Greenkeeper Tools<\/h1>\n<\/div><\/div><div class=\"g-cols wpb_row via_grid cols_custom laptops-cols_inherit tablets-cols_inherit mobiles-cols_1 valign_top type_default stacking_default\" style=\"--columns-gap:3rem;--custom-columns:3fr 1.5fr 1.5fr \"><div class=\"wpb_column vc_column_container\"><div class=\"vc_column-inner\"><div class=\"wpb_text_column\"><div class=\"wpb_wrapper\"><p data-pm-slice=\"1 1 &#091;&#093;\"><span>Det er ikke nogen lille opgave at administrere en golfbane, og greenkeepere spiller en afg\u00f8rende rolle i at sikre, at banen altid er i topform.<\/span><\/p>\n<p data-pm-slice=\"1 1 &#091;&#093;\"><span>  GLFR&#8217;s Greenkeeper Tools er designet til at g\u00f8re dette job lettere og mere effektivt. Med en r\u00e6kke intuitive l\u00f8sninger kan greenkeepere str\u00f8mline deres daglige opgaver, dokumentere vigtige detaljer og holde alle p\u00e5 banen informeret.   <\/span><\/p>\n<p data-pm-slice=\"1 1 &#091;&#093;\"><span>Uanset om det drejer sig om at spore tekniske installationer, opdatere banestatus eller f\u00e5 adgang til vigtige oplysninger p\u00e5 farten, giver GLFR&#8217;s Greenkeeper Tools alt, hvad der er n\u00f8dvendigt for at spare tid og fokusere p\u00e5 det, der virkelig betyder noget &#8211; at holde banen uber\u00f8rt.<\/span><\/p>\n<\/div><\/div><\/div><\/div><div class=\"wpb_column vc_column_container\"><div class=\"vc_column-inner\"><div class=\"flip-box-wrap\" tabindex=\"0\" style=\"\"><div class=\"flip-box ifb-jq-height  horizontal_flip_left flip-ifb-jq-height\"  style=\"\" ><div class=\"ifb-flip-box\" id=\"flip-box-wrap-3359\"><div class=\"ifb-face ifb-front \" style=\"color:#333333;background:#FFFFFF; border-width: 0px;border-style: solid; border-color:#A4A4A4; border-radius: 0px;\">\n\t\t\t\t\t\t\t<div class=\"ifb-flip-box-section \">\n\t\t\t\t\t\t\t<div class=\"flip-box-icon\"><div class=\"ult-just-icon-wrapper  \"><div class=\"align-icon\" style=\"text-align:center;\">\n<div class=\"aio-icon none \"  style=\"color:#333333;font-size:32px;display:inline-block;\">\n\t<i class=\"Defaults-leanpub\"><\/i>\n<\/div><\/div><\/div><\/div><h4 class=\"ult-responsive flipbox_heading\"  data-ultimate-target='#flip-box-wrap-3359 .ult-responsive.flipbox_heading'  data-responsive-json-new='{\"font-size\":\"\",\"line-height\":\"\"}'  style=\"color:#333333; \">Teknisk kort<\/h4><div class=\"ifb-flip-box-section-content ult-responsive\"  data-ultimate-target='#flip-box-wrap-3359 .ifb-flip-box-section-content.ult-responsive'  data-responsive-json-new='{\"font-size\":\"\",\"line-height\":\"\"}'  style=\"color:#333333;color:#333333;\"><p>Kortl\u00e6g alle tekniske elementer p\u00e5 din bane, og hold din infrastruktur organiseret.<\/p><\/div><\/div><\/div><!-- END .front -->\n\t\t\t\t\t\t<div class=\"ifb-face ifb-back\" style=\"color:#333333;background:#FFFFFF; border-width: 0px;border-style: solid; border-color:#A4A4A4; border-radius: 0px;\">\n\t\t\t\t\t\t\t<div class=\"ifb-flip-box-section \"><h3 class=\"ult-responsive flipbox_heading\"  data-ultimate-target='#flip-box-wrap-3359 .ult-responsive.flipbox_heading'  data-responsive-json-new='{\"font-size\":\"\",\"line-height\":\"\"}'  style=\"color:#333333; \">Teknisk kort<\/h3><div class=\"ifb-desc-back\"><div class=\"ifb-flip-box-section-content ult-responsive\"  data-ultimate-target='#flip-box-wrap-3359 .ifb-flip-box-section-content.ult-responsive'  data-responsive-json-new='{\"font-size\":\"\",\"line-height\":\"\"}'  style=\"color:#333333;color:#333333;\"><p>Dokumenter nemt vanding, dr\u00e6ning og meget mere, og s\u00f8rg for n\u00f8jagtige optegnelser til planl\u00e6gning og vedligeholdelse.<\/p><\/div><\/div><div class=\"flip_link\"><a href=\"#techmap\" title=\"Read more about Tech Map\" rel=\"nofollow\"  style=\"background:#FFFFFF; color:#40A9C2;\">L\u00e6s mere<\/a><\/div><\/div><\/div><!-- END .back --><\/div> <!-- ifb-flip-box --><\/div> <!-- flip-box --><\/div><!-- End icon block --><div class=\"flip-box-wrap\" tabindex=\"0\" style=\"\"><div class=\"flip-box ifb-jq-height  horizontal_flip_left flip-ifb-jq-height\"  style=\"\" ><div class=\"ifb-flip-box\" id=\"flip-box-wrap-1625\"><div class=\"ifb-face ifb-front \" style=\"color:#333333;background:#FFFFFF; border-width: 0px;border-style: solid; border-color:#A4A4A4; border-radius: 0px;\">\n\t\t\t\t\t\t\t<div class=\"ifb-flip-box-section \">\n\t\t\t\t\t\t\t<div class=\"flip-box-icon\"><div class=\"ult-just-icon-wrapper  \"><div class=\"align-icon\" style=\"text-align:center;\">\n<div class=\"aio-icon none \"  style=\"color:#333333;font-size:32px;display:inline-block;\">\n\t<i class=\"Defaults-book\"><\/i>\n<\/div><\/div><\/div><\/div><h4 class=\"ult-responsive flipbox_heading\"  data-ultimate-target='#flip-box-wrap-1625 .ult-responsive.flipbox_heading'  data-responsive-json-new='{\"font-size\":\"\",\"line-height\":\"\"}'  style=\"color:#333333; \">Dokumentation<\/h4><div class=\"ifb-flip-box-section-content ult-responsive\"  data-ultimate-target='#flip-box-wrap-1625 .ifb-flip-box-section-content.ult-responsive'  data-responsive-json-new='{\"font-size\":\"\",\"line-height\":\"\"}'  style=\"color:#333333;color:#333333;\"><p>Log vigtige detaljer og opdateringer for hver bane og hvert teknologielement.<\/p><\/div><\/div><\/div><!-- END .front -->\n\t\t\t\t\t\t<div class=\"ifb-face ifb-back\" style=\"color:#333333;background:#FFFFFF; border-width: 0px;border-style: solid; border-color:#A4A4A4; border-radius: 0px;\">\n\t\t\t\t\t\t\t<div class=\"ifb-flip-box-section \"><h3 class=\"ult-responsive flipbox_heading\"  data-ultimate-target='#flip-box-wrap-1625 .ult-responsive.flipbox_heading'  data-responsive-json-new='{\"font-size\":\"\",\"line-height\":\"\"}'  style=\"color:#333333; \">Dokumentation<\/h3><div class=\"ifb-desc-back\"><div class=\"ifb-flip-box-section-content ult-responsive\"  data-ultimate-target='#flip-box-wrap-1625 .ifb-flip-box-section-content.ult-responsive'  data-responsive-json-new='{\"font-size\":\"\",\"line-height\":\"\"}'  style=\"color:#333333;color:#333333;\"><p>Vedh\u00e6ft noter, vedligeholdelseslogs og historiske data til kortlagte elementer for at f\u00e5 en komplet oversigt over banen.<\/p><\/div><\/div><div class=\"flip_link\"><a href=\"#documentation\" title=\"Read more about Documentation\" rel=\"nofollow\"  style=\"background:#FFFFFF; color:#40A9C2;\">L\u00e6s mere<\/a><\/div><\/div><\/div><!-- END .back --><\/div> <!-- ifb-flip-box --><\/div> <!-- flip-box --><\/div><!-- End icon block --><\/div><\/div><div class=\"wpb_column vc_column_container\"><div class=\"vc_column-inner\"><div class=\"flip-box-wrap\" tabindex=\"0\" style=\"\"><div class=\"flip-box ifb-jq-height  horizontal_flip_left flip-ifb-jq-height\"  style=\"\" ><div class=\"ifb-flip-box\" id=\"flip-box-wrap-3442\"><div class=\"ifb-face ifb-front \" style=\"color:#333333;background:#FFFFFF; border-width: 0px;border-style: solid; border-color:#A4A4A4; border-radius: 0px;\">\n\t\t\t\t\t\t\t<div class=\"ifb-flip-box-section \">\n\t\t\t\t\t\t\t<div class=\"flip-box-icon\"><div class=\"ult-just-icon-wrapper  \"><div class=\"align-icon\" style=\"text-align:center;\">\n<div class=\"aio-icon none \"  style=\"color:#333333;font-size:32px;display:inline-block;\">\n\t<i class=\"Defaults-check-square-o\"><\/i>\n<\/div><\/div><\/div><\/div><h4 class=\"ult-responsive flipbox_heading\"  data-ultimate-target='#flip-box-wrap-3442 .ult-responsive.flipbox_heading'  data-responsive-json-new='{\"font-size\":\"\",\"line-height\":\"\"}'  style=\"color:#333333; \">Banestatus<\/h4><div class=\"ifb-flip-box-section-content ult-responsive\"  data-ultimate-target='#flip-box-wrap-3442 .ifb-flip-box-section-content.ult-responsive'  data-responsive-json-new='{\"font-size\":\"\",\"line-height\":\"\"}'  style=\"color:#333333;color:#333333;\"><p>Hold spillerne informeret med opdateringer af banestatus i realtid.<\/p><\/div><\/div><\/div><!-- END .front -->\n\t\t\t\t\t\t<div class=\"ifb-face ifb-back\" style=\"color:#333333;background:#FFFFFF; border-width: 0px;border-style: solid; border-color:#A4A4A4; border-radius: 0px;\">\n\t\t\t\t\t\t\t<div class=\"ifb-flip-box-section \"><h3 class=\"ult-responsive flipbox_heading\"  data-ultimate-target='#flip-box-wrap-3442 .ult-responsive.flipbox_heading'  data-responsive-json-new='{\"font-size\":\"\",\"line-height\":\"\"}'  style=\"color:#333333; \">Banestatus<\/h3><div class=\"ifb-desc-back\"><div class=\"ifb-flip-box-section-content ult-responsive\"  data-ultimate-target='#flip-box-wrap-3442 .ifb-flip-box-section-content.ult-responsive'  data-responsive-json-new='{\"font-size\":\"\",\"line-height\":\"\"}'  style=\"color:#333333;color:#333333;\"><p>Sl\u00e5 lukninger, forhold og advarsler op med et enkelt klik - og s\u00f8rg for, at golfspillerne altid har de seneste oplysninger.<\/p><\/div><\/div><div class=\"flip_link\"><a href=\"#coursestatus\" title=\"Read more about Course Status\" rel=\"nofollow\"  style=\"background:#FFFFFF; color:#40A9C2;\">L\u00e6s mere<\/a><\/div><\/div><\/div><!-- END .back --><\/div> <!-- ifb-flip-box --><\/div> <!-- flip-box --><\/div><!-- End icon block --><div class=\"flip-box-wrap\" tabindex=\"0\" style=\"\"><div class=\"flip-box ifb-jq-height  horizontal_flip_left flip-ifb-jq-height\"  style=\"\" ><div class=\"ifb-flip-box\" id=\"flip-box-wrap-3961\"><div class=\"ifb-face ifb-front \" style=\"color:#333333;background:#FFFFFF; border-width: 0px;border-style: solid; border-color:#A4A4A4; border-radius: 0px;\">\n\t\t\t\t\t\t\t<div class=\"ifb-flip-box-section \">\n\t\t\t\t\t\t\t<div class=\"flip-box-icon\"><div class=\"ult-just-icon-wrapper  \"><div class=\"align-icon\" style=\"text-align:center;\">\n<div class=\"aio-icon none \"  style=\"color:#333333;font-size:32px;display:inline-block;\">\n\t<i class=\"Defaults-mobile mobile-phone\"><\/i>\n<\/div><\/div><\/div><\/div><h4 class=\"ult-responsive flipbox_heading\"  data-ultimate-target='#flip-box-wrap-3961 .ult-responsive.flipbox_heading'  data-responsive-json-new='{\"font-size\":\"\",\"line-height\":\"\"}'  style=\"color:#333333; \">Greenkeeper-app<\/h4><div class=\"ifb-flip-box-section-content ult-responsive\"  data-ultimate-target='#flip-box-wrap-3961 .ifb-flip-box-section-content.ult-responsive'  data-responsive-json-new='{\"font-size\":\"\",\"line-height\":\"\"}'  style=\"color:#333333;color:#333333;\"><p>Administrer alt ubesv\u00e6ret direkte fra banen med Greenkeeper-appen.<\/p><\/div><\/div><\/div><!-- END .front -->\n\t\t\t\t\t\t<div class=\"ifb-face ifb-back\" style=\"color:#333333;background:#FFFFFF; border-width: 0px;border-style: solid; border-color:#A4A4A4; border-radius: 0px;\">\n\t\t\t\t\t\t\t<div class=\"ifb-flip-box-section \"><h3 class=\"ult-responsive flipbox_heading\"  data-ultimate-target='#flip-box-wrap-3961 .ult-responsive.flipbox_heading'  data-responsive-json-new='{\"font-size\":\"\",\"line-height\":\"\"}'  style=\"color:#333333; \">Greenkeeper-app<\/h3><div class=\"ifb-desc-back\"><div class=\"ifb-flip-box-section-content ult-responsive\"  data-ultimate-target='#flip-box-wrap-3961 .ifb-flip-box-section-content.ult-responsive'  data-responsive-json-new='{\"font-size\":\"\",\"line-height\":\"\"}'  style=\"color:#333333;color:#333333;\"><p>Fra kortl\u00e6gning til opdateringer kan du styre alle Greenkeeper Tools fra din telefon - det forenkler den daglige drift.<\/p><\/div><\/div><div class=\"flip_link\"><a href=\"#gkapp\" title=\"Read more about the Greenkeeper App\" rel=\"nofollow\"  style=\"background:#FFFFFF; color:#40A9C2;\">L\u00e6s mere<\/a><\/div><\/div><\/div><!-- END .back --><\/div> <!-- ifb-flip-box --><\/div> <!-- flip-box --><\/div><!-- End icon block --><\/div><\/div><\/div><\/div><\/div><\/div><\/div><\/section>\n","protected":false},"excerpt":{"rendered":"Greenkeeper Tools Det er ikke nogen lille opgave at administrere en golfbane, og greenkeepere spiller en afg\u00f8rende rolle i at sikre, at banen altid er i topform. GLFR&#8217;s Greenkeeper Tools er designet til at g\u00f8re dette job lettere og mere effektivt. Med en r\u00e6kke intuitive l\u00f8sninger kan greenkeepere str\u00f8mline deres daglige opgaver, dokumentere vigtige detaljer...","protected":false},"author":1,"featured_media":0,"parent":0,"menu_order":0,"comment_status":"closed","ping_status":"closed","template":"","meta":{"footnotes":""},"class_list":["post-1286","page","type-page","status-publish","hentry"],"yoast_head":"<!-- This site is optimized with the Yoast SEO plugin v27.2 - https:\/\/yoast.com\/product\/yoast-seo-wordpress\/ -->\n<title>Til Klubber - GLFR<\/title>\n<meta name=\"robots\" content=\"index, follow, max-snippet:-1, max-image-preview:large, max-video-preview:-1\" \/>\n<link rel=\"canonical\" href=\"https:\/\/www.glfr.com\/da\/til-klubber\/\" \/>\n<meta property=\"og:locale\" content=\"da_DK\" \/>\n<meta property=\"og:type\" content=\"article\" \/>\n<meta property=\"og:title\" content=\"Til Klubber - GLFR\" \/>\n<meta property=\"og:url\" content=\"https:\/\/www.glfr.com\/da\/til-klubber\/\" \/>\n<meta property=\"og:site_name\" content=\"GLFR\" \/>\n<meta property=\"article:modified_time\" content=\"2025-11-25T16:19:15+00:00\" \/>\n<meta name=\"twitter:card\" content=\"summary_large_image\" \/>\n<meta name=\"twitter:label1\" content=\"Estimeret l\u00e6setid\" \/>\n\t<meta name=\"twitter:data1\" content=\"3 minutter\" \/>\n<script type=\"application\/ld+json\" class=\"yoast-schema-graph\">{\"@context\":\"https:\/\/schema.org\",\"@graph\":[{\"@type\":\"WebPage\",\"@id\":\"https:\/\/www.glfr.com\/da\/til-klubber\/\",\"url\":\"https:\/\/www.glfr.com\/da\/til-klubber\/\",\"name\":\"Til Klubber - GLFR\",\"isPartOf\":{\"@id\":\"https:\/\/www.glfr.com\/da\/#website\"},\"datePublished\":\"2024-10-02T12:41:02+00:00\",\"dateModified\":\"2025-11-25T16:19:15+00:00\",\"breadcrumb\":{\"@id\":\"https:\/\/www.glfr.com\/da\/til-klubber\/#breadcrumb\"},\"inLanguage\":\"da-DK\",\"potentialAction\":[{\"@type\":\"ReadAction\",\"target\":[\"https:\/\/www.glfr.com\/da\/til-klubber\/\"]}]},{\"@type\":\"BreadcrumbList\",\"@id\":\"https:\/\/www.glfr.com\/da\/til-klubber\/#breadcrumb\",\"itemListElement\":[{\"@type\":\"ListItem\",\"position\":1,\"name\":\"Home\",\"item\":\"https:\/\/www.glfr.com\/da\/home\/\"},{\"@type\":\"ListItem\",\"position\":2,\"name\":\"Til Klubber\"}]},{\"@type\":\"WebSite\",\"@id\":\"https:\/\/www.glfr.com\/da\/#website\",\"url\":\"https:\/\/www.glfr.com\/da\/\",\"name\":\"GLFR\",\"description\":\"Your Club and Golf App\",\"potentialAction\":[{\"@type\":\"SearchAction\",\"target\":{\"@type\":\"EntryPoint\",\"urlTemplate\":\"https:\/\/www.glfr.com\/da\/?s={search_term_string}\"},\"query-input\":{\"@type\":\"PropertyValueSpecification\",\"valueRequired\":true,\"valueName\":\"search_term_string\"}}],\"inLanguage\":\"da-DK\"}]}<\/script>\n<!-- \/ Yoast SEO plugin. -->","yoast_head_json":{"title":"Til Klubber - GLFR","robots":{"index":"index","follow":"follow","max-snippet":"max-snippet:-1","max-image-preview":"max-image-preview:large","max-video-preview":"max-video-preview:-1"},"canonical":"https:\/\/www.glfr.com\/da\/til-klubber\/","og_locale":"da_DK","og_type":"article","og_title":"Til Klubber - GLFR","og_url":"https:\/\/www.glfr.com\/da\/til-klubber\/","og_site_name":"GLFR","article_modified_time":"2025-11-25T16:19:15+00:00","twitter_card":"summary_large_image","twitter_misc":{"Estimeret l\u00e6setid":"3 minutter"},"schema":{"@context":"https:\/\/schema.org","@graph":[{"@type":"WebPage","@id":"https:\/\/www.glfr.com\/da\/til-klubber\/","url":"https:\/\/www.glfr.com\/da\/til-klubber\/","name":"Til Klubber - GLFR","isPartOf":{"@id":"https:\/\/www.glfr.com\/da\/#website"},"datePublished":"2024-10-02T12:41:02+00:00","dateModified":"2025-11-25T16:19:15+00:00","breadcrumb":{"@id":"https:\/\/www.glfr.com\/da\/til-klubber\/#breadcrumb"},"inLanguage":"da-DK","potentialAction":[{"@type":"ReadAction","target":["https:\/\/www.glfr.com\/da\/til-klubber\/"]}]},{"@type":"BreadcrumbList","@id":"https:\/\/www.glfr.com\/da\/til-klubber\/#breadcrumb","itemListElement":[{"@type":"ListItem","position":1,"name":"Home","item":"https:\/\/www.glfr.com\/da\/home\/"},{"@type":"ListItem","position":2,"name":"Til Klubber"}]},{"@type":"WebSite","@id":"https:\/\/www.glfr.com\/da\/#website","url":"https:\/\/www.glfr.com\/da\/","name":"GLFR","description":"Your Club and Golf App","potentialAction":[{"@type":"SearchAction","target":{"@type":"EntryPoint","urlTemplate":"https:\/\/www.glfr.com\/da\/?s={search_term_string}"},"query-input":{"@type":"PropertyValueSpecification","valueRequired":true,"valueName":"search_term_string"}}],"inLanguage":"da-DK"}]}},"_links":{"self":[{"href":"https:\/\/www.glfr.com\/da\/wp-json\/wp\/v2\/pages\/1286","targetHints":{"allow":["GET"]}}],"collection":[{"href":"https:\/\/www.glfr.com\/da\/wp-json\/wp\/v2\/pages"}],"about":[{"href":"https:\/\/www.glfr.com\/da\/wp-json\/wp\/v2\/types\/page"}],"author":[{"embeddable":true,"href":"https:\/\/www.glfr.com\/da\/wp-json\/wp\/v2\/users\/1"}],"replies":[{"embeddable":true,"href":"https:\/\/www.glfr.com\/da\/wp-json\/wp\/v2\/comments?post=1286"}],"version-history":[{"count":2,"href":"https:\/\/www.glfr.com\/da\/wp-json\/wp\/v2\/pages\/1286\/revisions"}],"predecessor-version":[{"id":1288,"href":"https:\/\/www.glfr.com\/da\/wp-json\/wp\/v2\/pages\/1286\/revisions\/1288"}],"wp:attachment":[{"href":"https:\/\/www.glfr.com\/da\/wp-json\/wp\/v2\/media?parent=1286"}],"curies":[{"name":"wp","href":"https:\/\/api.w.org\/{rel}","templated":true}]}}