{"id":1274,"date":"2024-10-07T08:59:06","date_gmt":"2024-10-07T07:59:06","guid":{"rendered":"https:\/\/www.glfr.com\/about-glfr\/vilkar-og-betingelser\/servicevilkar\/"},"modified":"2025-11-25T17:17:37","modified_gmt":"2025-11-25T16:17:37","slug":"servicevilkar","status":"publish","type":"page","link":"https:\/\/www.glfr.com\/da\/about-glfr\/vilkar-og-betingelser\/servicevilkar\/","title":{"rendered":"Vilk\u00e5r for service"},"content":{"rendered":"<section class=\"l-section wpb_row height_medium\"><div class=\"l-section-h i-cf\"><div class=\"g-cols vc_row via_grid cols_1 laptops-cols_inherit tablets-cols_inherit mobiles-cols_1 valign_top type_default stacking_default\"><div class=\"wpb_column vc_column_container\"><div class=\"vc_column-inner\"><div class=\"wpb_text_column\"><div class=\"wpb_wrapper\"><h1>Servicevilk\u00e5r og fortrolighedserkl\u00e6ring<\/h1>\n<\/div><\/div><div class=\"wpb_text_column\"><div class=\"wpb_wrapper\"><p>Opdateret &#8211; 2025-06-11<\/p>\n<\/div><\/div><div class=\"wpb_text_column\"><div class=\"wpb_wrapper\"><h2><b>Introduktion<\/b><\/h2>\n<p><span style=\"font-weight: 400;\">GLFR&#8217;s privatlivspolitik (ToS) g\u00e6lder for GLFR-appen, Gimmie-appen, my.GLFR.com, GLFR Business (herunder GLFR Greenkeeper), GLFR.com og\/eller alle relaterede golftjenester, der leveres af Ingenium Golf ApS.<\/span><\/p>\n<p><b>Dataansvarlig<\/b><\/p>\n<p><span style=\"font-weight: 400;\">GLFR af Ingenium Golf<\/span><\/p>\n<p><span style=\"font-weight: 400;\">\u00c5bogade 15<\/span><\/p>\n<p><span style=\"font-weight: 400;\">8200 Aarhus N<\/span><\/p>\n<p><span style=\"font-weight: 400;\">Danmark<\/span><span style=\"font-weight: 400;\"><br \/>\n<\/span><span style=\"font-weight: 400;\"><br \/>\n<\/span><span style=\"font-weight: 400;\">CVR: 34466491<\/span><span style=\"font-weight: 400;\"><br \/>\n<\/span><span style=\"font-weight: 400;\">Mail: info@glfr.com<\/span><span style=\"font-weight: 400;\"><br \/>\n<\/span><span style=\"font-weight: 400;\">Telefon: +45 71 71 46 46<\/span><span style=\"font-weight: 400;\"><br \/>\n<\/span><span style=\"font-weight: 400;\"><br \/>\n<\/span><b>Dine juridiske rettigheder i henhold til GDPR<\/b><span style=\"font-weight: 400;\"><br \/>\n<\/span><span style=\"font-weight: 400;\">N\u00e5r vi h\u00e5ndterer dine data, har du rettigheder, som du til enhver tid kan bruge mod os.<\/span><span style=\"font-weight: 400;\"><br \/>\n<\/span><span style=\"font-weight: 400;\">Dine rettigheder er som f\u00f8lger:<\/span><span style=\"font-weight: 400;\"><br \/>\n<\/span><\/p>\n<ul>\n<li aria-level=\"1\"><b>Ret til indsigt<\/b><\/li>\n<\/ul>\n<p><span style=\"font-weight: 400;\">N\u00e5r vi behandler dine data, kan du til enhver tid anmode om adgang til de data, vi behandler om dig.<\/span><\/p>\n<ul>\n<li aria-level=\"1\"><b>Retten til at blive glemt<\/b><\/li>\n<\/ul>\n<p><span style=\"font-weight: 400;\">N\u00e5r vi behandler dine data, kan du til enhver tid anmode os om at slette de data, vi behandler om dig.<\/span><\/p>\n<ul>\n<li aria-level=\"1\"><b>Ret til berigtigelse<\/b><\/li>\n<\/ul>\n<p><span style=\"font-weight: 400;\">Hvis vi behandler data om dig, som ikke er korrekte, kan du til enhver tid anmode os om at rette dataene.<\/span><\/p>\n<ul>\n<li aria-level=\"1\"><b>Ret til begr\u00e6nset behandling<\/b><\/li>\n<\/ul>\n<p><span style=\"font-weight: 400;\">Du kan til enhver tid bede os om at begr\u00e6nse behandlingen, men husk, at det kan begr\u00e6nse din mulighed for at bruge GLFR-applikationen.<\/span><\/p>\n<ul>\n<li style=\"font-weight: 400;\" aria-level=\"1\"><b>Ret til at g\u00f8re indsigelse mod vores behandling<\/b><\/li>\n<\/ul>\n<p><span style=\"font-weight: 400;\">Hvis du ikke er enig i den m\u00e5de, vi behandler dine data p\u00e5, har du ret til at g\u00f8re indsigelse mod vores behandling.<\/span><\/p>\n<p><span style=\"font-weight: 400;\">Du kan ogs\u00e5 til enhver tid indgive en klage til Datatilsynet. Vi anbefaler, at du kontakter os f\u00f8rst, s\u00e5 vi kan fors\u00f8ge at l\u00f8se din klage.   <\/span><\/p>\n<h2><b>Hvordan h\u00e5ndterer vi dine data?<\/b><\/h2>\n<p><span style=\"font-weight: 400;\">Dine data gemmes p\u00e5 vores sikrede servere og kan kun tilg\u00e5s af vores tekniske team. Alle persondata, som vores teknikere har adgang til, bruges til fejlfinding eller p\u00e5 din anmodning og slettes fra alle lokale lagre umiddelbart efter, at problemet er l\u00f8st. <\/span><\/p>\n<h3><b>GLFR &amp; Gimmie brugere<\/b><\/h3>\n<p><span style=\"font-weight: 400;\">Vi gemmer dine profiloplysninger:<\/span><\/p>\n<ul>\n<li style=\"font-weight: 400;\" aria-level=\"1\"><span style=\"font-weight: 400;\">Brugernavn<\/span><\/li>\n<li style=\"font-weight: 400;\" aria-level=\"1\"><span style=\"font-weight: 400;\">E-mail<\/span><\/li>\n<li style=\"font-weight: 400;\" aria-level=\"1\"><span style=\"font-weight: 400;\">Hjemmeklub<\/span><\/li>\n<li style=\"font-weight: 400;\" aria-level=\"1\"><span style=\"font-weight: 400;\">Land<\/span><\/li>\n<li style=\"font-weight: 400;\" aria-level=\"1\"><span style=\"font-weight: 400;\">Handicap<\/span><\/li>\n<li style=\"font-weight: 400;\" aria-level=\"1\"><span style=\"font-weight: 400;\">Sex<\/span><\/li>\n<li style=\"font-weight: 400;\" aria-level=\"1\"><span style=\"font-weight: 400;\">F\u00f8dselsdato<\/span><\/li>\n<\/ul>\n<p><span style=\"font-weight: 400;\">Dine profiloplysninger kan tilg\u00e5s og opdateres direkte fra GLFR- eller Gimmie-appen.<\/span><\/p>\n<p><span style=\"font-weight: 400;\">Vi gemmer ogs\u00e5, hvilke baneguides du har downloadet, dine scorekort og alle dine interaktioner med golfklubberne gennem GLFR og Gimmie. Vi gemmer disse data for at sikre, at du altid har adgang til dem via GLFR- og Gimmie-platformen. <\/span><\/p>\n<p><span style=\"font-weight: 400;\">I forbindelse med dine scorekort gemmer vi din placering p\u00e5 tidspunktet for hvert slag. Disse oplysninger bruges til at vise dig din rute rundt p\u00e5 banen og bruges i anonyme statistikker for golfbanerne. <\/span><\/p>\n<p><span style=\"font-weight: 400;\">Hvis du \u00f8nsker at forlade GLFR og Gimmie og f\u00e5 slettet dine data, kan du g\u00f8re det direkte fra appene eller kontakte support@glfr.com.<\/span><\/p>\n<h3><b>GLFR Business-brugere<\/b><\/h3>\n<p><span style=\"font-weight: 400;\">Vi gemmer dine profiloplysninger:<\/span><\/p>\n<ul>\n<li style=\"font-weight: 400;\" aria-level=\"1\"><span style=\"font-weight: 400;\">Fuldt navn<\/span><\/li>\n<li style=\"font-weight: 400;\" aria-level=\"1\"><span style=\"font-weight: 400;\">E-mail<\/span><\/li>\n<li style=\"font-weight: 400;\" aria-level=\"1\"><span style=\"font-weight: 400;\">Klub<\/span><\/li>\n<\/ul>\n<p><span style=\"font-weight: 400;\">Dine profiloplysninger kan tilg\u00e5s og opdateres direkte fra GLFR Business.<\/span><\/p>\n<p><span style=\"font-weight: 400;\">Din profil og alle relaterede data kan slettes direkte fra GLFR Business.<\/span><\/p>\n<h3><b>Alle brugere<\/b><\/h3>\n<p><span style=\"font-weight: 400;\">Dine data vil aldrig blive solgt til tredjeparter eller brugt direkte i vores markedsf\u00f8ring uden din udtrykkelige tilladelse.<\/span><\/p>\n<p><span style=\"font-weight: 400;\">Dine data kan blive brugt anonymt som en del af st\u00f8rre datas\u00e6t til at generere generelle statistikker om, men ikke begr\u00e6nset til, hvordan golfspillere klarer sig p\u00e5 specifikke huller og baner, til sammenligninger mellem dig og andre golfspillere og som information om, hvordan baner spilles.<\/span><\/p>\n<h2><b>GLFR-integrationer &#8211; Hvor g\u00e5r dine data hen?<\/b><\/h2>\n<p><span style=\"font-weight: 400;\">GLFR underst\u00f8tter integrationer med nationale eller regionale partnere, s\u00e5 dine scorekort og handicap kan synkroniseres med de styrende organer. Alle integrationer er frivillige, og du kan til enhver tid afbryde forbindelsen til din bruger. Nedenfor er de individuelle vilk\u00e5r for de tilg\u00e6ngelige integrationer.  <\/span><\/p>\n<h3><b>Integration med Dansk Golf Union (DGU)<\/b><\/h3>\n<h4><b>Som GLFR-bruger<\/b><\/h4>\n<p><span style=\"font-weight: 400;\">N\u00e5r du forbinder din GLFR-bruger med DGU, giver du samtykke til, at GLFR og DGU deler dine profiloplysninger samt dit scorekortarkiv. GLFR gemmer ikke dine loginoplysninger eller andre personlige oplysninger fra DGU, bortset fra en f\u00f8rstegangssynkronisering af dit navn, DGU-id, k\u00f8n, f\u00f8dselsdag og hjemmeklub. Forbindelsen er kun gyldig i GLFR, s\u00e5 l\u00e6nge din oprindelige forbindelse er gyldig med DGU, og du kan til enhver tid annullere forbindelsen i GLFR-appen.  <\/span><\/p>\n<p><span style=\"font-weight: 400;\">GLFR kan bruge dit navn og DGU-id til at give andre GLFR-brugere mulighed for at s\u00f8ge efter dig som mark\u00f8r for fremtidige scorekort eller som Buddy i GLFR. Ingen kontaktoplysninger vil blive delt med andre GLFR-brugere uden dit udtrykkelige samtykke. <\/span><\/p>\n<p><span style=\"font-weight: 400;\">GLFR kan bruge dit scorekortarkiv til at foresl\u00e5 andre GLFR-brugere som Buddies for dig. Forslaget er baseret p\u00e5 spillere, der tidligere har v\u00e6ret en mark\u00f8r p\u00e5 dine scorekort, og vil kun indeholde brugere, der allerede er tilmeldt som GLFR-brugere med forbindelse til DGU. P\u00e5 samme m\u00e5de vil du kunne findes i en anden spillers scorekortarkiv og blive foresl\u00e5et som Buddy til denne spiller. Scorekortarkivet og listen over mark\u00f8rer bliver ikke gemt i GLFR og er kun tilg\u00e6ngelig, n\u00e5r du s\u00f8ger efter nye Buddies.   <\/span><\/p>\n<p><span style=\"font-weight: 400;\">N\u00e5r du er forbundet til DGU, opdaterer vi automatisk dit handicap fra DGU-databasen med et tidsbestemt interval og p\u00e5 din anmodning, og det er den eneste information, der automatisk gemmes fra DGU til GLFR-databaserne.<\/span><\/p>\n<p><span style=\"font-weight: 400;\">Hvis du v\u00e6lger at indsende et scorekort fra GLFR til DGU, accepterer du, at alle data, der er relevante for scorekortet (brugergodkendelse, spillet bane og tee, slag pr. hul og tidsstempler), sendes til DGU, som kan behandle disse data i henhold til deres servicevilk\u00e5r.<\/span><\/p>\n<h4><b>Som mark\u00f8r for en GLFR-bruger<\/b><\/h4>\n<p><span style=\"font-weight: 400;\">Hvis du bliver tilf\u00f8jet som mark\u00f8r for en runde af en GLFR-bruger og v\u00e6lger at logge ind med dine DGU-oplysninger, giver du samtykke til, at GLFR og DGU deler nogle af dine profiloplysninger; dit navn og DGU-id, der bruges til at validere scorekortet. GLFR gemmer ikke dine login-oplysninger. <\/span><\/p>\n<p><span style=\"font-weight: 400;\">GLFR kan bruge dit navn og DGU-id til at give andre GLFR-brugere mulighed for at s\u00f8ge efter dig som mark\u00f8r for fremtidige scorekort. Ingen kontaktoplysninger vil blive delt med andre GLFR-brugere uden dit udtrykkelige samtykke. <\/span><\/p>\n<h3><b>Integration med det norske golfforbund (NGF)<\/b><\/h3>\n<h4><b>Som Gimmie-bruger<\/b><\/h4>\n<p><span style=\"font-weight: 400;\">N\u00e5r du forbinder din Gimmie-bruger med NGF, giver du samtykke til, at Gimmie og NGF deler dine profiloplysninger samt dit scorekortarkiv. Gimmie gemmer ikke dine loginoplysninger eller andre personlige oplysninger fra NGF, bortset fra en f\u00f8rstegangssynkronisering af dit navn, NGF-id, k\u00f8n, f\u00f8dselsdag og hjemmeklub. Forbindelsen er kun gyldig i Gimmie, s\u00e5 l\u00e6nge din oprindelige forbindelse er gyldig med NGF, og du kan til enhver tid annullere forbindelsen i Gimmie-appen.  <\/span><\/p>\n<p><span style=\"font-weight: 400;\">Gimmie kan bruge dit navn og NGF-id til at give andre Gimmie- og GLFR-brugere mulighed for at s\u00f8ge efter dig som mark\u00f8r til fremtidige scorekort eller som Buddy i Gimmie og GLFR. Ingen kontaktoplysninger vil blive delt med andre Gimmie-brugere uden dit udtrykkelige samtykke. <\/span><\/p>\n<p><span style=\"font-weight: 400;\">Gimmie kan bruge dit scorekortarkiv til at foresl\u00e5 andre Gimmie-brugere som Buddies for dig. Forslaget er baseret p\u00e5 spillere, der tidligere har v\u00e6ret en mark\u00f8r p\u00e5 dine scorekort, og vil kun indeholde brugere, der allerede er tilmeldt som Gimmie-brugere med forbindelse til NGF. P\u00e5 samme m\u00e5de vil du kunne findes i en anden spillers scorekortarkiv og blive foresl\u00e5et som Buddy til den p\u00e5g\u00e6ldende spiller. Scorekortarkivet og listen over mark\u00f8rer gemmes ikke i GLFR og er kun tilg\u00e6ngeligt, n\u00e5r du s\u00f8ger efter nye Buddies.   <\/span><\/p>\n<p><span style=\"font-weight: 400;\">N\u00e5r du er forbundet til NGF, opdaterer vi automatisk dit handicap fra NGF-databasen med et tidsbestemt interval og p\u00e5 din anmodning, og det er den eneste information, der automatisk gemmes fra NGF til GLFR- og Gimmie-databaserne.<\/span><\/p>\n<p><span style=\"font-weight: 400;\">Hvis du v\u00e6lger at indsende et scorekort fra Gimmie til NGF, accepterer du, at alle data, der er relevante for scorekortet (brugergodkendelse, bane og tee spillet, slag pr. hul og tidsstempler), sendes til NGF og GolfBox, som kan behandle disse data i henhold til deres servicevilk\u00e5r.<\/span><\/p>\n<h3><b>Integration med Golf Union of Iceland (GOLF.IS)<\/b><\/h3>\n<h4><b>Som GLFR-bruger<\/b><\/h4>\n<p><span style=\"font-weight: 400;\">N\u00e5r du forbinder din GLFR-bruger til GOLF.IS, giver du samtykke til, at GLFR og GOLF.IS deler dine profiloplysninger. GLFR vil ikke gemme dine loginoplysninger eller andre personlige oplysninger fra GOLF.IS. Forbindelsen er kun gyldig i GLFR, s\u00e5 l\u00e6nge din oprindelige forbindelse er gyldig i GOLF.IS, og du kan til enhver tid annullere forbindelsen i GLFR-appen.  <\/span><\/p>\n<p><span style=\"font-weight: 400;\">N\u00e5r du er forbundet til GOLF.IS, opdaterer vi automatisk dit handicap fra GOLF.IS-databasen med et tidsbestemt interval, og det er den eneste information, der gemmes fra GOLF.IS til GLFR-databaserne.<\/span><\/p>\n<p><span style=\"font-weight: 400;\">Hvis du v\u00e6lger at indsende et scorekort fra GLFR til GOLF.IS, accepterer du, at alle data, der er relevante for scorekortet (brugergodkendelse, bane og tee spillet, slag pr. hul og tidsstempler), sendes til GOLF.IS, som kan behandle disse data i henhold til deres servicevilk\u00e5r.<\/span><\/p>\n<h2><b>Hvilken app-tilladelse skal vi bruge, og hvorfor?<\/b><\/h2>\n<h3><b>Beliggenhed<\/b><\/h3>\n<p><span style=\"font-weight: 400;\">GLFR og Gimmie kr\u00e6ver adgang til b\u00e5de din omtrentlige og pr\u00e6cise placering.<\/span><span style=\"font-weight: 400;\"><br \/>\n<\/span><span style=\"font-weight: 400;\">Den omtrentlige placering bruges til at give en effektiv og hurtig placering til pr\u00e6sentation af kurser i n\u00e6rheden af dig.<\/span><span style=\"font-weight: 400;\"><br \/>\n<\/span><span style=\"font-weight: 400;\">Den pr\u00e6cise placering bruges under et golfspil til at vise din placering p\u00e5 et hul og give n\u00f8jagtige afstandsm\u00e5linger p\u00e5 hele banen.<\/span><\/p>\n<h3><b>Enhedens status og identitet<\/b><\/h3>\n<p><span style=\"font-weight: 400;\">GLFR og Gimmie kr\u00e6ver adgang til din enheds status og identitet.<\/span><span style=\"font-weight: 400;\"><br \/>\n<\/span><span style=\"font-weight: 400;\">Den bruges til at sikre, at data kan synkroniseres mellem enheder, s\u00e5 du kan spille p\u00e5 \u00e9n enhed og se din score p\u00e5 en anden.<\/span><\/p>\n<p><span style=\"font-weight: 400;\">Den bruges ogs\u00e5 til at sikre, at beskeder om banestatus, som sendes af klubberne, kan n\u00e5 sikkert frem til din telefon.<\/span><\/p>\n<h3><b>Opbevaring og mediefiler<\/b><\/h3>\n<p><span style=\"font-weight: 400;\">GLFR og Gimmie kr\u00e6ver adgang til dine lager- og mediefiler.<\/span><span style=\"font-weight: 400;\"><br \/>\n<\/span><span style=\"font-weight: 400;\">Adgang til dit lager bruges til at gemme baneguides lokalt p\u00e5 din enhed, s\u00e5 du kan spille en hel golfrunde med lav eller ingen internetforbindelse.<\/span><span style=\"font-weight: 400;\"><br \/>\n<\/span><span style=\"font-weight: 400;\">Du f\u00e5r kun adgang til dine mediefiler, n\u00e5r du tilf\u00f8jer et billede til din profil og vil bruge et, der allerede er taget.<\/span><\/p>\n<h3><b>Kamera<\/b><\/h3>\n<p><span style=\"font-weight: 400;\">GLFR og Gimmie kr\u00e6ver adgang til dit kamera.<\/span><span style=\"font-weight: 400;\"><br \/>\n<\/span><span style=\"font-weight: 400;\">Kameraet bruges kun, n\u00e5r du tilf\u00f8jer et nyt billede til din profil.<\/span><\/p>\n<h3><b>Meddelelser<\/b><\/h3>\n<p><span style=\"font-weight: 400;\">GLFR og Gimmie kr\u00e6ver tilladelse til at sende notifikationer.<\/span><span style=\"font-weight: 400;\"><br \/>\n<\/span><span style=\"font-weight: 400;\">Notifikationer er nyheder og Banestatus fra golfklubberne og sendes kun til din enhed, n\u00e5r en golfklub, du f\u00f8lger, udgiver et indl\u00e6g. Hvilke klubber du f\u00f8lger, og hvilke du vil have notifikationer fra, kan du \u00e6ndre i GLFR og Gimmie. <\/span><\/p>\n<h3><b>Andet<\/b><\/h3>\n<p><span style=\"font-weight: 400;\">GLFR og Gimmie kr\u00e6ver en r\u00e6kke andre standardtilladelser for at fungere problemfrit.<\/span><span style=\"font-weight: 400;\"><br \/>\n<\/span><span style=\"font-weight: 400;\">Adgang til og oplysninger om din internetforbindelse bruges til at sikre, at du f\u00e5r den bedst mulige oplevelse af GLFR og Gimmie, selv uden forbindelse.<\/span><\/p>\n<\/div><\/div><\/div><\/div><\/div><\/div><\/section>\n","protected":false},"excerpt":{"rendered":"Servicevilk\u00e5r og fortrolighedserkl\u00e6ring Opdateret &#8211; 2025-06-11 Introduktion GLFR&#8217;s privatlivspolitik (ToS) g\u00e6lder for GLFR-appen, Gimmie-appen, my.GLFR.com, GLFR Business (herunder GLFR Greenkeeper), GLFR.com og\/eller alle relaterede golftjenester, der leveres af Ingenium Golf ApS. Dataansvarlig GLFR af Ingenium Golf \u00c5bogade 15 8200 Aarhus N Danmark CVR: 34466491 Mail: info@glfr.com Telefon: +45 71 71 46 46 Dine juridiske rettigheder...","protected":false},"author":2,"featured_media":0,"parent":1265,"menu_order":0,"comment_status":"closed","ping_status":"closed","template":"","meta":{"footnotes":""},"class_list":["post-1274","page","type-page","status-publish","hentry"],"yoast_head":"<!-- This site is optimized with the Yoast SEO plugin v27.4 - https:\/\/yoast.com\/product\/yoast-seo-wordpress\/ -->\n<title>Vilk\u00e5r for service - GLFR<\/title>\n<meta name=\"robots\" content=\"index, follow, max-snippet:-1, max-image-preview:large, max-video-preview:-1\" \/>\n<link rel=\"canonical\" href=\"https:\/\/www.glfr.com\/da\/about-glfr\/vilkar-og-betingelser\/servicevilkar\/\" \/>\n<meta property=\"og:locale\" content=\"da_DK\" \/>\n<meta property=\"og:type\" content=\"article\" \/>\n<meta property=\"og:title\" content=\"Vilk\u00e5r for service - GLFR\" \/>\n<meta property=\"og:url\" content=\"https:\/\/www.glfr.com\/da\/about-glfr\/vilkar-og-betingelser\/servicevilkar\/\" \/>\n<meta property=\"og:site_name\" content=\"GLFR\" \/>\n<meta property=\"article:modified_time\" content=\"2025-11-25T16:17:37+00:00\" \/>\n<meta name=\"twitter:card\" content=\"summary_large_image\" \/>\n<meta name=\"twitter:label1\" content=\"Estimeret l\u00e6setid\" \/>\n\t<meta name=\"twitter:data1\" content=\"9 minutter\" \/>\n<script type=\"application\/ld+json\" class=\"yoast-schema-graph\">{\"@context\":\"https:\\\/\\\/schema.org\",\"@graph\":[{\"@type\":\"WebPage\",\"@id\":\"https:\\\/\\\/www.glfr.com\\\/da\\\/about-glfr\\\/vilkar-og-betingelser\\\/servicevilkar\\\/\",\"url\":\"https:\\\/\\\/www.glfr.com\\\/da\\\/about-glfr\\\/vilkar-og-betingelser\\\/servicevilkar\\\/\",\"name\":\"Vilk\u00e5r for service - GLFR\",\"isPartOf\":{\"@id\":\"https:\\\/\\\/www.glfr.com\\\/da\\\/#website\"},\"datePublished\":\"2024-10-07T07:59:06+00:00\",\"dateModified\":\"2025-11-25T16:17:37+00:00\",\"breadcrumb\":{\"@id\":\"https:\\\/\\\/www.glfr.com\\\/da\\\/about-glfr\\\/vilkar-og-betingelser\\\/servicevilkar\\\/#breadcrumb\"},\"inLanguage\":\"da-DK\",\"potentialAction\":[{\"@type\":\"ReadAction\",\"target\":[\"https:\\\/\\\/www.glfr.com\\\/da\\\/about-glfr\\\/vilkar-og-betingelser\\\/servicevilkar\\\/\"]}]},{\"@type\":\"BreadcrumbList\",\"@id\":\"https:\\\/\\\/www.glfr.com\\\/da\\\/about-glfr\\\/vilkar-og-betingelser\\\/servicevilkar\\\/#breadcrumb\",\"itemListElement\":[{\"@type\":\"ListItem\",\"position\":1,\"name\":\"Home\",\"item\":\"https:\\\/\\\/www.glfr.com\\\/da\\\/home\\\/\"},{\"@type\":\"ListItem\",\"position\":2,\"name\":\"Om GLFR\",\"item\":\"https:\\\/\\\/www.glfr.com\\\/da\\\/about-glfr\\\/\"},{\"@type\":\"ListItem\",\"position\":3,\"name\":\"Vilk\u00e5r og betingelser\",\"item\":\"https:\\\/\\\/www.glfr.com\\\/da\\\/about-glfr\\\/vilkar-og-betingelser\\\/\"},{\"@type\":\"ListItem\",\"position\":4,\"name\":\"Vilk\u00e5r for service\"}]},{\"@type\":\"WebSite\",\"@id\":\"https:\\\/\\\/www.glfr.com\\\/da\\\/#website\",\"url\":\"https:\\\/\\\/www.glfr.com\\\/da\\\/\",\"name\":\"GLFR\",\"description\":\"Your Club and Golf App\",\"potentialAction\":[{\"@type\":\"SearchAction\",\"target\":{\"@type\":\"EntryPoint\",\"urlTemplate\":\"https:\\\/\\\/www.glfr.com\\\/da\\\/?s={search_term_string}\"},\"query-input\":{\"@type\":\"PropertyValueSpecification\",\"valueRequired\":true,\"valueName\":\"search_term_string\"}}],\"inLanguage\":\"da-DK\"}]}<\/script>\n<!-- \/ Yoast SEO plugin. -->","yoast_head_json":{"title":"Vilk\u00e5r for service - GLFR","robots":{"index":"index","follow":"follow","max-snippet":"max-snippet:-1","max-image-preview":"max-image-preview:large","max-video-preview":"max-video-preview:-1"},"canonical":"https:\/\/www.glfr.com\/da\/about-glfr\/vilkar-og-betingelser\/servicevilkar\/","og_locale":"da_DK","og_type":"article","og_title":"Vilk\u00e5r for service - GLFR","og_url":"https:\/\/www.glfr.com\/da\/about-glfr\/vilkar-og-betingelser\/servicevilkar\/","og_site_name":"GLFR","article_modified_time":"2025-11-25T16:17:37+00:00","twitter_card":"summary_large_image","twitter_misc":{"Estimeret l\u00e6setid":"9 minutter"},"schema":{"@context":"https:\/\/schema.org","@graph":[{"@type":"WebPage","@id":"https:\/\/www.glfr.com\/da\/about-glfr\/vilkar-og-betingelser\/servicevilkar\/","url":"https:\/\/www.glfr.com\/da\/about-glfr\/vilkar-og-betingelser\/servicevilkar\/","name":"Vilk\u00e5r for service - GLFR","isPartOf":{"@id":"https:\/\/www.glfr.com\/da\/#website"},"datePublished":"2024-10-07T07:59:06+00:00","dateModified":"2025-11-25T16:17:37+00:00","breadcrumb":{"@id":"https:\/\/www.glfr.com\/da\/about-glfr\/vilkar-og-betingelser\/servicevilkar\/#breadcrumb"},"inLanguage":"da-DK","potentialAction":[{"@type":"ReadAction","target":["https:\/\/www.glfr.com\/da\/about-glfr\/vilkar-og-betingelser\/servicevilkar\/"]}]},{"@type":"BreadcrumbList","@id":"https:\/\/www.glfr.com\/da\/about-glfr\/vilkar-og-betingelser\/servicevilkar\/#breadcrumb","itemListElement":[{"@type":"ListItem","position":1,"name":"Home","item":"https:\/\/www.glfr.com\/da\/home\/"},{"@type":"ListItem","position":2,"name":"Om GLFR","item":"https:\/\/www.glfr.com\/da\/about-glfr\/"},{"@type":"ListItem","position":3,"name":"Vilk\u00e5r og betingelser","item":"https:\/\/www.glfr.com\/da\/about-glfr\/vilkar-og-betingelser\/"},{"@type":"ListItem","position":4,"name":"Vilk\u00e5r for service"}]},{"@type":"WebSite","@id":"https:\/\/www.glfr.com\/da\/#website","url":"https:\/\/www.glfr.com\/da\/","name":"GLFR","description":"Your Club and Golf App","potentialAction":[{"@type":"SearchAction","target":{"@type":"EntryPoint","urlTemplate":"https:\/\/www.glfr.com\/da\/?s={search_term_string}"},"query-input":{"@type":"PropertyValueSpecification","valueRequired":true,"valueName":"search_term_string"}}],"inLanguage":"da-DK"}]}},"_links":{"self":[{"href":"https:\/\/www.glfr.com\/da\/wp-json\/wp\/v2\/pages\/1274","targetHints":{"allow":["GET"]}}],"collection":[{"href":"https:\/\/www.glfr.com\/da\/wp-json\/wp\/v2\/pages"}],"about":[{"href":"https:\/\/www.glfr.com\/da\/wp-json\/wp\/v2\/types\/page"}],"author":[{"embeddable":true,"href":"https:\/\/www.glfr.com\/da\/wp-json\/wp\/v2\/users\/2"}],"replies":[{"embeddable":true,"href":"https:\/\/www.glfr.com\/da\/wp-json\/wp\/v2\/comments?post=1274"}],"version-history":[{"count":4,"href":"https:\/\/www.glfr.com\/da\/wp-json\/wp\/v2\/pages\/1274\/revisions"}],"predecessor-version":[{"id":1278,"href":"https:\/\/www.glfr.com\/da\/wp-json\/wp\/v2\/pages\/1274\/revisions\/1278"}],"up":[{"embeddable":true,"href":"https:\/\/www.glfr.com\/da\/wp-json\/wp\/v2\/pages\/1265"}],"wp:attachment":[{"href":"https:\/\/www.glfr.com\/da\/wp-json\/wp\/v2\/media?parent=1274"}],"curies":[{"name":"wp","href":"https:\/\/api.w.org\/{rel}","templated":true}]}}