{"id":1268,"date":"2024-10-07T08:59:24","date_gmt":"2024-10-07T07:59:24","guid":{"rendered":"https:\/\/www.glfr.com\/about-glfr\/vilkar-og-betingelser\/forretningsbetingelser\/"},"modified":"2025-12-04T13:04:24","modified_gmt":"2025-12-04T12:04:24","slug":"forretningsbetingelser","status":"publish","type":"page","link":"https:\/\/www.glfr.com\/da\/about-glfr\/vilkar-og-betingelser\/forretningsbetingelser\/","title":{"rendered":"Forretningsbetingelser"},"content":{"rendered":"<section class=\"l-section wpb_row height_medium\"><div class=\"l-section-h i-cf\"><div class=\"g-cols vc_row via_grid cols_1 laptops-cols_inherit tablets-cols_inherit mobiles-cols_1 valign_top type_default stacking_default\"><div class=\"wpb_column vc_column_container\"><div class=\"vc_column-inner\"><div class=\"wpb_text_column\"><div class=\"wpb_wrapper\"><h1>Forretningsbetingelser<\/h1>\n<\/div><\/div><div class=\"wpb_text_column\"><div class=\"wpb_wrapper\"><h2>Standard Vilk\u00e5r<\/h2>\n<p>Golf klubber, Opdateret 1. Oktober 2021<\/p>\n<\/div><\/div><div class=\"wpb_text_column\"><div class=\"wpb_wrapper\"><h4><b>1. Form\u00e5l og omfang<\/b><\/h4>\n<p><span style=\"font-weight: 400;\">Disse Vilk\u00e5r fastl\u00e6gger rammerne for Ingenium Golf ApS\u2019 (Ingenium Golf) levering af Applikationer og Web-Services til Kunder, samt dertil knyttede abonnementer. Vilk\u00e5rene kan udelukkende fraviges via en skriftlig aftale mellem Kunden og Ingenium Golf. <\/span><\/p>\n<h4><b><br \/>\n2. Beskrivelse af l\u00f8sningerne<\/b><\/h4>\n<p><span style=\"font-weight: 400;\">Ingenium Golf leverer applikationer og services (herefter kaldet Produkterne) til Kunden, som installeres p\u00e5 og\/eller tilg\u00e5es fra mobile platforme samt web. Via Produkterne h\u00e5ndteres og bearbejdes Kundens data om golfklubben, som p\u00e5 det givne tidspunkt er en del af Ingenium Golfs l\u00f8sning, og derefter gemmes og sendes dataen til Ingenium Golfs databaser. Dataen bliver herefter behandlet p\u00e5 Ingenium Golfs servere og igen gjort tilg\u00e6ngelig for Kunden og, i relevante tilf\u00e6lde, for golfspillere p\u00e5 Kundens golfbane.  <\/span><\/p>\n<p><span style=\"font-weight: 400;\">Produkterne tilg\u00e6ngeligg\u00f8res for Kunden som et abonnement (herefter kaldet Abonnement). Abonnementet afregnes forudbetalt per hele \u00e5r j\u00e6vnf\u00f8r nedenst\u00e5ende Vilk\u00e5r. <\/span><\/p>\n<p>&nbsp;<\/p>\n<h4><b>3. S\u00e6rligt om applikationer og web-services<\/b><\/h4>\n<p><span style=\"font-weight: 400;\">Ingenium Golf har, som f\u00f8lge af den teknologiske og it-sikkerhedsm\u00e6ssige udvikling, ret og pligt til at udvikle sofwareopdateringer (herefter kaldet Opdateringer) til Produkterne. I forbindelse hermed forbeholder Ingenium Golf sig retten til ensidigt at \u00e6ndre Produktbeskrivelserne, n\u00e5r Ingenium Golf sk\u00f8nner at dette er n\u00f8dvendigt. Alle \u00e6ndringer af denne type meddeles til Kunden p\u00e5 beh\u00f8rig vis, inden \u00e6ndringen tr\u00e6der i kraft.  <\/span><\/p>\n<p><span style=\"font-weight: 400;\">S\u00e5fremt Kunden undlader at hente og installere udgivne Opdateringer, er Ingenium Golf ikke ansvarlig for datatab eller driftsforstyrrelser af nogen art, uanset \u00e5rsag.<\/span><\/p>\n<p><span style=\"font-weight: 400;\">Alle nye Opdateringer annonceres direkte til Kunden og hentes og installeres via den i annonceringen angivne metode.<\/span><\/p>\n<p>&nbsp;<\/p>\n<h4><b>4. S\u00e6rligt om Abonnement<\/b><\/h4>\n<p><span style=\"font-weight: 400;\">S\u00e5fremt Kunden tegner et Abonnement forpligter Ingenium Golf sig til at yde teknisk support via telefon og\/eller internettet snarest muligt efter Kundens henvendelse. Ingenium Golf stiller endvidere supportv\u00e6rkt\u00f8jer til r\u00e5dighed i form af videoklip og how-to-beskrivelser via support.ingeniumgolf.com. <\/span><\/p>\n<p><span style=\"font-weight: 400;\">Kunden forpligter sig til at udf\u00f8re almindelig fejls\u00f8gning og -afhj\u00e6lpning inden Ingenium Golf kontaktes.<\/span><\/p>\n<p>&nbsp;<\/p>\n<h4><b>5. Priser og betalingsbetingelser<\/b><\/h4>\n<p><span style=\"font-weight: 400;\">Priser for Abonnementer fremg\u00e5r af den specifikke aftale indg\u00e5et mellem Kunden og Ingenium Golf.<\/span><\/p>\n<p><span style=\"font-weight: 400;\">Betaling af Abonnementet sker forud, l\u00f8bende pr. \u00e5r, og med 14 dages betalingsfrist.  <\/span><\/p>\n<p><span style=\"font-weight: 400;\">Ved overskridelse af betalingsfristen p\u00e5l\u00e6gges Kunden en rente p\u00e5 1.5% pr. p\u00e5begyndt m\u00e5ned indtil betalingen sker. <\/span><\/p>\n<h4><b>6. Prisforh\u00f8jelser<\/b><\/h4>\n<p><span style=\"font-weight: 400;\">Priser for abonnementet kan reguleres hvert \u00e5r 1. \u00e5rsudviklingen i nettoprisindekset, eksempelvis fra december 2015 til december 2016.<\/span><\/p>\n<p><span style=\"font-weight: 400;\">Pris-reguleringer sker pr. 1. januar og g\u00e6lder for fakturering fra denne dato.<\/span><\/p>\n<h4><b>7. Tilg\u00e6ngelighed og oppetider<\/b><\/h4>\n<p><span style=\"font-weight: 400;\">Ingenium Golf garanterer en m\u00e5nedlig oppetid p\u00e5 99% for Produkterne og de bagvedl\u00e6ggende webservices, som er essentielle for driften af Produkterne, med mindre andet er aftalt. Der tages dog forbehold for driftforstyrrelser, der skyldes forhold hos Kunden eller Kundens netv\u00e6rksleverand\u00f8r, herunder, men ikke begr\u00e6nset til, manglende netv\u00e6rksforbindelse samt manglende opdatering af operativsystem og opdateringer p\u00e5 brugte devices. <\/span><\/p>\n<p><span style=\"font-weight: 400;\">I forbindelse med opdatering af Produkterne, dele af Produkterne eller de bagvedl\u00e6ggende services, kan der forekomme planlagt nedetid. S\u00e5dan nedetid vil s\u00e5 vidt muligt blive afholdt uden for golfklubbernes normale \u00e5bningstid og annonceret 7 dage f\u00f8r. <\/span><\/p>\n<h4><b>8. Support<\/b><\/h4>\n<p><span style=\"font-weight: 400;\">Ingenium Golf yder support p\u00e5 normale danske arbejdsdage i tidsrummet 8-16.<\/span><\/p>\n<p><span style=\"font-weight: 400;\">\u201cInitial response time\u201d er 2 timer, med daglig opdatering indtil support problemet er afklaret.<\/span><\/p>\n<p><span style=\"font-weight: 400;\">Ingenium Golf\u2019s support platform med support artikler: <\/span><b><i>support.ingeniumgolf.com<\/i><\/b><\/p>\n<p><span style=\"font-weight: 400;\">Kontakt til Ingenium Golf support: <\/span><a href=\"mailto:support@glfr.com\"><b><i>support@ingeniumgolf.com<\/i><\/b><\/a><\/p>\n<h4><b>9. Mangler<\/b><\/h4>\n<p><span style=\"font-weight: 400;\">En mangel foreligger, s\u00e5fremt Produkterne, eller dele heraf, ikke opfylder de beskrivelser af funktioner, omfang og kvalitet, som beskrevet af Ingenium Golf i Vilk\u00e5rene og\/eller Produktbeskrivelserne. Produktbeskrivelserne kan til enhver tid hentes fra Ingenium Golfs hjemmeside,  <\/span><a href=\"http:\/\/www.ingeniumgolf.dk\"><span style=\"font-weight: 400;\">www.ingeniumgolf.dk<\/span><\/a><span style=\"font-weight: 400;\">, og udleveres ligeledes i forbindelse med etablering af et Abonnement.<\/span><\/p>\n<p><span style=\"font-weight: 400;\">Kunden skal senest 14 dage efter Produkterne, eller dele heraf, er taget i brug, unders\u00f8ge om Produkterne lever op til Kundens forventninger. G\u00f8r den ikke det, gives Kunden fortrydelsesret inden for denne periode. Fortryder Kunden ikke inden for denne periode, kan mangler efterf\u00f8lgende kun p\u00e5ber\u00e5bes hvis Kunden kan dokumentere, at mangler er opst\u00e5et efter udl\u00f8bet af perioden.  <\/span><\/p>\n<h4><b>10. Forsinkelse<\/b><\/h4>\n<p><span style=\"font-weight: 400;\">Ingenium Golf leverer Produkterne inden for de tidsrammer, som der er aftalt med Kunden. Kunden er berettiget til at h\u00e6ve aftalen p\u00e5 betingelse af forudg\u00e5ende p\u00e5bud, s\u00e5fremt datoen for levering overskrides v\u00e6sentligt. V\u00e6sentlig forsinkelse indtr\u00e6der tidligst efter 30 arbejdsdages afvigelse fra den aftalte levering.   <\/span><\/p>\n<p><span style=\"font-weight: 400;\">Har leveringen fundet sted, og det viser sig, at v\u00e6re sket for sent, skal Kunden uden ugrundet ophold meddele Ingenium Golf, at Kunden \u00f8nsker at p\u00e5ber\u00e5be sig forsinkelsen.<\/span><\/p>\n<p><span style=\"font-weight: 400;\">S\u00e5fremt planer forsinkes grundet forhold, som Ingenium Golf ikke b\u00e6rer ansvaret for, kan forsinkelsen ikke medf\u00f8re, at Kunden till\u00e6gges misligeholdelsesbef\u00f8jelser, herunder oph\u00e6velsesadgang.<\/span><\/p>\n<p><span style=\"font-weight: 400;\">Bliver et nyt Produkt, eller en ny del af et Produkt, forsinket som f\u00f8lge af sygdom blandt Ingenium Golfs ansatte eller underleverand\u00f8rer, forpligter Ingenium Golf sig til at meddele dette til Kunden snarest muligt. S\u00e5fremt denne meddelelsespligt opfyldes h\u00e6fter Ingenium Golf ikke for Kundens eventuelle tab, og Kundens eventuelle oph\u00e6velsesadgang bortfalder. <\/span><\/p>\n<h4><b>11. Begr\u00e6nset h\u00e6ftelse<\/b><\/h4>\n<p><span style=\"font-weight: 400;\">Ingenium Golf er kun erstatningsansvarlig over for Kunden ved tab eller skade p\u00e5f\u00f8rt som f\u00f8lge af grov uagtsomhed eller fors\u00e6tlige handlinger.<\/span><\/p>\n<p><span style=\"font-weight: 400;\">Ingenium Golf er ikke ansvarlig for direkte tab, driftstab, forsinkelser, driftsforstyrrelser, tab af data og\/eller avancetab m.v. som skyldes:<\/span><\/p>\n<ul>\n<li style=\"font-weight: 400;\" aria-level=\"1\"><span style=\"font-weight: 400;\">Virus- og hackerangreb p\u00e5 Kundens systemer.<\/span><\/li>\n<li style=\"font-weight: 400;\" aria-level=\"1\"><span style=\"font-weight: 400;\">Kundens anvendelse af Ingenium Golfs Produkter i sammenh\u00e6ng med fremmed software og\/eller hardware, som Ingenium Golf ikke var bekendt med p\u00e5 leveringstidspunktet.<\/span><\/li>\n<li style=\"font-weight: 400;\" aria-level=\"1\"><span style=\"font-weight: 400;\">Kundens egne \u00e6ndringer eller tilf\u00f8jelser<\/span><\/li>\n<li style=\"font-weight: 400;\" aria-level=\"1\"><span style=\"font-weight: 400;\">Kundens manglende installation af udgivet Opdatering<\/span><\/li>\n<\/ul>\n<p><span style=\"font-weight: 400;\">Ingenium Golf er aldrig ansvarlig for kundens indirekte tab uanset grunden hertil. Kunden b\u00e6rer ansvaret for at foretage sikkerhedskopier af modtaget data, i det omfang dette er muligt. <\/span><\/p>\n<p><span style=\"font-weight: 400;\">Ingenium Golfs ansvar for ethvert tab eller skade er bel\u00f8bsm\u00e6ssigt begr\u00e6nset til 50% af det vederlag, som Ingenium Golf har faktureret Kunden 12 m\u00e5neder forud for tabets eller skadens opst\u00e5en. Uanset st\u00f8rrelsen af vederlaget, kan Ingenium Golfs samlede erstatningsansvar overfor Kunden aldrig overstige DKK 50.000. <\/span><\/p>\n<h4><b>12. Opsigelse<\/b><\/h4>\n<p><span style=\"font-weight: 400;\">S\u00e5vel Kunden som Ingenium Golf kan opsige ethvert Abonnement med 3 m\u00e5neders varsel til udgangen af abonnementets l\u00f8betid.<\/span><\/p>\n<h4><b>13. Oph\u00e6velse<\/b><\/h4>\n<p><span style=\"font-weight: 400;\">I tilf\u00e6lde af en parts v\u00e6sentlige misligholdelse af n\u00e6rv\u00e6rende aftales bestemmelser, er den anden part, udover det i punkt 8 og punkt 9 anf\u00f8rte, berettiget til at oph\u00e6ve aftalen og kr\u00e6ve erstatning af den misligholdende part efter dansk rets almindelige regler herom.<\/span><\/p>\n<p><span style=\"font-weight: 400;\">S\u00e5fremt et Abonnement oph\u00e6ves af Ingenium Golf grundet Kundens forhold, opn\u00e5r Kunden ingen brugsret til leverede Produkter m.v.. Kunden kan ikke p\u00e5 denne baggrund kr\u00e6ve betalte ydelser tilbagebetalt. <\/span><\/p>\n<p><span style=\"font-weight: 400;\">S\u00e5fremt en part tages under konkursbehandling, tr\u00e6der i likvidation eller standser betalingerne anses det som v\u00e6sentlig misligholdelse af parternes aftale, med mindre kurator\/likvidator eller tilsynsf\u00f8rende uden ugrundet ophold meddeler at denne tiltr\u00e6der disse aftaler.<\/span><\/p>\n<p><span style=\"font-weight: 400;\">Oph\u00f8rer Ingenium Golfs drift af Produkterne p\u00e5 grund af konkursbehandling, likvidation, virksomhedsoverdragelse eller lignende har Ingenium Golf pligt til at udlevere senest genererede PDF filer, samt \u201cGPS opm\u00e5lte elementer og punkter\u201d i en form, som vil kunne importeres i et GIS-system, og de er herefter Kundens ejendom.<\/span><\/p>\n<p><span style=\"font-weight: 400;\">Betalingsmisligholdelse p\u00e5 mere end 60 dage vil altid udg\u00f8re v\u00e6sentlig misligholdelse.<\/span><\/p>\n<h4><b>14. Force majeure<\/b><\/h4>\n<p><span style=\"font-weight: 400;\">Parterne kan ikke g\u00f8res ansvarlige over for forhold, der m\u00e5 betegnes som force majeure, herunder, men ikke begr\u00e6nset til, krig, opt\u00f8jer, strejke, naturkatastrofer, valutarestriktioner, import- eller eksportristriktioner, afbrydelse af almindelig samf\u00e6rdsel, afbrydelse eller svigt i energiforsyningen eller kommunikationssystemer.<\/span><\/p>\n<p><span style=\"font-weight: 400;\">Er en part ramt af force majeure, skal denne part snarest muligt g\u00f8re den anden part opm\u00e6rksom herom. Opfylder parten ikke denne meddelelsespligt, h\u00e6fter parten, som om der ikke forel\u00e5 force maejure. <\/span><\/p>\n<h4><b>15. Hemmeligholdelse<\/b><\/h4>\n<p><span style=\"font-weight: 400;\">Ingenium Golf forpligter sig til at hemmeligholde informationer, som Ingenium Golf modtager vedr\u00f8rende Kundens virksomhedsforhold af enhver art. Kunden forpligter sig til at hemmeligholde enhver information vedr\u00f8rende Ingenium Golf, med mindre informationen i forvejen er tilg\u00e6ngelig for tredjemand. Parternes hemmeligholdelsesforpligtelse vedvarer ogs\u00e5 efter samarbejdets oph\u00f8r.  <\/span><\/p>\n<p><span style=\"font-weight: 400;\">Parterne har begge ret til at oplyse potentielle kunder samt forretningsforbindelse om samarbejdet, og i eget markedsf\u00f8ringsmateriale anvende den anden parts navn og logo som reference, samt en kort beskrivelse af samarbejdet, s\u00e5fremt beskrivelsen er godkendt af den anden part.<\/span><\/p>\n<h4><b>16. Behandling af data<\/b><\/h4>\n<p><span style=\"font-weight: 400;\">Parterne skal tr\u00e6ffe de forn\u00f8dne tekniske og organisatoriske sikkerhedsforanstaltninger mod, at informationer h\u00e6ndeligt eller ulovligt tilintetg\u00f8res, fortabes, eller forringes samt mod, at de kommer til uvedkommendes kendskab, misbruges eller i \u00f8vrigt behandles i strid med lov om behandling af personoplysninger. P\u00e5 en parts anmodning skal den anden part give tilstr\u00e6kkelige oplysninger til at det kan p\u00e5ses, at de n\u00e6vnte organisatoriske og tekniske sikkerhedsforanstaltninger er truffet. <\/span><\/p>\n<p><span style=\"font-weight: 400;\">I tilf\u00e6lde hvor Ingenium Golf lagrer data hos tredjemand, indest\u00e5r Ingenium Golf for, at denne p\u00e5l\u00e6gges samme forskrifter som beskrevet ovenfor.<\/span><\/p>\n<h4><b>17. Immaterielle rettigheder<\/b><\/h4>\n<p><span style=\"font-weight: 400;\">Ingenium Golf har ejendoms- og immaterialretten til alle kildekoder, software, filformater, patenter, varem\u00e6rker og teknisk know-how som vedr\u00f8rer Produkterne samt alle serviceydelser forbundet hermed. Kunden har brugsret til udleverede Produkter i den tid hvor n\u00e6rv\u00e6rende Aftale er g\u00e6ldende. Oph\u00f8rer Aftalen &#8211; uanset hvilken grund &#8211; er Kunden forpligtet til at afinstallere og slette Ingenium Golfs Produkter, samt produceret materiale, fra alle platforme.  <\/span><\/p>\n<p><span style=\"font-weight: 400;\">Billed Produkter (PDF og PNG), der er produceret igennem GLFR Business servicen, tilh\u00f8rer kunden, og m\u00e5 fortsat anvendes efter Aftalens oph\u00f8r.<\/span><\/p>\n<p><span style=\"font-weight: 400;\">Video Produkter, der er produceret igennem GLFR Business servicen, m\u00e5 udelukkende anvendes i Aftale perioden.<\/span><\/p>\n<h4><b>18. Tredjemands rettigheder<\/b><\/h4>\n<p><span style=\"font-weight: 400;\">Ingenium Golf garanterer at Produkterne leveres i henhold til n\u00e6rv\u00e6rende aftale ikke kr\u00e6nker andres rettigheder, herunder patenter, varem\u00e6rker eller ophavsrettigheder. Rejses der sag mod Kunden med p\u00e5stand om retskr\u00e6nkelse, giver Kunden Ingenium Golf skriftlig meddelelse herom, og Kunden kan forpligte Ingenium Golf til at overtage sagens f\u00f8relse. <\/span><\/p>\n<h4><b>19. Lovvalg og v\u00e6rneting<\/b><\/h4>\n<p><span style=\"font-weight: 400;\">Enhver tvist som m\u00e5tte udspringe af disse vilk\u00e5r eller samhandel mellem parterne i \u00f8vrigt, skal anl\u00e6gges ved Byretten i Aarhus. Tvisten afg\u00f8res efter dansk ret. <\/span><\/p>\n<\/div><\/div><\/div><\/div><\/div><\/div><\/section>\n","protected":false},"excerpt":{"rendered":"Forretningsbetingelser Standard Vilk\u00e5r Golf klubber, Opdateret 1. Oktober 2021 1. Form\u00e5l og omfang Disse Vilk\u00e5r fastl\u00e6gger rammerne for Ingenium Golf ApS\u2019 (Ingenium Golf) levering af Applikationer og Web-Services til Kunder, samt dertil knyttede abonnementer. Vilk\u00e5rene kan udelukkende fraviges via en skriftlig aftale mellem Kunden og Ingenium Golf. 2. Beskrivelse af l\u00f8sningerne Ingenium Golf leverer applikationer...","protected":false},"author":2,"featured_media":0,"parent":1265,"menu_order":0,"comment_status":"closed","ping_status":"closed","template":"","meta":{"footnotes":""},"class_list":["post-1268","page","type-page","status-publish","hentry"],"yoast_head":"<!-- This site is optimized with the Yoast SEO plugin v27.4 - https:\/\/yoast.com\/product\/yoast-seo-wordpress\/ -->\n<title>Forretningsbetingelser - GLFR<\/title>\n<meta name=\"robots\" content=\"index, follow, max-snippet:-1, max-image-preview:large, max-video-preview:-1\" \/>\n<link rel=\"canonical\" href=\"https:\/\/www.glfr.com\/da\/about-glfr\/vilkar-og-betingelser\/forretningsbetingelser\/\" \/>\n<meta property=\"og:locale\" content=\"da_DK\" \/>\n<meta property=\"og:type\" content=\"article\" \/>\n<meta property=\"og:title\" content=\"Forretningsbetingelser - GLFR\" \/>\n<meta property=\"og:url\" content=\"https:\/\/www.glfr.com\/da\/about-glfr\/vilkar-og-betingelser\/forretningsbetingelser\/\" \/>\n<meta property=\"og:site_name\" content=\"GLFR\" \/>\n<meta property=\"article:modified_time\" content=\"2025-12-04T12:04:24+00:00\" \/>\n<meta name=\"twitter:card\" content=\"summary_large_image\" \/>\n<meta name=\"twitter:label1\" content=\"Estimeret l\u00e6setid\" \/>\n\t<meta name=\"twitter:data1\" content=\"9 minutter\" \/>\n<script type=\"application\/ld+json\" class=\"yoast-schema-graph\">{\"@context\":\"https:\\\/\\\/schema.org\",\"@graph\":[{\"@type\":\"WebPage\",\"@id\":\"https:\\\/\\\/www.glfr.com\\\/da\\\/about-glfr\\\/vilkar-og-betingelser\\\/forretningsbetingelser\\\/\",\"url\":\"https:\\\/\\\/www.glfr.com\\\/da\\\/about-glfr\\\/vilkar-og-betingelser\\\/forretningsbetingelser\\\/\",\"name\":\"Forretningsbetingelser - GLFR\",\"isPartOf\":{\"@id\":\"https:\\\/\\\/www.glfr.com\\\/da\\\/#website\"},\"datePublished\":\"2024-10-07T07:59:24+00:00\",\"dateModified\":\"2025-12-04T12:04:24+00:00\",\"breadcrumb\":{\"@id\":\"https:\\\/\\\/www.glfr.com\\\/da\\\/about-glfr\\\/vilkar-og-betingelser\\\/forretningsbetingelser\\\/#breadcrumb\"},\"inLanguage\":\"da-DK\",\"potentialAction\":[{\"@type\":\"ReadAction\",\"target\":[\"https:\\\/\\\/www.glfr.com\\\/da\\\/about-glfr\\\/vilkar-og-betingelser\\\/forretningsbetingelser\\\/\"]}]},{\"@type\":\"BreadcrumbList\",\"@id\":\"https:\\\/\\\/www.glfr.com\\\/da\\\/about-glfr\\\/vilkar-og-betingelser\\\/forretningsbetingelser\\\/#breadcrumb\",\"itemListElement\":[{\"@type\":\"ListItem\",\"position\":1,\"name\":\"Home\",\"item\":\"https:\\\/\\\/www.glfr.com\\\/da\\\/home\\\/\"},{\"@type\":\"ListItem\",\"position\":2,\"name\":\"Om GLFR\",\"item\":\"https:\\\/\\\/www.glfr.com\\\/da\\\/about-glfr\\\/\"},{\"@type\":\"ListItem\",\"position\":3,\"name\":\"Vilk\u00e5r og betingelser\",\"item\":\"https:\\\/\\\/www.glfr.com\\\/da\\\/about-glfr\\\/vilkar-og-betingelser\\\/\"},{\"@type\":\"ListItem\",\"position\":4,\"name\":\"Forretningsbetingelser\"}]},{\"@type\":\"WebSite\",\"@id\":\"https:\\\/\\\/www.glfr.com\\\/da\\\/#website\",\"url\":\"https:\\\/\\\/www.glfr.com\\\/da\\\/\",\"name\":\"GLFR\",\"description\":\"Your Club and Golf App\",\"potentialAction\":[{\"@type\":\"SearchAction\",\"target\":{\"@type\":\"EntryPoint\",\"urlTemplate\":\"https:\\\/\\\/www.glfr.com\\\/da\\\/?s={search_term_string}\"},\"query-input\":{\"@type\":\"PropertyValueSpecification\",\"valueRequired\":true,\"valueName\":\"search_term_string\"}}],\"inLanguage\":\"da-DK\"}]}<\/script>\n<!-- \/ Yoast SEO plugin. -->","yoast_head_json":{"title":"Forretningsbetingelser - GLFR","robots":{"index":"index","follow":"follow","max-snippet":"max-snippet:-1","max-image-preview":"max-image-preview:large","max-video-preview":"max-video-preview:-1"},"canonical":"https:\/\/www.glfr.com\/da\/about-glfr\/vilkar-og-betingelser\/forretningsbetingelser\/","og_locale":"da_DK","og_type":"article","og_title":"Forretningsbetingelser - GLFR","og_url":"https:\/\/www.glfr.com\/da\/about-glfr\/vilkar-og-betingelser\/forretningsbetingelser\/","og_site_name":"GLFR","article_modified_time":"2025-12-04T12:04:24+00:00","twitter_card":"summary_large_image","twitter_misc":{"Estimeret l\u00e6setid":"9 minutter"},"schema":{"@context":"https:\/\/schema.org","@graph":[{"@type":"WebPage","@id":"https:\/\/www.glfr.com\/da\/about-glfr\/vilkar-og-betingelser\/forretningsbetingelser\/","url":"https:\/\/www.glfr.com\/da\/about-glfr\/vilkar-og-betingelser\/forretningsbetingelser\/","name":"Forretningsbetingelser - GLFR","isPartOf":{"@id":"https:\/\/www.glfr.com\/da\/#website"},"datePublished":"2024-10-07T07:59:24+00:00","dateModified":"2025-12-04T12:04:24+00:00","breadcrumb":{"@id":"https:\/\/www.glfr.com\/da\/about-glfr\/vilkar-og-betingelser\/forretningsbetingelser\/#breadcrumb"},"inLanguage":"da-DK","potentialAction":[{"@type":"ReadAction","target":["https:\/\/www.glfr.com\/da\/about-glfr\/vilkar-og-betingelser\/forretningsbetingelser\/"]}]},{"@type":"BreadcrumbList","@id":"https:\/\/www.glfr.com\/da\/about-glfr\/vilkar-og-betingelser\/forretningsbetingelser\/#breadcrumb","itemListElement":[{"@type":"ListItem","position":1,"name":"Home","item":"https:\/\/www.glfr.com\/da\/home\/"},{"@type":"ListItem","position":2,"name":"Om GLFR","item":"https:\/\/www.glfr.com\/da\/about-glfr\/"},{"@type":"ListItem","position":3,"name":"Vilk\u00e5r og betingelser","item":"https:\/\/www.glfr.com\/da\/about-glfr\/vilkar-og-betingelser\/"},{"@type":"ListItem","position":4,"name":"Forretningsbetingelser"}]},{"@type":"WebSite","@id":"https:\/\/www.glfr.com\/da\/#website","url":"https:\/\/www.glfr.com\/da\/","name":"GLFR","description":"Your Club and Golf App","potentialAction":[{"@type":"SearchAction","target":{"@type":"EntryPoint","urlTemplate":"https:\/\/www.glfr.com\/da\/?s={search_term_string}"},"query-input":{"@type":"PropertyValueSpecification","valueRequired":true,"valueName":"search_term_string"}}],"inLanguage":"da-DK"}]}},"_links":{"self":[{"href":"https:\/\/www.glfr.com\/da\/wp-json\/wp\/v2\/pages\/1268","targetHints":{"allow":["GET"]}}],"collection":[{"href":"https:\/\/www.glfr.com\/da\/wp-json\/wp\/v2\/pages"}],"about":[{"href":"https:\/\/www.glfr.com\/da\/wp-json\/wp\/v2\/types\/page"}],"author":[{"embeddable":true,"href":"https:\/\/www.glfr.com\/da\/wp-json\/wp\/v2\/users\/2"}],"replies":[{"embeddable":true,"href":"https:\/\/www.glfr.com\/da\/wp-json\/wp\/v2\/comments?post=1268"}],"version-history":[{"count":7,"href":"https:\/\/www.glfr.com\/da\/wp-json\/wp\/v2\/pages\/1268\/revisions"}],"predecessor-version":[{"id":1418,"href":"https:\/\/www.glfr.com\/da\/wp-json\/wp\/v2\/pages\/1268\/revisions\/1418"}],"up":[{"embeddable":true,"href":"https:\/\/www.glfr.com\/da\/wp-json\/wp\/v2\/pages\/1265"}],"wp:attachment":[{"href":"https:\/\/www.glfr.com\/da\/wp-json\/wp\/v2\/media?parent=1268"}],"curies":[{"name":"wp","href":"https:\/\/api.w.org\/{rel}","templated":true}]}}