{"id":1265,"date":"2024-10-07T08:58:01","date_gmt":"2024-10-07T07:58:01","guid":{"rendered":"https:\/\/www.glfr.com\/about-glfr\/vilkar-og-betingelser\/"},"modified":"2025-11-25T17:17:37","modified_gmt":"2025-11-25T16:17:37","slug":"vilkar-og-betingelser","status":"publish","type":"page","link":"https:\/\/www.glfr.com\/da\/about-glfr\/vilkar-og-betingelser\/","title":{"rendered":"Vilk\u00e5r og betingelser"},"content":{"rendered":"<section class=\"l-section wpb_row height_medium\"><div class=\"l-section-h i-cf\"><div class=\"g-cols vc_row via_grid cols_1 laptops-cols_inherit tablets-cols_inherit mobiles-cols_1 valign_top type_default stacking_default\"><div class=\"wpb_column vc_column_container\"><div class=\"vc_column-inner\"><div class=\"wpb_text_column\"><div class=\"wpb_wrapper\"><h1><span style=\"color: #000000;\">Vilk\u00e5r og betingelser<\/span><\/h1>\n<\/div><\/div><\/div><\/div><\/div><\/div><\/section><section class=\"l-section wpb_row height_medium\"><div class=\"l-section-h i-cf\"><div class=\"g-cols vc_row via_grid cols_2 laptops-cols_inherit tablets-cols_inherit mobiles-cols_1 valign_top type_default stacking_default\"><div class=\"wpb_column vc_column_container\"><div class=\"vc_column-inner\"><div class=\"wpb_text_column\"><div class=\"wpb_wrapper\"><h3>GLFR&#8217;s fortrolighedserkl\u00e6ring og servicevilk\u00e5r<\/h3>\n<\/div><\/div><div class=\"wpb_text_column\"><div class=\"wpb_wrapper\"><p>Denne fortrolighedserkl\u00e6ring og servicevilk\u00e5r (ToS) g\u00e6lder for GLFR-appen, my.GLFR.com, GLFR Business, GLFR.com og\/eller alle relaterede golftjenester, der leveres af Ingenium Golf ApS.<\/p>\n<p><a href=\"https:\/\/www.glfr.com\/da\/about-glfr\/vilkar-og-betingelser\/servicevilkar\/\">L\u00e6s vilk\u00e5r her<\/a><\/p>\n<\/div><\/div><\/div><\/div><div class=\"wpb_column vc_column_container\"><div class=\"vc_column-inner\"><div class=\"wpb_text_column\"><div class=\"wpb_wrapper\"><h3>Forretningsbetingelser<\/h3>\n<\/div><\/div><div class=\"wpb_text_column\"><div class=\"wpb_wrapper\"><p>Disse forretningsbetingelser (ToB) g\u00e6lder for kunder hos Ingenium Golf ApS og levering af applikationer og webtjenester til kunden samt eventuelle relevante abonnementer.<\/p>\n<p><a href=\"https:\/\/www.glfr.com\/da\/about-glfr\/vilkar-og-betingelser\/forretningsbetingelser\/\">L\u00e6s betingelserne her<\/a>.<\/p>\n<\/div><\/div><\/div><\/div><\/div><\/div><\/section>\n","protected":false},"excerpt":{"rendered":"Vilk\u00e5r og betingelser GLFR&#8217;s fortrolighedserkl\u00e6ring og servicevilk\u00e5r Denne fortrolighedserkl\u00e6ring og servicevilk\u00e5r (ToS) g\u00e6lder for GLFR-appen, my.GLFR.com, GLFR Business, GLFR.com og\/eller alle relaterede golftjenester, der leveres af Ingenium Golf ApS. L\u00e6s vilk\u00e5r her Forretningsbetingelser Disse forretningsbetingelser (ToB) g\u00e6lder for kunder hos Ingenium Golf ApS og levering af applikationer og webtjenester til kunden samt eventuelle relevante abonnementer....","protected":false},"author":2,"featured_media":0,"parent":1258,"menu_order":0,"comment_status":"closed","ping_status":"closed","template":"","meta":{"footnotes":""},"class_list":["post-1265","page","type-page","status-publish","hentry"],"yoast_head":"<!-- This site is optimized with the Yoast SEO plugin v27.4 - https:\/\/yoast.com\/product\/yoast-seo-wordpress\/ -->\n<title>Vilk\u00e5r og betingelser - GLFR<\/title>\n<meta name=\"robots\" content=\"index, follow, max-snippet:-1, max-image-preview:large, max-video-preview:-1\" \/>\n<link rel=\"canonical\" href=\"https:\/\/www.glfr.com\/da\/about-glfr\/vilkar-og-betingelser\/\" \/>\n<meta property=\"og:locale\" content=\"da_DK\" \/>\n<meta property=\"og:type\" content=\"article\" \/>\n<meta property=\"og:title\" content=\"Vilk\u00e5r og betingelser - GLFR\" \/>\n<meta property=\"og:url\" content=\"https:\/\/www.glfr.com\/da\/about-glfr\/vilkar-og-betingelser\/\" \/>\n<meta property=\"og:site_name\" content=\"GLFR\" \/>\n<meta property=\"article:modified_time\" content=\"2025-11-25T16:17:37+00:00\" \/>\n<meta name=\"twitter:card\" content=\"summary_large_image\" \/>\n<meta name=\"twitter:label1\" content=\"Estimeret l\u00e6setid\" \/>\n\t<meta name=\"twitter:data1\" content=\"1 minut\" \/>\n<script type=\"application\/ld+json\" class=\"yoast-schema-graph\">{\"@context\":\"https:\\\/\\\/schema.org\",\"@graph\":[{\"@type\":\"WebPage\",\"@id\":\"https:\\\/\\\/www.glfr.com\\\/da\\\/about-glfr\\\/vilkar-og-betingelser\\\/\",\"url\":\"https:\\\/\\\/www.glfr.com\\\/da\\\/about-glfr\\\/vilkar-og-betingelser\\\/\",\"name\":\"Vilk\u00e5r og betingelser - GLFR\",\"isPartOf\":{\"@id\":\"https:\\\/\\\/www.glfr.com\\\/da\\\/#website\"},\"datePublished\":\"2024-10-07T07:58:01+00:00\",\"dateModified\":\"2025-11-25T16:17:37+00:00\",\"breadcrumb\":{\"@id\":\"https:\\\/\\\/www.glfr.com\\\/da\\\/about-glfr\\\/vilkar-og-betingelser\\\/#breadcrumb\"},\"inLanguage\":\"da-DK\",\"potentialAction\":[{\"@type\":\"ReadAction\",\"target\":[\"https:\\\/\\\/www.glfr.com\\\/da\\\/about-glfr\\\/vilkar-og-betingelser\\\/\"]}]},{\"@type\":\"BreadcrumbList\",\"@id\":\"https:\\\/\\\/www.glfr.com\\\/da\\\/about-glfr\\\/vilkar-og-betingelser\\\/#breadcrumb\",\"itemListElement\":[{\"@type\":\"ListItem\",\"position\":1,\"name\":\"Home\",\"item\":\"https:\\\/\\\/www.glfr.com\\\/da\\\/home\\\/\"},{\"@type\":\"ListItem\",\"position\":2,\"name\":\"Om GLFR\",\"item\":\"https:\\\/\\\/www.glfr.com\\\/da\\\/about-glfr\\\/\"},{\"@type\":\"ListItem\",\"position\":3,\"name\":\"Vilk\u00e5r og betingelser\"}]},{\"@type\":\"WebSite\",\"@id\":\"https:\\\/\\\/www.glfr.com\\\/da\\\/#website\",\"url\":\"https:\\\/\\\/www.glfr.com\\\/da\\\/\",\"name\":\"GLFR\",\"description\":\"Your Club and Golf App\",\"potentialAction\":[{\"@type\":\"SearchAction\",\"target\":{\"@type\":\"EntryPoint\",\"urlTemplate\":\"https:\\\/\\\/www.glfr.com\\\/da\\\/?s={search_term_string}\"},\"query-input\":{\"@type\":\"PropertyValueSpecification\",\"valueRequired\":true,\"valueName\":\"search_term_string\"}}],\"inLanguage\":\"da-DK\"}]}<\/script>\n<!-- \/ Yoast SEO plugin. -->","yoast_head_json":{"title":"Vilk\u00e5r og betingelser - GLFR","robots":{"index":"index","follow":"follow","max-snippet":"max-snippet:-1","max-image-preview":"max-image-preview:large","max-video-preview":"max-video-preview:-1"},"canonical":"https:\/\/www.glfr.com\/da\/about-glfr\/vilkar-og-betingelser\/","og_locale":"da_DK","og_type":"article","og_title":"Vilk\u00e5r og betingelser - GLFR","og_url":"https:\/\/www.glfr.com\/da\/about-glfr\/vilkar-og-betingelser\/","og_site_name":"GLFR","article_modified_time":"2025-11-25T16:17:37+00:00","twitter_card":"summary_large_image","twitter_misc":{"Estimeret l\u00e6setid":"1 minut"},"schema":{"@context":"https:\/\/schema.org","@graph":[{"@type":"WebPage","@id":"https:\/\/www.glfr.com\/da\/about-glfr\/vilkar-og-betingelser\/","url":"https:\/\/www.glfr.com\/da\/about-glfr\/vilkar-og-betingelser\/","name":"Vilk\u00e5r og betingelser - GLFR","isPartOf":{"@id":"https:\/\/www.glfr.com\/da\/#website"},"datePublished":"2024-10-07T07:58:01+00:00","dateModified":"2025-11-25T16:17:37+00:00","breadcrumb":{"@id":"https:\/\/www.glfr.com\/da\/about-glfr\/vilkar-og-betingelser\/#breadcrumb"},"inLanguage":"da-DK","potentialAction":[{"@type":"ReadAction","target":["https:\/\/www.glfr.com\/da\/about-glfr\/vilkar-og-betingelser\/"]}]},{"@type":"BreadcrumbList","@id":"https:\/\/www.glfr.com\/da\/about-glfr\/vilkar-og-betingelser\/#breadcrumb","itemListElement":[{"@type":"ListItem","position":1,"name":"Home","item":"https:\/\/www.glfr.com\/da\/home\/"},{"@type":"ListItem","position":2,"name":"Om GLFR","item":"https:\/\/www.glfr.com\/da\/about-glfr\/"},{"@type":"ListItem","position":3,"name":"Vilk\u00e5r og betingelser"}]},{"@type":"WebSite","@id":"https:\/\/www.glfr.com\/da\/#website","url":"https:\/\/www.glfr.com\/da\/","name":"GLFR","description":"Your Club and Golf App","potentialAction":[{"@type":"SearchAction","target":{"@type":"EntryPoint","urlTemplate":"https:\/\/www.glfr.com\/da\/?s={search_term_string}"},"query-input":{"@type":"PropertyValueSpecification","valueRequired":true,"valueName":"search_term_string"}}],"inLanguage":"da-DK"}]}},"_links":{"self":[{"href":"https:\/\/www.glfr.com\/da\/wp-json\/wp\/v2\/pages\/1265","targetHints":{"allow":["GET"]}}],"collection":[{"href":"https:\/\/www.glfr.com\/da\/wp-json\/wp\/v2\/pages"}],"about":[{"href":"https:\/\/www.glfr.com\/da\/wp-json\/wp\/v2\/types\/page"}],"author":[{"embeddable":true,"href":"https:\/\/www.glfr.com\/da\/wp-json\/wp\/v2\/users\/2"}],"replies":[{"embeddable":true,"href":"https:\/\/www.glfr.com\/da\/wp-json\/wp\/v2\/comments?post=1265"}],"version-history":[{"count":4,"href":"https:\/\/www.glfr.com\/da\/wp-json\/wp\/v2\/pages\/1265\/revisions"}],"predecessor-version":[{"id":1279,"href":"https:\/\/www.glfr.com\/da\/wp-json\/wp\/v2\/pages\/1265\/revisions\/1279"}],"up":[{"embeddable":true,"href":"https:\/\/www.glfr.com\/da\/wp-json\/wp\/v2\/pages\/1258"}],"wp:attachment":[{"href":"https:\/\/www.glfr.com\/da\/wp-json\/wp\/v2\/media?parent=1265"}],"curies":[{"name":"wp","href":"https:\/\/api.w.org\/{rel}","templated":true}]}}