{"id":1258,"date":"2024-10-07T08:57:42","date_gmt":"2024-10-07T07:57:42","guid":{"rendered":"https:\/\/www.glfr.com\/about-glfr\/"},"modified":"2025-11-25T17:13:11","modified_gmt":"2025-11-25T16:13:11","slug":"about-glfr","status":"publish","type":"page","link":"https:\/\/www.glfr.com\/da\/about-glfr\/","title":{"rendered":"Om GLFR"},"content":{"rendered":"<section class=\"l-section wpb_row height_auto\" id=\"history\"><div class=\"l-section-h i-cf\"><div class=\"g-cols vc_row via_grid cols_1 laptops-cols_inherit tablets-cols_inherit mobiles-cols_1 valign_middle type_boxes stacking_default\"><div class=\"wpb_column vc_column_container us_animate_afl\"><div class=\"vc_column-inner\"><div class=\"w-image align_center\"><div class=\"w-image-h\"><img decoding=\"async\" width=\"800\" height=\"450\" src=\"https:\/\/www.glfr.com\/wp-content\/uploads\/2024\/03\/GLFR-Green-Landscape-800.png\" class=\"attachment-us_600_600_crop size-us_600_600_crop\" alt=\"\" loading=\"lazy\" srcset=\"https:\/\/www.glfr.com\/wp-content\/uploads\/2024\/03\/GLFR-Green-Landscape-800.png 800w, https:\/\/www.glfr.com\/wp-content\/uploads\/2024\/03\/GLFR-Green-Landscape-800-300x169.png 300w, https:\/\/www.glfr.com\/wp-content\/uploads\/2024\/03\/GLFR-Green-Landscape-800-768x432.png 768w\" sizes=\"auto, (max-width: 800px) 100vw, 800px\" \/><\/div><\/div><div class=\"wpb_text_column\"><div class=\"wpb_wrapper\"><p>GLFR <em>{&#8220;golfer&#8221;}<\/em> by Ingenium Golf er en golfteknologivirksomhed, der bygger p\u00e5 en passion for spillet og et engagement i innovation. Siden 2012 har vi udviklet digitale v\u00e6rkt\u00f8jer, der st\u00f8tter golfklubber og golfspillere i deres daglige rutiner &#8211; fra moderne klubkommunikation til professionel Course Presentation og avancerede greenkeeper Tools. <\/p>\n<p>Vi arbejder t\u00e6t sammen med golfmanagere, greenkeepere og spillere for at sikre, at vores l\u00f8sninger opfylder den virkelige verdens behov og hele tiden udvikler sig. Derfor er over 350 golfklubber i hele Europa nu afh\u00e6ngige af GLFR Business til at underst\u00f8tte den daglige drift, mens mere end 6.000 baner er digitalt kortlagt og administreret i GLFR-\u00f8kosystemet. <\/p>\n<p>Over 300.000 golfspillere har tillid til vores gratis GLFR-app, som tilbyder alt, hvad spillerne har brug for p\u00e5 banen &#8211; og mere til. Fra GPS-baserede baneguides, scoret\u00e6lling og Shot Tracking til klubopdateringer i realtid og lokale Communities hj\u00e6lper vi golfspillere med at holde sig informerede, engagerede og klar til at spille. <\/p>\n<h3>Hvordan det hele begyndte<\/h3>\n<p>GLFR&#8217;s rejse begyndte i Aarhus, Danmark, da vores grundl\u00e6gger, Jacob &#8220;Jam&#8221; S. Markussen, kombinerede sin passion for golf med en baggrund inden for IT-produktudvikling. Fra universitetsprojekter til prototyper i den virkelige verden var visionen altid klar: at g\u00f8re golf bedre ved hj\u00e6lp af teknologi. <\/p>\n<p>Over et \u00e5rti senere er GLFR blevet en p\u00e5lidelig platform, der bruges af golfspillere og klubber i hele Europa &#8211; og vi er kun lige begyndt.<\/p>\n<\/div><\/div><\/div><\/div><\/div><\/div><\/section><section class=\"l-section wpb_row height_medium color_alternate\" id=\"the_team\"><div class=\"l-section-h i-cf\"><div class=\"g-cols vc_row via_grid cols_1 laptops-cols_inherit tablets-cols_inherit mobiles-cols_1 valign_top type_default stacking_default\"><div class=\"wpb_column vc_column_container\"><div class=\"vc_column-inner\"><div class=\"wpb_text_column\"><div class=\"wpb_wrapper\"><h2 style=\"text-align: center;\">Team <em><strong>GLFR<\/strong><\/em><\/h2>\n<\/div><\/div><div class=\"w-separator size_small\"><\/div><div class=\"g-cols wpb_row us_custom_2eec13b6 via_grid cols_3 laptops-cols_inherit tablets-cols_inherit mobiles-cols_1 valign_top type_default stacking_default\" style=\"--columns-gap:3rem;\"><div class=\"wpb_column vc_column_container us_custom_60e9caca us_animate_this\"><div class=\"vc_column-inner\"><div class=\"w-person layout_cards with_socials\" itemscope itemtype=\"https:\/\/schema.org\/Person\"><div class=\"w-person-image\"><img loading=\"lazy\" decoding=\"async\" width=\"512\" height=\"512\" src=\"https:\/\/www.glfr.com\/wp-content\/uploads\/2025\/10\/Jam-Blue.jpg\" class=\"attachment-large size-large\" alt=\"Jam, \nFounder &amp; CIO, \nGLFR\" itemprop=\"image\" srcset=\"https:\/\/www.glfr.com\/wp-content\/uploads\/2025\/10\/Jam-Blue.jpg 512w, https:\/\/www.glfr.com\/wp-content\/uploads\/2025\/10\/Jam-Blue-300x300.jpg 300w, https:\/\/www.glfr.com\/wp-content\/uploads\/2025\/10\/Jam-Blue-150x150.jpg 150w, https:\/\/www.glfr.com\/wp-content\/uploads\/2025\/10\/Jam-Blue-400x400.jpg 400w\" sizes=\"auto, (max-width: 512px) 100vw, 512px\" \/><\/div><div class=\"w-person-content\"><h4 itemprop=\"name\" class=\"w-person-name\"><span>Jacob &#8220;Jam&#8221; S. Markussen<\/span><\/h4><div class=\"w-person-role\" itemprop=\"jobTitle\">Grundl\u00e6gger og opfinder<\/div><div class=\"w-person-links\"><div class=\"w-person-links-list\"><a href=\"mailto:jam@glfr.com\" class=\"w-person-links-item type_email\" title=\"E-mail\"><i class=\"fas fa-envelope\"><\/i><\/a><a href=\"https:\/\/www.linkedin.com\/in\/jamdk\/\" class=\"w-person-links-item type_linkedin\" title=\"LinkedIn\" target=\"_blank\" rel=\"nofollow\"><i class=\"fab fa-linkedin\"><\/i><\/a><\/div><\/div><\/div><\/div><\/div><\/div><div class=\"wpb_column vc_column_container us_custom_f70d789f us_animate_this\"><div class=\"vc_column-inner\"><div class=\"w-person layout_cards with_socials\" itemscope itemtype=\"https:\/\/schema.org\/Person\"><div class=\"w-person-image\"><img loading=\"lazy\" decoding=\"async\" width=\"512\" height=\"512\" src=\"https:\/\/www.glfr.com\/wp-content\/uploads\/2025\/10\/HHJ-Blue.jpg\" class=\"attachment-large size-large\" alt=\"Hans Henrik, Founder &amp; CEO, GLFR\" itemprop=\"image\" srcset=\"https:\/\/www.glfr.com\/wp-content\/uploads\/2025\/10\/HHJ-Blue.jpg 512w, https:\/\/www.glfr.com\/wp-content\/uploads\/2025\/10\/HHJ-Blue-300x300.jpg 300w, https:\/\/www.glfr.com\/wp-content\/uploads\/2025\/10\/HHJ-Blue-150x150.jpg 150w, https:\/\/www.glfr.com\/wp-content\/uploads\/2025\/10\/HHJ-Blue-400x400.jpg 400w\" sizes=\"auto, (max-width: 512px) 100vw, 512px\" \/><\/div><div class=\"w-person-content\"><h4 itemprop=\"name\" class=\"w-person-name\"><span>Hans Henrik Junge<\/span><\/h4><div class=\"w-person-role\" itemprop=\"jobTitle\">Partner og CEO<\/div><div class=\"w-person-links\"><div class=\"w-person-links-list\"><a href=\"mailto:hhj@glfr.com\" class=\"w-person-links-item type_email\" title=\"E-mail\"><i class=\"fas fa-envelope\"><\/i><\/a><a href=\"https:\/\/www.linkedin.com\/in\/hanshenrikjunge\/\" class=\"w-person-links-item type_linkedin\" title=\"LinkedIn\" target=\"_blank\" rel=\"nofollow\"><i class=\"fab fa-linkedin\"><\/i><\/a><\/div><\/div><\/div><\/div><\/div><\/div><div class=\"wpb_column vc_column_container us_custom_1fb8b2dc us_animate_this\"><div class=\"vc_column-inner\"><div class=\"w-person layout_cards with_socials\" itemscope itemtype=\"https:\/\/schema.org\/Person\"><div class=\"w-person-image\"><img loading=\"lazy\" decoding=\"async\" width=\"512\" height=\"512\" src=\"https:\/\/www.glfr.com\/wp-content\/uploads\/2025\/10\/Casper-Blue.jpg\" class=\"attachment-large size-large\" alt=\"Casper, Sales Manager, GLFR\" itemprop=\"image\" srcset=\"https:\/\/www.glfr.com\/wp-content\/uploads\/2025\/10\/Casper-Blue.jpg 512w, https:\/\/www.glfr.com\/wp-content\/uploads\/2025\/10\/Casper-Blue-300x300.jpg 300w, https:\/\/www.glfr.com\/wp-content\/uploads\/2025\/10\/Casper-Blue-150x150.jpg 150w, https:\/\/www.glfr.com\/wp-content\/uploads\/2025\/10\/Casper-Blue-400x400.jpg 400w\" sizes=\"auto, (max-width: 512px) 100vw, 512px\" \/><\/div><div class=\"w-person-content\"><h4 itemprop=\"name\" class=\"w-person-name\"><span>Casper L. Jacobsen<\/span><\/h4><div class=\"w-person-role\" itemprop=\"jobTitle\">Salgschef<\/div><div class=\"w-person-links\"><div class=\"w-person-links-list\"><a href=\"mailto:casper@glfr.com\" class=\"w-person-links-item type_email\" title=\"E-mail\"><i class=\"fas fa-envelope\"><\/i><\/a><a href=\"https:\/\/www.linkedin.com\/in\/casper-jacobsen-63440086\/\" class=\"w-person-links-item type_linkedin\" title=\"LinkedIn\" target=\"_blank\" rel=\"nofollow\"><i class=\"fab fa-linkedin\"><\/i><\/a><\/div><\/div><\/div><\/div><\/div><\/div><\/div><div class=\"g-cols wpb_row us_custom_2eec13b6 via_grid cols_4 laptops-cols_inherit tablets-cols_inherit mobiles-cols_1 valign_top type_default stacking_default\" style=\"--columns-gap:3rem;\"><div class=\"wpb_column vc_column_container us_animate_afb\"><div class=\"vc_column-inner\"><div class=\"w-person layout_cards\" itemscope itemtype=\"https:\/\/schema.org\/Person\"><div class=\"w-person-image\"><img loading=\"lazy\" decoding=\"async\" class=\"g-placeholder\" src=\"https:\/\/www.glfr.com\/wp-content\/plugins\/us-core\/assets\/images\/placeholder.svg\" width=\"1024\" height=\"1024\" alt><\/div><div class=\"w-person-content\"><h4 itemprop=\"name\" class=\"w-person-name\"><span>Jeppe T.<\/span><\/h4><div class=\"w-person-role\" itemprop=\"jobTitle\">Kundernes succes<\/div><\/div><\/div><\/div><\/div><div class=\"wpb_column vc_column_container us_animate_afb\" style=\"animation-delay:0.2s\"><div class=\"vc_column-inner\"><div class=\"w-person layout_cards\" itemscope itemtype=\"https:\/\/schema.org\/Person\"><div class=\"w-person-image\"><img loading=\"lazy\" decoding=\"async\" class=\"g-placeholder\" src=\"https:\/\/www.glfr.com\/wp-content\/plugins\/us-core\/assets\/images\/placeholder.svg\" width=\"1024\" height=\"1024\" alt><\/div><div class=\"w-person-content\"><h4 itemprop=\"name\" class=\"w-person-name\"><span>Mads A.<\/span><\/h4><div class=\"w-person-role\" itemprop=\"jobTitle\">Udvikler<\/div><\/div><\/div><\/div><\/div><div class=\"wpb_column vc_column_container us_custom_1fb8b2dc us_animate_this\"><div class=\"vc_column-inner\"><div class=\"w-person layout_cards\" itemscope itemtype=\"https:\/\/schema.org\/Person\"><div class=\"w-person-image\"><img loading=\"lazy\" decoding=\"async\" class=\"g-placeholder\" src=\"https:\/\/www.glfr.com\/wp-content\/plugins\/us-core\/assets\/images\/placeholder.svg\" width=\"1024\" height=\"1024\" alt><\/div><div class=\"w-person-content\"><h4 itemprop=\"name\" class=\"w-person-name\"><span>Martin B.<\/span><\/h4><div class=\"w-person-role\" itemprop=\"jobTitle\">Udvikler<\/div><\/div><\/div><\/div><\/div><div class=\"wpb_column vc_column_container us_custom_47d40b1d us_animate_this\"><div class=\"vc_column-inner\"><div class=\"w-person layout_cards\" itemscope itemtype=\"https:\/\/schema.org\/Person\"><div class=\"w-person-image\"><img loading=\"lazy\" decoding=\"async\" class=\"g-placeholder\" src=\"https:\/\/www.glfr.com\/wp-content\/plugins\/us-core\/assets\/images\/placeholder.svg\" width=\"1024\" height=\"1024\" alt><\/div><div class=\"w-person-content\"><h4 itemprop=\"name\" class=\"w-person-name\"><span>Tobias T.<\/span><\/h4><div class=\"w-person-role\" itemprop=\"jobTitle\">Udvikler<\/div><\/div><\/div><\/div><\/div><\/div><div class=\"w-separator size_large\"><\/div><\/div><\/div><\/div><\/div><\/section><section class=\"l-section wpb_row height_medium\"><div class=\"l-section-h i-cf\"><div class=\"g-cols vc_row via_grid cols_1 laptops-cols_inherit tablets-cols_inherit mobiles-cols_1 valign_top type_default stacking_default\"><div class=\"wpb_column vc_column_container\"><div class=\"vc_column-inner\"><\/div><\/div><\/div><\/div><\/section>\n","protected":false},"excerpt":{"rendered":"GLFR {&#8220;golfer&#8221;} by Ingenium Golf er en golfteknologivirksomhed, der bygger p\u00e5 en passion for spillet og et engagement i innovation. Siden 2012 har vi udviklet digitale v\u00e6rkt\u00f8jer, der st\u00f8tter golfklubber og golfspillere i deres daglige rutiner &#8211; fra moderne klubkommunikation til professionel Course Presentation og avancerede greenkeeper Tools. Vi arbejder t\u00e6t sammen med golfmanagere, greenkeepere...","protected":false},"author":1,"featured_media":0,"parent":0,"menu_order":0,"comment_status":"closed","ping_status":"closed","template":"","meta":{"footnotes":""},"class_list":["post-1258","page","type-page","status-publish","hentry"],"yoast_head":"<!-- This site is optimized with the Yoast SEO plugin v27.2 - https:\/\/yoast.com\/product\/yoast-seo-wordpress\/ -->\n<title>Om GLFR - GLFR<\/title>\n<meta name=\"robots\" content=\"index, follow, max-snippet:-1, max-image-preview:large, max-video-preview:-1\" \/>\n<link rel=\"canonical\" href=\"https:\/\/www.glfr.com\/da\/about-glfr\/\" \/>\n<meta property=\"og:locale\" content=\"da_DK\" \/>\n<meta property=\"og:type\" content=\"article\" \/>\n<meta property=\"og:title\" content=\"Om GLFR - GLFR\" \/>\n<meta property=\"og:url\" content=\"https:\/\/www.glfr.com\/da\/about-glfr\/\" \/>\n<meta property=\"og:site_name\" content=\"GLFR\" \/>\n<meta property=\"article:modified_time\" content=\"2025-11-25T16:13:11+00:00\" \/>\n<meta name=\"twitter:card\" content=\"summary_large_image\" \/>\n<meta name=\"twitter:label1\" content=\"Estimeret l\u00e6setid\" \/>\n\t<meta name=\"twitter:data1\" content=\"4 minutter\" \/>\n<script type=\"application\/ld+json\" class=\"yoast-schema-graph\">{\"@context\":\"https:\/\/schema.org\",\"@graph\":[{\"@type\":\"WebPage\",\"@id\":\"https:\/\/www.glfr.com\/da\/about-glfr\/\",\"url\":\"https:\/\/www.glfr.com\/da\/about-glfr\/\",\"name\":\"Om GLFR - GLFR\",\"isPartOf\":{\"@id\":\"https:\/\/www.glfr.com\/da\/#website\"},\"datePublished\":\"2024-10-07T07:57:42+00:00\",\"dateModified\":\"2025-11-25T16:13:11+00:00\",\"breadcrumb\":{\"@id\":\"https:\/\/www.glfr.com\/da\/about-glfr\/#breadcrumb\"},\"inLanguage\":\"da-DK\",\"potentialAction\":[{\"@type\":\"ReadAction\",\"target\":[\"https:\/\/www.glfr.com\/da\/about-glfr\/\"]}]},{\"@type\":\"BreadcrumbList\",\"@id\":\"https:\/\/www.glfr.com\/da\/about-glfr\/#breadcrumb\",\"itemListElement\":[{\"@type\":\"ListItem\",\"position\":1,\"name\":\"Home\",\"item\":\"https:\/\/www.glfr.com\/da\/home\/\"},{\"@type\":\"ListItem\",\"position\":2,\"name\":\"Om GLFR\"}]},{\"@type\":\"WebSite\",\"@id\":\"https:\/\/www.glfr.com\/da\/#website\",\"url\":\"https:\/\/www.glfr.com\/da\/\",\"name\":\"GLFR\",\"description\":\"Your Club and Golf App\",\"potentialAction\":[{\"@type\":\"SearchAction\",\"target\":{\"@type\":\"EntryPoint\",\"urlTemplate\":\"https:\/\/www.glfr.com\/da\/?s={search_term_string}\"},\"query-input\":{\"@type\":\"PropertyValueSpecification\",\"valueRequired\":true,\"valueName\":\"search_term_string\"}}],\"inLanguage\":\"da-DK\"}]}<\/script>\n<!-- \/ Yoast SEO plugin. -->","yoast_head_json":{"title":"Om GLFR - GLFR","robots":{"index":"index","follow":"follow","max-snippet":"max-snippet:-1","max-image-preview":"max-image-preview:large","max-video-preview":"max-video-preview:-1"},"canonical":"https:\/\/www.glfr.com\/da\/about-glfr\/","og_locale":"da_DK","og_type":"article","og_title":"Om GLFR - GLFR","og_url":"https:\/\/www.glfr.com\/da\/about-glfr\/","og_site_name":"GLFR","article_modified_time":"2025-11-25T16:13:11+00:00","twitter_card":"summary_large_image","twitter_misc":{"Estimeret l\u00e6setid":"4 minutter"},"schema":{"@context":"https:\/\/schema.org","@graph":[{"@type":"WebPage","@id":"https:\/\/www.glfr.com\/da\/about-glfr\/","url":"https:\/\/www.glfr.com\/da\/about-glfr\/","name":"Om GLFR - GLFR","isPartOf":{"@id":"https:\/\/www.glfr.com\/da\/#website"},"datePublished":"2024-10-07T07:57:42+00:00","dateModified":"2025-11-25T16:13:11+00:00","breadcrumb":{"@id":"https:\/\/www.glfr.com\/da\/about-glfr\/#breadcrumb"},"inLanguage":"da-DK","potentialAction":[{"@type":"ReadAction","target":["https:\/\/www.glfr.com\/da\/about-glfr\/"]}]},{"@type":"BreadcrumbList","@id":"https:\/\/www.glfr.com\/da\/about-glfr\/#breadcrumb","itemListElement":[{"@type":"ListItem","position":1,"name":"Home","item":"https:\/\/www.glfr.com\/da\/home\/"},{"@type":"ListItem","position":2,"name":"Om GLFR"}]},{"@type":"WebSite","@id":"https:\/\/www.glfr.com\/da\/#website","url":"https:\/\/www.glfr.com\/da\/","name":"GLFR","description":"Your Club and Golf App","potentialAction":[{"@type":"SearchAction","target":{"@type":"EntryPoint","urlTemplate":"https:\/\/www.glfr.com\/da\/?s={search_term_string}"},"query-input":{"@type":"PropertyValueSpecification","valueRequired":true,"valueName":"search_term_string"}}],"inLanguage":"da-DK"}]}},"_links":{"self":[{"href":"https:\/\/www.glfr.com\/da\/wp-json\/wp\/v2\/pages\/1258","targetHints":{"allow":["GET"]}}],"collection":[{"href":"https:\/\/www.glfr.com\/da\/wp-json\/wp\/v2\/pages"}],"about":[{"href":"https:\/\/www.glfr.com\/da\/wp-json\/wp\/v2\/types\/page"}],"author":[{"embeddable":true,"href":"https:\/\/www.glfr.com\/da\/wp-json\/wp\/v2\/users\/1"}],"replies":[{"embeddable":true,"href":"https:\/\/www.glfr.com\/da\/wp-json\/wp\/v2\/comments?post=1258"}],"version-history":[{"count":3,"href":"https:\/\/www.glfr.com\/da\/wp-json\/wp\/v2\/pages\/1258\/revisions"}],"predecessor-version":[{"id":1261,"href":"https:\/\/www.glfr.com\/da\/wp-json\/wp\/v2\/pages\/1258\/revisions\/1261"}],"wp:attachment":[{"href":"https:\/\/www.glfr.com\/da\/wp-json\/wp\/v2\/media?parent=1258"}],"curies":[{"name":"wp","href":"https:\/\/api.w.org\/{rel}","templated":true}]}}